    {"id":67441,"date":"2026-02-21T07:09:56","date_gmt":"2026-02-21T06:09:56","guid":{"rendered":"https:\/\/www.vin-alsace-gueth.com\/?post_type=product&#038;p=67441"},"modified":"2026-02-21T07:51:24","modified_gmt":"2026-02-21T06:51:24","slug":"gewurztraminer-vendanges-tardives-2022","status":"publish","type":"product","link":"https:\/\/www.vin-alsace-gueth.com\/de\/product\/gewurztraminer-vendanges-tardives-2022\/","title":{"rendered":"Gewurztraminer &#8211; Vendanges Tardives 2022"},"content":{"rendered":"<p style=\"text-align: left;\"><strong>Reben :<\/strong> auf zwei 70 Jahre alten Parzellen, am Rande des kleinen Baches <em><strong>&#8222;Fallbach&#8220;<\/strong><\/em>, was &#8222;Herbstfeuchte&#8220; bedeutet. Diese Umgebung beg\u00fcnstigt die Entwicklung von Botrytis-Schimmel, der charakteristisch f\u00fcr diesen sp\u00e4t geernteten Gew\u00fcrztraminer ist.<\/p>\n<p style=\"text-align: left;\"><strong>Terroir :<\/strong> <a href=\"https:\/\/www.vin-alsace-gueth.com\/vignoble-terroirs\/\">Mergel-Kalkstein<\/a>. Besteht aus Tonablagerungen, die mit oolithischen Kalksteinkieseln marinen Ursprungs verbunden sind. Unmittelbarer Nachbar des <a href=\"https:\/\/www.vinsalsace.com\/fr\/grands-crus\/goldert\/\" target=\"_blank\" rel=\"noopener\">Grand Cru <strong>&#8222;Goldert&#8220;<\/strong><\/a>.<\/p>\n<p style=\"text-align: left;\"><strong>Im Keller :<\/strong> \u00fcberreife Ernte, im November, vor dem Frost und in 40-kg-Kisten; langsames und sanftes Dr\u00fccken; G\u00e4rung ohne Zugabe von Hefen; sehr m\u00e4\u00dfige Sulfitierung; Reifung 6 Monate auf Hefe in Edelstahltanks; Abf\u00fcllung auf dem Gut.<\/p>\n<p>&nbsp;<\/p>\n<p style=\"text-align: left;\"><strong>Alkoholgehalt :<\/strong> 12,0 % vol.<\/p>\n<p style=\"text-align: left;\"><strong>Aufbewahrung :<\/strong> 2040 bis 2045<\/p>\n","protected":false},"excerpt":{"rendered":"<div class=\"page\" title=\"Page 1\">\n<div class=\"layoutArea\">\n<div class=\"column\">\n<h5>Ein au\u00dfergew\u00f6hnlicher Gew\u00fcrztraminer Vendanges Tardives.<\/h5>\n<p>S\u00fc\u00dfer, fruchtiger und kraftvoller Wein. Edel und elegant.<\/p>\n<div class=\"page\" title=\"Page 1\">\n<div class=\"layoutArea\">\n<div class=\"column\">\n<p>Entdecken Sie den au\u00dfergew\u00f6hnlichen Charakter dieses Gew\u00fcrztraminers. Genie\u00dfen Sie seine zum Ma\u00dfstab gewordenen D\u00fcfte und seine elegante S\u00fc\u00dfe.<\/p>\n<\/div>\n<\/div>\n<\/div>\n<\/div>\n<\/div>\n<\/div>\n<p><a href=\"https:\/\/www.vin-alsace-gueth.com\/wp-content\/uploads\/2020\/07\/DE-sus-weiss.png\"><img decoding=\"async\" class=\"wp-image-19705 aligncenter\" src=\"https:\/\/www.vin-alsace-gueth.com\/wp-content\/uploads\/2020\/07\/DE-sus-weiss.png\" alt=\"\" width=\"330\" height=\"91\" srcset=\"https:\/\/www.vin-alsace-gueth.com\/wp-content\/uploads\/2020\/07\/DE-sus-weiss.png 1008w, https:\/\/www.vin-alsace-gueth.com\/wp-content\/uploads\/2020\/07\/DE-sus-weiss-300x82.png 300w, https:\/\/www.vin-alsace-gueth.com\/wp-content\/uploads\/2020\/07\/DE-sus-weiss-768x211.png 768w, https:\/\/www.vin-alsace-gueth.com\/wp-content\/uploads\/2020\/07\/DE-sus-weiss-600x165.png 600w\" sizes=\"(max-width: 330px) 100vw, 330px\" \/><\/a><\/p>\n<p><a href=\"https:\/\/www.vin-alsace-gueth.com\/wp-content\/uploads\/2023\/05\/logo_AB_Europe-300x665-1.jpg\"><img decoding=\"async\" class=\"wp-image-28125 aligncenter\" src=\"https:\/\/www.vin-alsace-gueth.com\/wp-content\/uploads\/2023\/05\/logo_AB_Europe-300x665-1.jpg\" alt=\"Vin Certifi\u00e9 Bio\" width=\"180\" height=\"81\" srcset=\"https:\/\/www.vin-alsace-gueth.com\/wp-content\/uploads\/2023\/05\/logo_AB_Europe-300x665-1.jpg 665w, https:\/\/www.vin-alsace-gueth.com\/wp-content\/uploads\/2023\/05\/logo_AB_Europe-300x665-1-300x135.jpg 300w, https:\/\/www.vin-alsace-gueth.com\/wp-content\/uploads\/2023\/05\/logo_AB_Europe-300x665-1-600x271.jpg 600w\" sizes=\"(max-width: 180px) 100vw, 180px\" \/><\/a><\/p>\n<p style=\"text-align: left;\">Goldgelber Wein.<\/p>\n<p style=\"text-align: left;\"><strong>Nase :<\/strong> komplex und dicht mit Aromen von Honig und exotischen Fr\u00fcchten.<\/p>\n<p style=\"text-align: left;\"><strong>Geschmack :<\/strong> Mit der typischen Pers\u00f6nlichkeit des Mergel-Kalk-Terroirs, kombiniert mit Botrytis, ist der Gaumen gro\u00dfz\u00fcgig und ausgewogen. Am Gaumen offenbart er Noten von Tr\u00fcffel, Litschi, Erdbeere und reifer Kirsche. Der Abgang ist glatt mit einer sch\u00f6nen Harmonie zwischen Zucker und S\u00e4ure.<\/p>\n<p style=\"text-align: left;\"><strong>Muriels Tipp:<\/strong> Am Ende einer Mahlzeit oder als Aperitif einfach der Versuchung der V\u00f6llerei nachgeben. Auch zu G\u00e4nseleber mit Tr\u00fcffeln, Feigenrisotto, <a href=\"http:\/\/www.lesfoodies.com\/sacha\/recette\/cailles-aux-kiwis\">Kiwiwachteln<\/a>, Aprikosentarte, Mangosorbet.<\/p>\n","protected":false},"author":447,"featured_media":67458,"comment_status":"open","ping_status":"closed","template":"","meta":{"_uag_custom_page_level_css":"","advgb_blocks_editor_width":"","advgb_blocks_columns_visual_guide":"","_monsterinsights_skip_tracking":false,"_monsterinsights_sitenote_active":false,"_monsterinsights_sitenote_note":"","_monsterinsights_sitenote_category":0,"site-sidebar-layout":"default","site-content-layout":null,"ast-site-content-layout":"default","site-content-style":"default","site-sidebar-style":"default","ast-global-header-display":"","ast-banner-title-visibility":"","ast-main-header-display":"","ast-hfb-above-header-display":"","ast-hfb-below-header-display":"","ast-hfb-mobile-header-display":"","site-post-title":"","ast-breadcrumbs-content":null,"ast-featured-img":"","footer-sml-layout":"","ast-disable-related-posts":"","theme-transparent-header-meta":"default","adv-header-id-meta":"","stick-header-meta":"enabled","header-above-stick-meta":"","header-main-stick-meta":"on","header-below-stick-meta":"","astra-migrate-meta-layouts":"set","ast-page-background-enabled":"default","ast-page-background-meta":{"desktop":{"background-color":"","background-image":"","background-repeat":"repeat","background-position":"center center","background-size":"auto","background-attachment":"scroll","background-type":"","background-media":"","overlay-type":"","overlay-color":"","overlay-opacity":"","overlay-gradient":""},"tablet":{"background-color":"","background-image":"","background-repeat":"repeat","background-position":"center center","background-size":"auto","background-attachment":"scroll","background-type":"","background-media":"","overlay-type":"","overlay-color":"","overlay-opacity":"","overlay-gradient":""},"mobile":{"background-color":"","background-image":"","background-repeat":"repeat","background-position":"center center","background-size":"auto","background-attachment":"scroll","background-type":"","background-media":"","overlay-type":"","overlay-color":"","overlay-opacity":"","overlay-gradient":""}},"ast-content-background-meta":{"desktop":{"background-color":"var(--ast-global-color-5)","background-image":"","background-repeat":"repeat","background-position":"center center","background-size":"auto","background-attachment":"scroll","background-type":"","background-media":"","overlay-type":"","overlay-color":"","overlay-opacity":"","overlay-gradient":""},"tablet":{"background-color":"var(--ast-global-color-5)","background-image":"","background-repeat":"repeat","background-position":"center center","background-size":"auto","background-attachment":"scroll","background-type":"","background-media":"","overlay-type":"","overlay-color":"","overlay-opacity":"","overlay-gradient":""},"mobile":{"background-color":"var(--ast-global-color-5)","background-image":"","background-repeat":"repeat","background-position":"center center","background-size":"auto","background-attachment":"scroll","background-type":"","background-media":"","overlay-type":"","overlay-color":"","overlay-opacity":"","overlay-gradient":""}}},"product_brand":[],"product_cat":[855,552,551,350,539,561,831,550,541,849,555,585,556,557,575],"product_tag":[],"class_list":{"0":"post-67441","1":"product","2":"type-product","3":"status-publish","4":"has-post-thumbnail","6":"product_cat-75cl-flasche","7":"product_cat-vins-de","8":"product_cat-gammes-de","9":"product_cat-douceur-de","10":"product_cat-essen-wein-paarungen","11":"product_cat-gewurztraminer-de","12":"product_cat-mergel-kalk-terroir","13":"product_cat-aperitif-de","14":"product_cat-desserts-de","15":"product_cat-nach-inhalt-flasche","16":"product_cat-vins-tranquilles-de","17":"product_cat-suesse-weine","18":"product_cat-vins-par-terroir-de","19":"product_cat-cepage-de","20":"product_cat-sucrosite-de","21":"pa_accompagnements-plats-aperitif-de","22":"pa_accompagnements-plats-desserts-de","23":"pa_appellation-aoc-elsass-spatlese","24":"pa_cepage-gewurztraminer-de","25":"pa_contenance-btl-75-cl-de","26":"pa_gamme-neuheit","27":"pa_gamme-sanftmut","28":"pa_type-de-terroir-marlin-kalkstein","29":"pa_type-de-vin-sus-fruchtig","30":"desktop-align-center","31":"tablet-align-center","32":"mobile-align-center","33":"ast-product-gallery-layout-vertical","34":"ast-product-tabs-layout-horizontal","36":"first","37":"instock","38":"taxable","39":"shipping-taxable","40":"purchasable","41":"product-type-simple"},"uagb_featured_image_src":{"full":["https:\/\/www.vin-alsace-gueth.com\/wp-content\/uploads\/2026\/02\/Gewurztraminer-Vendanges-Tardives-Gueth-rev.0-1.jpg",615,1080,false],"thumbnail":["https:\/\/www.vin-alsace-gueth.com\/wp-content\/uploads\/2026\/02\/Gewurztraminer-Vendanges-Tardives-Gueth-rev.0-1-150x150.jpg",150,150,true],"medium":["https:\/\/www.vin-alsace-gueth.com\/wp-content\/uploads\/2026\/02\/Gewurztraminer-Vendanges-Tardives-Gueth-rev.0-1-171x300.jpg",171,300,true],"medium_large":["https:\/\/www.vin-alsace-gueth.com\/wp-content\/uploads\/2026\/02\/Gewurztraminer-Vendanges-Tardives-Gueth-rev.0-1.jpg",615,1080,false],"large":["https:\/\/www.vin-alsace-gueth.com\/wp-content\/uploads\/2026\/02\/Gewurztraminer-Vendanges-Tardives-Gueth-rev.0-1-583x1024.jpg",583,1024,true],"thumblist":["https:\/\/www.vin-alsace-gueth.com\/wp-content\/uploads\/2026\/02\/Gewurztraminer-Vendanges-Tardives-Gueth-rev.0-1-300x300.jpg",300,300,true],"thumbrelated":["https:\/\/www.vin-alsace-gueth.com\/wp-content\/uploads\/2026\/02\/Gewurztraminer-Vendanges-Tardives-Gueth-rev.0-1-500x500.jpg",500,500,true],"meccarouselthumb":["https:\/\/www.vin-alsace-gueth.com\/wp-content\/uploads\/2026\/02\/Gewurztraminer-Vendanges-Tardives-Gueth-rev.0-1-474x324.jpg",474,324,true],"gridsquare":["https:\/\/www.vin-alsace-gueth.com\/wp-content\/uploads\/2026\/02\/Gewurztraminer-Vendanges-Tardives-Gueth-rev.0-1-391x260.jpg",391,260,true],"tileview":["https:\/\/www.vin-alsace-gueth.com\/wp-content\/uploads\/2026\/02\/Gewurztraminer-Vendanges-Tardives-Gueth-rev.0-1-300x400.jpg",300,400,true],"1536x1536":["https:\/\/www.vin-alsace-gueth.com\/wp-content\/uploads\/2026\/02\/Gewurztraminer-Vendanges-Tardives-Gueth-rev.0-1.jpg",615,1080,false],"2048x2048":["https:\/\/www.vin-alsace-gueth.com\/wp-content\/uploads\/2026\/02\/Gewurztraminer-Vendanges-Tardives-Gueth-rev.0-1.jpg",615,1080,false],"woocommerce_thumbnail":["https:\/\/www.vin-alsace-gueth.com\/wp-content\/uploads\/2026\/02\/Gewurztraminer-Vendanges-Tardives-Gueth-rev.0-1-300x527.jpg",300,527,true],"woocommerce_single":["https:\/\/www.vin-alsace-gueth.com\/wp-content\/uploads\/2026\/02\/Gewurztraminer-Vendanges-Tardives-Gueth-rev.0-1-600x1054.jpg",600,1054,true],"woocommerce_gallery_thumbnail":["https:\/\/www.vin-alsace-gueth.com\/wp-content\/uploads\/2026\/02\/Gewurztraminer-Vendanges-Tardives-Gueth-rev.0-1-100x100.jpg",100,100,true]},"uagb_author_info":{"display_name":"68@Gueth@aDMin1XX","author_link":"https:\/\/www.vin-alsace-gueth.com\/de\/author\/68guethadmin1xx\/"},"uagb_comment_info":0,"uagb_excerpt":"Ein au\u00dfergew\u00f6hnlicher Gew\u00fcrztraminer Vendanges Tardives. S\u00fc\u00dfer, fruchtiger und kraftvoller Wein. Edel und elegant. Entdecken Sie den au\u00dfergew\u00f6hnlichen Charakter dieses Gew\u00fcrztraminers. Genie\u00dfen Sie seine zum Ma\u00dfstab gewordenen D\u00fcfte und seine elegante S\u00fc\u00dfe. Goldgelber Wein. Nase : komplex und dicht mit Aromen von Honig und exotischen Fr\u00fcchten. Geschmack : Mit der typischen Pers\u00f6nlichkeit des Mergel-Kalk-Terroirs, kombiniert mit&hellip;","featured_img":"https:\/\/www.vin-alsace-gueth.com\/wp-content\/uploads\/2026\/02\/Gewurztraminer-Vendanges-Tardives-Gueth-rev.0-1.jpg","coauthors":[],"author_meta":{"author_link":"https:\/\/www.vin-alsace-gueth.com\/de\/author\/68guethadmin1xx\/","display_name":"68@Gueth@aDMin1XX"},"relative_dates":{"created":"Posted 2\u00a0Monaten ago","modified":"Updated 2\u00a0Monaten ago"},"absolute_dates":{"created":"Posted on 21\/02\/2026","modified":"Updated on 21\/02\/2026"},"absolute_dates_time":{"created":"Posted on 21\/02\/2026 7 h 09 min","modified":"Updated on 21\/02\/2026 7 h 51 min"},"featured_img_caption":"","tax_additional":{"product_brand":{"linked":[],"unlinked":[],"slug":"product_brand","name":"Marken"},"product_type":{"linked":["<a href=\"https:\/\/www.vin-alsace-gueth.com\/de\/?taxonomy=product_type&#038;term=simple\" class=\"advgb-post-tax-term\">simple<\/a>"],"unlinked":["<span class=\"advgb-post-tax-term\">simple<\/span>"],"slug":"product_type","name":"Produkttyp"},"product_visibility":{"linked":[],"unlinked":[],"slug":"product_visibility","name":"Sichtbarkeit des Produkts"},"product_cat":{"linked":["<a href=\"https:\/\/www.vin-alsace-gueth.com\/de\/produktkategorie\/nach-inhalt-flasche\/75cl-flasche\/\" class=\"advgb-post-tax-term\">75cl Flasche<\/a>","<a href=\"https:\/\/www.vin-alsace-gueth.com\/de\/produktkategorie\/vins-de\/\" class=\"advgb-post-tax-term\">Alle Weine<\/a>","<a href=\"https:\/\/www.vin-alsace-gueth.com\/de\/produktkategorie\/gammes-de\/\" class=\"advgb-post-tax-term\">Bereiche<\/a>","<a href=\"https:\/\/www.vin-alsace-gueth.com\/de\/produktkategorie\/gammes-de\/douceur-de\/\" class=\"advgb-post-tax-term\">Douceur<\/a>","<a href=\"https:\/\/www.vin-alsace-gueth.com\/de\/produktkategorie\/essen-wein-paarungen\/\" class=\"advgb-post-tax-term\">Essen \/ Wein Paarungen<\/a>","<a href=\"https:\/\/www.vin-alsace-gueth.com\/de\/produktkategorie\/cepage-de\/gewurztraminer-de\/\" class=\"advgb-post-tax-term\">Gewurztraminer<\/a>","<a href=\"https:\/\/www.vin-alsace-gueth.com\/de\/produktkategorie\/vins-par-terroir-de\/mergel-kalk-terroir\/\" class=\"advgb-post-tax-term\">Mergel-Kalk-Terroir<\/a>","<a href=\"https:\/\/www.vin-alsace-gueth.com\/de\/produktkategorie\/essen-wein-paarungen\/aperitif-de\/\" class=\"advgb-post-tax-term\">Mit dem Aperitif<\/a>","<a href=\"https:\/\/www.vin-alsace-gueth.com\/de\/produktkategorie\/essen-wein-paarungen\/desserts-de\/\" class=\"advgb-post-tax-term\">Mit Desserts<\/a>","<a href=\"https:\/\/www.vin-alsace-gueth.com\/de\/produktkategorie\/nach-inhalt-flasche\/\" class=\"advgb-post-tax-term\">Nach Inhalt Flasche<\/a>","<a href=\"https:\/\/www.vin-alsace-gueth.com\/de\/produktkategorie\/vins-de\/vins-tranquilles-de\/\" class=\"advgb-post-tax-term\">Stille Weine<\/a>","<a href=\"https:\/\/www.vin-alsace-gueth.com\/de\/produktkategorie\/sucrosite-de\/suesse-weine\/\" class=\"advgb-post-tax-term\">S\u00fc\u00dfe Weine<\/a>","<a href=\"https:\/\/www.vin-alsace-gueth.com\/de\/produktkategorie\/vins-par-terroir-de\/\" class=\"advgb-post-tax-term\">Weine \/ Terroir<\/a>","<a href=\"https:\/\/www.vin-alsace-gueth.com\/de\/produktkategorie\/cepage-de\/\" class=\"advgb-post-tax-term\">Weine nach Rebsorte<\/a>","<a href=\"https:\/\/www.vin-alsace-gueth.com\/de\/produktkategorie\/sucrosite-de\/\" class=\"advgb-post-tax-term\">Weine nach S\u00fc\u00dfe<\/a>"],"unlinked":["<span class=\"advgb-post-tax-term\">75cl Flasche<\/span>","<span class=\"advgb-post-tax-term\">Alle Weine<\/span>","<span class=\"advgb-post-tax-term\">Bereiche<\/span>","<span class=\"advgb-post-tax-term\">Douceur<\/span>","<span class=\"advgb-post-tax-term\">Essen \/ Wein Paarungen<\/span>","<span class=\"advgb-post-tax-term\">Gewurztraminer<\/span>","<span class=\"advgb-post-tax-term\">Mergel-Kalk-Terroir<\/span>","<span class=\"advgb-post-tax-term\">Mit dem Aperitif<\/span>","<span class=\"advgb-post-tax-term\">Mit Desserts<\/span>","<span class=\"advgb-post-tax-term\">Nach Inhalt Flasche<\/span>","<span class=\"advgb-post-tax-term\">Stille Weine<\/span>","<span class=\"advgb-post-tax-term\">S\u00fc\u00dfe Weine<\/span>","<span class=\"advgb-post-tax-term\">Weine \/ Terroir<\/span>","<span class=\"advgb-post-tax-term\">Weine nach Rebsorte<\/span>","<span class=\"advgb-post-tax-term\">Weine nach S\u00fc\u00dfe<\/span>"],"slug":"product_cat","name":"Produkt-Kategorien"},"product_tag":{"linked":[],"unlinked":[],"slug":"product_tag","name":"Produkt Schlagw\u00f6rter"},"product_shipping_class":{"linked":[],"unlinked":[],"slug":"product_shipping_class","name":"Produkt Versandklasse"},"pos_product_visibility":{"linked":[],"unlinked":[],"slug":"pos_product_visibility","name":"POS-Produkt-Sichtbarkeit."},"pa_accompagnements-plats":{"linked":["<a href=\"https:\/\/www.vin-alsace-gueth.com\/de\/accompagnements-plats\/aperitif-de\/\" class=\"advgb-post-tax-term\">Aperitif<\/a>","<a href=\"https:\/\/www.vin-alsace-gueth.com\/de\/accompagnements-plats\/desserts-de\/\" class=\"advgb-post-tax-term\">Dessert<\/a>"],"unlinked":["<span class=\"advgb-post-tax-term\">Aperitif<\/span>","<span class=\"advgb-post-tax-term\">Dessert<\/span>"],"slug":"pa_accompagnements-plats","name":"Product Accompagnements Plats"},"pa_appellation":{"linked":["<a href=\"https:\/\/www.vin-alsace-gueth.com\/de\/appellation\/aoc-elsass-spatlese\/\" class=\"advgb-post-tax-term\">AOC Elsass Sp\u00e4tlese<\/a>"],"unlinked":["<span class=\"advgb-post-tax-term\">AOC Elsass Sp\u00e4tlese<\/span>"],"slug":"pa_appellation","name":"Product Appellation"},"pa_cepage":{"linked":["<a href=\"https:\/\/www.vin-alsace-gueth.com\/de\/cepage\/gewurztraminer-de\/\" class=\"advgb-post-tax-term\">Gewurztraminer<\/a>"],"unlinked":["<span class=\"advgb-post-tax-term\">Gewurztraminer<\/span>"],"slug":"pa_cepage","name":"Product C\u00e9page"},"pa_contenance-btl":{"linked":["<a href=\"https:\/\/www.vin-alsace-gueth.com\/de\/contenance-btl\/75-cl-de\/\" class=\"advgb-post-tax-term\">75 cl<\/a>"],"unlinked":["<span class=\"advgb-post-tax-term\">75 cl<\/span>"],"slug":"pa_contenance-btl","name":"Product Volume"},"pa_gamme":{"linked":["<a href=\"https:\/\/www.vin-alsace-gueth.com\/de\/gamme\/neuheit\/\" class=\"advgb-post-tax-term\">Neuheit<\/a>","<a href=\"https:\/\/www.vin-alsace-gueth.com\/de\/gamme\/sanftmut\/\" class=\"advgb-post-tax-term\">Sanftmut<\/a>"],"unlinked":["<span class=\"advgb-post-tax-term\">Neuheit<\/span>","<span class=\"advgb-post-tax-term\">Sanftmut<\/span>"],"slug":"pa_gamme","name":"Product Gamme"},"pa_type-de-terroir":{"linked":["<a href=\"https:\/\/www.vin-alsace-gueth.com\/de\/type-de-terroir\/marlin-kalkstein\/\" class=\"advgb-post-tax-term\">Marlin-Kalkstein<\/a>"],"unlinked":["<span class=\"advgb-post-tax-term\">Marlin-Kalkstein<\/span>"],"slug":"pa_type-de-terroir","name":"Product Type de terroir"},"pa_type-de-vin":{"linked":["<a href=\"https:\/\/www.vin-alsace-gueth.com\/de\/type-de-vin\/sus-fruchtig\/\" class=\"advgb-post-tax-term\">S\u00fc\u00df &amp; Fruchtig<\/a>"],"unlinked":["<span class=\"advgb-post-tax-term\">S\u00fc\u00df &amp; Fruchtig<\/span>"],"slug":"pa_type-de-vin","name":"Product Type de vin"},"translation_priority":{"linked":["<a href=\"https:\/\/www.vin-alsace-gueth.com\/de\/?taxonomy=translation_priority&#038;term=facultatif-de\" class=\"advgb-post-tax-term\">Facultatif<\/a>"],"unlinked":["<span class=\"advgb-post-tax-term\">Facultatif<\/span>"],"slug":"translation_priority","name":"\u00dcbersetzungspriorit\u00e4ten"}},"series_order":"","_links":{"self":[{"href":"https:\/\/www.vin-alsace-gueth.com\/de\/wp-json\/wp\/v2\/product\/67441","targetHints":{"allow":["GET"]}}],"collection":[{"href":"https:\/\/www.vin-alsace-gueth.com\/de\/wp-json\/wp\/v2\/product"}],"about":[{"href":"https:\/\/www.vin-alsace-gueth.com\/de\/wp-json\/wp\/v2\/types\/product"}],"replies":[{"embeddable":true,"href":"https:\/\/www.vin-alsace-gueth.com\/de\/wp-json\/wp\/v2\/comments?post=67441"}],"wp:featuredmedia":[{"embeddable":true,"href":"https:\/\/www.vin-alsace-gueth.com\/de\/wp-json\/wp\/v2\/media\/67458"}],"wp:attachment":[{"href":"https:\/\/www.vin-alsace-gueth.com\/de\/wp-json\/wp\/v2\/media?parent=67441"}],"wp:term":[{"taxonomy":"product_brand","embeddable":true,"href":"https:\/\/www.vin-alsace-gueth.com\/de\/wp-json\/wp\/v2\/product_brand?post=67441"},{"taxonomy":"product_cat","embeddable":true,"href":"https:\/\/www.vin-alsace-gueth.com\/de\/wp-json\/wp\/v2\/product_cat?post=67441"},{"taxonomy":"product_tag","embeddable":true,"href":"https:\/\/www.vin-alsace-gueth.com\/de\/wp-json\/wp\/v2\/product_tag?post=67441"}],"curies":[{"name":"wp","href":"https:\/\/api.w.org\/{rel}","templated":true}]}}