    {"id":61191,"date":"2025-12-08T11:46:28","date_gmt":"2025-12-08T10:46:28","guid":{"rendered":"https:\/\/www.vin-alsace-gueth.com\/?post_type=product&#038;p=61191"},"modified":"2025-12-08T12:14:39","modified_gmt":"2025-12-08T11:14:39","slug":"pinot-noir-barrique-2023-bio-copie","status":"publish","type":"product","link":"https:\/\/www.vin-alsace-gueth.com\/de\/product\/pinot-noir-barrique-2023-bio-copie\/","title":{"rendered":"Pinot Noir \u00e9lev\u00e9 en F\u00fbt de Ch\u00eane 2024 Bio"},"content":{"rendered":"<p style=\"text-align: left;\"><strong>Reben :<\/strong> alle 2015 gepflanzten Jungreben, Parzelle <em><strong>\u201eGuggereben\u201c<\/strong><\/em> bedeutet \u201eBlick auf die Reben\u201c, direkter Nachbar des <a href=\"https:\/\/www.vinsalsace.com\/de\/grands-crus\/goldert\/\" target=\"_blank\" rel=\"noopener\">Grand Cru \u201eGoldert\u201c<\/a>.<\/p>\n<p style=\"text-align: left;\"><strong>Terroir :<\/strong> <a href=\"https:\/\/www.vin-alsace-gueth.com\/de\/weinberge-und-terroirs\/\">Mergel-Kalkstein<\/a>. Besteht aus Tonablagerungen, die mit oolithischen Kalksteinkieseln marinen Ursprungs verbunden sind.<\/p>\n<p style=\"text-align: left;\"><strong>Im Keller :<\/strong> Ganze Trauben, die 10 Tage lang schonend eingemaischt wurden. Abziehen und Ende der G\u00e4rung in Edelstahltanks. Dann Abstich und Abf\u00fcllung in burgundische Barriques. Um das Holz nicht zu betonen und nur einen Hauch von Vanille zu extrahieren, verwenden wir 5 Jahre alte F\u00e4sser. Abf\u00fcllung in Flaschen auf dem Weingut. Wir lagern unsere Weine ein, um sie mit ihrem besten Potenzial anbieten zu k\u00f6nnen.<\/p>\n<p>&nbsp;<\/p>\n<p style=\"text-align: left;\"><strong>Alkoholgehalt :<\/strong> 12,5 % vol.<\/p>\n<p style=\"text-align: left;\"><strong>Aufbewahrung :<\/strong> 2032 bis 2036<\/p>\n","protected":false},"excerpt":{"rendered":"<h2><\/h2>\n<h5>Pinot Noir \u00e9lev\u00e9 en F\u00fbt de Ch\u00eane Bio, leicht holzig, in Eichenf\u00e4ssern gereift<\/h5>\n<p style=\"text-align: left;\">Trockener und mineralischer Wein. Charmant, gl\u00fccklich und gastronomisch. Dieser els\u00e4ssische Pinot Noir ist seidig und ganz leicht holzig.<\/p>\n<p style=\"text-align: left;\">Intensive und tiefe Farbe mit violetten Reflexen.<\/p>\n<p><a href=\"https:\/\/www.vin-alsace-gueth.com\/wp-content\/uploads\/2022\/02\/DE-trocken-rot.png\"><img decoding=\"async\" class=\"wp-image-19676 aligncenter\" src=\"https:\/\/www.vin-alsace-gueth.com\/wp-content\/uploads\/2022\/02\/DE-trocken-rot.png\" alt=\"\" width=\"330\" height=\"91\" srcset=\"https:\/\/www.vin-alsace-gueth.com\/wp-content\/uploads\/2022\/02\/DE-trocken-rot.png 1008w, https:\/\/www.vin-alsace-gueth.com\/wp-content\/uploads\/2022\/02\/DE-trocken-rot-300x82.png 300w, https:\/\/www.vin-alsace-gueth.com\/wp-content\/uploads\/2022\/02\/DE-trocken-rot-768x211.png 768w, https:\/\/www.vin-alsace-gueth.com\/wp-content\/uploads\/2022\/02\/DE-trocken-rot-600x165.png 600w\" sizes=\"(max-width: 330px) 100vw, 330px\" \/><\/a><\/p>\n<p><a href=\"https:\/\/www.vin-alsace-gueth.com\/wp-content\/uploads\/2023\/05\/logo_AB_Europe-300x665-1.jpg\"><img decoding=\"async\" class=\"aligncenter wp-image-28127\" src=\"https:\/\/www.vin-alsace-gueth.com\/wp-content\/uploads\/2023\/05\/logo_AB_Europe-300x665-1.jpg\" alt=\"Vin Certifi\u00e9 Bio\" width=\"180\" height=\"81\" srcset=\"https:\/\/www.vin-alsace-gueth.com\/wp-content\/uploads\/2023\/05\/logo_AB_Europe-300x665-1.jpg 665w, https:\/\/www.vin-alsace-gueth.com\/wp-content\/uploads\/2023\/05\/logo_AB_Europe-300x665-1-300x135.jpg 300w, https:\/\/www.vin-alsace-gueth.com\/wp-content\/uploads\/2023\/05\/logo_AB_Europe-300x665-1-600x271.jpg 600w\" sizes=\"(max-width: 180px) 100vw, 180px\" \/><\/a><\/p>\n<p style=\"text-align: left;\"><strong>Nase :<\/strong> fruchtiges und holziges Bouquet mit sehr reifen schwarzen Beeren wie Reif und einem Hauch Vanille.<\/p>\n<p style=\"text-align: left;\"><strong>Geschmack :<\/strong> intensiv, f\u00fcllig mit geschmeidigen Tanninen. Anhaltender, seidiger und salziger Abgang.<\/p>\n<p style=\"text-align: left;\"><strong>Muriels Tipp :<\/strong> dieser Pinot Noir Barrique bio kann sofort getrunken werden, wird seinen H\u00f6hepunkt aber erst in drei bis f\u00fcnf Jahren erreichen. Genie\u00dfen Sie ihn zu rotem Fleisch, <a href=\"https:\/\/www.marmiton.org\/recettes\/recette_filet-de-boeuf-aux-morilles_20033.aspx\">Rinderkotelett mit Morchelsauce<\/a>, vorgesalzenem Lammkarree, <a href=\"https:\/\/www.la-viande.fr\/recettes\/boeuf\/rumsteck-tournedos-lard-fume\">Tournedos mit Speck<\/a>, <a href=\"https:\/\/www.marmiton.org\/recettes\/recette_aubergines-a-la-provencale_52797.aspx\">Auberginen nach provenzalischer Art<\/a>, gebratenen Pastinaken, Bleu des Causses, Reblochon, Cantal, Ziegentome.<\/p>\n","protected":false},"author":447,"featured_media":61210,"comment_status":"open","ping_status":"closed","template":"","meta":{"_uag_custom_page_level_css":"","advgb_blocks_editor_width":"","advgb_blocks_columns_visual_guide":"","_monsterinsights_skip_tracking":false,"_monsterinsights_sitenote_active":false,"_monsterinsights_sitenote_note":"","_monsterinsights_sitenote_category":0,"site-sidebar-layout":"default","site-content-layout":"","ast-site-content-layout":"default","site-content-style":"default","site-sidebar-style":"default","ast-global-header-display":"","ast-banner-title-visibility":"","ast-main-header-display":"","ast-hfb-above-header-display":"","ast-hfb-below-header-display":"","ast-hfb-mobile-header-display":"","site-post-title":"","ast-breadcrumbs-content":null,"ast-featured-img":"","footer-sml-layout":"","ast-disable-related-posts":"","theme-transparent-header-meta":"default","adv-header-id-meta":"","stick-header-meta":"enabled","header-above-stick-meta":"","header-main-stick-meta":"on","header-below-stick-meta":"","astra-migrate-meta-layouts":"set","ast-page-background-enabled":"default","ast-page-background-meta":{"desktop":{"background-color":"","background-image":"","background-repeat":"repeat","background-position":"center center","background-size":"auto","background-attachment":"scroll","background-type":"","background-media":"","overlay-type":"","overlay-color":"","overlay-opacity":"","overlay-gradient":""},"tablet":{"background-color":"","background-image":"","background-repeat":"repeat","background-position":"center center","background-size":"auto","background-attachment":"scroll","background-type":"","background-media":"","overlay-type":"","overlay-color":"","overlay-opacity":"","overlay-gradient":""},"mobile":{"background-color":"","background-image":"","background-repeat":"repeat","background-position":"center center","background-size":"auto","background-attachment":"scroll","background-type":"","background-media":"","overlay-type":"","overlay-color":"","overlay-opacity":"","overlay-gradient":""}},"ast-content-background-meta":{"desktop":{"background-color":"var(--ast-global-color-5)","background-image":"","background-repeat":"repeat","background-position":"center center","background-size":"auto","background-attachment":"scroll","background-type":"","background-media":"","overlay-type":"","overlay-color":"","overlay-opacity":"","overlay-gradient":""},"tablet":{"background-color":"var(--ast-global-color-5)","background-image":"","background-repeat":"repeat","background-position":"center center","background-size":"auto","background-attachment":"scroll","background-type":"","background-media":"","overlay-type":"","overlay-color":"","overlay-opacity":"","overlay-gradient":""},"mobile":{"background-color":"var(--ast-global-color-5)","background-image":"","background-repeat":"repeat","background-position":"center center","background-size":"auto","background-attachment":"scroll","background-type":"","background-media":"","overlay-type":"","overlay-color":"","overlay-opacity":"","overlay-gradient":""}}},"product_brand":[],"product_cat":[855,552,551,539,831,545,542,548,547,849,568,555,826,579,556,557,575],"product_tag":[],"class_list":{"0":"post-61191","1":"product","2":"type-product","3":"status-publish","4":"has-post-thumbnail","6":"product_cat-75cl-flasche","7":"product_cat-vins-de","8":"product_cat-gammes-de","9":"product_cat-essen-wein-paarungen","10":"product_cat-mergel-kalk-terroir","11":"product_cat-legumes-de","12":"product_cat-kase-de","13":"product_cat-viandes-rouges-de","14":"product_cat-viande-blanches-de","15":"product_cat-nach-inhalt-flasche","16":"product_cat-pinot-noir-de","17":"product_cat-vins-tranquilles-de","18":"product_cat-terre-natale-de","19":"product_cat-trockene-weine","20":"product_cat-vins-par-terroir-de","21":"product_cat-cepage-de","22":"product_cat-sucrosite-de","23":"pa_accompagnements-plats-fleisch","24":"pa_accompagnements-plats-gemuse","25":"pa_accompagnements-plats-kase","26":"pa_appellation-aoc-elsass","27":"pa_cepage-spatburgunder","28":"pa_contenance-btl-75-cl-de","29":"pa_gamme-heimat","30":"pa_gamme-neuheit","31":"pa_type-de-terroir-marlin-kalkstein","32":"pa_type-de-vin-rot-fruchtig","33":"desktop-align-center","34":"tablet-align-center","35":"mobile-align-center","36":"ast-product-gallery-layout-vertical","37":"ast-product-tabs-layout-horizontal","39":"first","40":"instock","41":"taxable","42":"shipping-taxable","43":"purchasable","44":"product-type-simple"},"uagb_featured_image_src":{"full":["https:\/\/www.vin-alsace-gueth.com\/wp-content\/uploads\/2025\/12\/Pinot_Noir_Fut_bouteille_Gueth_rev.2-1.jpg",615,1080,false],"thumbnail":["https:\/\/www.vin-alsace-gueth.com\/wp-content\/uploads\/2025\/12\/Pinot_Noir_Fut_bouteille_Gueth_rev.2-1-150x150.jpg",150,150,true],"medium":["https:\/\/www.vin-alsace-gueth.com\/wp-content\/uploads\/2025\/12\/Pinot_Noir_Fut_bouteille_Gueth_rev.2-1-171x300.jpg",171,300,true],"medium_large":["https:\/\/www.vin-alsace-gueth.com\/wp-content\/uploads\/2025\/12\/Pinot_Noir_Fut_bouteille_Gueth_rev.2-1.jpg",615,1080,false],"large":["https:\/\/www.vin-alsace-gueth.com\/wp-content\/uploads\/2025\/12\/Pinot_Noir_Fut_bouteille_Gueth_rev.2-1-583x1024.jpg",583,1024,true],"thumblist":["https:\/\/www.vin-alsace-gueth.com\/wp-content\/uploads\/2025\/12\/Pinot_Noir_Fut_bouteille_Gueth_rev.2-1-300x300.jpg",300,300,true],"thumbrelated":["https:\/\/www.vin-alsace-gueth.com\/wp-content\/uploads\/2025\/12\/Pinot_Noir_Fut_bouteille_Gueth_rev.2-1-500x500.jpg",500,500,true],"meccarouselthumb":["https:\/\/www.vin-alsace-gueth.com\/wp-content\/uploads\/2025\/12\/Pinot_Noir_Fut_bouteille_Gueth_rev.2-1-474x324.jpg",474,324,true],"gridsquare":["https:\/\/www.vin-alsace-gueth.com\/wp-content\/uploads\/2025\/12\/Pinot_Noir_Fut_bouteille_Gueth_rev.2-1-391x260.jpg",391,260,true],"tileview":["https:\/\/www.vin-alsace-gueth.com\/wp-content\/uploads\/2025\/12\/Pinot_Noir_Fut_bouteille_Gueth_rev.2-1-300x400.jpg",300,400,true],"1536x1536":["https:\/\/www.vin-alsace-gueth.com\/wp-content\/uploads\/2025\/12\/Pinot_Noir_Fut_bouteille_Gueth_rev.2-1.jpg",615,1080,false],"2048x2048":["https:\/\/www.vin-alsace-gueth.com\/wp-content\/uploads\/2025\/12\/Pinot_Noir_Fut_bouteille_Gueth_rev.2-1.jpg",615,1080,false],"woocommerce_thumbnail":["https:\/\/www.vin-alsace-gueth.com\/wp-content\/uploads\/2025\/12\/Pinot_Noir_Fut_bouteille_Gueth_rev.2-1-300x527.jpg",300,527,true],"woocommerce_single":["https:\/\/www.vin-alsace-gueth.com\/wp-content\/uploads\/2025\/12\/Pinot_Noir_Fut_bouteille_Gueth_rev.2-1-600x1054.jpg",600,1054,true],"woocommerce_gallery_thumbnail":["https:\/\/www.vin-alsace-gueth.com\/wp-content\/uploads\/2025\/12\/Pinot_Noir_Fut_bouteille_Gueth_rev.2-1-100x100.jpg",100,100,true]},"uagb_author_info":{"display_name":"68@Gueth@aDMin1XX","author_link":"https:\/\/www.vin-alsace-gueth.com\/de\/author\/68guethadmin1xx\/"},"uagb_comment_info":0,"uagb_excerpt":"Pinot Noir \u00e9lev\u00e9 en F\u00fbt de Ch\u00eane Bio, leicht holzig, in Eichenf\u00e4ssern gereift Trockener und mineralischer Wein. Charmant, gl\u00fccklich und gastronomisch. Dieser els\u00e4ssische Pinot Noir ist seidig und ganz leicht holzig. Intensive und tiefe Farbe mit violetten Reflexen. Nase : fruchtiges und holziges Bouquet mit sehr reifen schwarzen Beeren wie Reif und einem Hauch Vanille.&hellip;","featured_img":"https:\/\/www.vin-alsace-gueth.com\/wp-content\/uploads\/2025\/12\/Pinot_Noir_Fut_bouteille_Gueth_rev.2-1.jpg","coauthors":[],"author_meta":{"author_link":"https:\/\/www.vin-alsace-gueth.com\/de\/author\/68guethadmin1xx\/","display_name":"68@Gueth@aDMin1XX"},"relative_dates":{"created":"Ver\u00f6ffentlicht 5\u00a0Monaten vor","modified":"Aktualisiert 5\u00a0Monaten vor"},"absolute_dates":{"created":"Ver\u00f6ffentlicht am 8. Dezember 2025","modified":"Aktualisiert am 8. Dezember 2025"},"absolute_dates_time":{"created":"Ver\u00f6ffentlicht am 8. Dezember 2025 11:46","modified":"Aktualisiert am 8. Dezember 2025 12:14"},"featured_img_caption":"","tax_additional":{"product_brand":{"linked":[],"unlinked":[],"slug":"product_brand","name":"Marken"},"product_type":{"linked":["<a href=\"https:\/\/www.vin-alsace-gueth.com\/de\/?taxonomy=product_type&#038;term=simple\" class=\"advgb-post-tax-term\">simple<\/a>"],"unlinked":["<span class=\"advgb-post-tax-term\">simple<\/span>"],"slug":"product_type","name":"Produkttyp"},"product_visibility":{"linked":[],"unlinked":[],"slug":"product_visibility","name":"Sichtbarkeit des Produkts"},"product_cat":{"linked":["<a href=\"https:\/\/www.vin-alsace-gueth.com\/de\/produktkategorie\/nach-inhalt-flasche\/75cl-flasche\/\" class=\"advgb-post-tax-term\">75cl Flasche<\/a>","<a href=\"https:\/\/www.vin-alsace-gueth.com\/de\/produktkategorie\/vins-de\/\" class=\"advgb-post-tax-term\">Alle Weine<\/a>","<a href=\"https:\/\/www.vin-alsace-gueth.com\/de\/produktkategorie\/gammes-de\/\" class=\"advgb-post-tax-term\">Bereiche<\/a>","<a href=\"https:\/\/www.vin-alsace-gueth.com\/de\/produktkategorie\/essen-wein-paarungen\/\" class=\"advgb-post-tax-term\">Essen \/ Wein Paarungen<\/a>","<a href=\"https:\/\/www.vin-alsace-gueth.com\/de\/produktkategorie\/vins-par-terroir-de\/mergel-kalk-terroir\/\" class=\"advgb-post-tax-term\">Mergel-Kalk-Terroir<\/a>","<a href=\"https:\/\/www.vin-alsace-gueth.com\/de\/produktkategorie\/essen-wein-paarungen\/legumes-de\/\" class=\"advgb-post-tax-term\">Mit Gem\u00fcse<\/a>","<a href=\"https:\/\/www.vin-alsace-gueth.com\/de\/produktkategorie\/essen-wein-paarungen\/kase-de\/\" class=\"advgb-post-tax-term\">Mit K\u00e4se<\/a>","<a href=\"https:\/\/www.vin-alsace-gueth.com\/de\/produktkategorie\/essen-wein-paarungen\/viandes-rouges-de\/\" class=\"advgb-post-tax-term\">Mit rotem Fleisch<\/a>","<a href=\"https:\/\/www.vin-alsace-gueth.com\/de\/produktkategorie\/essen-wein-paarungen\/viande-blanches-de\/\" class=\"advgb-post-tax-term\">Mit wei\u00dfem Fleisch<\/a>","<a href=\"https:\/\/www.vin-alsace-gueth.com\/de\/produktkategorie\/nach-inhalt-flasche\/\" class=\"advgb-post-tax-term\">Nach Inhalt Flasche<\/a>","<a href=\"https:\/\/www.vin-alsace-gueth.com\/de\/produktkategorie\/cepage-de\/pinot-noir-de\/\" class=\"advgb-post-tax-term\">Pinot Noir<\/a>","<a href=\"https:\/\/www.vin-alsace-gueth.com\/de\/produktkategorie\/vins-de\/vins-tranquilles-de\/\" class=\"advgb-post-tax-term\">Stille Weine<\/a>","<a href=\"https:\/\/www.vin-alsace-gueth.com\/de\/produktkategorie\/gammes-de\/terre-natale-de\/\" class=\"advgb-post-tax-term\">Terre Natale<\/a>","<a href=\"https:\/\/www.vin-alsace-gueth.com\/de\/produktkategorie\/sucrosite-de\/trockene-weine\/\" class=\"advgb-post-tax-term\">Trockene Weine<\/a>","<a href=\"https:\/\/www.vin-alsace-gueth.com\/de\/produktkategorie\/vins-par-terroir-de\/\" class=\"advgb-post-tax-term\">Weine \/ Terroir<\/a>","<a href=\"https:\/\/www.vin-alsace-gueth.com\/de\/produktkategorie\/cepage-de\/\" class=\"advgb-post-tax-term\">Weine nach Rebsorte<\/a>","<a href=\"https:\/\/www.vin-alsace-gueth.com\/de\/produktkategorie\/sucrosite-de\/\" class=\"advgb-post-tax-term\">Weine nach S\u00fc\u00dfe<\/a>"],"unlinked":["<span class=\"advgb-post-tax-term\">75cl Flasche<\/span>","<span class=\"advgb-post-tax-term\">Alle Weine<\/span>","<span class=\"advgb-post-tax-term\">Bereiche<\/span>","<span class=\"advgb-post-tax-term\">Essen \/ Wein Paarungen<\/span>","<span class=\"advgb-post-tax-term\">Mergel-Kalk-Terroir<\/span>","<span class=\"advgb-post-tax-term\">Mit Gem\u00fcse<\/span>","<span class=\"advgb-post-tax-term\">Mit K\u00e4se<\/span>","<span class=\"advgb-post-tax-term\">Mit rotem Fleisch<\/span>","<span class=\"advgb-post-tax-term\">Mit wei\u00dfem Fleisch<\/span>","<span class=\"advgb-post-tax-term\">Nach Inhalt Flasche<\/span>","<span class=\"advgb-post-tax-term\">Pinot Noir<\/span>","<span class=\"advgb-post-tax-term\">Stille Weine<\/span>","<span class=\"advgb-post-tax-term\">Terre Natale<\/span>","<span class=\"advgb-post-tax-term\">Trockene Weine<\/span>","<span class=\"advgb-post-tax-term\">Weine \/ Terroir<\/span>","<span class=\"advgb-post-tax-term\">Weine nach Rebsorte<\/span>","<span class=\"advgb-post-tax-term\">Weine nach S\u00fc\u00dfe<\/span>"],"slug":"product_cat","name":"Produkt-Kategorien"},"product_tag":{"linked":[],"unlinked":[],"slug":"product_tag","name":"Produkt Schlagw\u00f6rter"},"product_shipping_class":{"linked":[],"unlinked":[],"slug":"product_shipping_class","name":"Produkt Versandklasse"},"pos_product_visibility":{"linked":[],"unlinked":[],"slug":"pos_product_visibility","name":"POS-Produkt-Sichtbarkeit"},"pa_accompagnements-plats":{"linked":["<a href=\"https:\/\/www.vin-alsace-gueth.com\/de\/accompagnements-plats\/fleisch\/\" class=\"advgb-post-tax-term\">Fleisch<\/a>","<a href=\"https:\/\/www.vin-alsace-gueth.com\/de\/accompagnements-plats\/gemuse\/\" class=\"advgb-post-tax-term\">Gem\u00fcse<\/a>","<a href=\"https:\/\/www.vin-alsace-gueth.com\/de\/accompagnements-plats\/kase\/\" class=\"advgb-post-tax-term\">K\u00e4se<\/a>"],"unlinked":["<span class=\"advgb-post-tax-term\">Fleisch<\/span>","<span class=\"advgb-post-tax-term\">Gem\u00fcse<\/span>","<span class=\"advgb-post-tax-term\">K\u00e4se<\/span>"],"slug":"pa_accompagnements-plats","name":"Product Accompagnements Plats"},"pa_appellation":{"linked":["<a href=\"https:\/\/www.vin-alsace-gueth.com\/de\/appellation\/aoc-elsass\/\" class=\"advgb-post-tax-term\">AOC Elsass<\/a>"],"unlinked":["<span class=\"advgb-post-tax-term\">AOC Elsass<\/span>"],"slug":"pa_appellation","name":"Product Appellation"},"pa_cepage":{"linked":["<a href=\"https:\/\/www.vin-alsace-gueth.com\/de\/cepage\/spatburgunder\/\" class=\"advgb-post-tax-term\">Sp\u00e4tburgunder<\/a>"],"unlinked":["<span class=\"advgb-post-tax-term\">Sp\u00e4tburgunder<\/span>"],"slug":"pa_cepage","name":"Product C\u00e9page"},"pa_contenance-btl":{"linked":["<a href=\"https:\/\/www.vin-alsace-gueth.com\/de\/contenance-btl\/75-cl-de\/\" class=\"advgb-post-tax-term\">75 cl<\/a>"],"unlinked":["<span class=\"advgb-post-tax-term\">75 cl<\/span>"],"slug":"pa_contenance-btl","name":"Product Volume"},"pa_gamme":{"linked":["<a href=\"https:\/\/www.vin-alsace-gueth.com\/de\/gamme\/heimat\/\" class=\"advgb-post-tax-term\">Heimat<\/a>","<a href=\"https:\/\/www.vin-alsace-gueth.com\/de\/gamme\/neuheit\/\" class=\"advgb-post-tax-term\">Neuheit<\/a>"],"unlinked":["<span class=\"advgb-post-tax-term\">Heimat<\/span>","<span class=\"advgb-post-tax-term\">Neuheit<\/span>"],"slug":"pa_gamme","name":"Product Gamme"},"pa_type-de-terroir":{"linked":["<a href=\"https:\/\/www.vin-alsace-gueth.com\/de\/type-de-terroir\/marlin-kalkstein\/\" class=\"advgb-post-tax-term\">Marlin-Kalkstein<\/a>"],"unlinked":["<span class=\"advgb-post-tax-term\">Marlin-Kalkstein<\/span>"],"slug":"pa_type-de-terroir","name":"Product Type de terroir"},"pa_type-de-vin":{"linked":["<a href=\"https:\/\/www.vin-alsace-gueth.com\/de\/type-de-vin\/rot-fruchtig\/\" class=\"advgb-post-tax-term\">Rot &amp; Fruchtig<\/a>"],"unlinked":["<span class=\"advgb-post-tax-term\">Rot &amp; Fruchtig<\/span>"],"slug":"pa_type-de-vin","name":"Product Type de vin"},"translation_priority":{"linked":["<a href=\"https:\/\/www.vin-alsace-gueth.com\/de\/?taxonomy=translation_priority&#038;term=facultatif-de\" class=\"advgb-post-tax-term\">Facultatif<\/a>"],"unlinked":["<span class=\"advgb-post-tax-term\">Facultatif<\/span>"],"slug":"translation_priority","name":"\u00dcbersetzungspriorit\u00e4ten"}},"series_order":"","_links":{"self":[{"href":"https:\/\/www.vin-alsace-gueth.com\/de\/wp-json\/wp\/v2\/product\/61191","targetHints":{"allow":["GET"]}}],"collection":[{"href":"https:\/\/www.vin-alsace-gueth.com\/de\/wp-json\/wp\/v2\/product"}],"about":[{"href":"https:\/\/www.vin-alsace-gueth.com\/de\/wp-json\/wp\/v2\/types\/product"}],"replies":[{"embeddable":true,"href":"https:\/\/www.vin-alsace-gueth.com\/de\/wp-json\/wp\/v2\/comments?post=61191"}],"wp:featuredmedia":[{"embeddable":true,"href":"https:\/\/www.vin-alsace-gueth.com\/de\/wp-json\/wp\/v2\/media\/61210"}],"wp:attachment":[{"href":"https:\/\/www.vin-alsace-gueth.com\/de\/wp-json\/wp\/v2\/media?parent=61191"}],"wp:term":[{"taxonomy":"product_brand","embeddable":true,"href":"https:\/\/www.vin-alsace-gueth.com\/de\/wp-json\/wp\/v2\/product_brand?post=61191"},{"taxonomy":"product_cat","embeddable":true,"href":"https:\/\/www.vin-alsace-gueth.com\/de\/wp-json\/wp\/v2\/product_cat?post=61191"},{"taxonomy":"product_tag","embeddable":true,"href":"https:\/\/www.vin-alsace-gueth.com\/de\/wp-json\/wp\/v2\/product_tag?post=61191"}],"curies":[{"name":"wp","href":"https:\/\/api.w.org\/{rel}","templated":true}]}}