    {"id":54828,"date":"2025-10-08T08:00:38","date_gmt":"2025-10-08T06:00:38","guid":{"rendered":"https:\/\/www.vin-alsace-gueth.com\/?post_type=product&#038;p=54828"},"modified":"2025-12-08T22:31:44","modified_gmt":"2025-12-08T21:31:44","slug":"linattendu-2023-bio-cadeau","status":"publish","type":"product","link":"https:\/\/www.vin-alsace-gueth.com\/de\/product\/linattendu-2023-bio-cadeau\/","title":{"rendered":"L&#8217;Inattendu 2023 Bio &#8211; cadeau"},"content":{"rendered":"<p style=\"text-align: left;\"><strong>Reben :<\/strong> &gt; 50 Jahre alt, Parzelle <em><strong>&#8222;Sch\u00fctzenrain&#8220;<\/strong><\/em>, was f\u00fcr Grauburgunder &#8222;<em>gesch\u00fctzt vor Regen<\/em>&#8220; und <em><strong>&#8222;Kastelweg&#8220;<\/strong><\/em> f\u00fcr Sylvaner <em>&#8222;Chemin des Ch\u00e2teaux&#8220; <\/em>bedeutet.<\/p>\n<p style=\"text-align: left;\"><strong>Terroir :<\/strong> <a href=\"https:\/\/www.vin-alsace-gueth.com\/vignoble-terroirs\/\">Mergel-Kalkstein<\/a>. Besteht aus Tonablagerungen, die mit oolithischen Kalksteinkieseln marinen Ursprungs verbunden sind.<\/p>\n<p style=\"text-align: left;\"><strong>Im Keller :<\/strong> langsame und schonende Pressung; G\u00e4rung ohne Zugabe von Hefen; sehr m\u00e4\u00dfige Sulfitierung; Reifung 6 Monate auf Hefe in Edelstahltanks; Abf\u00fcllung auf dem Gut. Wir legen unsere Weine in Reserve, um ihnen ihr bestes Potenzial zu bieten.<\/p>\n<p>&nbsp;<\/p>\n<p style=\"text-align: left;\"><strong>Alkoholgehalt :<\/strong> 13,0 % vol.<\/p>\n<p style=\"text-align: left;\"><strong>Aufbewahrung :<\/strong> 2032 bis 2037<\/p>\n<p>&nbsp;<\/p>\n<p>&nbsp;<\/p>\n","protected":false},"excerpt":{"rendered":"<p style=\"text-align: left;\">Ein lieblicher und frischer Wein, einzigartig und elegant. Seine Leichtigkeit vers\u00f6hnt Sie mit lieblichen Weinen. Entdecken Sie die Typizit\u00e4t und den Reichtum des Kalkbodens oolithischen Ursprungs. Dieser Wein ist eine Assemblage aus zwei benachbarten Parzellen mit zwei verschiedenen Rebsorten.<\/p>\n<p><a href=\"https:\/\/www.vin-alsace-gueth.com\/wp-content\/uploads\/2019\/09\/DE-halb-sus-weiss.png\"><img decoding=\"async\" class=\"wp-image-19725 aligncenter\" src=\"https:\/\/www.vin-alsace-gueth.com\/wp-content\/uploads\/2019\/09\/DE-halb-sus-weiss.png\" alt=\"\" width=\"330\" height=\"91\" srcset=\"https:\/\/www.vin-alsace-gueth.com\/wp-content\/uploads\/2019\/09\/DE-halb-sus-weiss.png 1008w, https:\/\/www.vin-alsace-gueth.com\/wp-content\/uploads\/2019\/09\/DE-halb-sus-weiss-300x82.png 300w, https:\/\/www.vin-alsace-gueth.com\/wp-content\/uploads\/2019\/09\/DE-halb-sus-weiss-768x211.png 768w, https:\/\/www.vin-alsace-gueth.com\/wp-content\/uploads\/2019\/09\/DE-halb-sus-weiss-600x165.png 600w\" sizes=\"(max-width: 330px) 100vw, 330px\" \/><\/a><a href=\"https:\/\/www.vin-alsace-gueth.com\/wp-content\/uploads\/2023\/05\/logo_AB_Europe-300x665-1.jpg\"><img decoding=\"async\" class=\"aligncenter wp-image-28125\" src=\"https:\/\/www.vin-alsace-gueth.com\/wp-content\/uploads\/2023\/05\/logo_AB_Europe-300x665-1.jpg\" alt=\"Vin Certifi\u00e9 Bio\" width=\"180\" height=\"81\" srcset=\"https:\/\/www.vin-alsace-gueth.com\/wp-content\/uploads\/2023\/05\/logo_AB_Europe-300x665-1.jpg 665w, https:\/\/www.vin-alsace-gueth.com\/wp-content\/uploads\/2023\/05\/logo_AB_Europe-300x665-1-300x135.jpg 300w, https:\/\/www.vin-alsace-gueth.com\/wp-content\/uploads\/2023\/05\/logo_AB_Europe-300x665-1-600x271.jpg 600w\" sizes=\"(max-width: 180px) 100vw, 180px\" \/><\/a><\/p>\n<p style=\"text-align: left;\"><strong>Nase :<\/strong> Noten von gelben Fr\u00fcchten mit einem Hauch von ger\u00f6steten Mandeln.<\/p>\n<p style=\"text-align: left;\"><strong>Geschmack :<\/strong> Vollmundig, aromatisch und belebend. Salzige Noten von Brioche mit einem mineralischen, anhaltenden und erfrischenden Abgang.<\/p>\n<p style=\"text-align: left;\"><strong>Muriels Tipp :<\/strong> Ein ausgezeichneter \u00dcberraschungswein zum Aperitif. Er wird von allen zu jeder Gelegenheit gesch\u00e4tzt. Mit seiner \u201es\u00fc\u00df-salzigen\u201c Note passt er perfekt zu Gerichten, die in asiatischer Br\u00fche gekocht werden, insbesondere zu japanischen Br\u00fchen, Dashi und Gem\u00fcsefondues, thail\u00e4ndischen Suppen und Ramen.<\/p>\n","protected":false},"author":447,"featured_media":54832,"comment_status":"closed","ping_status":"closed","template":"","meta":{"_uag_custom_page_level_css":"","advgb_blocks_editor_width":"","advgb_blocks_columns_visual_guide":"","_monsterinsights_skip_tracking":false,"_monsterinsights_sitenote_active":false,"_monsterinsights_sitenote_note":"","_monsterinsights_sitenote_category":0,"site-sidebar-layout":"default","site-content-layout":"","ast-site-content-layout":"default","site-content-style":"default","site-sidebar-style":"default","ast-global-header-display":"","ast-banner-title-visibility":"","ast-main-header-display":"","ast-hfb-above-header-display":"","ast-hfb-below-header-display":"","ast-hfb-mobile-header-display":"","site-post-title":"","ast-breadcrumbs-content":null,"ast-featured-img":"","footer-sml-layout":"","ast-disable-related-posts":"","theme-transparent-header-meta":"default","adv-header-id-meta":"","stick-header-meta":"enabled","header-above-stick-meta":"","header-main-stick-meta":"on","header-below-stick-meta":"","astra-migrate-meta-layouts":"set","ast-page-background-enabled":"default","ast-page-background-meta":{"desktop":{"background-color":"","background-image":"","background-repeat":"repeat","background-position":"center center","background-size":"auto","background-attachment":"scroll","background-type":"","background-media":"","overlay-type":"","overlay-color":"","overlay-opacity":"","overlay-gradient":""},"tablet":{"background-color":"","background-image":"","background-repeat":"repeat","background-position":"center center","background-size":"auto","background-attachment":"scroll","background-type":"","background-media":"","overlay-type":"","overlay-color":"","overlay-opacity":"","overlay-gradient":""},"mobile":{"background-color":"","background-image":"","background-repeat":"repeat","background-position":"center center","background-size":"auto","background-attachment":"scroll","background-type":"","background-media":"","overlay-type":"","overlay-color":"","overlay-opacity":"","overlay-gradient":""}},"ast-content-background-meta":{"desktop":{"background-color":"var(--ast-global-color-5)","background-image":"","background-repeat":"repeat","background-position":"center center","background-size":"auto","background-attachment":"scroll","background-type":"","background-media":"","overlay-type":"","overlay-color":"","overlay-opacity":"","overlay-gradient":""},"tablet":{"background-color":"var(--ast-global-color-5)","background-image":"","background-repeat":"repeat","background-position":"center center","background-size":"auto","background-attachment":"scroll","background-type":"","background-media":"","overlay-type":"","overlay-color":"","overlay-opacity":"","overlay-gradient":""},"mobile":{"background-color":"var(--ast-global-color-5)","background-image":"","background-repeat":"repeat","background-position":"center center","background-size":"auto","background-attachment":"scroll","background-type":"","background-media":"","overlay-type":"","overlay-color":"","overlay-opacity":"","overlay-gradient":""}}},"product_brand":[],"product_cat":[855,552,551,350,539,831,1013,550,541,545,849,555,585,556,557,575,558],"product_tag":[],"class_list":{"0":"post-54828","1":"product","2":"type-product","3":"status-publish","4":"has-post-thumbnail","6":"product_cat-75cl-flasche","7":"product_cat-vins-de","8":"product_cat-gammes-de","9":"product_cat-douceur-de","10":"product_cat-essen-wein-paarungen","11":"product_cat-mergel-kalk-terroir","12":"product_cat-asiatischer-kuche","13":"product_cat-aperitif-de","14":"product_cat-desserts-de","15":"product_cat-legumes-de","16":"product_cat-nach-inhalt-flasche","17":"product_cat-vins-tranquilles-de","18":"product_cat-suesse-weine","19":"product_cat-vins-par-terroir-de","20":"product_cat-cepage-de","21":"product_cat-sucrosite-de","22":"product_cat-assemblage-de","23":"pa_accompagnements-plats-aperitif-de","24":"pa_accompagnements-plats-fische","25":"pa_accompagnements-plats-fleisch","26":"pa_accompagnements-plats-gemuse","27":"pa_accompagnements-plats-kase","28":"pa_appellation-aoc-elsass","29":"pa_cepage-versammlung","30":"pa_contenance-btl-75-cl-de","31":"pa_gamme-heimat","32":"pa_gamme-neuheit","33":"pa_type-de-terroir-marlin-kalkstein","34":"pa_type-de-vin-trocken-mineralisch","35":"desktop-align-center","36":"tablet-align-center","37":"mobile-align-center","38":"ast-product-gallery-layout-vertical","39":"ast-product-tabs-layout-horizontal","41":"first","42":"instock","43":"taxable","44":"shipping-taxable","45":"purchasable","46":"product-type-simple"},"uagb_featured_image_src":{"full":["https:\/\/www.vin-alsace-gueth.com\/wp-content\/uploads\/2025\/10\/L_Inattendu_domaine_Gueth_rev.0-cadeau-1.jpg",615,1080,false],"thumbnail":["https:\/\/www.vin-alsace-gueth.com\/wp-content\/uploads\/2025\/10\/L_Inattendu_domaine_Gueth_rev.0-cadeau-1-150x150.jpg",150,150,true],"medium":["https:\/\/www.vin-alsace-gueth.com\/wp-content\/uploads\/2025\/10\/L_Inattendu_domaine_Gueth_rev.0-cadeau-1-171x300.jpg",171,300,true],"medium_large":["https:\/\/www.vin-alsace-gueth.com\/wp-content\/uploads\/2025\/10\/L_Inattendu_domaine_Gueth_rev.0-cadeau-1.jpg",615,1080,false],"large":["https:\/\/www.vin-alsace-gueth.com\/wp-content\/uploads\/2025\/10\/L_Inattendu_domaine_Gueth_rev.0-cadeau-1-583x1024.jpg",583,1024,true],"thumblist":["https:\/\/www.vin-alsace-gueth.com\/wp-content\/uploads\/2025\/10\/L_Inattendu_domaine_Gueth_rev.0-cadeau-1-300x300.jpg",300,300,true],"thumbrelated":["https:\/\/www.vin-alsace-gueth.com\/wp-content\/uploads\/2025\/10\/L_Inattendu_domaine_Gueth_rev.0-cadeau-1-500x500.jpg",500,500,true],"meccarouselthumb":["https:\/\/www.vin-alsace-gueth.com\/wp-content\/uploads\/2025\/10\/L_Inattendu_domaine_Gueth_rev.0-cadeau-1-474x324.jpg",474,324,true],"gridsquare":["https:\/\/www.vin-alsace-gueth.com\/wp-content\/uploads\/2025\/10\/L_Inattendu_domaine_Gueth_rev.0-cadeau-1-391x260.jpg",391,260,true],"tileview":["https:\/\/www.vin-alsace-gueth.com\/wp-content\/uploads\/2025\/10\/L_Inattendu_domaine_Gueth_rev.0-cadeau-1-300x400.jpg",300,400,true],"1536x1536":["https:\/\/www.vin-alsace-gueth.com\/wp-content\/uploads\/2025\/10\/L_Inattendu_domaine_Gueth_rev.0-cadeau-1.jpg",615,1080,false],"2048x2048":["https:\/\/www.vin-alsace-gueth.com\/wp-content\/uploads\/2025\/10\/L_Inattendu_domaine_Gueth_rev.0-cadeau-1.jpg",615,1080,false],"woocommerce_thumbnail":["https:\/\/www.vin-alsace-gueth.com\/wp-content\/uploads\/2025\/10\/L_Inattendu_domaine_Gueth_rev.0-cadeau-1-300x527.jpg",300,527,true],"woocommerce_single":["https:\/\/www.vin-alsace-gueth.com\/wp-content\/uploads\/2025\/10\/L_Inattendu_domaine_Gueth_rev.0-cadeau-1-600x1054.jpg",600,1054,true],"woocommerce_gallery_thumbnail":["https:\/\/www.vin-alsace-gueth.com\/wp-content\/uploads\/2025\/10\/L_Inattendu_domaine_Gueth_rev.0-cadeau-1-100x100.jpg",100,100,true]},"uagb_author_info":{"display_name":"68@Gueth@aDMin1XX","author_link":"https:\/\/www.vin-alsace-gueth.com\/de\/author\/68guethadmin1xx\/"},"uagb_comment_info":0,"uagb_excerpt":"Ein lieblicher und frischer Wein, einzigartig und elegant. Seine Leichtigkeit vers\u00f6hnt Sie mit lieblichen Weinen. Entdecken Sie die Typizit\u00e4t und den Reichtum des Kalkbodens oolithischen Ursprungs. Dieser Wein ist eine Assemblage aus zwei benachbarten Parzellen mit zwei verschiedenen Rebsorten. Nase : Noten von gelben Fr\u00fcchten mit einem Hauch von ger\u00f6steten Mandeln. Geschmack : Vollmundig, aromatisch&hellip;","featured_img":"https:\/\/www.vin-alsace-gueth.com\/wp-content\/uploads\/2025\/10\/L_Inattendu_domaine_Gueth_rev.0-cadeau-1.jpg","coauthors":[],"author_meta":{"author_link":"https:\/\/www.vin-alsace-gueth.com\/de\/author\/68guethadmin1xx\/","display_name":"68@Gueth@aDMin1XX"},"relative_dates":{"created":"Ver\u00f6ffentlicht 6\u00a0Monaten vor","modified":"Aktualisiert 4\u00a0Monaten vor"},"absolute_dates":{"created":"Ver\u00f6ffentlicht am 8. Oktober 2025","modified":"Aktualisiert am 8. Dezember 2025"},"absolute_dates_time":{"created":"Ver\u00f6ffentlicht am 8. Oktober 2025 8:00","modified":"Aktualisiert am 8. Dezember 2025 22:31"},"featured_img_caption":"","tax_additional":{"product_brand":{"linked":[],"unlinked":[],"slug":"product_brand","name":"Marken"},"product_type":{"linked":["<a href=\"https:\/\/www.vin-alsace-gueth.com\/de\/?taxonomy=product_type&#038;term=simple\" class=\"advgb-post-tax-term\">simple<\/a>"],"unlinked":["<span class=\"advgb-post-tax-term\">simple<\/span>"],"slug":"product_type","name":"Produkttyp"},"product_visibility":{"linked":["<a href=\"https:\/\/www.vin-alsace-gueth.com\/?taxonomy=product_visibility&#038;term=exclude-from-catalog\" class=\"advgb-post-tax-term\">exclude-from-catalog<\/a>","<a href=\"https:\/\/www.vin-alsace-gueth.com\/?taxonomy=product_visibility&#038;term=exclude-from-search\" class=\"advgb-post-tax-term\">exclude-from-search<\/a>"],"unlinked":["<span class=\"advgb-post-tax-term\">exclude-from-catalog<\/span>","<span class=\"advgb-post-tax-term\">exclude-from-search<\/span>"],"slug":"product_visibility","name":"Sichtbarkeit des Produkts"},"product_cat":{"linked":["<a href=\"https:\/\/www.vin-alsace-gueth.com\/de\/produktkategorie\/nach-inhalt-flasche\/75cl-flasche\/\" class=\"advgb-post-tax-term\">75cl Flasche<\/a>","<a href=\"https:\/\/www.vin-alsace-gueth.com\/de\/produktkategorie\/vins-de\/\" class=\"advgb-post-tax-term\">Alle Weine<\/a>","<a href=\"https:\/\/www.vin-alsace-gueth.com\/de\/produktkategorie\/gammes-de\/\" class=\"advgb-post-tax-term\">Bereiche<\/a>","<a href=\"https:\/\/www.vin-alsace-gueth.com\/de\/produktkategorie\/gammes-de\/douceur-de\/\" class=\"advgb-post-tax-term\">Douceur<\/a>","<a href=\"https:\/\/www.vin-alsace-gueth.com\/de\/produktkategorie\/essen-wein-paarungen\/\" class=\"advgb-post-tax-term\">Essen \/ Wein Paarungen<\/a>","<a href=\"https:\/\/www.vin-alsace-gueth.com\/de\/produktkategorie\/vins-par-terroir-de\/mergel-kalk-terroir\/\" class=\"advgb-post-tax-term\">Mergel-Kalk-Terroir<\/a>","<a href=\"https:\/\/www.vin-alsace-gueth.com\/de\/produktkategorie\/essen-wein-paarungen\/asiatischer-kuche\/\" class=\"advgb-post-tax-term\">Mit asiatischer K\u00fcche<\/a>","<a href=\"https:\/\/www.vin-alsace-gueth.com\/de\/produktkategorie\/essen-wein-paarungen\/aperitif-de\/\" class=\"advgb-post-tax-term\">Mit dem Aperitif<\/a>","<a href=\"https:\/\/www.vin-alsace-gueth.com\/de\/produktkategorie\/essen-wein-paarungen\/desserts-de\/\" class=\"advgb-post-tax-term\">Mit Desserts<\/a>","<a href=\"https:\/\/www.vin-alsace-gueth.com\/de\/produktkategorie\/essen-wein-paarungen\/legumes-de\/\" class=\"advgb-post-tax-term\">Mit Gem\u00fcse<\/a>","<a href=\"https:\/\/www.vin-alsace-gueth.com\/de\/produktkategorie\/nach-inhalt-flasche\/\" class=\"advgb-post-tax-term\">Nach Inhalt Flasche<\/a>","<a href=\"https:\/\/www.vin-alsace-gueth.com\/de\/produktkategorie\/vins-de\/vins-tranquilles-de\/\" class=\"advgb-post-tax-term\">Stille Weine<\/a>","<a href=\"https:\/\/www.vin-alsace-gueth.com\/de\/produktkategorie\/sucrosite-de\/suesse-weine\/\" class=\"advgb-post-tax-term\">S\u00fc\u00dfe Weine<\/a>","<a href=\"https:\/\/www.vin-alsace-gueth.com\/de\/produktkategorie\/vins-par-terroir-de\/\" class=\"advgb-post-tax-term\">Weine \/ Terroir<\/a>","<a href=\"https:\/\/www.vin-alsace-gueth.com\/de\/produktkategorie\/cepage-de\/\" class=\"advgb-post-tax-term\">Weine nach Rebsorte<\/a>","<a href=\"https:\/\/www.vin-alsace-gueth.com\/de\/produktkategorie\/sucrosite-de\/\" class=\"advgb-post-tax-term\">Weine nach S\u00fc\u00dfe<\/a>","<a href=\"https:\/\/www.vin-alsace-gueth.com\/de\/produktkategorie\/cepage-de\/assemblage-de\/\" class=\"advgb-post-tax-term\">Weinmischung<\/a>"],"unlinked":["<span class=\"advgb-post-tax-term\">75cl Flasche<\/span>","<span class=\"advgb-post-tax-term\">Alle Weine<\/span>","<span class=\"advgb-post-tax-term\">Bereiche<\/span>","<span class=\"advgb-post-tax-term\">Douceur<\/span>","<span class=\"advgb-post-tax-term\">Essen \/ Wein Paarungen<\/span>","<span class=\"advgb-post-tax-term\">Mergel-Kalk-Terroir<\/span>","<span class=\"advgb-post-tax-term\">Mit asiatischer K\u00fcche<\/span>","<span class=\"advgb-post-tax-term\">Mit dem Aperitif<\/span>","<span class=\"advgb-post-tax-term\">Mit Desserts<\/span>","<span class=\"advgb-post-tax-term\">Mit Gem\u00fcse<\/span>","<span class=\"advgb-post-tax-term\">Nach Inhalt Flasche<\/span>","<span class=\"advgb-post-tax-term\">Stille Weine<\/span>","<span class=\"advgb-post-tax-term\">S\u00fc\u00dfe Weine<\/span>","<span class=\"advgb-post-tax-term\">Weine \/ Terroir<\/span>","<span class=\"advgb-post-tax-term\">Weine nach Rebsorte<\/span>","<span class=\"advgb-post-tax-term\">Weine nach S\u00fc\u00dfe<\/span>","<span class=\"advgb-post-tax-term\">Weinmischung<\/span>"],"slug":"product_cat","name":"Produkt-Kategorien"},"product_tag":{"linked":[],"unlinked":[],"slug":"product_tag","name":"Produkt Schlagw\u00f6rter"},"product_shipping_class":{"linked":[],"unlinked":[],"slug":"product_shipping_class","name":"Produkt Versandklasse"},"pos_product_visibility":{"linked":[],"unlinked":[],"slug":"pos_product_visibility","name":"POS-Produkt-Sichtbarkeit."},"pa_accompagnements-plats":{"linked":["<a href=\"https:\/\/www.vin-alsace-gueth.com\/de\/accompagnements-plats\/aperitif-de\/\" class=\"advgb-post-tax-term\">Aperitif<\/a>","<a href=\"https:\/\/www.vin-alsace-gueth.com\/de\/accompagnements-plats\/fische\/\" class=\"advgb-post-tax-term\">Fische<\/a>","<a href=\"https:\/\/www.vin-alsace-gueth.com\/de\/accompagnements-plats\/fleisch\/\" class=\"advgb-post-tax-term\">Fleisch<\/a>","<a href=\"https:\/\/www.vin-alsace-gueth.com\/de\/accompagnements-plats\/gemuse\/\" class=\"advgb-post-tax-term\">Gem\u00fcse<\/a>","<a href=\"https:\/\/www.vin-alsace-gueth.com\/de\/accompagnements-plats\/kase\/\" class=\"advgb-post-tax-term\">K\u00e4se<\/a>"],"unlinked":["<span class=\"advgb-post-tax-term\">Aperitif<\/span>","<span class=\"advgb-post-tax-term\">Fische<\/span>","<span class=\"advgb-post-tax-term\">Fleisch<\/span>","<span class=\"advgb-post-tax-term\">Gem\u00fcse<\/span>","<span class=\"advgb-post-tax-term\">K\u00e4se<\/span>"],"slug":"pa_accompagnements-plats","name":"Product Accompagnements Plats"},"pa_appellation":{"linked":["<a href=\"https:\/\/www.vin-alsace-gueth.com\/de\/appellation\/aoc-elsass\/\" class=\"advgb-post-tax-term\">AOC Elsass<\/a>"],"unlinked":["<span class=\"advgb-post-tax-term\">AOC Elsass<\/span>"],"slug":"pa_appellation","name":"Product Appellation"},"pa_cepage":{"linked":["<a href=\"https:\/\/www.vin-alsace-gueth.com\/de\/cepage\/versammlung\/\" class=\"advgb-post-tax-term\">Versammlung<\/a>"],"unlinked":["<span class=\"advgb-post-tax-term\">Versammlung<\/span>"],"slug":"pa_cepage","name":"Product C\u00e9page"},"pa_contenance-btl":{"linked":["<a href=\"https:\/\/www.vin-alsace-gueth.com\/de\/contenance-btl\/75-cl-de\/\" class=\"advgb-post-tax-term\">75 cl<\/a>"],"unlinked":["<span class=\"advgb-post-tax-term\">75 cl<\/span>"],"slug":"pa_contenance-btl","name":"Product Volume"},"pa_gamme":{"linked":["<a href=\"https:\/\/www.vin-alsace-gueth.com\/de\/gamme\/heimat\/\" class=\"advgb-post-tax-term\">Heimat<\/a>","<a href=\"https:\/\/www.vin-alsace-gueth.com\/de\/gamme\/neuheit\/\" class=\"advgb-post-tax-term\">Neuheit<\/a>"],"unlinked":["<span class=\"advgb-post-tax-term\">Heimat<\/span>","<span class=\"advgb-post-tax-term\">Neuheit<\/span>"],"slug":"pa_gamme","name":"Product Gamme"},"pa_type-de-terroir":{"linked":["<a href=\"https:\/\/www.vin-alsace-gueth.com\/de\/type-de-terroir\/marlin-kalkstein\/\" class=\"advgb-post-tax-term\">Marlin-Kalkstein<\/a>"],"unlinked":["<span class=\"advgb-post-tax-term\">Marlin-Kalkstein<\/span>"],"slug":"pa_type-de-terroir","name":"Product Type de terroir"},"pa_type-de-vin":{"linked":["<a href=\"https:\/\/www.vin-alsace-gueth.com\/de\/type-de-vin\/trocken-mineralisch\/\" class=\"advgb-post-tax-term\">Trocken &amp; Mineralisch<\/a>"],"unlinked":["<span class=\"advgb-post-tax-term\">Trocken &amp; Mineralisch<\/span>"],"slug":"pa_type-de-vin","name":"Product Type de vin"},"translation_priority":{"linked":["<a href=\"https:\/\/www.vin-alsace-gueth.com\/de\/?taxonomy=translation_priority&#038;term=facultatif-de\" class=\"advgb-post-tax-term\">Facultatif<\/a>"],"unlinked":["<span class=\"advgb-post-tax-term\">Facultatif<\/span>"],"slug":"translation_priority","name":"\u00dcbersetzungspriorit\u00e4ten"}},"series_order":"","_links":{"self":[{"href":"https:\/\/www.vin-alsace-gueth.com\/de\/wp-json\/wp\/v2\/product\/54828","targetHints":{"allow":["GET"]}}],"collection":[{"href":"https:\/\/www.vin-alsace-gueth.com\/de\/wp-json\/wp\/v2\/product"}],"about":[{"href":"https:\/\/www.vin-alsace-gueth.com\/de\/wp-json\/wp\/v2\/types\/product"}],"replies":[{"embeddable":true,"href":"https:\/\/www.vin-alsace-gueth.com\/de\/wp-json\/wp\/v2\/comments?post=54828"}],"wp:featuredmedia":[{"embeddable":true,"href":"https:\/\/www.vin-alsace-gueth.com\/de\/wp-json\/wp\/v2\/media\/54832"}],"wp:attachment":[{"href":"https:\/\/www.vin-alsace-gueth.com\/de\/wp-json\/wp\/v2\/media?parent=54828"}],"wp:term":[{"taxonomy":"product_brand","embeddable":true,"href":"https:\/\/www.vin-alsace-gueth.com\/de\/wp-json\/wp\/v2\/product_brand?post=54828"},{"taxonomy":"product_cat","embeddable":true,"href":"https:\/\/www.vin-alsace-gueth.com\/de\/wp-json\/wp\/v2\/product_cat?post=54828"},{"taxonomy":"product_tag","embeddable":true,"href":"https:\/\/www.vin-alsace-gueth.com\/de\/wp-json\/wp\/v2\/product_tag?post=54828"}],"curies":[{"name":"wp","href":"https:\/\/api.w.org\/{rel}","templated":true}]}}