    {"id":46674,"date":"2025-03-18T18:23:20","date_gmt":"2025-03-18T17:23:20","guid":{"rendered":"https:\/\/www.vin-alsace-gueth.com\/?post_type=product&#038;p=46674"},"modified":"2025-11-27T10:01:37","modified_gmt":"2025-11-27T09:01:37","slug":"geschenkgutschein-wagen-sie-weine-mit-einem-femininen-touch","status":"publish","type":"product","link":"https:\/\/www.vin-alsace-gueth.com\/de\/product\/geschenkgutschein-wagen-sie-weine-mit-einem-femininen-touch\/","title":{"rendered":"Geschenkgutschein : Wagen Sie Weine mit einem femininen Touch"},"content":{"rendered":"<p><strong>Im Erlebnis enthalten<\/strong><\/p>\n<ul>\n<li>Der ungew\u00f6hnliche Spaziergang durch die Weinberge (30 bis 45 min)<\/li>\n<li>Besichtigung der Einrichtungen zur Weinherstellung, Lagerung und Verpackung der Weine.<\/li>\n<li>Vorstellung unserer feministischen Herangehensweise an den Wein und unserer Philosophie.<\/li>\n<li>Verkostung von 8 els\u00e4ssischen Bio-Weinen aus Parzellenauswahl<\/li>\n<li>Bei minderj\u00e4hrigen Personen werden die Weine durch Bio-Traubensaft ersetzt.<\/li>\n<li>Es besteht die M\u00f6glichkeit, die verkosteten Weine vor Ort zu kaufen oder sie sich nach Hause liefern zu lassen.<\/li>\n<\/ul>\n<p><strong>Dauer<\/strong><\/p>\n<ul>\n<li>2 Stunden ca.<\/li>\n<\/ul>\n<p><strong>Wie verwendet man einen Geschenkgutschein?<\/strong><\/p>\n<p>Ein Geschenkgutschein kann an den Tagen und zu den Uhrzeiten verwendet werden, an denen die betreffende Veranstaltung normalerweise stattfindet.<\/p>\n<ul>\n<li>Gehen Sie auf die Seite der Veranstaltung und \u00fcberpr\u00fcfen Sie, ob die Veranstaltung am gew\u00fcnschten Tag angeboten wird und wenn ja, zu welcher Uhrzeit.<\/li>\n<li>Wenn Sie den Tag und die Uhrzeit gefunden haben, an denen Sie an der im Geschenkgutschein vorgesehenen Veranstaltung teilnehmen k\u00f6nnen, rufen Sie uns an oder senden Sie uns eine E-Mail, damit wir Ihnen best\u00e4tigen k\u00f6nnen, dass alles in Ordnung ist.<\/li>\n<\/ul>\n<p><strong>Bedingungen und G\u00fcltigkeit des Gutscheins<\/strong><\/p>\n<ul>\n<li>Gutschein g\u00fcltig f\u00fcr 1 Person<\/li>\n<li>Geschenkgutschein kann 1 Mal verwendet werden.<\/li>\n<li>1 Jahr ab Kaufdatum einl\u00f6sbar.<\/li>\n<li>Reservierung per E-Mail erforderlich: Alle Reservierungsmodalit\u00e4ten werden auf dem Gutschein noch einmal aufgef\u00fchrt.<\/li>\n<li>Geschenkgutschein im PDF-Format per E-Mail an den Besteller gesendet<\/li>\n<\/ul>\n","protected":false},"excerpt":{"rendered":"<h6>Geschenkgutschein f\u00fcr 1 Person<\/h6>\n<p>&nbsp;<\/p>\n<p class=\"kt-adv-heading45547_0ee7e0-eb wp-block-kadence-advancedheading\" data-kb-block=\"kb-adv-heading45547_0ee7e0-eb\">Wagen Sie Weine mit einem femininen Touch ist ein spannendes \u00f6notouristisches Abenteuer durch die Weinberge und den Wein. Muriel, eine unabh\u00e4ngige Winzerin, \u00f6ffnet Ihnen die T\u00fcren zu ihrem Weinuniversum f\u00fcr eine zweist\u00fcndige immersive Erfahrung.<\/p>\n<p>Lassen Sie sich f\u00fchren und entdecken Sie zun\u00e4chst den BIO-Weinbau bei einem ungew\u00f6hnlichen Spaziergang durch die Weinberge. Zwischen Leidenschaft und Respekt f\u00fcr die Erde wird Ihnen das Know-how des Hauses durch eine famili\u00e4re und weibliche Philosophie vermittelt.<\/p>\n<p>Die Domaine GUETH beherbergt ihre Weinkeller im Herzen des Weinbergs. W\u00e4hrend dieses immersiven und menschlichen Abenteuers besichtigen Sie die technischen Einrichtungen, die f\u00fcr die Herstellung der Cuv\u00e9es verwendet werden. Muriel wird Ihnen diese erl\u00e4utern, bevor sie Ihnen einige ihrer Geheimnisse verr\u00e4t.<\/p>\n<p>Das Erlebnis endet mit einer vergleichenden und kommentierten Verkostung von 6 bis 8 els\u00e4ssischen Bio-Weinen, die nach Ihrem Geschmack und Ihren W\u00fcnschen ausgew\u00e4hlt werden. Jede Cuv\u00e9e hat ihre eigene Geschichte, die Ihnen Muriel mit Leidenschaft erz\u00e4hlen wird. Genie\u00dfen Sie zu dieser Weinprobe eine Brezel oder ein St\u00fcck Gugelhupf mit ein paar Crackern.<\/p>\n<div class=\"wp-block-uagb-modal uagb-block-b62e688d uagb-modal-wrapper\" data-escpress=\"enable\" data-overlayclick=\"enable\">\n<div class=\"uagb-spectra-button-wrapper wp-block-button\"><\/div>\n<\/div>\n","protected":false},"author":447,"featured_media":46681,"comment_status":"open","ping_status":"closed","template":"","meta":{"_uag_custom_page_level_css":"","advgb_blocks_editor_width":"","advgb_blocks_columns_visual_guide":"","_monsterinsights_skip_tracking":false,"_monsterinsights_sitenote_active":false,"_monsterinsights_sitenote_note":"","_monsterinsights_sitenote_category":0,"site-sidebar-layout":"default","site-content-layout":"","ast-site-content-layout":"default","site-content-style":"default","site-sidebar-style":"default","ast-global-header-display":"","ast-banner-title-visibility":"","ast-main-header-display":"","ast-hfb-above-header-display":"","ast-hfb-below-header-display":"","ast-hfb-mobile-header-display":"","site-post-title":"","ast-breadcrumbs-content":"","ast-featured-img":"","footer-sml-layout":"","ast-disable-related-posts":"","theme-transparent-header-meta":"default","adv-header-id-meta":"","stick-header-meta":"default","header-above-stick-meta":"","header-main-stick-meta":"","header-below-stick-meta":"","astra-migrate-meta-layouts":"set","ast-page-background-enabled":"default","ast-page-background-meta":{"desktop":{"background-color":"","background-image":"","background-repeat":"repeat","background-position":"center center","background-size":"auto","background-attachment":"scroll","background-type":"","background-media":"","overlay-type":"","overlay-color":"","overlay-opacity":"","overlay-gradient":""},"tablet":{"background-color":"","background-image":"","background-repeat":"repeat","background-position":"center center","background-size":"auto","background-attachment":"scroll","background-type":"","background-media":"","overlay-type":"","overlay-color":"","overlay-opacity":"","overlay-gradient":""},"mobile":{"background-color":"","background-image":"","background-repeat":"repeat","background-position":"center center","background-size":"auto","background-attachment":"scroll","background-type":"","background-media":"","overlay-type":"","overlay-color":"","overlay-opacity":"","overlay-gradient":""}},"ast-content-background-meta":{"desktop":{"background-color":"var(--ast-global-color-5)","background-image":"","background-repeat":"repeat","background-position":"center center","background-size":"auto","background-attachment":"scroll","background-type":"","background-media":"","overlay-type":"","overlay-color":"","overlay-opacity":"","overlay-gradient":""},"tablet":{"background-color":"var(--ast-global-color-5)","background-image":"","background-repeat":"repeat","background-position":"center center","background-size":"auto","background-attachment":"scroll","background-type":"","background-media":"","overlay-type":"","overlay-color":"","overlay-opacity":"","overlay-gradient":""},"mobile":{"background-color":"var(--ast-global-color-5)","background-image":"","background-repeat":"repeat","background-position":"center center","background-size":"auto","background-attachment":"scroll","background-type":"","background-media":"","overlay-type":"","overlay-color":"","overlay-opacity":"","overlay-gradient":""}}},"product_brand":[],"product_cat":[1006],"product_tag":[],"class_list":{"0":"post-46674","1":"product","2":"type-product","3":"status-publish","4":"has-post-thumbnail","6":"product_cat-weintourismus-erfahrungen-de","7":"pa_gamme-oenotourismus","8":"desktop-align-center","9":"tablet-align-center","10":"mobile-align-center","11":"ast-product-gallery-layout-vertical","12":"ast-product-tabs-layout-horizontal","14":"first","15":"instock","16":"taxable","17":"shipping-taxable","18":"purchasable","19":"product-type-simple"},"uagb_featured_image_src":{"full":["https:\/\/www.vin-alsace-gueth.com\/wp-content\/uploads\/2025\/03\/Bon-cadeau-Osez-le-vin-au-feminin-DE-1.jpg",615,1080,false],"thumbnail":["https:\/\/www.vin-alsace-gueth.com\/wp-content\/uploads\/2025\/03\/Bon-cadeau-Osez-le-vin-au-feminin-DE-1-150x150.jpg",150,150,true],"medium":["https:\/\/www.vin-alsace-gueth.com\/wp-content\/uploads\/2025\/03\/Bon-cadeau-Osez-le-vin-au-feminin-DE-1-171x300.jpg",171,300,true],"medium_large":["https:\/\/www.vin-alsace-gueth.com\/wp-content\/uploads\/2025\/03\/Bon-cadeau-Osez-le-vin-au-feminin-DE-1.jpg",615,1080,false],"large":["https:\/\/www.vin-alsace-gueth.com\/wp-content\/uploads\/2025\/03\/Bon-cadeau-Osez-le-vin-au-feminin-DE-1-583x1024.jpg",583,1024,true],"thumblist":["https:\/\/www.vin-alsace-gueth.com\/wp-content\/uploads\/2025\/03\/Bon-cadeau-Osez-le-vin-au-feminin-DE-1-300x300.jpg",300,300,true],"thumbrelated":["https:\/\/www.vin-alsace-gueth.com\/wp-content\/uploads\/2025\/03\/Bon-cadeau-Osez-le-vin-au-feminin-DE-1-500x500.jpg",500,500,true],"meccarouselthumb":["https:\/\/www.vin-alsace-gueth.com\/wp-content\/uploads\/2025\/03\/Bon-cadeau-Osez-le-vin-au-feminin-DE-1-474x324.jpg",474,324,true],"gridsquare":["https:\/\/www.vin-alsace-gueth.com\/wp-content\/uploads\/2025\/03\/Bon-cadeau-Osez-le-vin-au-feminin-DE-1-391x260.jpg",391,260,true],"tileview":["https:\/\/www.vin-alsace-gueth.com\/wp-content\/uploads\/2025\/03\/Bon-cadeau-Osez-le-vin-au-feminin-DE-1-300x400.jpg",300,400,true],"1536x1536":["https:\/\/www.vin-alsace-gueth.com\/wp-content\/uploads\/2025\/03\/Bon-cadeau-Osez-le-vin-au-feminin-DE-1.jpg",615,1080,false],"2048x2048":["https:\/\/www.vin-alsace-gueth.com\/wp-content\/uploads\/2025\/03\/Bon-cadeau-Osez-le-vin-au-feminin-DE-1.jpg",615,1080,false],"woocommerce_thumbnail":["https:\/\/www.vin-alsace-gueth.com\/wp-content\/uploads\/2025\/03\/Bon-cadeau-Osez-le-vin-au-feminin-DE-1-300x527.jpg",300,527,true],"woocommerce_single":["https:\/\/www.vin-alsace-gueth.com\/wp-content\/uploads\/2025\/03\/Bon-cadeau-Osez-le-vin-au-feminin-DE-1-600x1054.jpg",600,1054,true],"woocommerce_gallery_thumbnail":["https:\/\/www.vin-alsace-gueth.com\/wp-content\/uploads\/2025\/03\/Bon-cadeau-Osez-le-vin-au-feminin-DE-1-100x100.jpg",100,100,true]},"uagb_author_info":{"display_name":"68@Gueth@aDMin1XX","author_link":"https:\/\/www.vin-alsace-gueth.com\/de\/author\/68guethadmin1xx\/"},"uagb_comment_info":0,"uagb_excerpt":"Geschenkgutschein f\u00fcr 1 Person &nbsp; Wagen Sie Weine mit einem femininen Touch ist ein spannendes \u00f6notouristisches Abenteuer durch die Weinberge und den Wein. Muriel, eine unabh\u00e4ngige Winzerin, \u00f6ffnet Ihnen die T\u00fcren zu ihrem Weinuniversum f\u00fcr eine zweist\u00fcndige immersive Erfahrung. Lassen Sie sich f\u00fchren und entdecken Sie zun\u00e4chst den BIO-Weinbau bei einem ungew\u00f6hnlichen Spaziergang durch die&hellip;","featured_img":"https:\/\/www.vin-alsace-gueth.com\/wp-content\/uploads\/2025\/03\/Bon-cadeau-Osez-le-vin-au-feminin-DE-1.jpg","coauthors":[],"author_meta":{"author_link":"https:\/\/www.vin-alsace-gueth.com\/de\/author\/68guethadmin1xx\/","display_name":"68@Gueth@aDMin1XX"},"relative_dates":{"created":"Ver\u00f6ffentlicht 1\u00a0Jahr vor","modified":"Aktualisiert 5\u00a0Monaten vor"},"absolute_dates":{"created":"Ver\u00f6ffentlicht am 18. M\u00e4rz 2025","modified":"Aktualisiert am 27. November 2025"},"absolute_dates_time":{"created":"Ver\u00f6ffentlicht am 18. M\u00e4rz 2025 18:23","modified":"Aktualisiert am 27. November 2025 10:01"},"featured_img_caption":"","tax_additional":{"product_brand":{"linked":[],"unlinked":[],"slug":"product_brand","name":"Marken"},"product_type":{"linked":["<a href=\"https:\/\/www.vin-alsace-gueth.com\/de\/?taxonomy=product_type&#038;term=simple\" class=\"advgb-post-tax-term\">simple<\/a>"],"unlinked":["<span class=\"advgb-post-tax-term\">simple<\/span>"],"slug":"product_type","name":"Produkttyp"},"product_visibility":{"linked":[],"unlinked":[],"slug":"product_visibility","name":"Sichtbarkeit des Produkts"},"product_cat":{"linked":["<a href=\"https:\/\/www.vin-alsace-gueth.com\/de\/produktkategorie\/weintourismus-erfahrungen-de\/\" class=\"advgb-post-tax-term\">Weintourismus Erfahrungen<\/a>"],"unlinked":["<span class=\"advgb-post-tax-term\">Weintourismus Erfahrungen<\/span>"],"slug":"product_cat","name":"Produkt-Kategorien"},"product_tag":{"linked":[],"unlinked":[],"slug":"product_tag","name":"Produkt Schlagw\u00f6rter"},"product_shipping_class":{"linked":[],"unlinked":[],"slug":"product_shipping_class","name":"Produkt Versandklasse"},"pos_product_visibility":{"linked":[],"unlinked":[],"slug":"pos_product_visibility","name":"POS-Produkt-Sichtbarkeit."},"pa_accompagnements-plats":{"linked":[],"unlinked":[],"slug":"pa_accompagnements-plats","name":"Product Accompagnements Plats"},"pa_appellation":{"linked":[],"unlinked":[],"slug":"pa_appellation","name":"Product Appellation"},"pa_cepage":{"linked":[],"unlinked":[],"slug":"pa_cepage","name":"Product C\u00e9page"},"pa_contenance-btl":{"linked":[],"unlinked":[],"slug":"pa_contenance-btl","name":"Product Volume"},"pa_gamme":{"linked":["<a href=\"https:\/\/www.vin-alsace-gueth.com\/de\/gamme\/oenotourismus\/\" class=\"advgb-post-tax-term\">Oenotourismus<\/a>"],"unlinked":["<span class=\"advgb-post-tax-term\">Oenotourismus<\/span>"],"slug":"pa_gamme","name":"Product Gamme"},"pa_type-de-terroir":{"linked":[],"unlinked":[],"slug":"pa_type-de-terroir","name":"Product Type de terroir"},"pa_type-de-vin":{"linked":[],"unlinked":[],"slug":"pa_type-de-vin","name":"Product Type de vin"},"translation_priority":{"linked":["<a href=\"https:\/\/www.vin-alsace-gueth.com\/de\/?taxonomy=translation_priority&#038;term=facultatif-de\" class=\"advgb-post-tax-term\">Facultatif<\/a>"],"unlinked":["<span class=\"advgb-post-tax-term\">Facultatif<\/span>"],"slug":"translation_priority","name":"\u00dcbersetzungspriorit\u00e4ten"}},"series_order":"","_links":{"self":[{"href":"https:\/\/www.vin-alsace-gueth.com\/de\/wp-json\/wp\/v2\/product\/46674","targetHints":{"allow":["GET"]}}],"collection":[{"href":"https:\/\/www.vin-alsace-gueth.com\/de\/wp-json\/wp\/v2\/product"}],"about":[{"href":"https:\/\/www.vin-alsace-gueth.com\/de\/wp-json\/wp\/v2\/types\/product"}],"replies":[{"embeddable":true,"href":"https:\/\/www.vin-alsace-gueth.com\/de\/wp-json\/wp\/v2\/comments?post=46674"}],"wp:featuredmedia":[{"embeddable":true,"href":"https:\/\/www.vin-alsace-gueth.com\/de\/wp-json\/wp\/v2\/media\/46681"}],"wp:attachment":[{"href":"https:\/\/www.vin-alsace-gueth.com\/de\/wp-json\/wp\/v2\/media?parent=46674"}],"wp:term":[{"taxonomy":"product_brand","embeddable":true,"href":"https:\/\/www.vin-alsace-gueth.com\/de\/wp-json\/wp\/v2\/product_brand?post=46674"},{"taxonomy":"product_cat","embeddable":true,"href":"https:\/\/www.vin-alsace-gueth.com\/de\/wp-json\/wp\/v2\/product_cat?post=46674"},{"taxonomy":"product_tag","embeddable":true,"href":"https:\/\/www.vin-alsace-gueth.com\/de\/wp-json\/wp\/v2\/product_tag?post=46674"}],"curies":[{"name":"wp","href":"https:\/\/api.w.org\/{rel}","templated":true}]}}