    {"id":45909,"date":"2025-02-19T19:47:33","date_gmt":"2025-02-19T18:47:33","guid":{"rendered":"https:\/\/www.vin-alsace-gueth.com\/?post_type=product&#038;p=45909"},"modified":"2025-03-05T00:00:24","modified_gmt":"2025-03-04T23:00:24","slug":"sia-2025-paket-6btl-vv","status":"publish","type":"product","link":"https:\/\/www.vin-alsace-gueth.com\/de\/product\/sia-2025-paket-6btl-vv\/","title":{"rendered":"SIA 2025 Paket &#8211; 6 btl &#8211; Alte Reben"},"content":{"rendered":"","protected":false},"excerpt":{"rendered":"<h6><\/h6>\n<p>&nbsp;<\/p>\n<h6>Eine Auswahl von 6 Flaschen, die es (neu) zu entdecken gilt.<br \/>\nSonderpreis anl\u00e4sslich des Salon de l&#8217;Agriculture SIA 2025<\/h6>\n<h6><\/h6>\n<p>&nbsp;<\/p>\n<h6><span style=\"color: #ff0000;\">Inklusive Versandkosten: Der Preis beinhaltet die Lieferung zu Ihnen nach Hause in der ersten M\u00e4rzwoche 2025.<\/span><\/h6>\n<p>&nbsp;<\/p>\n<p>2x Riesling Vieilles Vignes 2023<\/p>\n<p>1x Pinot Gris Vieilles Vignes 2020<\/p>\n<p>2x Gewurztraminer Gaensbrunnen 2021<\/p>\n<p>1x Pinot Noir Vieilli en f\u00fbt de ch\u00eane 2023<\/p>\n<p>&nbsp;<\/p>\n<p>&nbsp;<\/p>\n<p><span style=\"color: #ff0000;\">Rabatt von <strong>-12,0%<\/strong><\/span> gegen\u00fcber dem Normaltarif, Lieferung nach Hause in <strong><span style=\"color: #ff0000;\">Frankreich<\/span><\/strong> \/ <strong><span style=\"color: #ff0000;\">Belgien<\/span><\/strong> \/ <span style=\"color: #ff0000;\"><strong>Deutschland<\/strong><\/span>.<\/p>\n<p>Es ist kein Code erforderlich.<\/p>\n<p>Nicht mit den \u00fcblichen Mengenrabatten oder anderen spezifischen Rabatten kombinierbar.<\/p>\n","protected":false},"author":447,"featured_media":45923,"comment_status":"open","ping_status":"closed","template":"","meta":{"_uag_custom_page_level_css":"","advgb_blocks_editor_width":"","advgb_blocks_columns_visual_guide":"","_monsterinsights_skip_tracking":false,"_monsterinsights_sitenote_active":false,"_monsterinsights_sitenote_note":"","_monsterinsights_sitenote_category":0,"site-sidebar-layout":"default","site-content-layout":null,"ast-site-content-layout":"default","site-content-style":"default","site-sidebar-style":"default","ast-global-header-display":"","ast-banner-title-visibility":"","ast-main-header-display":"","ast-hfb-above-header-display":"","ast-hfb-below-header-display":"","ast-hfb-mobile-header-display":"","site-post-title":"","ast-breadcrumbs-content":null,"ast-featured-img":"","footer-sml-layout":"","ast-disable-related-posts":"","theme-transparent-header-meta":"default","adv-header-id-meta":"","stick-header-meta":"enabled","header-above-stick-meta":"","header-main-stick-meta":"on","header-below-stick-meta":"","astra-migrate-meta-layouts":"set","ast-page-background-enabled":"default","ast-page-background-meta":{"desktop":{"background-color":"","background-image":"","background-repeat":"repeat","background-position":"center center","background-size":"auto","background-attachment":"scroll","background-type":"","background-media":"","overlay-type":"","overlay-color":"","overlay-opacity":"","overlay-gradient":""},"tablet":{"background-color":"","background-image":"","background-repeat":"repeat","background-position":"center center","background-size":"auto","background-attachment":"scroll","background-type":"","background-media":"","overlay-type":"","overlay-color":"","overlay-opacity":"","overlay-gradient":""},"mobile":{"background-color":"","background-image":"","background-repeat":"repeat","background-position":"center center","background-size":"auto","background-attachment":"scroll","background-type":"","background-media":"","overlay-type":"","overlay-color":"","overlay-opacity":"","overlay-gradient":""}},"ast-content-background-meta":{"desktop":{"background-color":"var(--ast-global-color-5)","background-image":"","background-repeat":"repeat","background-position":"center center","background-size":"auto","background-attachment":"scroll","background-type":"","background-media":"","overlay-type":"","overlay-color":"","overlay-opacity":"","overlay-gradient":""},"tablet":{"background-color":"var(--ast-global-color-5)","background-image":"","background-repeat":"repeat","background-position":"center center","background-size":"auto","background-attachment":"scroll","background-type":"","background-media":"","overlay-type":"","overlay-color":"","overlay-opacity":"","overlay-gradient":""},"mobile":{"background-color":"var(--ast-global-color-5)","background-image":"","background-repeat":"repeat","background-position":"center center","background-size":"auto","background-attachment":"scroll","background-type":"","background-media":"","overlay-type":"","overlay-color":"","overlay-opacity":"","overlay-gradient":""}}},"product_brand":[],"product_cat":[997],"product_tag":[],"class_list":{"0":"post-45909","1":"product","2":"type-product","3":"status-publish","4":"has-post-thumbnail","6":"product_cat-kurzlebiges-angebot","7":"pa_gamme-verbindungspaket","8":"desktop-align-center","9":"tablet-align-center","10":"mobile-align-center","11":"ast-product-gallery-layout-vertical","12":"ast-product-gallery-with-no-image","13":"ast-product-tabs-layout-horizontal","15":"first","16":"outofstock","17":"taxable","18":"shipping-taxable","19":"purchasable","20":"product-type-simple"},"uagb_featured_image_src":{"full":["https:\/\/www.vin-alsace-gueth.com\/wp-content\/uploads\/2025\/02\/colis-6-btl-VV-SIA-2025-EN-DE-rev.1-800x1406_11zon.jpg",800,1406,false],"thumbnail":["https:\/\/www.vin-alsace-gueth.com\/wp-content\/uploads\/2025\/02\/colis-6-btl-VV-SIA-2025-EN-DE-rev.1-800x1406_11zon-150x150.jpg",150,150,true],"medium":["https:\/\/www.vin-alsace-gueth.com\/wp-content\/uploads\/2025\/02\/colis-6-btl-VV-SIA-2025-EN-DE-rev.1-800x1406_11zon-171x300.jpg",171,300,true],"medium_large":["https:\/\/www.vin-alsace-gueth.com\/wp-content\/uploads\/2025\/02\/colis-6-btl-VV-SIA-2025-EN-DE-rev.1-800x1406_11zon-768x1350.jpg",768,1350,true],"large":["https:\/\/www.vin-alsace-gueth.com\/wp-content\/uploads\/2025\/02\/colis-6-btl-VV-SIA-2025-EN-DE-rev.1-800x1406_11zon-583x1024.jpg",583,1024,true],"thumblist":["https:\/\/www.vin-alsace-gueth.com\/wp-content\/uploads\/2025\/02\/colis-6-btl-VV-SIA-2025-EN-DE-rev.1-800x1406_11zon-300x300.jpg",300,300,true],"thumbrelated":["https:\/\/www.vin-alsace-gueth.com\/wp-content\/uploads\/2025\/02\/colis-6-btl-VV-SIA-2025-EN-DE-rev.1-800x1406_11zon-500x500.jpg",500,500,true],"meccarouselthumb":["https:\/\/www.vin-alsace-gueth.com\/wp-content\/uploads\/2025\/02\/colis-6-btl-VV-SIA-2025-EN-DE-rev.1-800x1406_11zon-474x324.jpg",474,324,true],"gridsquare":["https:\/\/www.vin-alsace-gueth.com\/wp-content\/uploads\/2025\/02\/colis-6-btl-VV-SIA-2025-EN-DE-rev.1-800x1406_11zon-391x260.jpg",391,260,true],"tileview":["https:\/\/www.vin-alsace-gueth.com\/wp-content\/uploads\/2025\/02\/colis-6-btl-VV-SIA-2025-EN-DE-rev.1-800x1406_11zon-300x400.jpg",300,400,true],"1536x1536":["https:\/\/www.vin-alsace-gueth.com\/wp-content\/uploads\/2025\/02\/colis-6-btl-VV-SIA-2025-EN-DE-rev.1-800x1406_11zon.jpg",800,1406,false],"2048x2048":["https:\/\/www.vin-alsace-gueth.com\/wp-content\/uploads\/2025\/02\/colis-6-btl-VV-SIA-2025-EN-DE-rev.1-800x1406_11zon.jpg",800,1406,false],"woocommerce_thumbnail":["https:\/\/www.vin-alsace-gueth.com\/wp-content\/uploads\/2025\/02\/colis-6-btl-VV-SIA-2025-EN-DE-rev.1-800x1406_11zon-300x527.jpg",300,527,true],"woocommerce_single":["https:\/\/www.vin-alsace-gueth.com\/wp-content\/uploads\/2025\/02\/colis-6-btl-VV-SIA-2025-EN-DE-rev.1-800x1406_11zon-600x1055.jpg",600,1055,true],"woocommerce_gallery_thumbnail":["https:\/\/www.vin-alsace-gueth.com\/wp-content\/uploads\/2025\/02\/colis-6-btl-VV-SIA-2025-EN-DE-rev.1-800x1406_11zon-100x100.jpg",100,100,true]},"uagb_author_info":{"display_name":"68@Gueth@aDMin1XX","author_link":"https:\/\/www.vin-alsace-gueth.com\/de\/author\/68guethadmin1xx\/"},"uagb_comment_info":0,"uagb_excerpt":"&nbsp; Eine Auswahl von 6 Flaschen, die es (neu) zu entdecken gilt. Sonderpreis anl\u00e4sslich des Salon de l'Agriculture SIA 2025 &nbsp; Inklusive Versandkosten: Der Preis beinhaltet die Lieferung zu Ihnen nach Hause in der ersten M\u00e4rzwoche 2025. &nbsp; 2x Riesling Vieilles Vignes 2023 1x Pinot Gris Vieilles Vignes 2020 2x Gewurztraminer Gaensbrunnen 2021 1x Pinot&hellip;","featured_img":"https:\/\/www.vin-alsace-gueth.com\/wp-content\/uploads\/2025\/02\/colis-6-btl-VV-SIA-2025-EN-DE-rev.1-800x1406_11zon.jpg","coauthors":[],"author_meta":{"author_link":"https:\/\/www.vin-alsace-gueth.com\/de\/author\/68guethadmin1xx\/","display_name":"68@Gueth@aDMin1XX"},"relative_dates":{"created":"Ver\u00f6ffentlicht 1\u00a0Jahr vor","modified":"Aktualisiert 1\u00a0Jahr vor"},"absolute_dates":{"created":"Ver\u00f6ffentlicht am 19. Februar 2025","modified":"Aktualisiert am 5. M\u00e4rz 2025"},"absolute_dates_time":{"created":"Ver\u00f6ffentlicht am 19. Februar 2025 19:47","modified":"Aktualisiert am 5. M\u00e4rz 2025 0:00"},"featured_img_caption":"","tax_additional":{"product_brand":{"linked":[],"unlinked":[],"slug":"product_brand","name":"Marken"},"product_type":{"linked":["<a href=\"https:\/\/www.vin-alsace-gueth.com\/de\/?taxonomy=product_type&#038;term=simple\" class=\"advgb-post-tax-term\">simple<\/a>"],"unlinked":["<span class=\"advgb-post-tax-term\">simple<\/span>"],"slug":"product_type","name":"Produkttyp"},"product_visibility":{"linked":["<a href=\"https:\/\/www.vin-alsace-gueth.com\/?taxonomy=product_visibility&#038;term=exclude-from-catalog\" class=\"advgb-post-tax-term\">exclude-from-catalog<\/a>","<a href=\"https:\/\/www.vin-alsace-gueth.com\/?taxonomy=product_visibility&#038;term=exclude-from-search\" class=\"advgb-post-tax-term\">exclude-from-search<\/a>","<a href=\"https:\/\/www.vin-alsace-gueth.com\/?taxonomy=product_visibility&#038;term=outofstock\" class=\"advgb-post-tax-term\">outofstock<\/a>"],"unlinked":["<span class=\"advgb-post-tax-term\">exclude-from-catalog<\/span>","<span class=\"advgb-post-tax-term\">exclude-from-search<\/span>","<span class=\"advgb-post-tax-term\">outofstock<\/span>"],"slug":"product_visibility","name":"Sichtbarkeit des Produkts"},"product_cat":{"linked":["<a href=\"https:\/\/www.vin-alsace-gueth.com\/de\/produktkategorie\/kurzlebiges-angebot\/\" class=\"advgb-post-tax-term\">Kurzlebiges Angebot - SIA 2025<\/a>"],"unlinked":["<span class=\"advgb-post-tax-term\">Kurzlebiges Angebot - SIA 2025<\/span>"],"slug":"product_cat","name":"Produkt-Kategorien"},"product_tag":{"linked":[],"unlinked":[],"slug":"product_tag","name":"Produkt Schlagw\u00f6rter"},"product_shipping_class":{"linked":[],"unlinked":[],"slug":"product_shipping_class","name":"Produkt Versandklasse"},"pos_product_visibility":{"linked":[],"unlinked":[],"slug":"pos_product_visibility","name":"POS-Produkt-Sichtbarkeit."},"pa_accompagnements-plats":{"linked":[],"unlinked":[],"slug":"pa_accompagnements-plats","name":"Product Accompagnements Plats"},"pa_appellation":{"linked":[],"unlinked":[],"slug":"pa_appellation","name":"Product Appellation"},"pa_cepage":{"linked":[],"unlinked":[],"slug":"pa_cepage","name":"Product C\u00e9page"},"pa_contenance-btl":{"linked":[],"unlinked":[],"slug":"pa_contenance-btl","name":"Product Volume"},"pa_gamme":{"linked":["<a href=\"https:\/\/www.vin-alsace-gueth.com\/de\/gamme\/verbindungspaket\/\" class=\"advgb-post-tax-term\">Verbindungspaket.<\/a>"],"unlinked":["<span class=\"advgb-post-tax-term\">Verbindungspaket.<\/span>"],"slug":"pa_gamme","name":"Product Gamme"},"pa_type-de-terroir":{"linked":[],"unlinked":[],"slug":"pa_type-de-terroir","name":"Product Type de terroir"},"pa_type-de-vin":{"linked":[],"unlinked":[],"slug":"pa_type-de-vin","name":"Product Type de vin"},"translation_priority":{"linked":["<a href=\"https:\/\/www.vin-alsace-gueth.com\/de\/?taxonomy=translation_priority&#038;term=facultatif-de\" class=\"advgb-post-tax-term\">Facultatif<\/a>"],"unlinked":["<span class=\"advgb-post-tax-term\">Facultatif<\/span>"],"slug":"translation_priority","name":"\u00dcbersetzungspriorit\u00e4ten"}},"series_order":"","_links":{"self":[{"href":"https:\/\/www.vin-alsace-gueth.com\/de\/wp-json\/wp\/v2\/product\/45909","targetHints":{"allow":["GET"]}}],"collection":[{"href":"https:\/\/www.vin-alsace-gueth.com\/de\/wp-json\/wp\/v2\/product"}],"about":[{"href":"https:\/\/www.vin-alsace-gueth.com\/de\/wp-json\/wp\/v2\/types\/product"}],"replies":[{"embeddable":true,"href":"https:\/\/www.vin-alsace-gueth.com\/de\/wp-json\/wp\/v2\/comments?post=45909"}],"wp:featuredmedia":[{"embeddable":true,"href":"https:\/\/www.vin-alsace-gueth.com\/de\/wp-json\/wp\/v2\/media\/45923"}],"wp:attachment":[{"href":"https:\/\/www.vin-alsace-gueth.com\/de\/wp-json\/wp\/v2\/media?parent=45909"}],"wp:term":[{"taxonomy":"product_brand","embeddable":true,"href":"https:\/\/www.vin-alsace-gueth.com\/de\/wp-json\/wp\/v2\/product_brand?post=45909"},{"taxonomy":"product_cat","embeddable":true,"href":"https:\/\/www.vin-alsace-gueth.com\/de\/wp-json\/wp\/v2\/product_cat?post=45909"},{"taxonomy":"product_tag","embeddable":true,"href":"https:\/\/www.vin-alsace-gueth.com\/de\/wp-json\/wp\/v2\/product_tag?post=45909"}],"curies":[{"name":"wp","href":"https:\/\/api.w.org\/{rel}","templated":true}]}}