    {"id":39154,"date":"2024-11-10T08:14:48","date_gmt":"2024-11-10T07:14:48","guid":{"rendered":"https:\/\/www.vin-alsace-gueth.com\/?post_type=product&#038;p=39154"},"modified":"2024-11-22T13:01:24","modified_gmt":"2024-11-22T12:01:24","slug":"reservierung-ubernachtung-im-l-inattendue","status":"publish","type":"product","link":"https:\/\/www.vin-alsace-gueth.com\/de\/product\/reservierung-ubernachtung-im-l-inattendue\/","title":{"rendered":"Reservierung : \u00dcbernachtung im  \u201eL&#8217;Inattendue\u201c f\u00fcr 2 Personen"},"content":{"rendered":"<p><span style=\"color: #c8693a;\">Sie haben Zugang zu einem v\u00f6llig unabh\u00e4ngigen und privaten Bereich: Eingangst\u00fcr, Schlafzimmer, Wohnzimmer, Badezimmer, Terrasse &#8211; nur Sie haben Zugang dazu. Sie sind w\u00e4hrend Ihres gesamten Aufenthalts zu Hause.<\/span><\/p>\n<ul>\n<li>Empfang im Weinkeller des Winzers und kostenloser Aperitif (Wein, Cr\u00e9mant oder Traubensaft)<\/li>\n<li>Privater Eingang mit sicherem Code<\/li>\n<li>Klimaanlage und Klimaanlage im Wohnbereich<\/li>\n<li>Modernes privates Badezimmer mit allem Komfort<\/li>\n<li>Italienische Dusche 80&#215;80 cm<\/li>\n<li>Bluetooth-Lautsprecher im Badezimmer: Schlie\u00dfen Sie Ihr Smartphone an und duschen Sie mit Musik<\/li>\n<li>WC in Ihrem Badezimmer<\/li>\n<li>Kingsize-Bett (Einzelbetten 2 x 90cm x 200cm)<\/li>\n<li>Gro\u00dfformatiger Flachbildschirm 55 &#8220; \/ 140 cm<\/li>\n<li>Kostenloses WLAN, gesichert durch VPN<\/li>\n<li>Sitzecke mit Sofa, Blick auf den Weinberg.<\/li>\n<li>Kontinentales Fr\u00fchst\u00fcck, das im Weinkeller des Winzers serviert wird<\/li>\n<li>Kostenlose Weinprobe w\u00e4hrend Ihres Aufenthalts<\/li>\n<li>Geschlossener und sicherer Raum f\u00fcr Fahrr\u00e4der<\/li>\n<li>Reservierter PKW- und Motorradparkplatz in unmittelbarer N\u00e4he des Zimmers<\/li>\n<li>Reservierter Parkplatz f\u00fcr Wohnmobile<\/li>\n<li>Kostenlose Kurtaxe<\/li>\n<\/ul>\n<p>Wir bieten unseren G\u00e4sten an, sie bei der Buchung eines Abendessens in einem der nahegelegenen Restaurants zu unterst\u00fctzen: Restaurant <a href=\"https:\/\/www.bellevue-restaurant.fr\/\" target=\"_blank\" rel=\"noopener\">Belle Vue<\/a> (traditionell), <a href=\"https:\/\/www.taverne-medievale.com\/\" target=\"_blank\" rel=\"noopener\">La Taverne m\u00e9di\u00e9vale<\/a> (traditionell els\u00e4ssisch), <a href=\"https:\/\/www.restaurant-laltevic.fr\/\" target=\"_blank\" rel=\"noopener\">l&#8217;Alt\u00e9vic<\/a> (gastronomisch), Restaurant <a href=\"https:\/\/www.facebook.com\/p\/Restaurant-Utopie-100063556959585\/?locale=fr_FR\" target=\"_blank\" rel=\"noopener\">Utopie<\/a> (gastronomisch) oder l&#8216;<a href=\"https:\/\/aubergesaintmarc.fr\/\" target=\"_blank\" rel=\"noopener\">Auberge Saint Marc<\/a> (Auberge \/ traditionell).<\/p>\n","protected":false},"excerpt":{"rendered":"<div>\n<div dir=\"ltr\">\n<div>\n<div dir=\"ltr\">\n<h5 style=\"text-align: left;\"><\/h5>\n<\/div>\n<\/div>\n<div>\n<div dir=\"ltr\">\n<p>Weintouristische Leistung in einer luxuri\u00f6sen Suite f\u00fcr 2 Personen, die Folgendes umfasst:<\/p>\n<ul>\n<li>Empfang im Weinkeller des Winzers und kostenloser Aperitif bei Ihrer Ankunft (Wein, Cr\u00e9mant oder Traubensaft).<\/li>\n<li>Die \u00dcbernachtung in unserer <strong>Premium <\/strong>Suite \/ G\u00e4stezimmer &#8222;<span style=\"color: #c8693a;\"><strong>L&#8217;Inattendue<\/strong><\/span>&#8220; im Herzen der Weinberge mit direktem Blick auf den Weinberg und unsere Grands Crus<\/li>\n<li>Das kontinentale Fr\u00fchst\u00fcck wird Ihnen im Weinkeller des Winzers serviert<\/li>\n<li>Kostenlose Verkostung von els\u00e4ssischen Bio-Weinen und Cr\u00e9mants<\/li>\n<li>Parkplatz f\u00fcr Autos, Motorr\u00e4der in unmittelbarer N\u00e4he des Zugangs zu Ihrer Suite<\/li>\n<li>Aufladem\u00f6glichkeit f\u00fcr Ihr Elektrofahrzeug (kostenpflichtig, gegen Aufpreis)<\/li>\n<li>Angebotene Kurtaxe<\/li>\n<\/ul>\n<p><strong><span style=\"color: #c8693a;\">Suite\/Zimmer im Obergeschoss ohne Aufzug: nicht geeignet f\u00fcr Personen mit eingeschr\u00e4nkter Mobilit\u00e4t oder Schwierigkeiten beim Treppensteigen.<\/span><\/strong><\/p>\n<p><strong>Hunde sind unter Vorbehalt und Bedingungen erlaubt: <\/strong>Bitte kontaktieren Sie uns vor einer Buchung mit Hund telefonisch, damit wir Ihnen die M\u00f6glichkeiten best\u00e4tigen k\u00f6nnen.<\/p>\n<p><a href=\"https:\/\/www.vin-alsace-gueth.com\/de\/geschaftsbedingungen\/#R%C3%BCckerstattungs\" target=\"_blank\" rel=\"noopener\">R\u00fcckerstattungs oder Verschiebungsbedingungen<\/a><\/p>\n<\/div>\n<\/div>\n<\/div>\n<\/div>\n<div>\n<div dir=\"ltr\">\n<div class=\"\">\n<div class=\"\" dir=\"ltr\">\n<div class=\"\">\n<div class=\"\" style=\"text-align: left;\">\n<hr \/>\n<p>[bookingcalendar resource_id=2]<\/p>\n<p><a href=\"https:\/\/www.vin-alsace-gueth.com\/wp-content\/uploads\/2020\/12\/DE-Avertissement-ne-pas-cliquer-calendrier-1024x768.jpg\"><img decoding=\"async\" class=\"alignnone wp-image-21722\" src=\"https:\/\/www.vin-alsace-gueth.com\/wp-content\/uploads\/2020\/12\/DE-Avertissement-ne-pas-cliquer-calendrier-1024x768.jpg\" alt=\"\" width=\"500\" height=\"375\" srcset=\"https:\/\/www.vin-alsace-gueth.com\/wp-content\/uploads\/2020\/12\/DE-Avertissement-ne-pas-cliquer-calendrier-1024x768.jpg 1024w, https:\/\/www.vin-alsace-gueth.com\/wp-content\/uploads\/2020\/12\/DE-Avertissement-ne-pas-cliquer-calendrier-300x225.jpg 300w, https:\/\/www.vin-alsace-gueth.com\/wp-content\/uploads\/2020\/12\/DE-Avertissement-ne-pas-cliquer-calendrier-768x576.jpg 768w, https:\/\/www.vin-alsace-gueth.com\/wp-content\/uploads\/2020\/12\/DE-Avertissement-ne-pas-cliquer-calendrier-1536x1152.jpg 1536w, https:\/\/www.vin-alsace-gueth.com\/wp-content\/uploads\/2020\/12\/DE-Avertissement-ne-pas-cliquer-calendrier-600x450.jpg 600w, https:\/\/www.vin-alsace-gueth.com\/wp-content\/uploads\/2020\/12\/DE-Avertissement-ne-pas-cliquer-calendrier.jpg 1800w\" sizes=\"(max-width: 500px) 100vw, 500px\" \/><\/a><\/p>\n<p><span style=\"color: #c8693a;\"><strong>F\u00fcgen Sie Ihrem Warenkorb die gew\u00fcnschte Anzahl an \u00dcbernachtungen hinzu und geben Sie Ihr Ankunfts- und Abreisedatum im Feld \u201eAnmerkungen zur Bestellung\u201c an.<\/strong><\/span><\/p>\n<p><span style=\"color: #c8693a;\">Wenn Sie einen Aufenthalt verschenken m\u00f6chten, w\u00e4hlen Sie das entsprechende Product \u201eGeschenkgutscheim\u201c.<\/span><\/p>\n<p>&nbsp;<\/p>\n<\/div>\n<\/div>\n<\/div>\n<\/div>\n<\/div>\n<\/div>\n","protected":false},"author":447,"featured_media":39244,"comment_status":"open","ping_status":"closed","template":"","meta":{"_uag_custom_page_level_css":"","advgb_blocks_editor_width":"","advgb_blocks_columns_visual_guide":"","_monsterinsights_skip_tracking":false,"_monsterinsights_sitenote_active":false,"_monsterinsights_sitenote_note":"","_monsterinsights_sitenote_category":0,"site-sidebar-layout":"default","site-content-layout":"","ast-site-content-layout":"default","site-content-style":"default","site-sidebar-style":"default","ast-global-header-display":"","ast-banner-title-visibility":"","ast-main-header-display":"","ast-hfb-above-header-display":"","ast-hfb-below-header-display":"","ast-hfb-mobile-header-display":"","site-post-title":"","ast-breadcrumbs-content":null,"ast-featured-img":"","footer-sml-layout":"","ast-disable-related-posts":"","theme-transparent-header-meta":"default","adv-header-id-meta":"","stick-header-meta":"enabled","header-above-stick-meta":"","header-main-stick-meta":"on","header-below-stick-meta":"","astra-migrate-meta-layouts":"set","ast-page-background-enabled":"default","ast-page-background-meta":{"desktop":{"background-color":"","background-image":"","background-repeat":"repeat","background-position":"center center","background-size":"auto","background-attachment":"scroll","background-type":"","background-media":"","overlay-type":"","overlay-color":"","overlay-opacity":"","overlay-gradient":""},"tablet":{"background-color":"","background-image":"","background-repeat":"repeat","background-position":"center center","background-size":"auto","background-attachment":"scroll","background-type":"","background-media":"","overlay-type":"","overlay-color":"","overlay-opacity":"","overlay-gradient":""},"mobile":{"background-color":"","background-image":"","background-repeat":"repeat","background-position":"center center","background-size":"auto","background-attachment":"scroll","background-type":"","background-media":"","overlay-type":"","overlay-color":"","overlay-opacity":"","overlay-gradient":""}},"ast-content-background-meta":{"desktop":{"background-color":"var(--ast-global-color-5)","background-image":"","background-repeat":"repeat","background-position":"center center","background-size":"auto","background-attachment":"scroll","background-type":"","background-media":"","overlay-type":"","overlay-color":"","overlay-opacity":"","overlay-gradient":""},"tablet":{"background-color":"var(--ast-global-color-5)","background-image":"","background-repeat":"repeat","background-position":"center center","background-size":"auto","background-attachment":"scroll","background-type":"","background-media":"","overlay-type":"","overlay-color":"","overlay-opacity":"","overlay-gradient":""},"mobile":{"background-color":"var(--ast-global-color-5)","background-image":"","background-repeat":"repeat","background-position":"center center","background-size":"auto","background-attachment":"scroll","background-type":"","background-media":"","overlay-type":"","overlay-color":"","overlay-opacity":"","overlay-gradient":""}}},"product_brand":[],"product_cat":[357,930,926],"product_tag":[],"class_list":{"0":"post-39154","1":"product","2":"type-product","3":"status-publish","4":"has-post-thumbnail","6":"product_cat-oenotourisme-de","7":"product_cat-buchen-de","8":"product_cat-premium-suite-linattendue-de","9":"pa_gamme-oenotourismus","10":"desktop-align-center","11":"tablet-align-center","12":"mobile-align-center","13":"ast-product-gallery-layout-vertical","14":"ast-product-tabs-layout-horizontal","16":"first","17":"outofstock","18":"featured","19":"taxable","20":"shipping-taxable","21":"purchasable","22":"product-type-simple"},"uagb_featured_image_src":{"full":["https:\/\/www.vin-alsace-gueth.com\/wp-content\/uploads\/2024\/11\/Nuit_dans_l_inattendue_rev.0_comp-2.jpg",615,1080,false],"thumbnail":["https:\/\/www.vin-alsace-gueth.com\/wp-content\/uploads\/2024\/11\/Nuit_dans_l_inattendue_rev.0_comp-2-150x150.jpg",150,150,true],"medium":["https:\/\/www.vin-alsace-gueth.com\/wp-content\/uploads\/2024\/11\/Nuit_dans_l_inattendue_rev.0_comp-2-171x300.jpg",171,300,true],"medium_large":["https:\/\/www.vin-alsace-gueth.com\/wp-content\/uploads\/2024\/11\/Nuit_dans_l_inattendue_rev.0_comp-2.jpg",615,1080,false],"large":["https:\/\/www.vin-alsace-gueth.com\/wp-content\/uploads\/2024\/11\/Nuit_dans_l_inattendue_rev.0_comp-2-583x1024.jpg",583,1024,true],"thumblist":["https:\/\/www.vin-alsace-gueth.com\/wp-content\/uploads\/2024\/11\/Nuit_dans_l_inattendue_rev.0_comp-2-300x300.jpg",300,300,true],"thumbrelated":["https:\/\/www.vin-alsace-gueth.com\/wp-content\/uploads\/2024\/11\/Nuit_dans_l_inattendue_rev.0_comp-2-500x500.jpg",500,500,true],"meccarouselthumb":["https:\/\/www.vin-alsace-gueth.com\/wp-content\/uploads\/2024\/11\/Nuit_dans_l_inattendue_rev.0_comp-2-474x324.jpg",474,324,true],"gridsquare":["https:\/\/www.vin-alsace-gueth.com\/wp-content\/uploads\/2024\/11\/Nuit_dans_l_inattendue_rev.0_comp-2-391x260.jpg",391,260,true],"tileview":["https:\/\/www.vin-alsace-gueth.com\/wp-content\/uploads\/2024\/11\/Nuit_dans_l_inattendue_rev.0_comp-2-300x400.jpg",300,400,true],"1536x1536":["https:\/\/www.vin-alsace-gueth.com\/wp-content\/uploads\/2024\/11\/Nuit_dans_l_inattendue_rev.0_comp-2.jpg",615,1080,false],"2048x2048":["https:\/\/www.vin-alsace-gueth.com\/wp-content\/uploads\/2024\/11\/Nuit_dans_l_inattendue_rev.0_comp-2.jpg",615,1080,false],"woocommerce_thumbnail":["https:\/\/www.vin-alsace-gueth.com\/wp-content\/uploads\/2024\/11\/Nuit_dans_l_inattendue_rev.0_comp-2-300x527.jpg",300,527,true],"woocommerce_single":["https:\/\/www.vin-alsace-gueth.com\/wp-content\/uploads\/2024\/11\/Nuit_dans_l_inattendue_rev.0_comp-2-600x1054.jpg",600,1054,true],"woocommerce_gallery_thumbnail":["https:\/\/www.vin-alsace-gueth.com\/wp-content\/uploads\/2024\/11\/Nuit_dans_l_inattendue_rev.0_comp-2-100x100.jpg",100,100,true]},"uagb_author_info":{"display_name":"68@Gueth@aDMin1XX","author_link":"https:\/\/www.vin-alsace-gueth.com\/de\/author\/68guethadmin1xx\/"},"uagb_comment_info":0,"uagb_excerpt":"Weintouristische Leistung in einer luxuri\u00f6sen Suite f\u00fcr 2 Personen, die Folgendes umfasst: Empfang im Weinkeller des Winzers und kostenloser Aperitif bei Ihrer Ankunft (Wein, Cr\u00e9mant oder Traubensaft). Die \u00dcbernachtung in unserer Premium Suite \/ G\u00e4stezimmer \"L'Inattendue\" im Herzen der Weinberge mit direktem Blick auf den Weinberg und unsere Grands Crus Das kontinentale Fr\u00fchst\u00fcck wird Ihnen&hellip;","featured_img":"https:\/\/www.vin-alsace-gueth.com\/wp-content\/uploads\/2024\/11\/Nuit_dans_l_inattendue_rev.0_comp-2.jpg","coauthors":[],"author_meta":{"author_link":"https:\/\/www.vin-alsace-gueth.com\/de\/author\/68guethadmin1xx\/","display_name":"68@Gueth@aDMin1XX"},"relative_dates":{"created":"Ver\u00f6ffentlicht 2\u00a0Jahren vor","modified":"Aktualisiert 1\u00a0Jahr vor"},"absolute_dates":{"created":"Ver\u00f6ffentlicht am 10. November 2024","modified":"Aktualisiert am 22. November 2024"},"absolute_dates_time":{"created":"Ver\u00f6ffentlicht am 10. November 2024 8:14","modified":"Aktualisiert am 22. November 2024 13:01"},"featured_img_caption":"","tax_additional":{"product_brand":{"linked":[],"unlinked":[],"slug":"product_brand","name":"Marken"},"product_type":{"linked":["<a href=\"https:\/\/www.vin-alsace-gueth.com\/de\/?taxonomy=product_type&#038;term=simple\" class=\"advgb-post-tax-term\">simple<\/a>"],"unlinked":["<span class=\"advgb-post-tax-term\">simple<\/span>"],"slug":"product_type","name":"Produkttyp"},"product_visibility":{"linked":["<a href=\"https:\/\/www.vin-alsace-gueth.com\/?taxonomy=product_visibility&#038;term=exclude-from-catalog\" class=\"advgb-post-tax-term\">exclude-from-catalog<\/a>","<a href=\"https:\/\/www.vin-alsace-gueth.com\/?taxonomy=product_visibility&#038;term=exclude-from-search\" class=\"advgb-post-tax-term\">exclude-from-search<\/a>","<a href=\"https:\/\/www.vin-alsace-gueth.com\/?taxonomy=product_visibility&#038;term=featured\" class=\"advgb-post-tax-term\">featured<\/a>","<a href=\"https:\/\/www.vin-alsace-gueth.com\/?taxonomy=product_visibility&#038;term=outofstock\" class=\"advgb-post-tax-term\">outofstock<\/a>"],"unlinked":["<span class=\"advgb-post-tax-term\">exclude-from-catalog<\/span>","<span class=\"advgb-post-tax-term\">exclude-from-search<\/span>","<span class=\"advgb-post-tax-term\">featured<\/span>","<span class=\"advgb-post-tax-term\">outofstock<\/span>"],"slug":"product_visibility","name":"Sichtbarkeit des Produkts"},"product_cat":{"linked":["<a href=\"https:\/\/www.vin-alsace-gueth.com\/de\/produktkategorie\/oenotourisme-de\/\" class=\"advgb-post-tax-term\">Aufenthalte<\/a>","<a href=\"https:\/\/www.vin-alsace-gueth.com\/de\/produktkategorie\/oenotourisme-de\/premium-suite-linattendue-de\/buchen-de\/\" class=\"advgb-post-tax-term\">Buchen<\/a>","<a href=\"https:\/\/www.vin-alsace-gueth.com\/de\/produktkategorie\/oenotourisme-de\/premium-suite-linattendue-de\/\" class=\"advgb-post-tax-term\">Premium Suite \u201eL&#039;Inattendue\u201c<\/a>"],"unlinked":["<span class=\"advgb-post-tax-term\">Aufenthalte<\/span>","<span class=\"advgb-post-tax-term\">Buchen<\/span>","<span class=\"advgb-post-tax-term\">Premium Suite \u201eL&#039;Inattendue\u201c<\/span>"],"slug":"product_cat","name":"Produkt-Kategorien"},"product_tag":{"linked":[],"unlinked":[],"slug":"product_tag","name":"Produkt Schlagw\u00f6rter"},"product_shipping_class":{"linked":[],"unlinked":[],"slug":"product_shipping_class","name":"Produkt Versandklasse"},"pos_product_visibility":{"linked":[],"unlinked":[],"slug":"pos_product_visibility","name":"POS-Produkt-Sichtbarkeit"},"pa_accompagnements-plats":{"linked":[],"unlinked":[],"slug":"pa_accompagnements-plats","name":"Product Accompagnements Plats"},"pa_appellation":{"linked":[],"unlinked":[],"slug":"pa_appellation","name":"Product Appellation"},"pa_cepage":{"linked":[],"unlinked":[],"slug":"pa_cepage","name":"Product C\u00e9page"},"pa_contenance-btl":{"linked":[],"unlinked":[],"slug":"pa_contenance-btl","name":"Product Volume"},"pa_gamme":{"linked":["<a href=\"https:\/\/www.vin-alsace-gueth.com\/de\/gamme\/oenotourismus\/\" class=\"advgb-post-tax-term\">Oenotourismus<\/a>"],"unlinked":["<span class=\"advgb-post-tax-term\">Oenotourismus<\/span>"],"slug":"pa_gamme","name":"Product Gamme"},"pa_type-de-terroir":{"linked":[],"unlinked":[],"slug":"pa_type-de-terroir","name":"Product Type de terroir"},"pa_type-de-vin":{"linked":[],"unlinked":[],"slug":"pa_type-de-vin","name":"Product Type de vin"},"translation_priority":{"linked":["<a href=\"https:\/\/www.vin-alsace-gueth.com\/de\/?taxonomy=translation_priority&#038;term=facultatif-de\" class=\"advgb-post-tax-term\">Facultatif<\/a>"],"unlinked":["<span class=\"advgb-post-tax-term\">Facultatif<\/span>"],"slug":"translation_priority","name":"\u00dcbersetzungspriorit\u00e4ten"}},"series_order":"","_links":{"self":[{"href":"https:\/\/www.vin-alsace-gueth.com\/de\/wp-json\/wp\/v2\/product\/39154","targetHints":{"allow":["GET"]}}],"collection":[{"href":"https:\/\/www.vin-alsace-gueth.com\/de\/wp-json\/wp\/v2\/product"}],"about":[{"href":"https:\/\/www.vin-alsace-gueth.com\/de\/wp-json\/wp\/v2\/types\/product"}],"replies":[{"embeddable":true,"href":"https:\/\/www.vin-alsace-gueth.com\/de\/wp-json\/wp\/v2\/comments?post=39154"}],"wp:featuredmedia":[{"embeddable":true,"href":"https:\/\/www.vin-alsace-gueth.com\/de\/wp-json\/wp\/v2\/media\/39244"}],"wp:attachment":[{"href":"https:\/\/www.vin-alsace-gueth.com\/de\/wp-json\/wp\/v2\/media?parent=39154"}],"wp:term":[{"taxonomy":"product_brand","embeddable":true,"href":"https:\/\/www.vin-alsace-gueth.com\/de\/wp-json\/wp\/v2\/product_brand?post=39154"},{"taxonomy":"product_cat","embeddable":true,"href":"https:\/\/www.vin-alsace-gueth.com\/de\/wp-json\/wp\/v2\/product_cat?post=39154"},{"taxonomy":"product_tag","embeddable":true,"href":"https:\/\/www.vin-alsace-gueth.com\/de\/wp-json\/wp\/v2\/product_tag?post=39154"}],"curies":[{"name":"wp","href":"https:\/\/api.w.org\/{rel}","templated":true}]}}