    {"id":38811,"date":"2024-08-21T15:18:13","date_gmt":"2024-08-21T13:18:13","guid":{"rendered":"https:\/\/www.vin-alsace-gueth.com\/?post_type=product&#038;p=38811"},"modified":"2024-10-06T06:01:10","modified_gmt":"2024-10-06T04:01:10","slug":"muscat-2022-bio","status":"publish","type":"product","link":"https:\/\/www.vin-alsace-gueth.com\/de\/product\/muscat-2022-bio\/","title":{"rendered":"Muscat 2022 Bio"},"content":{"rendered":"<p style=\"text-align: left;\"><strong>Reben :<\/strong> Mittelhanglage &#8222;Ranck&#8220;, s\u00fcdlich des Dorfes.<\/p>\n<p style=\"text-align: left;\"><strong>Terroir :<\/strong> <a href=\"https:\/\/www.vin-alsace-gueth.com\/vignoble-terroirs\/\">Mergel-Sandstein<\/a>. Ger\u00f6ll und Felsen aus rosa Sandstein aus den Vogesen, bedeckt mit einem sch\u00f6nen tiefen, tonreichen Boden.<\/p>\n<p style=\"text-align: left;\"><strong>Im Keller :<\/strong> langsame und schonende Pressung; G\u00e4rung ohne Zugabe von Hefen; nach der G\u00e4rung sehr m\u00e4\u00dfige Sulfitierung; Reifung 6 Monate auf Hefe in Edelstahltanks; Abf\u00fcllung auf dem Gut. Wir legen unsere Weine in Reserve, um ihnen ihr bestes Potenzial zu bieten.<\/p>\n<p>&nbsp;<\/p>\n<p style=\"text-align: left;\"><strong>Alkoholgehalt :<\/strong> 11,0 % vol.<\/p>\n<p style=\"text-align: left;\"><strong>Aufbewahrung :<\/strong> 2028 bis 2031<\/p>\n","protected":false},"excerpt":{"rendered":"<h5>Ein unnachahmlicher, zarter und knuspriger Muscat d&#8217;Alsace<\/h5>\n<p style=\"text-align: left;\">Trockener und fruchtiger Wein.<\/p>\n<p>Es bringt Ihnen die Freude und Frische des Fr\u00fchlings und parf\u00fcmiert Ihren Gaumen mit einem zarten Duft, der leicht ist, weil er zuckerfrei ist!<\/p>\n<p>F\u00fcr Liebhaber von echtem trockenen Muscat.<\/p>\n<p><a href=\"https:\/\/www.vin-alsace-gueth.com\/wp-content\/uploads\/2021\/06\/DE-trocken-weiss-2.png\"><img decoding=\"async\" class=\"alignnone wp-image-19685 aligncenter\" src=\"https:\/\/www.vin-alsace-gueth.com\/wp-content\/uploads\/2021\/06\/DE-trocken-weiss-2.png\" alt=\"\" width=\"330\" height=\"91\" srcset=\"https:\/\/www.vin-alsace-gueth.com\/wp-content\/uploads\/2021\/06\/DE-trocken-weiss-2.png 1008w, https:\/\/www.vin-alsace-gueth.com\/wp-content\/uploads\/2021\/06\/DE-trocken-weiss-2-300x82.png 300w, https:\/\/www.vin-alsace-gueth.com\/wp-content\/uploads\/2021\/06\/DE-trocken-weiss-2-768x211.png 768w, https:\/\/www.vin-alsace-gueth.com\/wp-content\/uploads\/2021\/06\/DE-trocken-weiss-2-600x165.png 600w\" sizes=\"(max-width: 330px) 100vw, 330px\" \/><\/a><a href=\"https:\/\/www.vin-alsace-gueth.com\/wp-content\/uploads\/2023\/05\/logo_AB_Europe-300x665-1.jpg\"><img decoding=\"async\" class=\"wp-image-28125 aligncenter\" src=\"https:\/\/www.vin-alsace-gueth.com\/wp-content\/uploads\/2023\/05\/logo_AB_Europe-300x665-1.jpg\" alt=\"Vin Certifi\u00e9 Bio\" width=\"180\" height=\"81\" srcset=\"https:\/\/www.vin-alsace-gueth.com\/wp-content\/uploads\/2023\/05\/logo_AB_Europe-300x665-1.jpg 665w, https:\/\/www.vin-alsace-gueth.com\/wp-content\/uploads\/2023\/05\/logo_AB_Europe-300x665-1-300x135.jpg 300w, https:\/\/www.vin-alsace-gueth.com\/wp-content\/uploads\/2023\/05\/logo_AB_Europe-300x665-1-600x271.jpg 600w\" sizes=\"(max-width: 180px) 100vw, 180px\" \/><\/a><\/p>\n<p style=\"text-align: left;\"><strong>Nase :<\/strong> aufmerksam, schneidig, sehr fruchtig, Duft nach knackigen Muskattrauben.<\/p>\n<p style=\"text-align: left;\"><strong>Gaumen :<\/strong> Das Gef\u00fchl am Gaumen ist erfrischend. Leicht zu trinken, werden Sie seinen duftenden und muskatartigen Abgang zu sch\u00e4tzen wissen.<\/p>\n<p style=\"text-align: left;\"><strong>Muriels Tipp :<\/strong> Genie\u00dfen Sie dieses Frischegef\u00fchl und den Duft von Muscat als Aperitif, aber auch zu <a href=\"https:\/\/www.marmiton.org\/recettes\/recette_gaspacho-d-asperges_345496.aspx\">Spargelgazpacho<\/a>, Hering, marinierter Makrele, Gem\u00fcset\u00f6rtchen, Sojasprossen, Sonnengem\u00fcse, gegrilltem Thunfisch, Erdbeer-\/Rhabarber-Verrine. Er passt auch gut zu frischem oder reifem Ziegenk\u00e4se.<\/p>\n","protected":false},"author":447,"featured_media":38820,"comment_status":"open","ping_status":"closed","template":"","meta":{"_uag_custom_page_level_css":"","advgb_blocks_editor_width":"","advgb_blocks_columns_visual_guide":"","_monsterinsights_skip_tracking":false,"_monsterinsights_sitenote_active":false,"_monsterinsights_sitenote_note":"","_monsterinsights_sitenote_category":0,"site-sidebar-layout":"default","site-content-layout":"","ast-site-content-layout":"default","site-content-style":"default","site-sidebar-style":"default","ast-global-header-display":"","ast-banner-title-visibility":"","ast-main-header-display":"","ast-hfb-above-header-display":"","ast-hfb-below-header-display":"","ast-hfb-mobile-header-display":"","site-post-title":"","ast-breadcrumbs-content":null,"ast-featured-img":"","footer-sml-layout":"","ast-disable-related-posts":"","theme-transparent-header-meta":"default","adv-header-id-meta":"","stick-header-meta":"enabled","header-above-stick-meta":"","header-main-stick-meta":"on","header-below-stick-meta":"","astra-migrate-meta-layouts":"set","ast-page-background-enabled":"default","ast-page-background-meta":{"desktop":{"background-color":"","background-image":"","background-repeat":"repeat","background-position":"center center","background-size":"auto","background-attachment":"scroll","background-type":"","background-media":"","overlay-type":"","overlay-color":"","overlay-opacity":"","overlay-gradient":""},"tablet":{"background-color":"","background-image":"","background-repeat":"repeat","background-position":"center center","background-size":"auto","background-attachment":"scroll","background-type":"","background-media":"","overlay-type":"","overlay-color":"","overlay-opacity":"","overlay-gradient":""},"mobile":{"background-color":"","background-image":"","background-repeat":"repeat","background-position":"center center","background-size":"auto","background-attachment":"scroll","background-type":"","background-media":"","overlay-type":"","overlay-color":"","overlay-opacity":"","overlay-gradient":""}},"ast-content-background-meta":{"desktop":{"background-color":"var(--ast-global-color-5)","background-image":"","background-repeat":"repeat","background-position":"center center","background-size":"auto","background-attachment":"scroll","background-type":"","background-media":"","overlay-type":"","overlay-color":"","overlay-opacity":"","overlay-gradient":""},"tablet":{"background-color":"var(--ast-global-color-5)","background-image":"","background-repeat":"repeat","background-position":"center center","background-size":"auto","background-attachment":"scroll","background-type":"","background-media":"","overlay-type":"","overlay-color":"","overlay-opacity":"","overlay-gradient":""},"mobile":{"background-color":"var(--ast-global-color-5)","background-image":"","background-repeat":"repeat","background-position":"center center","background-size":"auto","background-attachment":"scroll","background-type":"","background-media":"","overlay-type":"","overlay-color":"","overlay-opacity":"","overlay-gradient":""}}},"product_brand":[],"product_cat":[855,552,551,539,550,545,542,563,849,555,832,828,579,556,557,575,899,904],"product_tag":[],"class_list":{"0":"post-38811","1":"product","2":"type-product","3":"status-publish","4":"has-post-thumbnail","6":"product_cat-75cl-flasche","7":"product_cat-vins-de","8":"product_cat-gammes-de","9":"product_cat-essen-wein-paarungen","10":"product_cat-aperitif-de","11":"product_cat-legumes-de","12":"product_cat-kase-de","13":"product_cat-muscat-de","14":"product_cat-nach-inhalt-flasche","15":"product_cat-vins-tranquilles-de","16":"product_cat-marno-greseux-de","17":"product_cat-tradition-de","18":"product_cat-trockene-weine","19":"product_cat-vins-par-terroir-de","20":"product_cat-cepage-de","21":"product_cat-sucrosite-de","22":"product_cat-welcher-elsasser-wein-zu-spargel","23":"product_cat-welcher-wein-zu-tartiflette","24":"pa_accompagnements-plats-aperitif-de","25":"pa_accompagnements-plats-gemuse","26":"pa_appellation-aoc-elsass","27":"pa_cepage-muskat","28":"pa_contenance-btl-75-cl-de","29":"pa_gamme-tradition-de","30":"pa_type-de-terroir-marno-grsex","31":"pa_type-de-vin-trocken-fruchtig","32":"desktop-align-center","33":"tablet-align-center","34":"mobile-align-center","35":"ast-product-gallery-layout-vertical","36":"ast-product-tabs-layout-horizontal","38":"first","39":"outofstock","40":"taxable","41":"shipping-taxable","42":"purchasable","43":"product-type-simple"},"uagb_featured_image_src":{"full":["https:\/\/www.vin-alsace-gueth.com\/wp-content\/uploads\/2024\/08\/Muscat_2022_bouteille_Gueth_rev.1-1.jpg",615,1080,false],"thumbnail":["https:\/\/www.vin-alsace-gueth.com\/wp-content\/uploads\/2024\/08\/Muscat_2022_bouteille_Gueth_rev.1-1-150x150.jpg",150,150,true],"medium":["https:\/\/www.vin-alsace-gueth.com\/wp-content\/uploads\/2024\/08\/Muscat_2022_bouteille_Gueth_rev.1-1-171x300.jpg",171,300,true],"medium_large":["https:\/\/www.vin-alsace-gueth.com\/wp-content\/uploads\/2024\/08\/Muscat_2022_bouteille_Gueth_rev.1-1.jpg",615,1080,false],"large":["https:\/\/www.vin-alsace-gueth.com\/wp-content\/uploads\/2024\/08\/Muscat_2022_bouteille_Gueth_rev.1-1-583x1024.jpg",583,1024,true],"thumblist":["https:\/\/www.vin-alsace-gueth.com\/wp-content\/uploads\/2024\/08\/Muscat_2022_bouteille_Gueth_rev.1-1-300x300.jpg",300,300,true],"thumbrelated":["https:\/\/www.vin-alsace-gueth.com\/wp-content\/uploads\/2024\/08\/Muscat_2022_bouteille_Gueth_rev.1-1-500x500.jpg",500,500,true],"meccarouselthumb":["https:\/\/www.vin-alsace-gueth.com\/wp-content\/uploads\/2024\/08\/Muscat_2022_bouteille_Gueth_rev.1-1-474x324.jpg",474,324,true],"gridsquare":["https:\/\/www.vin-alsace-gueth.com\/wp-content\/uploads\/2024\/08\/Muscat_2022_bouteille_Gueth_rev.1-1-391x260.jpg",391,260,true],"tileview":["https:\/\/www.vin-alsace-gueth.com\/wp-content\/uploads\/2024\/08\/Muscat_2022_bouteille_Gueth_rev.1-1-300x400.jpg",300,400,true],"1536x1536":["https:\/\/www.vin-alsace-gueth.com\/wp-content\/uploads\/2024\/08\/Muscat_2022_bouteille_Gueth_rev.1-1.jpg",615,1080,false],"2048x2048":["https:\/\/www.vin-alsace-gueth.com\/wp-content\/uploads\/2024\/08\/Muscat_2022_bouteille_Gueth_rev.1-1.jpg",615,1080,false],"woocommerce_thumbnail":["https:\/\/www.vin-alsace-gueth.com\/wp-content\/uploads\/2024\/08\/Muscat_2022_bouteille_Gueth_rev.1-1-300x527.jpg",300,527,true],"woocommerce_single":["https:\/\/www.vin-alsace-gueth.com\/wp-content\/uploads\/2024\/08\/Muscat_2022_bouteille_Gueth_rev.1-1-600x1054.jpg",600,1054,true],"woocommerce_gallery_thumbnail":["https:\/\/www.vin-alsace-gueth.com\/wp-content\/uploads\/2024\/08\/Muscat_2022_bouteille_Gueth_rev.1-1-100x100.jpg",100,100,true]},"uagb_author_info":{"display_name":"68@Gueth@aDMin1XX","author_link":"https:\/\/www.vin-alsace-gueth.com\/de\/author\/68guethadmin1xx\/"},"uagb_comment_info":0,"uagb_excerpt":"Ein unnachahmlicher, zarter und knuspriger Muscat d'Alsace Trockener und fruchtiger Wein. Es bringt Ihnen die Freude und Frische des Fr\u00fchlings und parf\u00fcmiert Ihren Gaumen mit einem zarten Duft, der leicht ist, weil er zuckerfrei ist! F\u00fcr Liebhaber von echtem trockenen Muscat. Nase : aufmerksam, schneidig, sehr fruchtig, Duft nach knackigen Muskattrauben. Gaumen : Das Gef\u00fchl&hellip;","featured_img":"https:\/\/www.vin-alsace-gueth.com\/wp-content\/uploads\/2024\/08\/Muscat_2022_bouteille_Gueth_rev.1-1.jpg","coauthors":[],"author_meta":{"author_link":"https:\/\/www.vin-alsace-gueth.com\/de\/author\/68guethadmin1xx\/","display_name":"68@Gueth@aDMin1XX"},"relative_dates":{"created":"Ver\u00f6ffentlicht 2\u00a0Jahren vor","modified":"Aktualisiert 2\u00a0Jahren vor"},"absolute_dates":{"created":"Ver\u00f6ffentlicht am 21. August 2024","modified":"Aktualisiert am 6. Oktober 2024"},"absolute_dates_time":{"created":"Ver\u00f6ffentlicht am 21. August 2024 15:18","modified":"Aktualisiert am 6. Oktober 2024 6:01"},"featured_img_caption":"","tax_additional":{"product_brand":{"linked":[],"unlinked":[],"slug":"product_brand","name":"Marken"},"product_type":{"linked":["<a href=\"https:\/\/www.vin-alsace-gueth.com\/de\/?taxonomy=product_type&#038;term=simple\" class=\"advgb-post-tax-term\">simple<\/a>"],"unlinked":["<span class=\"advgb-post-tax-term\">simple<\/span>"],"slug":"product_type","name":"Produkttyp"},"product_visibility":{"linked":["<a href=\"https:\/\/www.vin-alsace-gueth.com\/?taxonomy=product_visibility&#038;term=exclude-from-catalog\" class=\"advgb-post-tax-term\">exclude-from-catalog<\/a>","<a href=\"https:\/\/www.vin-alsace-gueth.com\/?taxonomy=product_visibility&#038;term=exclude-from-search\" class=\"advgb-post-tax-term\">exclude-from-search<\/a>","<a href=\"https:\/\/www.vin-alsace-gueth.com\/?taxonomy=product_visibility&#038;term=outofstock\" class=\"advgb-post-tax-term\">outofstock<\/a>"],"unlinked":["<span class=\"advgb-post-tax-term\">exclude-from-catalog<\/span>","<span class=\"advgb-post-tax-term\">exclude-from-search<\/span>","<span class=\"advgb-post-tax-term\">outofstock<\/span>"],"slug":"product_visibility","name":"Sichtbarkeit des Produkts"},"product_cat":{"linked":["<a href=\"https:\/\/www.vin-alsace-gueth.com\/de\/produktkategorie\/nach-inhalt-flasche\/75cl-flasche\/\" class=\"advgb-post-tax-term\">75cl Flasche<\/a>","<a href=\"https:\/\/www.vin-alsace-gueth.com\/de\/produktkategorie\/vins-de\/\" class=\"advgb-post-tax-term\">Alle Weine<\/a>","<a href=\"https:\/\/www.vin-alsace-gueth.com\/de\/produktkategorie\/gammes-de\/\" class=\"advgb-post-tax-term\">Bereiche<\/a>","<a href=\"https:\/\/www.vin-alsace-gueth.com\/de\/produktkategorie\/essen-wein-paarungen\/\" class=\"advgb-post-tax-term\">Essen \/ Wein Paarungen<\/a>","<a href=\"https:\/\/www.vin-alsace-gueth.com\/de\/produktkategorie\/essen-wein-paarungen\/aperitif-de\/\" class=\"advgb-post-tax-term\">Mit dem Aperitif<\/a>","<a href=\"https:\/\/www.vin-alsace-gueth.com\/de\/produktkategorie\/essen-wein-paarungen\/legumes-de\/\" class=\"advgb-post-tax-term\">Mit Gem\u00fcse<\/a>","<a href=\"https:\/\/www.vin-alsace-gueth.com\/de\/produktkategorie\/essen-wein-paarungen\/kase-de\/\" class=\"advgb-post-tax-term\">Mit K\u00e4se<\/a>","<a href=\"https:\/\/www.vin-alsace-gueth.com\/de\/produktkategorie\/cepage-de\/muscat-de\/\" class=\"advgb-post-tax-term\">Muscat<\/a>","<a href=\"https:\/\/www.vin-alsace-gueth.com\/de\/produktkategorie\/nach-inhalt-flasche\/\" class=\"advgb-post-tax-term\">Nach Inhalt Flasche<\/a>","<a href=\"https:\/\/www.vin-alsace-gueth.com\/de\/produktkategorie\/vins-de\/vins-tranquilles-de\/\" class=\"advgb-post-tax-term\">Stille Weine<\/a>","<a href=\"https:\/\/www.vin-alsace-gueth.com\/de\/produktkategorie\/vins-par-terroir-de\/marno-greseux-de\/\" class=\"advgb-post-tax-term\">Tonmergel und Sandsteine<\/a>","<a href=\"https:\/\/www.vin-alsace-gueth.com\/de\/produktkategorie\/gammes-de\/tradition-de\/\" class=\"advgb-post-tax-term\">Tradition<\/a>","<a href=\"https:\/\/www.vin-alsace-gueth.com\/de\/produktkategorie\/sucrosite-de\/trockene-weine\/\" class=\"advgb-post-tax-term\">Trockene Weine<\/a>","<a href=\"https:\/\/www.vin-alsace-gueth.com\/de\/produktkategorie\/vins-par-terroir-de\/\" class=\"advgb-post-tax-term\">Weine \/ Terroir<\/a>","<a href=\"https:\/\/www.vin-alsace-gueth.com\/de\/produktkategorie\/cepage-de\/\" class=\"advgb-post-tax-term\">Weine nach Rebsorte<\/a>","<a href=\"https:\/\/www.vin-alsace-gueth.com\/de\/produktkategorie\/sucrosite-de\/\" class=\"advgb-post-tax-term\">Weine nach S\u00fc\u00dfe<\/a>","<a href=\"https:\/\/www.vin-alsace-gueth.com\/de\/produktkategorie\/essen-wein-paarungen\/welcher-elsasser-wein-zu-spargel\/\" class=\"advgb-post-tax-term\">Welcher Wein zu Spargel<\/a>","<a href=\"https:\/\/www.vin-alsace-gueth.com\/de\/produktkategorie\/essen-wein-paarungen\/welcher-wein-zu-tartiflette\/\" class=\"advgb-post-tax-term\">Welcher Wein zu Tartiflette<\/a>"],"unlinked":["<span class=\"advgb-post-tax-term\">75cl Flasche<\/span>","<span class=\"advgb-post-tax-term\">Alle Weine<\/span>","<span class=\"advgb-post-tax-term\">Bereiche<\/span>","<span class=\"advgb-post-tax-term\">Essen \/ Wein Paarungen<\/span>","<span class=\"advgb-post-tax-term\">Mit dem Aperitif<\/span>","<span class=\"advgb-post-tax-term\">Mit Gem\u00fcse<\/span>","<span class=\"advgb-post-tax-term\">Mit K\u00e4se<\/span>","<span class=\"advgb-post-tax-term\">Muscat<\/span>","<span class=\"advgb-post-tax-term\">Nach Inhalt Flasche<\/span>","<span class=\"advgb-post-tax-term\">Stille Weine<\/span>","<span class=\"advgb-post-tax-term\">Tonmergel und Sandsteine<\/span>","<span class=\"advgb-post-tax-term\">Tradition<\/span>","<span class=\"advgb-post-tax-term\">Trockene Weine<\/span>","<span class=\"advgb-post-tax-term\">Weine \/ Terroir<\/span>","<span class=\"advgb-post-tax-term\">Weine nach Rebsorte<\/span>","<span class=\"advgb-post-tax-term\">Weine nach S\u00fc\u00dfe<\/span>","<span class=\"advgb-post-tax-term\">Welcher Wein zu Spargel<\/span>","<span class=\"advgb-post-tax-term\">Welcher Wein zu Tartiflette<\/span>"],"slug":"product_cat","name":"Produkt-Kategorien"},"product_tag":{"linked":[],"unlinked":[],"slug":"product_tag","name":"Produkt Schlagw\u00f6rter"},"product_shipping_class":{"linked":[],"unlinked":[],"slug":"product_shipping_class","name":"Produkt Versandklasse"},"pos_product_visibility":{"linked":[],"unlinked":[],"slug":"pos_product_visibility","name":"POS-Produkt-Sichtbarkeit."},"pa_accompagnements-plats":{"linked":["<a href=\"https:\/\/www.vin-alsace-gueth.com\/de\/accompagnements-plats\/aperitif-de\/\" class=\"advgb-post-tax-term\">Aperitif<\/a>","<a href=\"https:\/\/www.vin-alsace-gueth.com\/de\/accompagnements-plats\/gemuse\/\" class=\"advgb-post-tax-term\">Gem\u00fcse<\/a>"],"unlinked":["<span class=\"advgb-post-tax-term\">Aperitif<\/span>","<span class=\"advgb-post-tax-term\">Gem\u00fcse<\/span>"],"slug":"pa_accompagnements-plats","name":"Product Accompagnements Plats"},"pa_appellation":{"linked":["<a href=\"https:\/\/www.vin-alsace-gueth.com\/de\/appellation\/aoc-elsass\/\" class=\"advgb-post-tax-term\">AOC Elsass<\/a>"],"unlinked":["<span class=\"advgb-post-tax-term\">AOC Elsass<\/span>"],"slug":"pa_appellation","name":"Product Appellation"},"pa_cepage":{"linked":["<a href=\"https:\/\/www.vin-alsace-gueth.com\/de\/cepage\/muskat\/\" class=\"advgb-post-tax-term\">Muskat<\/a>"],"unlinked":["<span class=\"advgb-post-tax-term\">Muskat<\/span>"],"slug":"pa_cepage","name":"Product C\u00e9page"},"pa_contenance-btl":{"linked":["<a href=\"https:\/\/www.vin-alsace-gueth.com\/de\/contenance-btl\/75-cl-de\/\" class=\"advgb-post-tax-term\">75 cl<\/a>"],"unlinked":["<span class=\"advgb-post-tax-term\">75 cl<\/span>"],"slug":"pa_contenance-btl","name":"Product Volume"},"pa_gamme":{"linked":["<a href=\"https:\/\/www.vin-alsace-gueth.com\/de\/gamme\/tradition-de\/\" class=\"advgb-post-tax-term\">Tradition<\/a>"],"unlinked":["<span class=\"advgb-post-tax-term\">Tradition<\/span>"],"slug":"pa_gamme","name":"Product Gamme"},"pa_type-de-terroir":{"linked":["<a href=\"https:\/\/www.vin-alsace-gueth.com\/de\/type-de-terroir\/marno-grsex\/\" class=\"advgb-post-tax-term\">Marno-grsex.<\/a>"],"unlinked":["<span class=\"advgb-post-tax-term\">Marno-grsex.<\/span>"],"slug":"pa_type-de-terroir","name":"Product Type de terroir"},"pa_type-de-vin":{"linked":["<a href=\"https:\/\/www.vin-alsace-gueth.com\/de\/type-de-vin\/trocken-fruchtig\/\" class=\"advgb-post-tax-term\">Trocken &amp; Fruchtig<\/a>"],"unlinked":["<span class=\"advgb-post-tax-term\">Trocken &amp; Fruchtig<\/span>"],"slug":"pa_type-de-vin","name":"Product Type de vin"},"translation_priority":{"linked":["<a href=\"https:\/\/www.vin-alsace-gueth.com\/de\/?taxonomy=translation_priority&#038;term=facultatif-de\" class=\"advgb-post-tax-term\">Facultatif<\/a>"],"unlinked":["<span class=\"advgb-post-tax-term\">Facultatif<\/span>"],"slug":"translation_priority","name":"\u00dcbersetzungspriorit\u00e4ten"}},"series_order":"","_links":{"self":[{"href":"https:\/\/www.vin-alsace-gueth.com\/de\/wp-json\/wp\/v2\/product\/38811","targetHints":{"allow":["GET"]}}],"collection":[{"href":"https:\/\/www.vin-alsace-gueth.com\/de\/wp-json\/wp\/v2\/product"}],"about":[{"href":"https:\/\/www.vin-alsace-gueth.com\/de\/wp-json\/wp\/v2\/types\/product"}],"replies":[{"embeddable":true,"href":"https:\/\/www.vin-alsace-gueth.com\/de\/wp-json\/wp\/v2\/comments?post=38811"}],"wp:featuredmedia":[{"embeddable":true,"href":"https:\/\/www.vin-alsace-gueth.com\/de\/wp-json\/wp\/v2\/media\/38820"}],"wp:attachment":[{"href":"https:\/\/www.vin-alsace-gueth.com\/de\/wp-json\/wp\/v2\/media?parent=38811"}],"wp:term":[{"taxonomy":"product_brand","embeddable":true,"href":"https:\/\/www.vin-alsace-gueth.com\/de\/wp-json\/wp\/v2\/product_brand?post=38811"},{"taxonomy":"product_cat","embeddable":true,"href":"https:\/\/www.vin-alsace-gueth.com\/de\/wp-json\/wp\/v2\/product_cat?post=38811"},{"taxonomy":"product_tag","embeddable":true,"href":"https:\/\/www.vin-alsace-gueth.com\/de\/wp-json\/wp\/v2\/product_tag?post=38811"}],"curies":[{"name":"wp","href":"https:\/\/api.w.org\/{rel}","templated":true}]}}