    {"id":38797,"date":"2024-08-21T08:52:13","date_gmt":"2024-08-21T06:52:13","guid":{"rendered":"https:\/\/www.vin-alsace-gueth.com\/?post_type=product&#038;p=38797"},"modified":"2024-10-06T06:01:11","modified_gmt":"2024-10-06T04:01:11","slug":"gewurztraminer-veilleur-de-nuit-2019-manala-copie","status":"publish","type":"product","link":"https:\/\/www.vin-alsace-gueth.com\/de\/product\/gewurztraminer-veilleur-de-nuit-2019-manala-copie\/","title":{"rendered":"Gewurztraminer Veilleur de Nuit 2022 &#8222;Manala&#8220; Bio"},"content":{"rendered":"<p style=\"text-align: left;\"><strong>Reben :<\/strong> 50 Jahre alt, 2 Parzellen der Lokalit\u00e4t <em><strong>&#8222;Kastelweg&#8220;<\/strong><\/em>, was &#8222;<em>Weg der Burgen<\/em>&#8220; bedeutet, angrenzend an die <a href=\"https:\/\/www.vinsalsace.com\/fr\/grands-crus\/goldert\/\" target=\"_blank\" rel=\"noopener\">Grands Cru <em><strong>&#8222;Goldert&#8220;<\/strong><\/em><\/a> und <em><a href=\"https:\/\/www.vinsalsace.com\/en\/grands-crus\/hatschbourg\/\" target=\"_blank\" rel=\"noopener\"><strong>&#8222;Hatschbourg&#8220;<\/strong><\/a><\/em>.<\/p>\n<p style=\"text-align: left;\"><strong>Terroir :<\/strong> <a href=\"https:\/\/www.vin-alsace-gueth.com\/vignoble-terroirs\/\">Mergel-Kalkstein<\/a>. Besteht aus Tonablagerungen, die mit oolithischen Kalksteinkieseln marinen Ursprungs verbunden sind.<\/p>\n<p style=\"text-align: left;\"><strong>Im Keller :<\/strong> \u00fcberreife Ernte, im November, vor dem Frost und in 40-kg-Kisten; langsames und sanftes Dr\u00fccken; G\u00e4rung ohne Zugabe von Hefen; sehr m\u00e4\u00dfige Sulfitierung; Reifung 6 Monate auf Hefe in Edelstahltanks; Abf\u00fcllung auf dem Gut. Wir stellen diesen Wein in Reserve, um Ihnen sein bestes Potenzial zu bieten.<\/p>\n<p>&nbsp;<\/p>\n<p style=\"text-align: left;\"><strong>Alkoholgehalt :<\/strong> 13,5 % vol.<\/p>\n<p style=\"text-align: left;\"><strong>Aufbewahrung :<\/strong> 2029 bis 2034<\/p>\n","protected":false},"excerpt":{"rendered":"<h5>Leidenschaftlicher und extrovertierter Nachtw\u00e4chter Gew\u00fcrztraminer<\/h5>\n<p style=\"text-align: left;\">Das Etikett zeigt Jean-Claude im Kost\u00fcm des Nachtw\u00e4chters anl\u00e4sslich des Dorffestes 1994.<\/p>\n<p style=\"text-align: left;\">S\u00fc\u00dfer, fruchtiger und kraftvoller Wein.<\/p>\n<p><a href=\"https:\/\/www.vin-alsace-gueth.com\/wp-content\/uploads\/2019\/09\/DE-halb-sus-weiss.png\"><img decoding=\"async\" class=\"wp-image-19725 aligncenter\" src=\"https:\/\/www.vin-alsace-gueth.com\/wp-content\/uploads\/2019\/09\/DE-halb-sus-weiss.png\" alt=\"\" width=\"330\" height=\"91\" srcset=\"https:\/\/www.vin-alsace-gueth.com\/wp-content\/uploads\/2019\/09\/DE-halb-sus-weiss.png 1008w, https:\/\/www.vin-alsace-gueth.com\/wp-content\/uploads\/2019\/09\/DE-halb-sus-weiss-300x82.png 300w, https:\/\/www.vin-alsace-gueth.com\/wp-content\/uploads\/2019\/09\/DE-halb-sus-weiss-768x211.png 768w, https:\/\/www.vin-alsace-gueth.com\/wp-content\/uploads\/2019\/09\/DE-halb-sus-weiss-600x165.png 600w\" sizes=\"(max-width: 330px) 100vw, 330px\" \/><\/a><\/p>\n<p><a href=\"https:\/\/www.vin-alsace-gueth.com\/wp-content\/uploads\/2023\/05\/logo_AB_Europe-300x665-1.jpg\"><img decoding=\"async\" class=\"aligncenter wp-image-28126\" src=\"https:\/\/www.vin-alsace-gueth.com\/wp-content\/uploads\/2023\/05\/logo_AB_Europe-300x665-1.jpg\" alt=\"Vin Certifi\u00e9 Bio\" width=\"180\" height=\"81\" srcset=\"https:\/\/www.vin-alsace-gueth.com\/wp-content\/uploads\/2023\/05\/logo_AB_Europe-300x665-1.jpg 665w, https:\/\/www.vin-alsace-gueth.com\/wp-content\/uploads\/2023\/05\/logo_AB_Europe-300x665-1-300x135.jpg 300w, https:\/\/www.vin-alsace-gueth.com\/wp-content\/uploads\/2023\/05\/logo_AB_Europe-300x665-1-600x271.jpg 600w\" sizes=\"(max-width: 180px) 100vw, 180px\" \/><\/a><\/p>\n<p style=\"text-align: left;\"><strong>Nase :<\/strong> komplex und dicht nach Rose und Veilchen, begleitet von Honig- und Birnennoten, die von der \u00dcberreife zeugen. Mit einer weichen und ausgewogenen Pers\u00f6nlichkeit entwickelt der Mund eine sch\u00f6ne Cremigkeit und immer intensive Rose. Gro\u00dfe Persistenz auf einem harmonischen Abgang, der Lust auf Nachf\u00fcllen macht.<\/p>\n<p style=\"text-align: left;\"><strong>Geschmack :<\/strong> weiches, intensives und anhaltendes Rosa mit einem glatten Abgang und einer sch\u00f6nen Harmonie zwischen Zucker und S\u00e4ure.<\/p>\n<p style=\"text-align: left;\"><strong>Muriels Tipp :<\/strong> Dieser Gew\u00fcrztraminer-Nachtwache geh\u00f6rt zu den Weinen, die man gerne als Aperitif, Dessert oder zu jeder anderen Tageszeit trinkt, einfach wegen des sinnlichen Genusses. K\u00f6nig des Aperitifs, Komplize der G\u00e4nseleber, sowie S\u00fc\u00dfspeisen und Desserts: rosa Tiramisu, Tarte Tatin, Erdbeer-Charlotte, Obsttorte, Himbeer-Rosen-Makrone, Pavlova, Keks oder Kuchen. Genuss pur!<\/p>\n","protected":false},"author":447,"featured_media":38800,"comment_status":"open","ping_status":"closed","template":"","meta":{"_uag_custom_page_level_css":"","advgb_blocks_editor_width":"","advgb_blocks_columns_visual_guide":"","_monsterinsights_skip_tracking":false,"_monsterinsights_sitenote_active":false,"_monsterinsights_sitenote_note":"","_monsterinsights_sitenote_category":0,"site-sidebar-layout":"default","site-content-layout":"","ast-site-content-layout":"default","site-content-style":"default","site-sidebar-style":"default","ast-global-header-display":"","ast-banner-title-visibility":"","ast-main-header-display":"","ast-hfb-above-header-display":"","ast-hfb-below-header-display":"","ast-hfb-mobile-header-display":"","site-post-title":"","ast-breadcrumbs-content":null,"ast-featured-img":"","footer-sml-layout":"","ast-disable-related-posts":"","theme-transparent-header-meta":"default","adv-header-id-meta":"","stick-header-meta":"enabled","header-above-stick-meta":"","header-main-stick-meta":"on","header-below-stick-meta":"","astra-migrate-meta-layouts":"set","ast-page-background-enabled":"default","ast-page-background-meta":{"desktop":{"background-color":"","background-image":"","background-repeat":"repeat","background-position":"center center","background-size":"auto","background-attachment":"scroll","background-type":"","background-media":"","overlay-type":"","overlay-color":"","overlay-opacity":"","overlay-gradient":""},"tablet":{"background-color":"","background-image":"","background-repeat":"repeat","background-position":"center center","background-size":"auto","background-attachment":"scroll","background-type":"","background-media":"","overlay-type":"","overlay-color":"","overlay-opacity":"","overlay-gradient":""},"mobile":{"background-color":"","background-image":"","background-repeat":"repeat","background-position":"center center","background-size":"auto","background-attachment":"scroll","background-type":"","background-media":"","overlay-type":"","overlay-color":"","overlay-opacity":"","overlay-gradient":""}},"ast-content-background-meta":{"desktop":{"background-color":"var(--ast-global-color-5)","background-image":"","background-repeat":"repeat","background-position":"center center","background-size":"auto","background-attachment":"scroll","background-type":"","background-media":"","overlay-type":"","overlay-color":"","overlay-opacity":"","overlay-gradient":""},"tablet":{"background-color":"var(--ast-global-color-5)","background-image":"","background-repeat":"repeat","background-position":"center center","background-size":"auto","background-attachment":"scroll","background-type":"","background-media":"","overlay-type":"","overlay-color":"","overlay-opacity":"","overlay-gradient":""},"mobile":{"background-color":"var(--ast-global-color-5)","background-image":"","background-repeat":"repeat","background-position":"center center","background-size":"auto","background-attachment":"scroll","background-type":"","background-media":"","overlay-type":"","overlay-color":"","overlay-opacity":"","overlay-gradient":""}}},"product_brand":[],"product_cat":[855,552,551,350,539,561,831,550,541,849,555,585,556,557,575],"product_tag":[],"class_list":{"0":"post-38797","1":"product","2":"type-product","3":"status-publish","4":"has-post-thumbnail","6":"product_cat-75cl-flasche","7":"product_cat-vins-de","8":"product_cat-gammes-de","9":"product_cat-douceur-de","10":"product_cat-essen-wein-paarungen","11":"product_cat-gewurztraminer-de","12":"product_cat-mergel-kalk-terroir","13":"product_cat-aperitif-de","14":"product_cat-desserts-de","15":"product_cat-nach-inhalt-flasche","16":"product_cat-vins-tranquilles-de","17":"product_cat-suesse-weine","18":"product_cat-vins-par-terroir-de","19":"product_cat-cepage-de","20":"product_cat-sucrosite-de","21":"pa_accompagnements-plats-aperitif-de","22":"pa_accompagnements-plats-desserts-de","23":"pa_appellation-aoc-elsass","24":"pa_cepage-gewurztraminer-de","25":"pa_contenance-btl-75-cl-de","26":"pa_gamme-sanftmut","27":"pa_type-de-terroir-marlin-kalkstein","28":"pa_type-de-vin-sus-fruchtig","29":"desktop-align-center","30":"tablet-align-center","31":"mobile-align-center","32":"ast-product-gallery-layout-vertical","33":"ast-product-tabs-layout-horizontal","35":"first","36":"outofstock","37":"taxable","38":"shipping-taxable","39":"purchasable","40":"product-type-simple"},"uagb_featured_image_src":{"full":["https:\/\/www.vin-alsace-gueth.com\/wp-content\/uploads\/2024\/08\/Gewurztraminer_Veilleur_de_Nuit_2022_bouteille_Gueth_rev.0-1.jpg",615,1080,false],"thumbnail":["https:\/\/www.vin-alsace-gueth.com\/wp-content\/uploads\/2024\/08\/Gewurztraminer_Veilleur_de_Nuit_2022_bouteille_Gueth_rev.0-1-150x150.jpg",150,150,true],"medium":["https:\/\/www.vin-alsace-gueth.com\/wp-content\/uploads\/2024\/08\/Gewurztraminer_Veilleur_de_Nuit_2022_bouteille_Gueth_rev.0-1-171x300.jpg",171,300,true],"medium_large":["https:\/\/www.vin-alsace-gueth.com\/wp-content\/uploads\/2024\/08\/Gewurztraminer_Veilleur_de_Nuit_2022_bouteille_Gueth_rev.0-1.jpg",615,1080,false],"large":["https:\/\/www.vin-alsace-gueth.com\/wp-content\/uploads\/2024\/08\/Gewurztraminer_Veilleur_de_Nuit_2022_bouteille_Gueth_rev.0-1-583x1024.jpg",583,1024,true],"thumblist":["https:\/\/www.vin-alsace-gueth.com\/wp-content\/uploads\/2024\/08\/Gewurztraminer_Veilleur_de_Nuit_2022_bouteille_Gueth_rev.0-1-300x300.jpg",300,300,true],"thumbrelated":["https:\/\/www.vin-alsace-gueth.com\/wp-content\/uploads\/2024\/08\/Gewurztraminer_Veilleur_de_Nuit_2022_bouteille_Gueth_rev.0-1-500x500.jpg",500,500,true],"meccarouselthumb":["https:\/\/www.vin-alsace-gueth.com\/wp-content\/uploads\/2024\/08\/Gewurztraminer_Veilleur_de_Nuit_2022_bouteille_Gueth_rev.0-1-474x324.jpg",474,324,true],"gridsquare":["https:\/\/www.vin-alsace-gueth.com\/wp-content\/uploads\/2024\/08\/Gewurztraminer_Veilleur_de_Nuit_2022_bouteille_Gueth_rev.0-1-391x260.jpg",391,260,true],"tileview":["https:\/\/www.vin-alsace-gueth.com\/wp-content\/uploads\/2024\/08\/Gewurztraminer_Veilleur_de_Nuit_2022_bouteille_Gueth_rev.0-1-300x400.jpg",300,400,true],"1536x1536":["https:\/\/www.vin-alsace-gueth.com\/wp-content\/uploads\/2024\/08\/Gewurztraminer_Veilleur_de_Nuit_2022_bouteille_Gueth_rev.0-1.jpg",615,1080,false],"2048x2048":["https:\/\/www.vin-alsace-gueth.com\/wp-content\/uploads\/2024\/08\/Gewurztraminer_Veilleur_de_Nuit_2022_bouteille_Gueth_rev.0-1.jpg",615,1080,false],"woocommerce_thumbnail":["https:\/\/www.vin-alsace-gueth.com\/wp-content\/uploads\/2024\/08\/Gewurztraminer_Veilleur_de_Nuit_2022_bouteille_Gueth_rev.0-1-300x527.jpg",300,527,true],"woocommerce_single":["https:\/\/www.vin-alsace-gueth.com\/wp-content\/uploads\/2024\/08\/Gewurztraminer_Veilleur_de_Nuit_2022_bouteille_Gueth_rev.0-1-600x1054.jpg",600,1054,true],"woocommerce_gallery_thumbnail":["https:\/\/www.vin-alsace-gueth.com\/wp-content\/uploads\/2024\/08\/Gewurztraminer_Veilleur_de_Nuit_2022_bouteille_Gueth_rev.0-1-100x100.jpg",100,100,true]},"uagb_author_info":{"display_name":"68@Gueth@aDMin1XX","author_link":"https:\/\/www.vin-alsace-gueth.com\/de\/author\/68guethadmin1xx\/"},"uagb_comment_info":0,"uagb_excerpt":"Leidenschaftlicher und extrovertierter Nachtw\u00e4chter Gew\u00fcrztraminer Das Etikett zeigt Jean-Claude im Kost\u00fcm des Nachtw\u00e4chters anl\u00e4sslich des Dorffestes 1994. S\u00fc\u00dfer, fruchtiger und kraftvoller Wein. Nase : komplex und dicht nach Rose und Veilchen, begleitet von Honig- und Birnennoten, die von der \u00dcberreife zeugen. Mit einer weichen und ausgewogenen Pers\u00f6nlichkeit entwickelt der Mund eine sch\u00f6ne Cremigkeit und immer&hellip;","featured_img":"https:\/\/www.vin-alsace-gueth.com\/wp-content\/uploads\/2024\/08\/Gewurztraminer_Veilleur_de_Nuit_2022_bouteille_Gueth_rev.0-1.jpg","coauthors":[],"author_meta":{"author_link":"https:\/\/www.vin-alsace-gueth.com\/de\/author\/68guethadmin1xx\/","display_name":"68@Gueth@aDMin1XX"},"relative_dates":{"created":"Ver\u00f6ffentlicht 2\u00a0Jahren vor","modified":"Aktualisiert 2\u00a0Jahren vor"},"absolute_dates":{"created":"Ver\u00f6ffentlicht am 21. August 2024","modified":"Aktualisiert am 6. Oktober 2024"},"absolute_dates_time":{"created":"Ver\u00f6ffentlicht am 21. August 2024 8:52","modified":"Aktualisiert am 6. Oktober 2024 6:01"},"featured_img_caption":"","tax_additional":{"product_brand":{"linked":[],"unlinked":[],"slug":"product_brand","name":"Marken"},"product_type":{"linked":["<a href=\"https:\/\/www.vin-alsace-gueth.com\/de\/?taxonomy=product_type&#038;term=simple\" class=\"advgb-post-tax-term\">simple<\/a>"],"unlinked":["<span class=\"advgb-post-tax-term\">simple<\/span>"],"slug":"product_type","name":"Produkttyp"},"product_visibility":{"linked":["<a href=\"https:\/\/www.vin-alsace-gueth.com\/?taxonomy=product_visibility&#038;term=exclude-from-catalog\" class=\"advgb-post-tax-term\">exclude-from-catalog<\/a>","<a href=\"https:\/\/www.vin-alsace-gueth.com\/?taxonomy=product_visibility&#038;term=exclude-from-search\" class=\"advgb-post-tax-term\">exclude-from-search<\/a>","<a href=\"https:\/\/www.vin-alsace-gueth.com\/?taxonomy=product_visibility&#038;term=outofstock\" class=\"advgb-post-tax-term\">outofstock<\/a>"],"unlinked":["<span class=\"advgb-post-tax-term\">exclude-from-catalog<\/span>","<span class=\"advgb-post-tax-term\">exclude-from-search<\/span>","<span class=\"advgb-post-tax-term\">outofstock<\/span>"],"slug":"product_visibility","name":"Sichtbarkeit des Produkts"},"product_cat":{"linked":["<a href=\"https:\/\/www.vin-alsace-gueth.com\/de\/produktkategorie\/nach-inhalt-flasche\/75cl-flasche\/\" class=\"advgb-post-tax-term\">75cl Flasche<\/a>","<a href=\"https:\/\/www.vin-alsace-gueth.com\/de\/produktkategorie\/vins-de\/\" class=\"advgb-post-tax-term\">Alle Weine<\/a>","<a href=\"https:\/\/www.vin-alsace-gueth.com\/de\/produktkategorie\/gammes-de\/\" class=\"advgb-post-tax-term\">Bereiche<\/a>","<a href=\"https:\/\/www.vin-alsace-gueth.com\/de\/produktkategorie\/gammes-de\/douceur-de\/\" class=\"advgb-post-tax-term\">Douceur<\/a>","<a href=\"https:\/\/www.vin-alsace-gueth.com\/de\/produktkategorie\/essen-wein-paarungen\/\" class=\"advgb-post-tax-term\">Essen \/ Wein Paarungen<\/a>","<a href=\"https:\/\/www.vin-alsace-gueth.com\/de\/produktkategorie\/cepage-de\/gewurztraminer-de\/\" class=\"advgb-post-tax-term\">Gewurztraminer<\/a>","<a href=\"https:\/\/www.vin-alsace-gueth.com\/de\/produktkategorie\/vins-par-terroir-de\/mergel-kalk-terroir\/\" class=\"advgb-post-tax-term\">Mergel-Kalk-Terroir<\/a>","<a href=\"https:\/\/www.vin-alsace-gueth.com\/de\/produktkategorie\/essen-wein-paarungen\/aperitif-de\/\" class=\"advgb-post-tax-term\">Mit dem Aperitif<\/a>","<a href=\"https:\/\/www.vin-alsace-gueth.com\/de\/produktkategorie\/essen-wein-paarungen\/desserts-de\/\" class=\"advgb-post-tax-term\">Mit Desserts<\/a>","<a href=\"https:\/\/www.vin-alsace-gueth.com\/de\/produktkategorie\/nach-inhalt-flasche\/\" class=\"advgb-post-tax-term\">Nach Inhalt Flasche<\/a>","<a href=\"https:\/\/www.vin-alsace-gueth.com\/de\/produktkategorie\/vins-de\/vins-tranquilles-de\/\" class=\"advgb-post-tax-term\">Stille Weine<\/a>","<a href=\"https:\/\/www.vin-alsace-gueth.com\/de\/produktkategorie\/sucrosite-de\/suesse-weine\/\" class=\"advgb-post-tax-term\">S\u00fc\u00dfe Weine<\/a>","<a href=\"https:\/\/www.vin-alsace-gueth.com\/de\/produktkategorie\/vins-par-terroir-de\/\" class=\"advgb-post-tax-term\">Weine \/ Terroir<\/a>","<a href=\"https:\/\/www.vin-alsace-gueth.com\/de\/produktkategorie\/cepage-de\/\" class=\"advgb-post-tax-term\">Weine nach Rebsorte<\/a>","<a href=\"https:\/\/www.vin-alsace-gueth.com\/de\/produktkategorie\/sucrosite-de\/\" class=\"advgb-post-tax-term\">Weine nach S\u00fc\u00dfe<\/a>"],"unlinked":["<span class=\"advgb-post-tax-term\">75cl Flasche<\/span>","<span class=\"advgb-post-tax-term\">Alle Weine<\/span>","<span class=\"advgb-post-tax-term\">Bereiche<\/span>","<span class=\"advgb-post-tax-term\">Douceur<\/span>","<span class=\"advgb-post-tax-term\">Essen \/ Wein Paarungen<\/span>","<span class=\"advgb-post-tax-term\">Gewurztraminer<\/span>","<span class=\"advgb-post-tax-term\">Mergel-Kalk-Terroir<\/span>","<span class=\"advgb-post-tax-term\">Mit dem Aperitif<\/span>","<span class=\"advgb-post-tax-term\">Mit Desserts<\/span>","<span class=\"advgb-post-tax-term\">Nach Inhalt Flasche<\/span>","<span class=\"advgb-post-tax-term\">Stille Weine<\/span>","<span class=\"advgb-post-tax-term\">S\u00fc\u00dfe Weine<\/span>","<span class=\"advgb-post-tax-term\">Weine \/ Terroir<\/span>","<span class=\"advgb-post-tax-term\">Weine nach Rebsorte<\/span>","<span class=\"advgb-post-tax-term\">Weine nach S\u00fc\u00dfe<\/span>"],"slug":"product_cat","name":"Produkt-Kategorien"},"product_tag":{"linked":[],"unlinked":[],"slug":"product_tag","name":"Produkt Schlagw\u00f6rter"},"product_shipping_class":{"linked":[],"unlinked":[],"slug":"product_shipping_class","name":"Produkt Versandklasse"},"pos_product_visibility":{"linked":[],"unlinked":[],"slug":"pos_product_visibility","name":"POS-Produkt-Sichtbarkeit."},"pa_accompagnements-plats":{"linked":["<a href=\"https:\/\/www.vin-alsace-gueth.com\/de\/accompagnements-plats\/aperitif-de\/\" class=\"advgb-post-tax-term\">Aperitif<\/a>","<a href=\"https:\/\/www.vin-alsace-gueth.com\/de\/accompagnements-plats\/desserts-de\/\" class=\"advgb-post-tax-term\">Dessert<\/a>"],"unlinked":["<span class=\"advgb-post-tax-term\">Aperitif<\/span>","<span class=\"advgb-post-tax-term\">Dessert<\/span>"],"slug":"pa_accompagnements-plats","name":"Product Accompagnements Plats"},"pa_appellation":{"linked":["<a href=\"https:\/\/www.vin-alsace-gueth.com\/de\/appellation\/aoc-elsass\/\" class=\"advgb-post-tax-term\">AOC Elsass<\/a>"],"unlinked":["<span class=\"advgb-post-tax-term\">AOC Elsass<\/span>"],"slug":"pa_appellation","name":"Product Appellation"},"pa_cepage":{"linked":["<a href=\"https:\/\/www.vin-alsace-gueth.com\/de\/cepage\/gewurztraminer-de\/\" class=\"advgb-post-tax-term\">Gewurztraminer<\/a>"],"unlinked":["<span class=\"advgb-post-tax-term\">Gewurztraminer<\/span>"],"slug":"pa_cepage","name":"Product C\u00e9page"},"pa_contenance-btl":{"linked":["<a href=\"https:\/\/www.vin-alsace-gueth.com\/de\/contenance-btl\/75-cl-de\/\" class=\"advgb-post-tax-term\">75 cl<\/a>"],"unlinked":["<span class=\"advgb-post-tax-term\">75 cl<\/span>"],"slug":"pa_contenance-btl","name":"Product Volume"},"pa_gamme":{"linked":["<a href=\"https:\/\/www.vin-alsace-gueth.com\/de\/gamme\/sanftmut\/\" class=\"advgb-post-tax-term\">Sanftmut<\/a>"],"unlinked":["<span class=\"advgb-post-tax-term\">Sanftmut<\/span>"],"slug":"pa_gamme","name":"Product Gamme"},"pa_type-de-terroir":{"linked":["<a href=\"https:\/\/www.vin-alsace-gueth.com\/de\/type-de-terroir\/marlin-kalkstein\/\" class=\"advgb-post-tax-term\">Marlin-Kalkstein<\/a>"],"unlinked":["<span class=\"advgb-post-tax-term\">Marlin-Kalkstein<\/span>"],"slug":"pa_type-de-terroir","name":"Product Type de terroir"},"pa_type-de-vin":{"linked":["<a href=\"https:\/\/www.vin-alsace-gueth.com\/de\/type-de-vin\/sus-fruchtig\/\" class=\"advgb-post-tax-term\">S\u00fc\u00df &amp; Fruchtig<\/a>"],"unlinked":["<span class=\"advgb-post-tax-term\">S\u00fc\u00df &amp; Fruchtig<\/span>"],"slug":"pa_type-de-vin","name":"Product Type de vin"},"translation_priority":{"linked":["<a href=\"https:\/\/www.vin-alsace-gueth.com\/de\/?taxonomy=translation_priority&#038;term=facultatif-de\" class=\"advgb-post-tax-term\">Facultatif<\/a>"],"unlinked":["<span class=\"advgb-post-tax-term\">Facultatif<\/span>"],"slug":"translation_priority","name":"\u00dcbersetzungspriorit\u00e4ten"}},"series_order":"","_links":{"self":[{"href":"https:\/\/www.vin-alsace-gueth.com\/de\/wp-json\/wp\/v2\/product\/38797","targetHints":{"allow":["GET"]}}],"collection":[{"href":"https:\/\/www.vin-alsace-gueth.com\/de\/wp-json\/wp\/v2\/product"}],"about":[{"href":"https:\/\/www.vin-alsace-gueth.com\/de\/wp-json\/wp\/v2\/types\/product"}],"replies":[{"embeddable":true,"href":"https:\/\/www.vin-alsace-gueth.com\/de\/wp-json\/wp\/v2\/comments?post=38797"}],"wp:featuredmedia":[{"embeddable":true,"href":"https:\/\/www.vin-alsace-gueth.com\/de\/wp-json\/wp\/v2\/media\/38800"}],"wp:attachment":[{"href":"https:\/\/www.vin-alsace-gueth.com\/de\/wp-json\/wp\/v2\/media?parent=38797"}],"wp:term":[{"taxonomy":"product_brand","embeddable":true,"href":"https:\/\/www.vin-alsace-gueth.com\/de\/wp-json\/wp\/v2\/product_brand?post=38797"},{"taxonomy":"product_cat","embeddable":true,"href":"https:\/\/www.vin-alsace-gueth.com\/de\/wp-json\/wp\/v2\/product_cat?post=38797"},{"taxonomy":"product_tag","embeddable":true,"href":"https:\/\/www.vin-alsace-gueth.com\/de\/wp-json\/wp\/v2\/product_tag?post=38797"}],"curies":[{"name":"wp","href":"https:\/\/api.w.org\/{rel}","templated":true}]}}