    {"id":35046,"date":"2023-12-06T20:34:07","date_gmt":"2023-12-06T19:34:07","guid":{"rendered":"https:\/\/www.vin-alsace-gueth.com\/?post_type=product&#038;p=35046"},"modified":"2024-05-12T10:21:05","modified_gmt":"2024-05-12T08:21:05","slug":"riesling-vieilles-vignes-2021","status":"publish","type":"product","link":"https:\/\/www.vin-alsace-gueth.com\/de\/product\/riesling-vieilles-vignes-2021\/","title":{"rendered":"Riesling Vieilles Vignes 2021"},"content":{"rendered":"<p style=\"text-align: left;\"><strong>Reben :<\/strong> 50 Jahre, Parzelle der Ortschaft <strong>&#8222;Rebgarten&#8220;<\/strong>, was &#8222;Garten der Reben&#8220; bedeutet.<\/p>\n<p style=\"text-align: left;\"><strong>Terroir :<\/strong> L\u00f6ss- und Kalksteinschluff auf Ger\u00f6ll aus rosa Sandstein aus den Vogesen.<\/p>\n<p style=\"text-align: left;\"><strong>Im Keller :<\/strong> langsame und schonende Pressung; G\u00e4rung ohne Zugabe von Hefen; sehr m\u00e4\u00dfige Sulfitierung; Reifung 6 Monate auf Hefe in Edelstahltanks; Abf\u00fcllung auf dem Gut. Wir legen unsere Weine in Reserve, um ihnen ihr bestes Potenzial zu bieten.<\/p>\n<p>&nbsp;<\/p>\n<p style=\"text-align: left;\"><strong>Alkoholgehalt :<\/strong> 12,5 % vol.<\/p>\n<p style=\"text-align: left;\"><strong>Aufbewahrung :<\/strong> 2029 bis 2033<\/p>\n","protected":false},"excerpt":{"rendered":"<p style=\"text-align: left;\">Ein vornehmer, fesselnder und feinschmeckerischer Riesling Vieilles Vignes.<\/p>\n<p style=\"text-align: left;\">Trockener und mineralischer Wein.<\/p>\n<p><a href=\"https:\/\/www.vin-alsace-gueth.com\/wp-content\/uploads\/2021\/06\/DE-trocken-weiss-2.png\"><img decoding=\"async\" class=\"alignnone wp-image-19685\" src=\"https:\/\/www.vin-alsace-gueth.com\/wp-content\/uploads\/2021\/06\/DE-trocken-weiss-2.png\" alt=\"\" width=\"330\" height=\"91\" srcset=\"https:\/\/www.vin-alsace-gueth.com\/wp-content\/uploads\/2021\/06\/DE-trocken-weiss-2.png 1008w, https:\/\/www.vin-alsace-gueth.com\/wp-content\/uploads\/2021\/06\/DE-trocken-weiss-2-300x82.png 300w, https:\/\/www.vin-alsace-gueth.com\/wp-content\/uploads\/2021\/06\/DE-trocken-weiss-2-768x211.png 768w, https:\/\/www.vin-alsace-gueth.com\/wp-content\/uploads\/2021\/06\/DE-trocken-weiss-2-600x165.png 600w\" sizes=\"(max-width: 330px) 100vw, 330px\" \/><\/a><\/p>\n<p style=\"text-align: left;\"><strong>Nase :<\/strong> intensive Zitrusfr\u00fcchte und wei\u00dfe Bl\u00fcten.<\/p>\n<p style=\"text-align: left;\"><strong>Geschmack:<\/strong> elegant, seidig und frisch, Noten von reifen Zitronen, wei\u00dfen Bl\u00fcten, Linden und Feuerstein.<\/p>\n<p style=\"text-align: left;\"><strong>Muriels Tipp :<\/strong> Ausgezeichneter trockener Wein zum Aperitif. Auch mit rotem Thunfisch-Carpaccio, Sushi, Doradefilet mit Pilzen, Rotbarbe mit Seeigelcreme, Orangensteinbutt, Seezunge Meuni\u00e8re, Crottin de Chavignol, Chabichou du Poitou, Bleu des Shepherds.<\/p>\n","protected":false},"author":447,"featured_media":27360,"comment_status":"open","ping_status":"closed","template":"","meta":{"_uag_custom_page_level_css":"","advgb_blocks_editor_width":"","advgb_blocks_columns_visual_guide":"","_monsterinsights_skip_tracking":false,"_monsterinsights_sitenote_active":false,"_monsterinsights_sitenote_note":"","_monsterinsights_sitenote_category":0,"site-sidebar-layout":"default","site-content-layout":"","ast-site-content-layout":"default","site-content-style":"default","site-sidebar-style":"default","ast-global-header-display":"","ast-banner-title-visibility":"","ast-main-header-display":"","ast-hfb-above-header-display":"","ast-hfb-below-header-display":"","ast-hfb-mobile-header-display":"","site-post-title":"","ast-breadcrumbs-content":null,"ast-featured-img":"","footer-sml-layout":"","ast-disable-related-posts":"","theme-transparent-header-meta":"default","adv-header-id-meta":"","stick-header-meta":"enabled","header-above-stick-meta":"","header-main-stick-meta":"on","header-below-stick-meta":"","astra-migrate-meta-layouts":"set","ast-page-background-enabled":"default","ast-page-background-meta":{"desktop":{"background-color":"","background-image":"","background-repeat":"repeat","background-position":"center center","background-size":"auto","background-attachment":"scroll","background-type":"","background-media":"","overlay-type":"","overlay-color":"","overlay-opacity":"","overlay-gradient":""},"tablet":{"background-color":"","background-image":"","background-repeat":"repeat","background-position":"center center","background-size":"auto","background-attachment":"scroll","background-type":"","background-media":"","overlay-type":"","overlay-color":"","overlay-opacity":"","overlay-gradient":""},"mobile":{"background-color":"","background-image":"","background-repeat":"repeat","background-position":"center center","background-size":"auto","background-attachment":"scroll","background-type":"","background-media":"","overlay-type":"","overlay-color":"","overlay-opacity":"","overlay-gradient":""}},"ast-content-background-meta":{"desktop":{"background-color":"var(--ast-global-color-5)","background-image":"","background-repeat":"repeat","background-position":"center center","background-size":"auto","background-attachment":"scroll","background-type":"","background-media":"","overlay-type":"","overlay-color":"","overlay-opacity":"","overlay-gradient":""},"tablet":{"background-color":"var(--ast-global-color-5)","background-image":"","background-repeat":"repeat","background-position":"center center","background-size":"auto","background-attachment":"scroll","background-type":"","background-media":"","overlay-type":"","overlay-color":"","overlay-opacity":"","overlay-gradient":""},"mobile":{"background-color":"var(--ast-global-color-5)","background-image":"","background-repeat":"repeat","background-position":"center center","background-size":"auto","background-attachment":"scroll","background-type":"","background-media":"","overlay-type":"","overlay-color":"","overlay-opacity":"","overlay-gradient":""}}},"product_brand":[],"product_cat":[855,552,551,539,831,550,546,545,542,849,570,555,826,579,556,557,575,544,912,899,907,904],"product_tag":[],"class_list":{"0":"post-35046","1":"product","2":"type-product","3":"status-publish","4":"has-post-thumbnail","6":"product_cat-75cl-flasche","7":"product_cat-vins-de","8":"product_cat-gammes-de","9":"product_cat-essen-wein-paarungen","10":"product_cat-mergel-kalk-terroir","11":"product_cat-aperitif-de","12":"product_cat-poissons-de","13":"product_cat-legumes-de","14":"product_cat-kase-de","15":"product_cat-nach-inhalt-flasche","16":"product_cat-riesling-de","17":"product_cat-vins-tranquilles-de","18":"product_cat-terre-natale-de","19":"product_cat-trockene-weine","20":"product_cat-vins-par-terroir-de","21":"product_cat-cepage-de","22":"product_cat-sucrosite-de","23":"product_cat-mit-meeresfruechten","24":"product_cat-welcher-elsaesser-wein-zu-sauerkraut","25":"product_cat-welcher-elsasser-wein-zu-spargel","26":"product_cat-welcher-elsasser-wein-zu-sushi","27":"product_cat-welcher-wein-zu-tartiflette","28":"pa_accompagnements-plats-aperitif-de","29":"pa_accompagnements-plats-fische","30":"pa_accompagnements-plats-gemuse","31":"pa_accompagnements-plats-kase","32":"pa_appellation-aoc-elsass","33":"pa_cepage-riesling-de","34":"pa_contenance-btl-75-cl-de","35":"pa_gamme-heimat","36":"pa_type-de-terroir-marno-calcaro-gruteux","37":"pa_type-de-vin-trocken-mineralisch","38":"desktop-align-center","39":"tablet-align-center","40":"mobile-align-center","41":"ast-product-gallery-layout-vertical","42":"ast-product-tabs-layout-horizontal","44":"first","45":"outofstock","46":"taxable","47":"shipping-taxable","48":"purchasable","49":"product-type-simple"},"uagb_featured_image_src":{"full":["https:\/\/www.vin-alsace-gueth.com\/wp-content\/uploads\/2022\/12\/Riesling_Vieilles_Vignes_bouteille_Gueth_rev.0-1.jpg",615,1080,false],"thumbnail":["https:\/\/www.vin-alsace-gueth.com\/wp-content\/uploads\/2022\/12\/Riesling_Vieilles_Vignes_bouteille_Gueth_rev.0-1-150x150.jpg",150,150,true],"medium":["https:\/\/www.vin-alsace-gueth.com\/wp-content\/uploads\/2022\/12\/Riesling_Vieilles_Vignes_bouteille_Gueth_rev.0-1-171x300.jpg",171,300,true],"medium_large":["https:\/\/www.vin-alsace-gueth.com\/wp-content\/uploads\/2022\/12\/Riesling_Vieilles_Vignes_bouteille_Gueth_rev.0-1-768x1350.jpg",768,1350,true],"large":["https:\/\/www.vin-alsace-gueth.com\/wp-content\/uploads\/2022\/12\/Riesling_Vieilles_Vignes_bouteille_Gueth_rev.0-1-583x1024.jpg",583,1024,true],"thumblist":["https:\/\/www.vin-alsace-gueth.com\/wp-content\/uploads\/2022\/12\/Riesling_Vieilles_Vignes_bouteille_Gueth_rev.0-1-300x300.jpg",300,300,true],"thumbrelated":["https:\/\/www.vin-alsace-gueth.com\/wp-content\/uploads\/2022\/12\/Riesling_Vieilles_Vignes_bouteille_Gueth_rev.0-1.jpg",285,500,false],"meccarouselthumb":["https:\/\/www.vin-alsace-gueth.com\/wp-content\/uploads\/2022\/12\/Riesling_Vieilles_Vignes_bouteille_Gueth_rev.0-1-474x324.jpg",474,324,true],"gridsquare":["https:\/\/www.vin-alsace-gueth.com\/wp-content\/uploads\/2022\/12\/Riesling_Vieilles_Vignes_bouteille_Gueth_rev.0-1-391x260.jpg",391,260,true],"tileview":["https:\/\/www.vin-alsace-gueth.com\/wp-content\/uploads\/2022\/12\/Riesling_Vieilles_Vignes_bouteille_Gueth_rev.0-1-300x400.jpg",300,400,true],"1536x1536":["https:\/\/www.vin-alsace-gueth.com\/wp-content\/uploads\/2022\/12\/Riesling_Vieilles_Vignes_bouteille_Gueth_rev.0-1.jpg",615,1080,false],"2048x2048":["https:\/\/www.vin-alsace-gueth.com\/wp-content\/uploads\/2022\/12\/Riesling_Vieilles_Vignes_bouteille_Gueth_rev.0-1.jpg",615,1080,false],"woocommerce_thumbnail":["https:\/\/www.vin-alsace-gueth.com\/wp-content\/uploads\/2022\/12\/Riesling_Vieilles_Vignes_bouteille_Gueth_rev.0-1-300x527.jpg",300,527,true],"woocommerce_single":["https:\/\/www.vin-alsace-gueth.com\/wp-content\/uploads\/2022\/12\/Riesling_Vieilles_Vignes_bouteille_Gueth_rev.0-1-600x1055.jpg",600,1055,true],"woocommerce_gallery_thumbnail":["https:\/\/www.vin-alsace-gueth.com\/wp-content\/uploads\/2022\/12\/Riesling_Vieilles_Vignes_bouteille_Gueth_rev.0-1-100x100.jpg",100,100,true]},"uagb_author_info":{"display_name":"68@Gueth@aDMin1XX","author_link":"https:\/\/www.vin-alsace-gueth.com\/de\/author\/68guethadmin1xx\/"},"uagb_comment_info":0,"uagb_excerpt":"Ein vornehmer, fesselnder und feinschmeckerischer Riesling Vieilles Vignes. Trockener und mineralischer Wein. Nase : intensive Zitrusfr\u00fcchte und wei\u00dfe Bl\u00fcten. Geschmack: elegant, seidig und frisch, Noten von reifen Zitronen, wei\u00dfen Bl\u00fcten, Linden und Feuerstein. Muriels Tipp : Ausgezeichneter trockener Wein zum Aperitif. Auch mit rotem Thunfisch-Carpaccio, Sushi, Doradefilet mit Pilzen, Rotbarbe mit Seeigelcreme, Orangensteinbutt, Seezunge Meuni\u00e8re,&hellip;","featured_img":"https:\/\/www.vin-alsace-gueth.com\/wp-content\/uploads\/2022\/12\/Riesling_Vieilles_Vignes_bouteille_Gueth_rev.0-1.jpg","coauthors":[],"author_meta":{"author_link":"https:\/\/www.vin-alsace-gueth.com\/de\/author\/68guethadmin1xx\/","display_name":"68@Gueth@aDMin1XX"},"relative_dates":{"created":"Ver\u00f6ffentlicht 2\u00a0Jahren vor","modified":"Aktualisiert 2\u00a0Jahren vor"},"absolute_dates":{"created":"Ver\u00f6ffentlicht am 6. Dezember 2023","modified":"Aktualisiert am 12. Mai 2024"},"absolute_dates_time":{"created":"Ver\u00f6ffentlicht am 6. Dezember 2023 20:34","modified":"Aktualisiert am 12. Mai 2024 10:21"},"featured_img_caption":"","tax_additional":{"product_brand":{"linked":[],"unlinked":[],"slug":"product_brand","name":"Marken"},"product_type":{"linked":["<a href=\"https:\/\/www.vin-alsace-gueth.com\/de\/?taxonomy=product_type&#038;term=simple\" class=\"advgb-post-tax-term\">simple<\/a>"],"unlinked":["<span class=\"advgb-post-tax-term\">simple<\/span>"],"slug":"product_type","name":"Produkttyp"},"product_visibility":{"linked":["<a href=\"https:\/\/www.vin-alsace-gueth.com\/?taxonomy=product_visibility&#038;term=exclude-from-catalog\" class=\"advgb-post-tax-term\">exclude-from-catalog<\/a>","<a href=\"https:\/\/www.vin-alsace-gueth.com\/?taxonomy=product_visibility&#038;term=exclude-from-search\" class=\"advgb-post-tax-term\">exclude-from-search<\/a>","<a href=\"https:\/\/www.vin-alsace-gueth.com\/?taxonomy=product_visibility&#038;term=outofstock\" class=\"advgb-post-tax-term\">outofstock<\/a>"],"unlinked":["<span class=\"advgb-post-tax-term\">exclude-from-catalog<\/span>","<span class=\"advgb-post-tax-term\">exclude-from-search<\/span>","<span class=\"advgb-post-tax-term\">outofstock<\/span>"],"slug":"product_visibility","name":"Sichtbarkeit des Produkts"},"product_cat":{"linked":["<a href=\"https:\/\/www.vin-alsace-gueth.com\/de\/produktkategorie\/nach-inhalt-flasche\/75cl-flasche\/\" class=\"advgb-post-tax-term\">75cl Flasche<\/a>","<a href=\"https:\/\/www.vin-alsace-gueth.com\/de\/produktkategorie\/vins-de\/\" class=\"advgb-post-tax-term\">Alle Weine<\/a>","<a href=\"https:\/\/www.vin-alsace-gueth.com\/de\/produktkategorie\/gammes-de\/\" class=\"advgb-post-tax-term\">Bereiche<\/a>","<a href=\"https:\/\/www.vin-alsace-gueth.com\/de\/produktkategorie\/essen-wein-paarungen\/\" class=\"advgb-post-tax-term\">Essen \/ Wein Paarungen<\/a>","<a href=\"https:\/\/www.vin-alsace-gueth.com\/de\/produktkategorie\/vins-par-terroir-de\/mergel-kalk-terroir\/\" class=\"advgb-post-tax-term\">Mergel-Kalk-Terroir<\/a>","<a href=\"https:\/\/www.vin-alsace-gueth.com\/de\/produktkategorie\/essen-wein-paarungen\/aperitif-de\/\" class=\"advgb-post-tax-term\">Mit dem Aperitif<\/a>","<a href=\"https:\/\/www.vin-alsace-gueth.com\/de\/produktkategorie\/essen-wein-paarungen\/poissons-de\/\" class=\"advgb-post-tax-term\">Mit Fisch<\/a>","<a href=\"https:\/\/www.vin-alsace-gueth.com\/de\/produktkategorie\/essen-wein-paarungen\/legumes-de\/\" class=\"advgb-post-tax-term\">Mit Gem\u00fcse<\/a>","<a href=\"https:\/\/www.vin-alsace-gueth.com\/de\/produktkategorie\/essen-wein-paarungen\/kase-de\/\" class=\"advgb-post-tax-term\">Mit K\u00e4se<\/a>","<a href=\"https:\/\/www.vin-alsace-gueth.com\/de\/produktkategorie\/nach-inhalt-flasche\/\" class=\"advgb-post-tax-term\">Nach Inhalt Flasche<\/a>","<a href=\"https:\/\/www.vin-alsace-gueth.com\/de\/produktkategorie\/cepage-de\/riesling-de\/\" class=\"advgb-post-tax-term\">Riesling<\/a>","<a href=\"https:\/\/www.vin-alsace-gueth.com\/de\/produktkategorie\/vins-de\/vins-tranquilles-de\/\" class=\"advgb-post-tax-term\">Stille Weine<\/a>","<a href=\"https:\/\/www.vin-alsace-gueth.com\/de\/produktkategorie\/gammes-de\/terre-natale-de\/\" class=\"advgb-post-tax-term\">Terre Natale<\/a>","<a href=\"https:\/\/www.vin-alsace-gueth.com\/de\/produktkategorie\/sucrosite-de\/trockene-weine\/\" class=\"advgb-post-tax-term\">Trockene Weine<\/a>","<a href=\"https:\/\/www.vin-alsace-gueth.com\/de\/produktkategorie\/vins-par-terroir-de\/\" class=\"advgb-post-tax-term\">Weine \/ Terroir<\/a>","<a href=\"https:\/\/www.vin-alsace-gueth.com\/de\/produktkategorie\/cepage-de\/\" class=\"advgb-post-tax-term\">Weine nach Rebsorte<\/a>","<a href=\"https:\/\/www.vin-alsace-gueth.com\/de\/produktkategorie\/sucrosite-de\/\" class=\"advgb-post-tax-term\">Weine nach S\u00fc\u00dfe<\/a>","<a href=\"https:\/\/www.vin-alsace-gueth.com\/de\/produktkategorie\/essen-wein-paarungen\/mit-meeresfruechten\/\" class=\"advgb-post-tax-term\">Welcher Wein zu Meeresfr\u00fcchten<\/a>","<a href=\"https:\/\/www.vin-alsace-gueth.com\/de\/produktkategorie\/essen-wein-paarungen\/welcher-elsaesser-wein-zu-sauerkraut\/\" class=\"advgb-post-tax-term\">Welcher Wein zu Sauerkraut<\/a>","<a href=\"https:\/\/www.vin-alsace-gueth.com\/de\/produktkategorie\/essen-wein-paarungen\/welcher-elsasser-wein-zu-spargel\/\" class=\"advgb-post-tax-term\">Welcher Wein zu Spargel<\/a>","<a href=\"https:\/\/www.vin-alsace-gueth.com\/de\/produktkategorie\/essen-wein-paarungen\/welcher-elsasser-wein-zu-sushi\/\" class=\"advgb-post-tax-term\">Welcher Wein zu Sushi<\/a>","<a href=\"https:\/\/www.vin-alsace-gueth.com\/de\/produktkategorie\/essen-wein-paarungen\/welcher-wein-zu-tartiflette\/\" class=\"advgb-post-tax-term\">Welcher Wein zu Tartiflette<\/a>"],"unlinked":["<span class=\"advgb-post-tax-term\">75cl Flasche<\/span>","<span class=\"advgb-post-tax-term\">Alle Weine<\/span>","<span class=\"advgb-post-tax-term\">Bereiche<\/span>","<span class=\"advgb-post-tax-term\">Essen \/ Wein Paarungen<\/span>","<span class=\"advgb-post-tax-term\">Mergel-Kalk-Terroir<\/span>","<span class=\"advgb-post-tax-term\">Mit dem Aperitif<\/span>","<span class=\"advgb-post-tax-term\">Mit Fisch<\/span>","<span class=\"advgb-post-tax-term\">Mit Gem\u00fcse<\/span>","<span class=\"advgb-post-tax-term\">Mit K\u00e4se<\/span>","<span class=\"advgb-post-tax-term\">Nach Inhalt Flasche<\/span>","<span class=\"advgb-post-tax-term\">Riesling<\/span>","<span class=\"advgb-post-tax-term\">Stille Weine<\/span>","<span class=\"advgb-post-tax-term\">Terre Natale<\/span>","<span class=\"advgb-post-tax-term\">Trockene Weine<\/span>","<span class=\"advgb-post-tax-term\">Weine \/ Terroir<\/span>","<span class=\"advgb-post-tax-term\">Weine nach Rebsorte<\/span>","<span class=\"advgb-post-tax-term\">Weine nach S\u00fc\u00dfe<\/span>","<span class=\"advgb-post-tax-term\">Welcher Wein zu Meeresfr\u00fcchten<\/span>","<span class=\"advgb-post-tax-term\">Welcher Wein zu Sauerkraut<\/span>","<span class=\"advgb-post-tax-term\">Welcher Wein zu Spargel<\/span>","<span class=\"advgb-post-tax-term\">Welcher Wein zu Sushi<\/span>","<span class=\"advgb-post-tax-term\">Welcher Wein zu Tartiflette<\/span>"],"slug":"product_cat","name":"Produkt-Kategorien"},"product_tag":{"linked":[],"unlinked":[],"slug":"product_tag","name":"Produkt Schlagw\u00f6rter"},"product_shipping_class":{"linked":[],"unlinked":[],"slug":"product_shipping_class","name":"Produkt Versandklasse"},"pos_product_visibility":{"linked":[],"unlinked":[],"slug":"pos_product_visibility","name":"POS-Produkt-Sichtbarkeit."},"pa_accompagnements-plats":{"linked":["<a href=\"https:\/\/www.vin-alsace-gueth.com\/de\/accompagnements-plats\/aperitif-de\/\" class=\"advgb-post-tax-term\">Aperitif<\/a>","<a href=\"https:\/\/www.vin-alsace-gueth.com\/de\/accompagnements-plats\/fische\/\" class=\"advgb-post-tax-term\">Fische<\/a>","<a href=\"https:\/\/www.vin-alsace-gueth.com\/de\/accompagnements-plats\/gemuse\/\" class=\"advgb-post-tax-term\">Gem\u00fcse<\/a>","<a href=\"https:\/\/www.vin-alsace-gueth.com\/de\/accompagnements-plats\/kase\/\" class=\"advgb-post-tax-term\">K\u00e4se<\/a>"],"unlinked":["<span class=\"advgb-post-tax-term\">Aperitif<\/span>","<span class=\"advgb-post-tax-term\">Fische<\/span>","<span class=\"advgb-post-tax-term\">Gem\u00fcse<\/span>","<span class=\"advgb-post-tax-term\">K\u00e4se<\/span>"],"slug":"pa_accompagnements-plats","name":"Product Accompagnements Plats"},"pa_appellation":{"linked":["<a href=\"https:\/\/www.vin-alsace-gueth.com\/de\/appellation\/aoc-elsass\/\" class=\"advgb-post-tax-term\">AOC Elsass<\/a>"],"unlinked":["<span class=\"advgb-post-tax-term\">AOC Elsass<\/span>"],"slug":"pa_appellation","name":"Product Appellation"},"pa_cepage":{"linked":["<a href=\"https:\/\/www.vin-alsace-gueth.com\/de\/cepage\/riesling-de\/\" class=\"advgb-post-tax-term\">Riesling<\/a>"],"unlinked":["<span class=\"advgb-post-tax-term\">Riesling<\/span>"],"slug":"pa_cepage","name":"Product C\u00e9page"},"pa_contenance-btl":{"linked":["<a href=\"https:\/\/www.vin-alsace-gueth.com\/de\/contenance-btl\/75-cl-de\/\" class=\"advgb-post-tax-term\">75 cl<\/a>"],"unlinked":["<span class=\"advgb-post-tax-term\">75 cl<\/span>"],"slug":"pa_contenance-btl","name":"Product Volume"},"pa_gamme":{"linked":["<a href=\"https:\/\/www.vin-alsace-gueth.com\/de\/gamme\/heimat\/\" class=\"advgb-post-tax-term\">Heimat<\/a>"],"unlinked":["<span class=\"advgb-post-tax-term\">Heimat<\/span>"],"slug":"pa_gamme","name":"Product Gamme"},"pa_type-de-terroir":{"linked":["<a href=\"https:\/\/www.vin-alsace-gueth.com\/de\/type-de-terroir\/marno-calcaro-gruteux\/\" class=\"advgb-post-tax-term\">Marno-calcaro-gruteux<\/a>"],"unlinked":["<span class=\"advgb-post-tax-term\">Marno-calcaro-gruteux<\/span>"],"slug":"pa_type-de-terroir","name":"Product Type de terroir"},"pa_type-de-vin":{"linked":["<a href=\"https:\/\/www.vin-alsace-gueth.com\/de\/type-de-vin\/trocken-mineralisch\/\" class=\"advgb-post-tax-term\">Trocken &amp; Mineralisch<\/a>"],"unlinked":["<span class=\"advgb-post-tax-term\">Trocken &amp; Mineralisch<\/span>"],"slug":"pa_type-de-vin","name":"Product Type de vin"},"translation_priority":{"linked":["<a href=\"https:\/\/www.vin-alsace-gueth.com\/de\/?taxonomy=translation_priority&#038;term=facultatif-de\" class=\"advgb-post-tax-term\">Facultatif<\/a>"],"unlinked":["<span class=\"advgb-post-tax-term\">Facultatif<\/span>"],"slug":"translation_priority","name":"\u00dcbersetzungspriorit\u00e4ten"}},"series_order":"","_links":{"self":[{"href":"https:\/\/www.vin-alsace-gueth.com\/de\/wp-json\/wp\/v2\/product\/35046","targetHints":{"allow":["GET"]}}],"collection":[{"href":"https:\/\/www.vin-alsace-gueth.com\/de\/wp-json\/wp\/v2\/product"}],"about":[{"href":"https:\/\/www.vin-alsace-gueth.com\/de\/wp-json\/wp\/v2\/types\/product"}],"replies":[{"embeddable":true,"href":"https:\/\/www.vin-alsace-gueth.com\/de\/wp-json\/wp\/v2\/comments?post=35046"}],"wp:featuredmedia":[{"embeddable":true,"href":"https:\/\/www.vin-alsace-gueth.com\/de\/wp-json\/wp\/v2\/media\/27360"}],"wp:attachment":[{"href":"https:\/\/www.vin-alsace-gueth.com\/de\/wp-json\/wp\/v2\/media?parent=35046"}],"wp:term":[{"taxonomy":"product_brand","embeddable":true,"href":"https:\/\/www.vin-alsace-gueth.com\/de\/wp-json\/wp\/v2\/product_brand?post=35046"},{"taxonomy":"product_cat","embeddable":true,"href":"https:\/\/www.vin-alsace-gueth.com\/de\/wp-json\/wp\/v2\/product_cat?post=35046"},{"taxonomy":"product_tag","embeddable":true,"href":"https:\/\/www.vin-alsace-gueth.com\/de\/wp-json\/wp\/v2\/product_tag?post=35046"}],"curies":[{"name":"wp","href":"https:\/\/api.w.org\/{rel}","templated":true}]}}