    {"id":29891,"date":"2023-09-12T16:31:49","date_gmt":"2023-09-12T14:31:49","guid":{"rendered":"https:\/\/www.vin-alsace-gueth.com\/?post_type=product&#038;p=29891"},"modified":"2025-11-08T07:06:20","modified_gmt":"2025-11-08T06:06:20","slug":"voucher-geschenk-extra-vip-angebot-privater-unabhangiger-winzer","status":"publish","type":"product","link":"https:\/\/www.vin-alsace-gueth.com\/de\/product\/voucher-geschenk-extra-vip-angebot-privater-unabhangiger-winzer\/","title":{"rendered":"Voucher Geschenk : Extra VIP-Angebot &#8222;Privater unabh\u00e4ngiger Winzer&#8220; f\u00fcr 2 Personen"},"content":{"rendered":"<p><span style=\"color: #c8693a;\">Sie haben Zugang zu einem v\u00f6llig unabh\u00e4ngigen und privaten Raum: Haust\u00fcr, Flur, Schlafzimmer, Badezimmer, nur Sie haben Zugang. Sie sind f\u00fcr die Dauer Ihres Aufenthaltes ganz zu Hause.<\/span><\/p>\n<ul>\n<li>Willkommen im Keller des Winzers und gratis Aperitif (Wein oder Traubensaft),<\/li>\n<li>Privater Eingang mit sicherem Code,<\/li>\n<li>Modernes privates Duschbad mit allem Komfort,<\/li>\n<li>2 gro\u00dfe trennbare \/ zusammenstellbare Betten (2 x 90cm x 200cm),<\/li>\n<li>100cm Flachbildschirm,<\/li>\n<li>kostenloses WLAN, gesichert durch VPN,<\/li>\n<li>Kontinentales Fr\u00fchst\u00fcck, das im Weinkeller des Winzers serviert wird,<\/li>\n<li>Kellerbesichtigung und Verkostung angeboten,<\/li>\n<li>Geschlossener und sicherer Raum f\u00fcr Fahrr\u00e4der,<\/li>\n<li>Reservierter PKW- und Motorradparkplatz in unmittelbarer N\u00e4he des Zimmers,<\/li>\n<li>Reservierter Parkplatz f\u00fcr Wohnmobile,<\/li>\n<li>G\u00e4stezimmer mit dem Label 3 Cl\u00e9s Cl\u00e9Vacances ausgezeichnet,<\/li>\n<li>5-Sterne-Bewertung auf Airbnb,<\/li>\n<li>Kostenlose Kurtaxe,<\/li>\n<\/ul>\n<p>Wir bieten unseren G\u00e4sten an, sie bei der Buchung eines Abendessens in einem der nahegelegenen Restaurants zu unterst\u00fctzen: Restaurant <a href=\"https:\/\/www.bellevue-restaurant.fr\/\" target=\"_blank\" rel=\"noopener\">Belle Vue<\/a> (traditionell), <a href=\"https:\/\/www.taverne-medievale.com\/\" target=\"_blank\" rel=\"noopener\">La Taverne m\u00e9di\u00e9vale<\/a> (traditionell els\u00e4ssisch), <a href=\"https:\/\/www.restaurant-laltevic.fr\/\" target=\"_blank\" rel=\"noopener\">l&#8217;Alt\u00e9vic<\/a> (gastronomisch), Restaurant <a href=\"https:\/\/www.facebook.com\/p\/Restaurant-Utopie-100063556959585\/?locale=fr_FR\" target=\"_blank\" rel=\"noopener\">Utopie<\/a> (gastronomisch) oder l&#8216;<a href=\"https:\/\/aubergesaintmarc.fr\/\" target=\"_blank\" rel=\"noopener\">Auberge Saint Marc<\/a> (Auberge \/ traditionell).<\/p>\n","protected":false},"excerpt":{"rendered":"<div>\n<div dir=\"ltr\">\n<h5 style=\"text-align: left;\"><\/h5>\n<\/div>\n<\/div>\n<div>\n<div dir=\"ltr\">\n<p>Weintouristischer Service f\u00fcr 2 Personen inklusive:<\/p>\n<ul>\n<li>Empfang im Weinkeller des Winzers und kostenloser Aperitif bei Ihrer Ankunft (Wein, Cr\u00e9mant oder Traubensaft).<\/li>\n<li>Ein Nachts in unserem G\u00e4stezimmer &#8222;<span style=\"color: #c8693a;\"><strong>la chambre aux bouteilles<\/strong><\/span>&#8220; im Herzen der Weinberge,<\/li>\n<li>Das kontinentale Fr\u00fchst\u00fcck wird Ihnen im Weinkeller des Winzers serviert<\/li>\n<li>Kostenlose Verkostung von els\u00e4ssischen Bio-Weinen und Cr\u00e9mants<\/li>\n<li>Parkplatz f\u00fcr Autos, Motorr\u00e4der in unmittelbarer N\u00e4he des Zugangs zu Ihrer Suite<\/li>\n<li>Aufladem\u00f6glichkeit f\u00fcr Ihr Elektrofahrzeug (kostenpflichtig, gegen Aufpreis)<\/li>\n<li>Angebotene Kurtaxe<\/li>\n<li><span style=\"color: #c8693a;\">Die <strong>VIP-Entdeckung<\/strong> unseres Berufs und unseres Weinguts<\/span>\u00a0mit den G\u00fctesiegeln AB (Agriculture Biologique) und HVE (Haute Valeur Environnementale): Muriel begleitet Sie und erkl\u00e4rt Ihnen ihre Philosophie, wie sie ihre Weinberge f\u00fchrt und ihre Weine ausbaut (ca. 2 Stunden),\n<ul>\n<li>Wenn das Wetter es zul\u00e4sst, machen Sie einen Spaziergang, um unsere Bio-Weinberge zu entdecken,<\/li>\n<li>Muriel wird Sie in ihren Weinkeller f\u00fchren, wo Sie die Anlagen zur Weinherstellung besichtigen k\u00f6nnen,<\/li>\n<li>Muriel wird Ihnen ihre Weine bei einer reich kommentierten Verkostung vorstellen,<\/li>\n<li>Am Ende dieser Leistung w\u00e4hlen Sie 2 Flaschen aus dem Sortiment TRADITION.<\/li>\n<li>Sie erhalten eine Auswahl von 12 Flaschen aus den Sortimenten TRADITION und TERRE NATALE:\n<ul>\n<li>1 x <a href=\"https:\/\/www.vin-alsace-gueth.com\/de\/product\/pinot-blanc-auxerrois-2018\/\">PinotBlanc<\/a><\/li>\n<li>1 x <a href=\"https:\/\/www.vin-alsace-gueth.com\/de\/product\/muscat-2020\/\">Muscat<\/a><\/li>\n<li>1 x <a href=\"https:\/\/www.vin-alsace-gueth.com\/de\/product\/riesling-reserve-2020\/\">Riesling R\u00e9serve<\/a><\/li>\n<li>1 x <a href=\"https:\/\/www.vin-alsace-gueth.com\/de\/product\/pinot-gris-reserve-2019\/\">Pinot Gris R\u00e9serve<\/a><\/li>\n<li>1 x <a href=\"https:\/\/www.vin-alsace-gueth.com\/de\/product\/gewurztraminer-reserve-2019\/\">Gewurztraminer R\u00e9serve<\/a><\/li>\n<li>1 x <a href=\"https:\/\/www.vin-alsace-gueth.com\/de\/product\/pinot-noir-2022\/\">Pinot Noir<\/a><\/li>\n<li>1 x <a href=\"https:\/\/www.vin-alsace-gueth.com\/de\/product\/les-gres-roses-2020\/\">Les Gr\u00e8s Roses<\/a><\/li>\n<li>1 x <a href=\"https:\/\/www.vin-alsace-gueth.com\/de\/product\/les-roches-dorees-2020\/\">Les Roches Dor\u00e9es<\/a><\/li>\n<li>1 x <a href=\"https:\/\/www.vin-alsace-gueth.com\/de\/product\/riesling-vieilles-vignes-2021\/\">Riesling Vieilles Vignes<\/a><\/li>\n<li>1 x <a href=\"https:\/\/www.vin-alsace-gueth.com\/de\/product\/pinot-gris-vieilles-vignes-2020\/\">Pinot Gris Vieilles Vignes<\/a><\/li>\n<li>1 x <a href=\"https:\/\/www.vin-alsace-gueth.com\/de\/?post_type=product&amp;p=29838\">Pinot Noir Barrique<\/a><\/li>\n<li>1 x <a href=\"https:\/\/www.vin-alsace-gueth.com\/de\/product\/gewurztraminer-gaensbrunnen-2021\/\">Gewurztraminer Gaensbrunnen<\/a><\/li>\n<\/ul>\n<\/li>\n<\/ul>\n<\/li>\n<\/ul>\n<div dir=\"ltr\">\n<p><strong>Hunde sind unter Vorbehalt und Bedingungen erlaubt: <\/strong>Bitte kontaktieren Sie uns vor einer Buchung mit Hund telefonisch, damit wir Ihnen die M\u00f6glichkeiten best\u00e4tigen k\u00f6nnen.<\/p>\n<p><a href=\"https:\/\/www.vin-alsace-gueth.com\/de\/geschaftsbedingungen\/#R\u00fcckerstattungs\">R\u00fcckerstattungs oder Verschiebungsbedingungen<\/a><\/p>\n<\/div>\n<div>\n<p><strong>Nach Best\u00e4tigung Ihrer Bestellung und Eingang Ihrer Zahlung erhalten Sie einen ausdruckbaren Gutschein im PDF-Format, der Ihren Geschenkgutschein materialisiert.<\/strong><\/p>\n<p><strong>Sie brauchen ihn nur noch zu verschenken&#8230;<\/strong><\/p>\n<p>G\u00fcltigkeit: 1 Jahr ab dem Bestelldatum<\/p>\n<p>&nbsp;<\/p>\n<\/div>\n<\/div>\n<\/div>\n","protected":false},"author":131,"featured_media":57648,"comment_status":"open","ping_status":"closed","template":"","meta":{"_uag_custom_page_level_css":"","advgb_blocks_editor_width":"","advgb_blocks_columns_visual_guide":"","_monsterinsights_skip_tracking":false,"_monsterinsights_sitenote_active":false,"_monsterinsights_sitenote_note":"","_monsterinsights_sitenote_category":0,"site-sidebar-layout":"default","site-content-layout":"","ast-site-content-layout":"default","site-content-style":"default","site-sidebar-style":"default","ast-global-header-display":"","ast-banner-title-visibility":"","ast-main-header-display":"","ast-hfb-above-header-display":"","ast-hfb-below-header-display":"","ast-hfb-mobile-header-display":"","site-post-title":"","ast-breadcrumbs-content":"","ast-featured-img":"","footer-sml-layout":"","ast-disable-related-posts":"","theme-transparent-header-meta":"default","adv-header-id-meta":"","stick-header-meta":"enabled","header-above-stick-meta":"","header-main-stick-meta":"on","header-below-stick-meta":"","astra-migrate-meta-layouts":"set","ast-page-background-enabled":"default","ast-page-background-meta":{"desktop":{"background-color":"","background-image":"","background-repeat":"repeat","background-position":"center center","background-size":"auto","background-attachment":"scroll","background-type":"","background-media":"","overlay-type":"","overlay-color":"","overlay-opacity":"","overlay-gradient":""},"tablet":{"background-color":"","background-image":"","background-repeat":"repeat","background-position":"center center","background-size":"auto","background-attachment":"scroll","background-type":"","background-media":"","overlay-type":"","overlay-color":"","overlay-opacity":"","overlay-gradient":""},"mobile":{"background-color":"","background-image":"","background-repeat":"repeat","background-position":"center center","background-size":"auto","background-attachment":"scroll","background-type":"","background-media":"","overlay-type":"","overlay-color":"","overlay-opacity":"","overlay-gradient":""}},"ast-content-background-meta":{"desktop":{"background-color":"var(--ast-global-color-5)","background-image":"","background-repeat":"repeat","background-position":"center center","background-size":"auto","background-attachment":"scroll","background-type":"","background-media":"","overlay-type":"","overlay-color":"","overlay-opacity":"","overlay-gradient":""},"tablet":{"background-color":"var(--ast-global-color-5)","background-image":"","background-repeat":"repeat","background-position":"center center","background-size":"auto","background-attachment":"scroll","background-type":"","background-media":"","overlay-type":"","overlay-color":"","overlay-opacity":"","overlay-gradient":""},"mobile":{"background-color":"var(--ast-global-color-5)","background-image":"","background-repeat":"repeat","background-position":"center center","background-size":"auto","background-attachment":"scroll","background-type":"","background-media":"","overlay-type":"","overlay-color":"","overlay-opacity":"","overlay-gradient":""}}},"product_brand":[],"product_cat":[357,921,923],"product_tag":[],"class_list":{"0":"post-29891","1":"product","2":"type-product","3":"status-publish","4":"has-post-thumbnail","6":"product_cat-oenotourisme-de","7":"product_cat-geschenkgutscheine","8":"product_cat-la-chambre-aux-bouteilles-de","9":"pa_gamme-oenotourismus","10":"desktop-align-center","11":"tablet-align-center","12":"mobile-align-center","13":"ast-product-gallery-layout-vertical","14":"ast-product-tabs-layout-horizontal","16":"first","17":"instock","18":"virtual","19":"taxable","20":"purchasable","21":"product-type-simple"},"uagb_featured_image_src":{"full":["https:\/\/www.vin-alsace-gueth.com\/wp-content\/uploads\/2023\/09\/Bon_cadeau_La_Chambre_aux_Bouteilles_Extra_VIP_DE.jpg",800,1406,false],"thumbnail":["https:\/\/www.vin-alsace-gueth.com\/wp-content\/uploads\/2023\/09\/Bon_cadeau_La_Chambre_aux_Bouteilles_Extra_VIP_DE-150x150.jpg",150,150,true],"medium":["https:\/\/www.vin-alsace-gueth.com\/wp-content\/uploads\/2023\/09\/Bon_cadeau_La_Chambre_aux_Bouteilles_Extra_VIP_DE-171x300.jpg",171,300,true],"medium_large":["https:\/\/www.vin-alsace-gueth.com\/wp-content\/uploads\/2023\/09\/Bon_cadeau_La_Chambre_aux_Bouteilles_Extra_VIP_DE-768x1350.jpg",768,1350,true],"large":["https:\/\/www.vin-alsace-gueth.com\/wp-content\/uploads\/2023\/09\/Bon_cadeau_La_Chambre_aux_Bouteilles_Extra_VIP_DE-583x1024.jpg",583,1024,true],"thumblist":["https:\/\/www.vin-alsace-gueth.com\/wp-content\/uploads\/2023\/09\/Bon_cadeau_La_Chambre_aux_Bouteilles_Extra_VIP_DE-300x300.jpg",300,300,true],"thumbrelated":["https:\/\/www.vin-alsace-gueth.com\/wp-content\/uploads\/2023\/09\/Bon_cadeau_La_Chambre_aux_Bouteilles_Extra_VIP_DE-500x500.jpg",500,500,true],"meccarouselthumb":["https:\/\/www.vin-alsace-gueth.com\/wp-content\/uploads\/2023\/09\/Bon_cadeau_La_Chambre_aux_Bouteilles_Extra_VIP_DE-474x324.jpg",474,324,true],"gridsquare":["https:\/\/www.vin-alsace-gueth.com\/wp-content\/uploads\/2023\/09\/Bon_cadeau_La_Chambre_aux_Bouteilles_Extra_VIP_DE-391x260.jpg",391,260,true],"tileview":["https:\/\/www.vin-alsace-gueth.com\/wp-content\/uploads\/2023\/09\/Bon_cadeau_La_Chambre_aux_Bouteilles_Extra_VIP_DE-300x400.jpg",300,400,true],"1536x1536":["https:\/\/www.vin-alsace-gueth.com\/wp-content\/uploads\/2023\/09\/Bon_cadeau_La_Chambre_aux_Bouteilles_Extra_VIP_DE.jpg",800,1406,false],"2048x2048":["https:\/\/www.vin-alsace-gueth.com\/wp-content\/uploads\/2023\/09\/Bon_cadeau_La_Chambre_aux_Bouteilles_Extra_VIP_DE.jpg",800,1406,false],"woocommerce_thumbnail":["https:\/\/www.vin-alsace-gueth.com\/wp-content\/uploads\/2023\/09\/Bon_cadeau_La_Chambre_aux_Bouteilles_Extra_VIP_DE-300x527.jpg",300,527,true],"woocommerce_single":["https:\/\/www.vin-alsace-gueth.com\/wp-content\/uploads\/2023\/09\/Bon_cadeau_La_Chambre_aux_Bouteilles_Extra_VIP_DE-600x1055.jpg",600,1055,true],"woocommerce_gallery_thumbnail":["https:\/\/www.vin-alsace-gueth.com\/wp-content\/uploads\/2023\/09\/Bon_cadeau_La_Chambre_aux_Bouteilles_Extra_VIP_DE-100x100.jpg",100,100,true]},"uagb_author_info":{"display_name":"BIECHY Ralph","author_link":"https:\/\/www.vin-alsace-gueth.com\/de\/author\/wasa068gmail-com\/"},"uagb_comment_info":0,"uagb_excerpt":"Weintouristischer Service f\u00fcr 2 Personen inklusive: Empfang im Weinkeller des Winzers und kostenloser Aperitif bei Ihrer Ankunft (Wein, Cr\u00e9mant oder Traubensaft). Ein Nachts in unserem G\u00e4stezimmer \"la chambre aux bouteilles\" im Herzen der Weinberge, Das kontinentale Fr\u00fchst\u00fcck wird Ihnen im Weinkeller des Winzers serviert Kostenlose Verkostung von els\u00e4ssischen Bio-Weinen und Cr\u00e9mants Parkplatz f\u00fcr Autos, Motorr\u00e4der&hellip;","featured_img":"https:\/\/www.vin-alsace-gueth.com\/wp-content\/uploads\/2023\/09\/Bon_cadeau_La_Chambre_aux_Bouteilles_Extra_VIP_DE.jpg","coauthors":[],"author_meta":{"author_link":"https:\/\/www.vin-alsace-gueth.com\/de\/author\/wasa068gmail-com\/","display_name":"BIECHY Ralph"},"relative_dates":{"created":"Ver\u00f6ffentlicht 3\u00a0Jahren vor","modified":"Aktualisiert 5\u00a0Monaten vor"},"absolute_dates":{"created":"Ver\u00f6ffentlicht am 12. September 2023","modified":"Aktualisiert am 8. November 2025"},"absolute_dates_time":{"created":"Ver\u00f6ffentlicht am 12. September 2023 16:31","modified":"Aktualisiert am 8. November 2025 7:06"},"featured_img_caption":"","tax_additional":{"product_brand":{"linked":[],"unlinked":[],"slug":"product_brand","name":"Marken"},"product_type":{"linked":["<a href=\"https:\/\/www.vin-alsace-gueth.com\/de\/?taxonomy=product_type&#038;term=simple\" class=\"advgb-post-tax-term\">simple<\/a>"],"unlinked":["<span class=\"advgb-post-tax-term\">simple<\/span>"],"slug":"product_type","name":"Produkttyp"},"product_visibility":{"linked":[],"unlinked":[],"slug":"product_visibility","name":"Sichtbarkeit des Produkts"},"product_cat":{"linked":["<a href=\"https:\/\/www.vin-alsace-gueth.com\/de\/produktkategorie\/oenotourisme-de\/\" class=\"advgb-post-tax-term\">Aufenthalte<\/a>","<a href=\"https:\/\/www.vin-alsace-gueth.com\/de\/produktkategorie\/oenotourisme-de\/la-chambre-aux-bouteilles-de\/geschenkgutscheine\/\" class=\"advgb-post-tax-term\">Geschenkgutscheine<\/a>","<a href=\"https:\/\/www.vin-alsace-gueth.com\/de\/produktkategorie\/oenotourisme-de\/la-chambre-aux-bouteilles-de\/\" class=\"advgb-post-tax-term\">La chambre aux bouteilles<\/a>"],"unlinked":["<span class=\"advgb-post-tax-term\">Aufenthalte<\/span>","<span class=\"advgb-post-tax-term\">Geschenkgutscheine<\/span>","<span class=\"advgb-post-tax-term\">La chambre aux bouteilles<\/span>"],"slug":"product_cat","name":"Produkt-Kategorien"},"product_tag":{"linked":[],"unlinked":[],"slug":"product_tag","name":"Produkt Schlagw\u00f6rter"},"product_shipping_class":{"linked":[],"unlinked":[],"slug":"product_shipping_class","name":"Produkt Versandklasse"},"pos_product_visibility":{"linked":[],"unlinked":[],"slug":"pos_product_visibility","name":"POS-Produkt-Sichtbarkeit."},"pa_accompagnements-plats":{"linked":[],"unlinked":[],"slug":"pa_accompagnements-plats","name":"Product Accompagnements Plats"},"pa_appellation":{"linked":[],"unlinked":[],"slug":"pa_appellation","name":"Product Appellation"},"pa_cepage":{"linked":[],"unlinked":[],"slug":"pa_cepage","name":"Product C\u00e9page"},"pa_contenance-btl":{"linked":[],"unlinked":[],"slug":"pa_contenance-btl","name":"Product Volume"},"pa_gamme":{"linked":["<a href=\"https:\/\/www.vin-alsace-gueth.com\/de\/gamme\/oenotourismus\/\" class=\"advgb-post-tax-term\">Oenotourismus<\/a>"],"unlinked":["<span class=\"advgb-post-tax-term\">Oenotourismus<\/span>"],"slug":"pa_gamme","name":"Product Gamme"},"pa_type-de-terroir":{"linked":[],"unlinked":[],"slug":"pa_type-de-terroir","name":"Product Type de terroir"},"pa_type-de-vin":{"linked":[],"unlinked":[],"slug":"pa_type-de-vin","name":"Product Type de vin"},"translation_priority":{"linked":["<a href=\"https:\/\/www.vin-alsace-gueth.com\/de\/?taxonomy=translation_priority&#038;term=facultatif-de\" class=\"advgb-post-tax-term\">Facultatif<\/a>"],"unlinked":["<span class=\"advgb-post-tax-term\">Facultatif<\/span>"],"slug":"translation_priority","name":"\u00dcbersetzungspriorit\u00e4ten"}},"series_order":"","_links":{"self":[{"href":"https:\/\/www.vin-alsace-gueth.com\/de\/wp-json\/wp\/v2\/product\/29891","targetHints":{"allow":["GET"]}}],"collection":[{"href":"https:\/\/www.vin-alsace-gueth.com\/de\/wp-json\/wp\/v2\/product"}],"about":[{"href":"https:\/\/www.vin-alsace-gueth.com\/de\/wp-json\/wp\/v2\/types\/product"}],"replies":[{"embeddable":true,"href":"https:\/\/www.vin-alsace-gueth.com\/de\/wp-json\/wp\/v2\/comments?post=29891"}],"wp:featuredmedia":[{"embeddable":true,"href":"https:\/\/www.vin-alsace-gueth.com\/de\/wp-json\/wp\/v2\/media\/57648"}],"wp:attachment":[{"href":"https:\/\/www.vin-alsace-gueth.com\/de\/wp-json\/wp\/v2\/media?parent=29891"}],"wp:term":[{"taxonomy":"product_brand","embeddable":true,"href":"https:\/\/www.vin-alsace-gueth.com\/de\/wp-json\/wp\/v2\/product_brand?post=29891"},{"taxonomy":"product_cat","embeddable":true,"href":"https:\/\/www.vin-alsace-gueth.com\/de\/wp-json\/wp\/v2\/product_cat?post=29891"},{"taxonomy":"product_tag","embeddable":true,"href":"https:\/\/www.vin-alsace-gueth.com\/de\/wp-json\/wp\/v2\/product_tag?post=29891"}],"curies":[{"name":"wp","href":"https:\/\/api.w.org\/{rel}","templated":true}]}}