    {"id":29418,"date":"2023-08-06T18:57:26","date_gmt":"2023-08-06T16:57:26","guid":{"rendered":"https:\/\/www.vin-alsace-gueth.com\/?post_type=product&#038;p=29418"},"modified":"2025-09-28T09:47:39","modified_gmt":"2025-09-28T07:47:39","slug":"pinot-gris-grand-cru-goldert-2022","status":"publish","type":"product","link":"https:\/\/www.vin-alsace-gueth.com\/de\/product\/pinot-gris-grand-cru-goldert-2022\/","title":{"rendered":"Pinot Gris Grand Cru Goldert 2022 Bio"},"content":{"rendered":"<p style=\"text-align: left;\"><strong>Reben :<\/strong> 40 Jahre alt, dieser Wein wurde in unserer Parzelle des <a href=\"https:\/\/www.vinsalsace.com\/de\/grands-crus\/goldert\/\" target=\"_blank\" rel=\"noopener\">Grand Cru <em><strong>Goldert<\/strong><\/em><\/a> geboren, was &#8222;golden&#8220; bedeutet, wie die sch\u00f6ne Farbe, die die Weine im Laufe der Zeit annehmen. Hanggrundst\u00fcck an der Oberfl\u00e4che mit Kalksteinkieseln bedeckt, die sich in der Sonne stark aufheizen.<\/p>\n<p style=\"text-align: left;\"><strong>Terroir :<\/strong> <a href=\"https:\/\/www.vin-alsace-gueth.com\/de\/weinberge-und-terroirs\/\">Mergel-Kalkstein<\/a>. Besteht aus Tonablagerungen, die mit oolithischen Kalksteinkieseln marinen Ursprungs verbunden sind.<\/p>\n<p style=\"text-align: left;\"><strong>Im Keller :<\/strong> Ernte in 40 kg Kisten; langsames und sanftes Dr\u00fccken; G\u00e4rung ohne Zugabe von Hefen; sehr m\u00e4\u00dfige Sulfitierung; Reifung 6 Monate auf Hefe in Edelstahltanks; Abf\u00fcllung auf dem Gut. Wir legen unsere Weine in Reserve, um ihnen ihr bestes Potenzial zu bieten.<\/p>\n<p>&nbsp;<\/p>\n<p style=\"text-align: left;\"><strong>Alkoholgehalt :<\/strong> 13,5 % vol.<\/p>\n<p style=\"text-align: left;\"><strong>Aufbewahrung :<\/strong> 2032 bis 2037<\/p>\n","protected":false},"excerpt":{"rendered":"<h2><\/h2>\n<h5>Ein Pinot Gris Grand Cru Goldert, vornehm und einzigartig<\/h5>\n<p style=\"text-align: left;\">S\u00fc\u00dfer, fruchtiger und kraftvoller Grauburgunder Grand Cru Wein.<\/p>\n<p style=\"text-align: left;\">In herrlich leuchtendem Strohgelb mit kupferfarbenen Reflexen.<\/p>\n<p><a href=\"https:\/\/www.vin-alsace-gueth.com\/wp-content\/uploads\/2019\/09\/DE-halb-sus-weiss.png\"><img decoding=\"async\" class=\"wp-image-19725 aligncenter\" src=\"https:\/\/www.vin-alsace-gueth.com\/wp-content\/uploads\/2019\/09\/DE-halb-sus-weiss.png\" alt=\"\" width=\"330\" height=\"91\" srcset=\"https:\/\/www.vin-alsace-gueth.com\/wp-content\/uploads\/2019\/09\/DE-halb-sus-weiss.png 1008w, https:\/\/www.vin-alsace-gueth.com\/wp-content\/uploads\/2019\/09\/DE-halb-sus-weiss-300x82.png 300w, https:\/\/www.vin-alsace-gueth.com\/wp-content\/uploads\/2019\/09\/DE-halb-sus-weiss-768x211.png 768w, https:\/\/www.vin-alsace-gueth.com\/wp-content\/uploads\/2019\/09\/DE-halb-sus-weiss-600x165.png 600w\" sizes=\"(max-width: 330px) 100vw, 330px\" \/><\/a><\/p>\n<p><a href=\"https:\/\/www.vin-alsace-gueth.com\/wp-content\/uploads\/2023\/05\/logo_AB_Europe-300x665-1.jpg\"><img decoding=\"async\" class=\"wp-image-28127 aligncenter\" src=\"https:\/\/www.vin-alsace-gueth.com\/wp-content\/uploads\/2023\/05\/logo_AB_Europe-300x665-1.jpg\" alt=\"Vin Certifi\u00e9 Bio\" width=\"180\" height=\"81\" srcset=\"https:\/\/www.vin-alsace-gueth.com\/wp-content\/uploads\/2023\/05\/logo_AB_Europe-300x665-1.jpg 665w, https:\/\/www.vin-alsace-gueth.com\/wp-content\/uploads\/2023\/05\/logo_AB_Europe-300x665-1-300x135.jpg 300w, https:\/\/www.vin-alsace-gueth.com\/wp-content\/uploads\/2023\/05\/logo_AB_Europe-300x665-1-600x271.jpg 600w\" sizes=\"(max-width: 180px) 100vw, 180px\" \/><\/a><\/p>\n<p style=\"text-align: left;\"><strong>Nase :<\/strong> feine R\u00f6stnoten, R\u00f6stnoten und kandierte gelbe Fr\u00fcchte.<\/p>\n<p style=\"text-align: left;\"><strong>Geschmack :<\/strong> rund und lang, reich und harmonisch mit wei\u00dfen Bl\u00fcten. Honig und Ananas runden die Palette ab.<\/p>\n<p style=\"text-align: left;\"><strong>Muriels Tipp :<\/strong> Sie werden diesen Grauburgunder gerne als Aperitif, zum Dessert oder zu jeder Tageszeit zum Genuss trinken. Complice mit G\u00e4nseleber, Desserts mit Haseln\u00fcssen, Mandeln, gesalzener Butterkaramell, Lebkuchen. Er passt auch gut zu Kleinwild in Honigsauce oder zu Roquefort.<\/p>\n","protected":false},"author":131,"featured_media":38794,"comment_status":"open","ping_status":"closed","template":"","meta":{"_uag_custom_page_level_css":"","advgb_blocks_editor_width":"","advgb_blocks_columns_visual_guide":"","_monsterinsights_skip_tracking":false,"_monsterinsights_sitenote_active":false,"_monsterinsights_sitenote_note":"","_monsterinsights_sitenote_category":0,"site-sidebar-layout":"default","site-content-layout":"","ast-site-content-layout":"default","site-content-style":"default","site-sidebar-style":"default","ast-global-header-display":"","ast-banner-title-visibility":"","ast-main-header-display":"","ast-hfb-above-header-display":"","ast-hfb-below-header-display":"","ast-hfb-mobile-header-display":"","site-post-title":"","ast-breadcrumbs-content":null,"ast-featured-img":"","footer-sml-layout":"","ast-disable-related-posts":"","theme-transparent-header-meta":"default","adv-header-id-meta":"","stick-header-meta":"enabled","header-above-stick-meta":"","header-main-stick-meta":"on","header-below-stick-meta":"","astra-migrate-meta-layouts":"set","ast-page-background-enabled":"default","ast-page-background-meta":{"desktop":{"background-color":"","background-image":"","background-repeat":"repeat","background-position":"center center","background-size":"auto","background-attachment":"scroll","background-type":"","background-media":"","overlay-type":"","overlay-color":"","overlay-opacity":"","overlay-gradient":""},"tablet":{"background-color":"","background-image":"","background-repeat":"repeat","background-position":"center center","background-size":"auto","background-attachment":"scroll","background-type":"","background-media":"","overlay-type":"","overlay-color":"","overlay-opacity":"","overlay-gradient":""},"mobile":{"background-color":"","background-image":"","background-repeat":"repeat","background-position":"center center","background-size":"auto","background-attachment":"scroll","background-type":"","background-media":"","overlay-type":"","overlay-color":"","overlay-opacity":"","overlay-gradient":""}},"ast-content-background-meta":{"desktop":{"background-color":"var(--ast-global-color-5)","background-image":"","background-repeat":"repeat","background-position":"center center","background-size":"auto","background-attachment":"scroll","background-type":"","background-media":"","overlay-type":"","overlay-color":"","overlay-opacity":"","overlay-gradient":""},"tablet":{"background-color":"var(--ast-global-color-5)","background-image":"","background-repeat":"repeat","background-position":"center center","background-size":"auto","background-attachment":"scroll","background-type":"","background-media":"","overlay-type":"","overlay-color":"","overlay-opacity":"","overlay-gradient":""},"mobile":{"background-color":"var(--ast-global-color-5)","background-image":"","background-repeat":"repeat","background-position":"center center","background-size":"auto","background-attachment":"scroll","background-type":"","background-media":"","overlay-type":"","overlay-color":"","overlay-opacity":"","overlay-gradient":""}}},"product_brand":[],"product_cat":[855,552,551,350,539,831,550,541,542,548,547,849,566,555,585,556,557,575],"product_tag":[],"class_list":{"0":"post-29418","1":"product","2":"type-product","3":"status-publish","4":"has-post-thumbnail","6":"product_cat-75cl-flasche","7":"product_cat-vins-de","8":"product_cat-gammes-de","9":"product_cat-douceur-de","10":"product_cat-essen-wein-paarungen","11":"product_cat-mergel-kalk-terroir","12":"product_cat-aperitif-de","13":"product_cat-desserts-de","14":"product_cat-kase-de","15":"product_cat-viandes-rouges-de","16":"product_cat-viande-blanches-de","17":"product_cat-nach-inhalt-flasche","18":"product_cat-pinot-gris-de","19":"product_cat-vins-tranquilles-de","20":"product_cat-suesse-weine","21":"product_cat-vins-par-terroir-de","22":"product_cat-cepage-de","23":"product_cat-sucrosite-de","24":"pa_accompagnements-plats-aperitif-de","25":"pa_accompagnements-plats-desserts-de","26":"pa_accompagnements-plats-fleisch","27":"pa_accompagnements-plats-kase","28":"pa_appellation-aoc-elsass-grand-cru","29":"pa_cepage-pinot-gris-de","30":"pa_contenance-btl-75-cl-de","31":"pa_gamme-sanftmut","32":"pa_type-de-terroir-marlin-kalkstein","33":"pa_type-de-vin-sus-fruchtig","34":"desktop-align-center","35":"tablet-align-center","36":"mobile-align-center","37":"ast-product-gallery-layout-vertical","38":"ast-product-tabs-layout-horizontal","40":"first","41":"outofstock","42":"taxable","43":"shipping-taxable","44":"purchasable","45":"product-type-simple"},"uagb_featured_image_src":{"full":["https:\/\/www.vin-alsace-gueth.com\/wp-content\/uploads\/2023\/08\/Pinot_Gris_Grand_Cru_Goldert_bio_bouteilles_Gueth_rev.0.jpg",615,1080,false],"thumbnail":["https:\/\/www.vin-alsace-gueth.com\/wp-content\/uploads\/2023\/08\/Pinot_Gris_Grand_Cru_Goldert_bio_bouteilles_Gueth_rev.0-150x150.jpg",150,150,true],"medium":["https:\/\/www.vin-alsace-gueth.com\/wp-content\/uploads\/2023\/08\/Pinot_Gris_Grand_Cru_Goldert_bio_bouteilles_Gueth_rev.0-171x300.jpg",171,300,true],"medium_large":["https:\/\/www.vin-alsace-gueth.com\/wp-content\/uploads\/2023\/08\/Pinot_Gris_Grand_Cru_Goldert_bio_bouteilles_Gueth_rev.0.jpg",615,1080,false],"large":["https:\/\/www.vin-alsace-gueth.com\/wp-content\/uploads\/2023\/08\/Pinot_Gris_Grand_Cru_Goldert_bio_bouteilles_Gueth_rev.0-583x1024.jpg",583,1024,true],"thumblist":["https:\/\/www.vin-alsace-gueth.com\/wp-content\/uploads\/2023\/08\/Pinot_Gris_Grand_Cru_Goldert_bio_bouteilles_Gueth_rev.0-300x300.jpg",300,300,true],"thumbrelated":["https:\/\/www.vin-alsace-gueth.com\/wp-content\/uploads\/2023\/08\/Pinot_Gris_Grand_Cru_Goldert_bio_bouteilles_Gueth_rev.0-500x500.jpg",500,500,true],"meccarouselthumb":["https:\/\/www.vin-alsace-gueth.com\/wp-content\/uploads\/2023\/08\/Pinot_Gris_Grand_Cru_Goldert_bio_bouteilles_Gueth_rev.0-474x324.jpg",474,324,true],"gridsquare":["https:\/\/www.vin-alsace-gueth.com\/wp-content\/uploads\/2023\/08\/Pinot_Gris_Grand_Cru_Goldert_bio_bouteilles_Gueth_rev.0-391x260.jpg",391,260,true],"tileview":["https:\/\/www.vin-alsace-gueth.com\/wp-content\/uploads\/2023\/08\/Pinot_Gris_Grand_Cru_Goldert_bio_bouteilles_Gueth_rev.0-300x400.jpg",300,400,true],"1536x1536":["https:\/\/www.vin-alsace-gueth.com\/wp-content\/uploads\/2023\/08\/Pinot_Gris_Grand_Cru_Goldert_bio_bouteilles_Gueth_rev.0.jpg",615,1080,false],"2048x2048":["https:\/\/www.vin-alsace-gueth.com\/wp-content\/uploads\/2023\/08\/Pinot_Gris_Grand_Cru_Goldert_bio_bouteilles_Gueth_rev.0.jpg",615,1080,false],"woocommerce_thumbnail":["https:\/\/www.vin-alsace-gueth.com\/wp-content\/uploads\/2023\/08\/Pinot_Gris_Grand_Cru_Goldert_bio_bouteilles_Gueth_rev.0-300x527.jpg",300,527,true],"woocommerce_single":["https:\/\/www.vin-alsace-gueth.com\/wp-content\/uploads\/2023\/08\/Pinot_Gris_Grand_Cru_Goldert_bio_bouteilles_Gueth_rev.0-600x1054.jpg",600,1054,true],"woocommerce_gallery_thumbnail":["https:\/\/www.vin-alsace-gueth.com\/wp-content\/uploads\/2023\/08\/Pinot_Gris_Grand_Cru_Goldert_bio_bouteilles_Gueth_rev.0-100x100.jpg",100,100,true]},"uagb_author_info":{"display_name":"BIECHY Ralph","author_link":"https:\/\/www.vin-alsace-gueth.com\/de\/author\/wasa068gmail-com\/"},"uagb_comment_info":0,"uagb_excerpt":"Ein Pinot Gris Grand Cru Goldert, vornehm und einzigartig S\u00fc\u00dfer, fruchtiger und kraftvoller Grauburgunder Grand Cru Wein. In herrlich leuchtendem Strohgelb mit kupferfarbenen Reflexen. Nase : feine R\u00f6stnoten, R\u00f6stnoten und kandierte gelbe Fr\u00fcchte. Geschmack : rund und lang, reich und harmonisch mit wei\u00dfen Bl\u00fcten. Honig und Ananas runden die Palette ab. Muriels Tipp : Sie&hellip;","featured_img":"https:\/\/www.vin-alsace-gueth.com\/wp-content\/uploads\/2023\/08\/Pinot_Gris_Grand_Cru_Goldert_bio_bouteilles_Gueth_rev.0.jpg","coauthors":[],"author_meta":{"author_link":"https:\/\/www.vin-alsace-gueth.com\/de\/author\/wasa068gmail-com\/","display_name":"BIECHY Ralph"},"relative_dates":{"created":"Ver\u00f6ffentlicht 3\u00a0Jahren vor","modified":"Aktualisiert 7\u00a0Monaten vor"},"absolute_dates":{"created":"Ver\u00f6ffentlicht am 6. August 2023","modified":"Aktualisiert am 28. September 2025"},"absolute_dates_time":{"created":"Ver\u00f6ffentlicht am 6. August 2023 18:57","modified":"Aktualisiert am 28. September 2025 9:47"},"featured_img_caption":"","tax_additional":{"product_brand":{"linked":[],"unlinked":[],"slug":"product_brand","name":"Marken"},"product_type":{"linked":["<a href=\"https:\/\/www.vin-alsace-gueth.com\/de\/?taxonomy=product_type&#038;term=simple\" class=\"advgb-post-tax-term\">simple<\/a>"],"unlinked":["<span class=\"advgb-post-tax-term\">simple<\/span>"],"slug":"product_type","name":"Produkttyp"},"product_visibility":{"linked":["<a href=\"https:\/\/www.vin-alsace-gueth.com\/?taxonomy=product_visibility&#038;term=exclude-from-catalog\" class=\"advgb-post-tax-term\">exclude-from-catalog<\/a>","<a href=\"https:\/\/www.vin-alsace-gueth.com\/?taxonomy=product_visibility&#038;term=exclude-from-search\" class=\"advgb-post-tax-term\">exclude-from-search<\/a>","<a href=\"https:\/\/www.vin-alsace-gueth.com\/?taxonomy=product_visibility&#038;term=outofstock\" class=\"advgb-post-tax-term\">outofstock<\/a>"],"unlinked":["<span class=\"advgb-post-tax-term\">exclude-from-catalog<\/span>","<span class=\"advgb-post-tax-term\">exclude-from-search<\/span>","<span class=\"advgb-post-tax-term\">outofstock<\/span>"],"slug":"product_visibility","name":"Sichtbarkeit des Produkts"},"product_cat":{"linked":["<a href=\"https:\/\/www.vin-alsace-gueth.com\/de\/produktkategorie\/nach-inhalt-flasche\/75cl-flasche\/\" class=\"advgb-post-tax-term\">75cl Flasche<\/a>","<a href=\"https:\/\/www.vin-alsace-gueth.com\/de\/produktkategorie\/vins-de\/\" class=\"advgb-post-tax-term\">Alle Weine<\/a>","<a href=\"https:\/\/www.vin-alsace-gueth.com\/de\/produktkategorie\/gammes-de\/\" class=\"advgb-post-tax-term\">Bereiche<\/a>","<a href=\"https:\/\/www.vin-alsace-gueth.com\/de\/produktkategorie\/gammes-de\/douceur-de\/\" class=\"advgb-post-tax-term\">Douceur<\/a>","<a href=\"https:\/\/www.vin-alsace-gueth.com\/de\/produktkategorie\/essen-wein-paarungen\/\" class=\"advgb-post-tax-term\">Essen \/ Wein Paarungen<\/a>","<a href=\"https:\/\/www.vin-alsace-gueth.com\/de\/produktkategorie\/vins-par-terroir-de\/mergel-kalk-terroir\/\" class=\"advgb-post-tax-term\">Mergel-Kalk-Terroir<\/a>","<a href=\"https:\/\/www.vin-alsace-gueth.com\/de\/produktkategorie\/essen-wein-paarungen\/aperitif-de\/\" class=\"advgb-post-tax-term\">Mit dem Aperitif<\/a>","<a href=\"https:\/\/www.vin-alsace-gueth.com\/de\/produktkategorie\/essen-wein-paarungen\/desserts-de\/\" class=\"advgb-post-tax-term\">Mit Desserts<\/a>","<a href=\"https:\/\/www.vin-alsace-gueth.com\/de\/produktkategorie\/essen-wein-paarungen\/kase-de\/\" class=\"advgb-post-tax-term\">Mit K\u00e4se<\/a>","<a href=\"https:\/\/www.vin-alsace-gueth.com\/de\/produktkategorie\/essen-wein-paarungen\/viandes-rouges-de\/\" class=\"advgb-post-tax-term\">Mit rotem Fleisch<\/a>","<a href=\"https:\/\/www.vin-alsace-gueth.com\/de\/produktkategorie\/essen-wein-paarungen\/viande-blanches-de\/\" class=\"advgb-post-tax-term\">Mit wei\u00dfem Fleisch<\/a>","<a href=\"https:\/\/www.vin-alsace-gueth.com\/de\/produktkategorie\/nach-inhalt-flasche\/\" class=\"advgb-post-tax-term\">Nach Inhalt Flasche<\/a>","<a href=\"https:\/\/www.vin-alsace-gueth.com\/de\/produktkategorie\/cepage-de\/pinot-gris-de\/\" class=\"advgb-post-tax-term\">Pinot Gris<\/a>","<a href=\"https:\/\/www.vin-alsace-gueth.com\/de\/produktkategorie\/vins-de\/vins-tranquilles-de\/\" class=\"advgb-post-tax-term\">Stille Weine<\/a>","<a href=\"https:\/\/www.vin-alsace-gueth.com\/de\/produktkategorie\/sucrosite-de\/suesse-weine\/\" class=\"advgb-post-tax-term\">S\u00fc\u00dfe Weine<\/a>","<a href=\"https:\/\/www.vin-alsace-gueth.com\/de\/produktkategorie\/vins-par-terroir-de\/\" class=\"advgb-post-tax-term\">Weine \/ Terroir<\/a>","<a href=\"https:\/\/www.vin-alsace-gueth.com\/de\/produktkategorie\/cepage-de\/\" class=\"advgb-post-tax-term\">Weine nach Rebsorte<\/a>","<a href=\"https:\/\/www.vin-alsace-gueth.com\/de\/produktkategorie\/sucrosite-de\/\" class=\"advgb-post-tax-term\">Weine nach S\u00fc\u00dfe<\/a>"],"unlinked":["<span class=\"advgb-post-tax-term\">75cl Flasche<\/span>","<span class=\"advgb-post-tax-term\">Alle Weine<\/span>","<span class=\"advgb-post-tax-term\">Bereiche<\/span>","<span class=\"advgb-post-tax-term\">Douceur<\/span>","<span class=\"advgb-post-tax-term\">Essen \/ Wein Paarungen<\/span>","<span class=\"advgb-post-tax-term\">Mergel-Kalk-Terroir<\/span>","<span class=\"advgb-post-tax-term\">Mit dem Aperitif<\/span>","<span class=\"advgb-post-tax-term\">Mit Desserts<\/span>","<span class=\"advgb-post-tax-term\">Mit K\u00e4se<\/span>","<span class=\"advgb-post-tax-term\">Mit rotem Fleisch<\/span>","<span class=\"advgb-post-tax-term\">Mit wei\u00dfem Fleisch<\/span>","<span class=\"advgb-post-tax-term\">Nach Inhalt Flasche<\/span>","<span class=\"advgb-post-tax-term\">Pinot Gris<\/span>","<span class=\"advgb-post-tax-term\">Stille Weine<\/span>","<span class=\"advgb-post-tax-term\">S\u00fc\u00dfe Weine<\/span>","<span class=\"advgb-post-tax-term\">Weine \/ Terroir<\/span>","<span class=\"advgb-post-tax-term\">Weine nach Rebsorte<\/span>","<span class=\"advgb-post-tax-term\">Weine nach S\u00fc\u00dfe<\/span>"],"slug":"product_cat","name":"Produkt-Kategorien"},"product_tag":{"linked":[],"unlinked":[],"slug":"product_tag","name":"Produkt Schlagw\u00f6rter"},"product_shipping_class":{"linked":[],"unlinked":[],"slug":"product_shipping_class","name":"Produkt Versandklasse"},"pos_product_visibility":{"linked":[],"unlinked":[],"slug":"pos_product_visibility","name":"POS-Produkt-Sichtbarkeit."},"pa_accompagnements-plats":{"linked":["<a href=\"https:\/\/www.vin-alsace-gueth.com\/de\/accompagnements-plats\/aperitif-de\/\" class=\"advgb-post-tax-term\">Aperitif<\/a>","<a href=\"https:\/\/www.vin-alsace-gueth.com\/de\/accompagnements-plats\/desserts-de\/\" class=\"advgb-post-tax-term\">Dessert<\/a>","<a href=\"https:\/\/www.vin-alsace-gueth.com\/de\/accompagnements-plats\/fleisch\/\" class=\"advgb-post-tax-term\">Fleisch<\/a>","<a href=\"https:\/\/www.vin-alsace-gueth.com\/de\/accompagnements-plats\/kase\/\" class=\"advgb-post-tax-term\">K\u00e4se<\/a>"],"unlinked":["<span class=\"advgb-post-tax-term\">Aperitif<\/span>","<span class=\"advgb-post-tax-term\">Dessert<\/span>","<span class=\"advgb-post-tax-term\">Fleisch<\/span>","<span class=\"advgb-post-tax-term\">K\u00e4se<\/span>"],"slug":"pa_accompagnements-plats","name":"Product Accompagnements Plats"},"pa_appellation":{"linked":["<a href=\"https:\/\/www.vin-alsace-gueth.com\/de\/appellation\/aoc-elsass-grand-cru\/\" class=\"advgb-post-tax-term\">AOC Elsass Grand Cru<\/a>"],"unlinked":["<span class=\"advgb-post-tax-term\">AOC Elsass Grand Cru<\/span>"],"slug":"pa_appellation","name":"Product Appellation"},"pa_cepage":{"linked":["<a href=\"https:\/\/www.vin-alsace-gueth.com\/de\/cepage\/pinot-gris-de\/\" class=\"advgb-post-tax-term\">Pinot Gris.<\/a>"],"unlinked":["<span class=\"advgb-post-tax-term\">Pinot Gris.<\/span>"],"slug":"pa_cepage","name":"Product C\u00e9page"},"pa_contenance-btl":{"linked":["<a href=\"https:\/\/www.vin-alsace-gueth.com\/de\/contenance-btl\/75-cl-de\/\" class=\"advgb-post-tax-term\">75 cl<\/a>"],"unlinked":["<span class=\"advgb-post-tax-term\">75 cl<\/span>"],"slug":"pa_contenance-btl","name":"Product Volume"},"pa_gamme":{"linked":["<a href=\"https:\/\/www.vin-alsace-gueth.com\/de\/gamme\/sanftmut\/\" class=\"advgb-post-tax-term\">Sanftmut<\/a>"],"unlinked":["<span class=\"advgb-post-tax-term\">Sanftmut<\/span>"],"slug":"pa_gamme","name":"Product Gamme"},"pa_type-de-terroir":{"linked":["<a href=\"https:\/\/www.vin-alsace-gueth.com\/de\/type-de-terroir\/marlin-kalkstein\/\" class=\"advgb-post-tax-term\">Marlin-Kalkstein<\/a>"],"unlinked":["<span class=\"advgb-post-tax-term\">Marlin-Kalkstein<\/span>"],"slug":"pa_type-de-terroir","name":"Product Type de terroir"},"pa_type-de-vin":{"linked":["<a href=\"https:\/\/www.vin-alsace-gueth.com\/de\/type-de-vin\/sus-fruchtig\/\" class=\"advgb-post-tax-term\">S\u00fc\u00df &amp; Fruchtig<\/a>"],"unlinked":["<span class=\"advgb-post-tax-term\">S\u00fc\u00df &amp; Fruchtig<\/span>"],"slug":"pa_type-de-vin","name":"Product Type de vin"},"translation_priority":{"linked":["<a href=\"https:\/\/www.vin-alsace-gueth.com\/de\/?taxonomy=translation_priority&#038;term=facultatif-de\" class=\"advgb-post-tax-term\">Facultatif<\/a>"],"unlinked":["<span class=\"advgb-post-tax-term\">Facultatif<\/span>"],"slug":"translation_priority","name":"\u00dcbersetzungspriorit\u00e4ten"}},"series_order":"","_links":{"self":[{"href":"https:\/\/www.vin-alsace-gueth.com\/de\/wp-json\/wp\/v2\/product\/29418","targetHints":{"allow":["GET"]}}],"collection":[{"href":"https:\/\/www.vin-alsace-gueth.com\/de\/wp-json\/wp\/v2\/product"}],"about":[{"href":"https:\/\/www.vin-alsace-gueth.com\/de\/wp-json\/wp\/v2\/types\/product"}],"replies":[{"embeddable":true,"href":"https:\/\/www.vin-alsace-gueth.com\/de\/wp-json\/wp\/v2\/comments?post=29418"}],"wp:featuredmedia":[{"embeddable":true,"href":"https:\/\/www.vin-alsace-gueth.com\/de\/wp-json\/wp\/v2\/media\/38794"}],"wp:attachment":[{"href":"https:\/\/www.vin-alsace-gueth.com\/de\/wp-json\/wp\/v2\/media?parent=29418"}],"wp:term":[{"taxonomy":"product_brand","embeddable":true,"href":"https:\/\/www.vin-alsace-gueth.com\/de\/wp-json\/wp\/v2\/product_brand?post=29418"},{"taxonomy":"product_cat","embeddable":true,"href":"https:\/\/www.vin-alsace-gueth.com\/de\/wp-json\/wp\/v2\/product_cat?post=29418"},{"taxonomy":"product_tag","embeddable":true,"href":"https:\/\/www.vin-alsace-gueth.com\/de\/wp-json\/wp\/v2\/product_tag?post=29418"}],"curies":[{"name":"wp","href":"https:\/\/api.w.org\/{rel}","templated":true}]}}