    {"id":28188,"date":"2023-05-04T17:39:59","date_gmt":"2023-05-04T15:39:59","guid":{"rendered":"https:\/\/www.vin-alsace-gueth.com\/?post_type=product&#038;p=28188"},"modified":"2023-06-27T20:03:53","modified_gmt":"2023-06-27T18:03:53","slug":"pinot-noir-2021","status":"publish","type":"product","link":"https:\/\/www.vin-alsace-gueth.com\/de\/product\/pinot-noir-2021\/","title":{"rendered":"Pinot Noir 2021"},"content":{"rendered":"<p style=\"text-align: left;\"><strong>Reben :<\/strong> 40 Jahre alt, Parzelle <em><strong>&#8222;Rouffacherweg&#8220;<\/strong><\/em> bedeutet &#8222;<em>Rouffacher Weg<\/em>&#8222;, in Mittelhanglage s\u00fcdlich des Dorfes.<\/p>\n<p style=\"text-align: left;\"><strong>Terroir :<\/strong> <a href=\"https:\/\/www.vin-alsace-gueth.com\/vignoble-terroirs\/\">Mergel-Sandstein<\/a>. Ger\u00f6ll und Felsen aus rosa Sandstein aus den Vogesen, bedeckt mit einem sch\u00f6nen tiefen, tonreichen Boden.<\/p>\n<p style=\"text-align: left;\"><strong>Im Keller :<\/strong> Trauben entrappt und dann 10 Tage sanft mazeriert; beim Abgie\u00dfen wird der Wein in Edelstahltanks gef\u00fcllt und die malolaktische G\u00e4rung beginnt; nach der G\u00e4rung sehr m\u00e4\u00dfige Sulfitierung; Reifung 6 Monate auf Hefe in Edelstahltanks; Abf\u00fcllung auf dem Gut. Wir legen unsere Weine in Reserve, um ihnen ihr bestes Potenzial zu bieten.<\/p>\n<p>&nbsp;<\/p>\n<p style=\"text-align: left;\"><strong>Alkoholgehalt :<\/strong> 13,5 % vol.<\/p>\n<p style=\"text-align: left;\"><strong>Aufbewahrung :<\/strong> 2028 bis 2031<\/p>\n","protected":false},"excerpt":{"rendered":"<h5>Ein charmanter, seidiger und leichter Pinot Noir<\/h5>\n<p style=\"text-align: left;\">Trockener und fruchtiger Wein. Der els\u00e4ssischen Fruchtigkeit treu, aber in seiner roten Version! Intensive und tiefe Farbe mit violetten Reflexen.<\/p>\n<p><a href=\"https:\/\/www.vin-alsace-gueth.com\/wp-content\/uploads\/2022\/02\/DE-trocken-rot.png\"><img decoding=\"async\" class=\"alignnone wp-image-19676\" src=\"https:\/\/www.vin-alsace-gueth.com\/wp-content\/uploads\/2022\/02\/DE-trocken-rot.png\" alt=\"\" width=\"330\" height=\"91\" srcset=\"https:\/\/www.vin-alsace-gueth.com\/wp-content\/uploads\/2022\/02\/DE-trocken-rot.png 1008w, https:\/\/www.vin-alsace-gueth.com\/wp-content\/uploads\/2022\/02\/DE-trocken-rot-300x82.png 300w, https:\/\/www.vin-alsace-gueth.com\/wp-content\/uploads\/2022\/02\/DE-trocken-rot-768x211.png 768w, https:\/\/www.vin-alsace-gueth.com\/wp-content\/uploads\/2022\/02\/DE-trocken-rot-600x165.png 600w\" sizes=\"(max-width: 330px) 100vw, 330px\" \/><\/a><\/p>\n<p style=\"text-align: left;\"><strong>Nase :<\/strong> fruchtiges Bouquet mit einer Dominanz von kirschartigen schwarzen Fr\u00fcchten.<\/p>\n<p style=\"text-align: left;\"><strong>Geschmack :<\/strong> intensiv und duftend, reichlich mit geschmeidigen Tanninen. Anhaltender Abgang.<\/p>\n<p style=\"text-align: left;\">Muriels Tripp: Dieser Pinot Noir kann sofort getrunken werden, erreicht aber in 3 bis 5 Jahren seinen H\u00f6hepunkt. Zu rotem Fleisch, Rindfleisch in So\u00dfe oder Braten, Kalbfleisch, G\u00e4nserillettes, <a href=\"https:\/\/www.marmiton.org\/recettes\/recherche.aspx?aqt=matelote-de-poisson\">Fischmatelote<\/a>, Pot au Feu, Pastete en Croute, Kartoffelgratin, Tournedos, Brie, Mont-d&#8217;or, Coulommiers.<\/p>\n","protected":false},"author":131,"featured_media":28197,"comment_status":"open","ping_status":"closed","template":"","meta":{"_uag_custom_page_level_css":"","advgb_blocks_editor_width":"","advgb_blocks_columns_visual_guide":"","_monsterinsights_skip_tracking":false,"_monsterinsights_sitenote_active":false,"_monsterinsights_sitenote_note":"","_monsterinsights_sitenote_category":0,"site-sidebar-layout":"default","site-content-layout":null,"ast-site-content-layout":"default","site-content-style":"default","site-sidebar-style":"default","ast-global-header-display":"","ast-banner-title-visibility":"","ast-main-header-display":"","ast-hfb-above-header-display":"","ast-hfb-below-header-display":"","ast-hfb-mobile-header-display":"","site-post-title":"","ast-breadcrumbs-content":null,"ast-featured-img":"","footer-sml-layout":"","ast-disable-related-posts":"","theme-transparent-header-meta":"default","adv-header-id-meta":"","stick-header-meta":"enabled","header-above-stick-meta":"","header-main-stick-meta":"on","header-below-stick-meta":"","astra-migrate-meta-layouts":"default","ast-page-background-enabled":"default","ast-page-background-meta":{"desktop":{"background-color":"","background-image":"","background-repeat":"repeat","background-position":"center center","background-size":"auto","background-attachment":"scroll","background-type":"","background-media":"","overlay-type":"","overlay-color":"","overlay-opacity":"","overlay-gradient":""},"tablet":{"background-color":"","background-image":"","background-repeat":"repeat","background-position":"center center","background-size":"auto","background-attachment":"scroll","background-type":"","background-media":"","overlay-type":"","overlay-color":"","overlay-opacity":"","overlay-gradient":""},"mobile":{"background-color":"","background-image":"","background-repeat":"repeat","background-position":"center center","background-size":"auto","background-attachment":"scroll","background-type":"","background-media":"","overlay-type":"","overlay-color":"","overlay-opacity":"","overlay-gradient":""}},"ast-content-background-meta":{"desktop":{"background-color":"var(--ast-global-color-5)","background-image":"","background-repeat":"repeat","background-position":"center center","background-size":"auto","background-attachment":"scroll","background-type":"","background-media":"","overlay-type":"","overlay-color":"","overlay-opacity":"","overlay-gradient":""},"tablet":{"background-color":"var(--ast-global-color-5)","background-image":"","background-repeat":"repeat","background-position":"center center","background-size":"auto","background-attachment":"scroll","background-type":"","background-media":"","overlay-type":"","overlay-color":"","overlay-opacity":"","overlay-gradient":""},"mobile":{"background-color":"var(--ast-global-color-5)","background-image":"","background-repeat":"repeat","background-position":"center center","background-size":"auto","background-attachment":"scroll","background-type":"","background-media":"","overlay-type":"","overlay-color":"","overlay-opacity":"","overlay-gradient":""}}},"product_brand":[],"product_cat":[855,552,551,539,545,542,548,849,568,555,832,828,579,556,557,575,904],"product_tag":[],"class_list":{"0":"post-28188","1":"product","2":"type-product","3":"status-publish","4":"has-post-thumbnail","6":"product_cat-75cl-flasche","7":"product_cat-vins-de","8":"product_cat-gammes-de","9":"product_cat-essen-wein-paarungen","10":"product_cat-legumes-de","11":"product_cat-kase-de","12":"product_cat-viandes-rouges-de","13":"product_cat-nach-inhalt-flasche","14":"product_cat-pinot-noir-de","15":"product_cat-vins-tranquilles-de","16":"product_cat-marno-greseux-de","17":"product_cat-tradition-de","18":"product_cat-trockene-weine","19":"product_cat-vins-par-terroir-de","20":"product_cat-cepage-de","21":"product_cat-sucrosite-de","22":"product_cat-welcher-wein-zu-tartiflette","23":"pa_accompagnements-plats-fleisch","24":"pa_accompagnements-plats-gemuse","25":"pa_accompagnements-plats-kase","26":"pa_appellation-aoc-elsass","27":"pa_cepage-spatburgunder","28":"pa_contenance-btl-75-cl-de","29":"pa_gamme-tradition-de","30":"pa_type-de-terroir-marno-grsex","31":"pa_type-de-vin-rot-fruchtig","32":"desktop-align-center","33":"tablet-align-center","34":"mobile-align-center","35":"ast-product-gallery-layout-vertical","36":"ast-product-tabs-layout-horizontal","38":"first","39":"outofstock","40":"taxable","41":"shipping-taxable","42":"purchasable","43":"product-type-simple"},"uagb_featured_image_src":{"full":["https:\/\/www.vin-alsace-gueth.com\/wp-content\/uploads\/2023\/05\/Pinot-Noir-2021-bouteille-Gueth-rev.0.jpg",800,1406,false],"thumbnail":["https:\/\/www.vin-alsace-gueth.com\/wp-content\/uploads\/2023\/05\/Pinot-Noir-2021-bouteille-Gueth-rev.0-150x150.jpg",150,150,true],"medium":["https:\/\/www.vin-alsace-gueth.com\/wp-content\/uploads\/2023\/05\/Pinot-Noir-2021-bouteille-Gueth-rev.0-171x300.jpg",171,300,true],"medium_large":["https:\/\/www.vin-alsace-gueth.com\/wp-content\/uploads\/2023\/05\/Pinot-Noir-2021-bouteille-Gueth-rev.0-768x1350.jpg",768,1350,true],"large":["https:\/\/www.vin-alsace-gueth.com\/wp-content\/uploads\/2023\/05\/Pinot-Noir-2021-bouteille-Gueth-rev.0-583x1024.jpg",583,1024,true],"thumblist":["https:\/\/www.vin-alsace-gueth.com\/wp-content\/uploads\/2023\/05\/Pinot-Noir-2021-bouteille-Gueth-rev.0-300x300.jpg",300,300,true],"thumbrelated":["https:\/\/www.vin-alsace-gueth.com\/wp-content\/uploads\/2023\/05\/Pinot-Noir-2021-bouteille-Gueth-rev.0.jpg",284,500,false],"meccarouselthumb":["https:\/\/www.vin-alsace-gueth.com\/wp-content\/uploads\/2023\/05\/Pinot-Noir-2021-bouteille-Gueth-rev.0-474x324.jpg",474,324,true],"gridsquare":["https:\/\/www.vin-alsace-gueth.com\/wp-content\/uploads\/2023\/05\/Pinot-Noir-2021-bouteille-Gueth-rev.0-391x260.jpg",391,260,true],"tileview":["https:\/\/www.vin-alsace-gueth.com\/wp-content\/uploads\/2023\/05\/Pinot-Noir-2021-bouteille-Gueth-rev.0-300x400.jpg",300,400,true],"1536x1536":["https:\/\/www.vin-alsace-gueth.com\/wp-content\/uploads\/2023\/05\/Pinot-Noir-2021-bouteille-Gueth-rev.0.jpg",800,1406,false],"2048x2048":["https:\/\/www.vin-alsace-gueth.com\/wp-content\/uploads\/2023\/05\/Pinot-Noir-2021-bouteille-Gueth-rev.0.jpg",800,1406,false],"woocommerce_thumbnail":["https:\/\/www.vin-alsace-gueth.com\/wp-content\/uploads\/2023\/05\/Pinot-Noir-2021-bouteille-Gueth-rev.0-300x527.jpg",300,527,true],"woocommerce_single":["https:\/\/www.vin-alsace-gueth.com\/wp-content\/uploads\/2023\/05\/Pinot-Noir-2021-bouteille-Gueth-rev.0-600x1055.jpg",600,1055,true],"woocommerce_gallery_thumbnail":["https:\/\/www.vin-alsace-gueth.com\/wp-content\/uploads\/2023\/05\/Pinot-Noir-2021-bouteille-Gueth-rev.0-100x100.jpg",100,100,true]},"uagb_author_info":{"display_name":"BIECHY Ralph","author_link":"https:\/\/www.vin-alsace-gueth.com\/de\/author\/wasa068gmail-com\/"},"uagb_comment_info":0,"uagb_excerpt":"Ein charmanter, seidiger und leichter Pinot Noir Trockener und fruchtiger Wein. Der els\u00e4ssischen Fruchtigkeit treu, aber in seiner roten Version! Intensive und tiefe Farbe mit violetten Reflexen. Nase : fruchtiges Bouquet mit einer Dominanz von kirschartigen schwarzen Fr\u00fcchten. Geschmack : intensiv und duftend, reichlich mit geschmeidigen Tanninen. Anhaltender Abgang. Muriels Tripp: Dieser Pinot Noir kann&hellip;","featured_img":"https:\/\/www.vin-alsace-gueth.com\/wp-content\/uploads\/2023\/05\/Pinot-Noir-2021-bouteille-Gueth-rev.0.jpg","coauthors":[],"author_meta":{"author_link":"https:\/\/www.vin-alsace-gueth.com\/de\/author\/wasa068gmail-com\/","display_name":"BIECHY Ralph"},"relative_dates":{"created":"Ver\u00f6ffentlicht 3\u00a0Jahren vor","modified":"Aktualisiert 3\u00a0Jahren vor"},"absolute_dates":{"created":"Ver\u00f6ffentlicht am 4. Mai 2023","modified":"Aktualisiert am 27. Juni 2023"},"absolute_dates_time":{"created":"Ver\u00f6ffentlicht am 4. Mai 2023 17:39","modified":"Aktualisiert am 27. Juni 2023 20:03"},"featured_img_caption":"","tax_additional":{"product_brand":{"linked":[],"unlinked":[],"slug":"product_brand","name":"Marken"},"product_type":{"linked":["<a href=\"https:\/\/www.vin-alsace-gueth.com\/de\/?taxonomy=product_type&#038;term=simple\" class=\"advgb-post-tax-term\">simple<\/a>"],"unlinked":["<span class=\"advgb-post-tax-term\">simple<\/span>"],"slug":"product_type","name":"Produkttyp"},"product_visibility":{"linked":["<a href=\"https:\/\/www.vin-alsace-gueth.com\/?taxonomy=product_visibility&#038;term=exclude-from-catalog\" class=\"advgb-post-tax-term\">exclude-from-catalog<\/a>","<a href=\"https:\/\/www.vin-alsace-gueth.com\/?taxonomy=product_visibility&#038;term=exclude-from-search\" class=\"advgb-post-tax-term\">exclude-from-search<\/a>","<a href=\"https:\/\/www.vin-alsace-gueth.com\/?taxonomy=product_visibility&#038;term=outofstock\" class=\"advgb-post-tax-term\">outofstock<\/a>"],"unlinked":["<span class=\"advgb-post-tax-term\">exclude-from-catalog<\/span>","<span class=\"advgb-post-tax-term\">exclude-from-search<\/span>","<span class=\"advgb-post-tax-term\">outofstock<\/span>"],"slug":"product_visibility","name":"Sichtbarkeit des Produkts"},"product_cat":{"linked":["<a href=\"https:\/\/www.vin-alsace-gueth.com\/de\/produktkategorie\/nach-inhalt-flasche\/75cl-flasche\/\" class=\"advgb-post-tax-term\">75cl Flasche<\/a>","<a href=\"https:\/\/www.vin-alsace-gueth.com\/de\/produktkategorie\/vins-de\/\" class=\"advgb-post-tax-term\">Alle Weine<\/a>","<a href=\"https:\/\/www.vin-alsace-gueth.com\/de\/produktkategorie\/gammes-de\/\" class=\"advgb-post-tax-term\">Bereiche<\/a>","<a href=\"https:\/\/www.vin-alsace-gueth.com\/de\/produktkategorie\/essen-wein-paarungen\/\" class=\"advgb-post-tax-term\">Essen \/ Wein Paarungen<\/a>","<a href=\"https:\/\/www.vin-alsace-gueth.com\/de\/produktkategorie\/essen-wein-paarungen\/legumes-de\/\" class=\"advgb-post-tax-term\">Mit Gem\u00fcse<\/a>","<a href=\"https:\/\/www.vin-alsace-gueth.com\/de\/produktkategorie\/essen-wein-paarungen\/kase-de\/\" class=\"advgb-post-tax-term\">Mit K\u00e4se<\/a>","<a href=\"https:\/\/www.vin-alsace-gueth.com\/de\/produktkategorie\/essen-wein-paarungen\/viandes-rouges-de\/\" class=\"advgb-post-tax-term\">Mit rotem Fleisch<\/a>","<a href=\"https:\/\/www.vin-alsace-gueth.com\/de\/produktkategorie\/nach-inhalt-flasche\/\" class=\"advgb-post-tax-term\">Nach Inhalt Flasche<\/a>","<a href=\"https:\/\/www.vin-alsace-gueth.com\/de\/produktkategorie\/cepage-de\/pinot-noir-de\/\" class=\"advgb-post-tax-term\">Pinot Noir<\/a>","<a href=\"https:\/\/www.vin-alsace-gueth.com\/de\/produktkategorie\/vins-de\/vins-tranquilles-de\/\" class=\"advgb-post-tax-term\">Stille Weine<\/a>","<a href=\"https:\/\/www.vin-alsace-gueth.com\/de\/produktkategorie\/vins-par-terroir-de\/marno-greseux-de\/\" class=\"advgb-post-tax-term\">Tonmergel und Sandsteine<\/a>","<a href=\"https:\/\/www.vin-alsace-gueth.com\/de\/produktkategorie\/gammes-de\/tradition-de\/\" class=\"advgb-post-tax-term\">Tradition<\/a>","<a href=\"https:\/\/www.vin-alsace-gueth.com\/de\/produktkategorie\/sucrosite-de\/trockene-weine\/\" class=\"advgb-post-tax-term\">Trockene Weine<\/a>","<a href=\"https:\/\/www.vin-alsace-gueth.com\/de\/produktkategorie\/vins-par-terroir-de\/\" class=\"advgb-post-tax-term\">Weine \/ Terroir<\/a>","<a href=\"https:\/\/www.vin-alsace-gueth.com\/de\/produktkategorie\/cepage-de\/\" class=\"advgb-post-tax-term\">Weine nach Rebsorte<\/a>","<a href=\"https:\/\/www.vin-alsace-gueth.com\/de\/produktkategorie\/sucrosite-de\/\" class=\"advgb-post-tax-term\">Weine nach S\u00fc\u00dfe<\/a>","<a href=\"https:\/\/www.vin-alsace-gueth.com\/de\/produktkategorie\/essen-wein-paarungen\/welcher-wein-zu-tartiflette\/\" class=\"advgb-post-tax-term\">Welcher Wein zu Tartiflette<\/a>"],"unlinked":["<span class=\"advgb-post-tax-term\">75cl Flasche<\/span>","<span class=\"advgb-post-tax-term\">Alle Weine<\/span>","<span class=\"advgb-post-tax-term\">Bereiche<\/span>","<span class=\"advgb-post-tax-term\">Essen \/ Wein Paarungen<\/span>","<span class=\"advgb-post-tax-term\">Mit Gem\u00fcse<\/span>","<span class=\"advgb-post-tax-term\">Mit K\u00e4se<\/span>","<span class=\"advgb-post-tax-term\">Mit rotem Fleisch<\/span>","<span class=\"advgb-post-tax-term\">Nach Inhalt Flasche<\/span>","<span class=\"advgb-post-tax-term\">Pinot Noir<\/span>","<span class=\"advgb-post-tax-term\">Stille Weine<\/span>","<span class=\"advgb-post-tax-term\">Tonmergel und Sandsteine<\/span>","<span class=\"advgb-post-tax-term\">Tradition<\/span>","<span class=\"advgb-post-tax-term\">Trockene Weine<\/span>","<span class=\"advgb-post-tax-term\">Weine \/ Terroir<\/span>","<span class=\"advgb-post-tax-term\">Weine nach Rebsorte<\/span>","<span class=\"advgb-post-tax-term\">Weine nach S\u00fc\u00dfe<\/span>","<span class=\"advgb-post-tax-term\">Welcher Wein zu Tartiflette<\/span>"],"slug":"product_cat","name":"Produkt-Kategorien"},"product_tag":{"linked":[],"unlinked":[],"slug":"product_tag","name":"Produkt Schlagw\u00f6rter"},"product_shipping_class":{"linked":[],"unlinked":[],"slug":"product_shipping_class","name":"Produkt Versandklasse"},"pos_product_visibility":{"linked":[],"unlinked":[],"slug":"pos_product_visibility","name":"POS-Produkt-Sichtbarkeit."},"pa_accompagnements-plats":{"linked":["<a href=\"https:\/\/www.vin-alsace-gueth.com\/de\/accompagnements-plats\/fleisch\/\" class=\"advgb-post-tax-term\">Fleisch<\/a>","<a href=\"https:\/\/www.vin-alsace-gueth.com\/de\/accompagnements-plats\/gemuse\/\" class=\"advgb-post-tax-term\">Gem\u00fcse<\/a>","<a href=\"https:\/\/www.vin-alsace-gueth.com\/de\/accompagnements-plats\/kase\/\" class=\"advgb-post-tax-term\">K\u00e4se<\/a>"],"unlinked":["<span class=\"advgb-post-tax-term\">Fleisch<\/span>","<span class=\"advgb-post-tax-term\">Gem\u00fcse<\/span>","<span class=\"advgb-post-tax-term\">K\u00e4se<\/span>"],"slug":"pa_accompagnements-plats","name":"Product Accompagnements Plats"},"pa_appellation":{"linked":["<a href=\"https:\/\/www.vin-alsace-gueth.com\/de\/appellation\/aoc-elsass\/\" class=\"advgb-post-tax-term\">AOC Elsass<\/a>"],"unlinked":["<span class=\"advgb-post-tax-term\">AOC Elsass<\/span>"],"slug":"pa_appellation","name":"Product Appellation"},"pa_cepage":{"linked":["<a href=\"https:\/\/www.vin-alsace-gueth.com\/de\/cepage\/spatburgunder\/\" class=\"advgb-post-tax-term\">Sp\u00e4tburgunder<\/a>"],"unlinked":["<span class=\"advgb-post-tax-term\">Sp\u00e4tburgunder<\/span>"],"slug":"pa_cepage","name":"Product C\u00e9page"},"pa_contenance-btl":{"linked":["<a href=\"https:\/\/www.vin-alsace-gueth.com\/de\/contenance-btl\/75-cl-de\/\" class=\"advgb-post-tax-term\">75 cl<\/a>"],"unlinked":["<span class=\"advgb-post-tax-term\">75 cl<\/span>"],"slug":"pa_contenance-btl","name":"Product Volume"},"pa_gamme":{"linked":["<a href=\"https:\/\/www.vin-alsace-gueth.com\/de\/gamme\/tradition-de\/\" class=\"advgb-post-tax-term\">Tradition<\/a>"],"unlinked":["<span class=\"advgb-post-tax-term\">Tradition<\/span>"],"slug":"pa_gamme","name":"Product Gamme"},"pa_type-de-terroir":{"linked":["<a href=\"https:\/\/www.vin-alsace-gueth.com\/de\/type-de-terroir\/marno-grsex\/\" class=\"advgb-post-tax-term\">Marno-grsex.<\/a>"],"unlinked":["<span class=\"advgb-post-tax-term\">Marno-grsex.<\/span>"],"slug":"pa_type-de-terroir","name":"Product Type de terroir"},"pa_type-de-vin":{"linked":["<a href=\"https:\/\/www.vin-alsace-gueth.com\/de\/type-de-vin\/rot-fruchtig\/\" class=\"advgb-post-tax-term\">Rot &amp; Fruchtig<\/a>"],"unlinked":["<span class=\"advgb-post-tax-term\">Rot &amp; Fruchtig<\/span>"],"slug":"pa_type-de-vin","name":"Product Type de vin"},"translation_priority":{"linked":["<a href=\"https:\/\/www.vin-alsace-gueth.com\/de\/?taxonomy=translation_priority&#038;term=facultatif-de\" class=\"advgb-post-tax-term\">Facultatif<\/a>"],"unlinked":["<span class=\"advgb-post-tax-term\">Facultatif<\/span>"],"slug":"translation_priority","name":"\u00dcbersetzungspriorit\u00e4ten"}},"series_order":"","_links":{"self":[{"href":"https:\/\/www.vin-alsace-gueth.com\/de\/wp-json\/wp\/v2\/product\/28188","targetHints":{"allow":["GET"]}}],"collection":[{"href":"https:\/\/www.vin-alsace-gueth.com\/de\/wp-json\/wp\/v2\/product"}],"about":[{"href":"https:\/\/www.vin-alsace-gueth.com\/de\/wp-json\/wp\/v2\/types\/product"}],"replies":[{"embeddable":true,"href":"https:\/\/www.vin-alsace-gueth.com\/de\/wp-json\/wp\/v2\/comments?post=28188"}],"wp:featuredmedia":[{"embeddable":true,"href":"https:\/\/www.vin-alsace-gueth.com\/de\/wp-json\/wp\/v2\/media\/28197"}],"wp:attachment":[{"href":"https:\/\/www.vin-alsace-gueth.com\/de\/wp-json\/wp\/v2\/media?parent=28188"}],"wp:term":[{"taxonomy":"product_brand","embeddable":true,"href":"https:\/\/www.vin-alsace-gueth.com\/de\/wp-json\/wp\/v2\/product_brand?post=28188"},{"taxonomy":"product_cat","embeddable":true,"href":"https:\/\/www.vin-alsace-gueth.com\/de\/wp-json\/wp\/v2\/product_cat?post=28188"},{"taxonomy":"product_tag","embeddable":true,"href":"https:\/\/www.vin-alsace-gueth.com\/de\/wp-json\/wp\/v2\/product_tag?post=28188"}],"curies":[{"name":"wp","href":"https:\/\/api.w.org\/{rel}","templated":true}]}}