    {"id":13962,"date":"2020-05-20T19:50:33","date_gmt":"2020-05-20T17:50:33","guid":{"rendered":"https:\/\/www.vin-alsace-gueth.com\/product\/colis-selection-tradition-2\/"},"modified":"2023-06-30T16:09:52","modified_gmt":"2023-06-30T14:09:52","slug":"tradition-sortiment-12-fl","status":"publish","type":"product","link":"https:\/\/www.vin-alsace-gueth.com\/de\/product\/tradition-sortiment-12-fl\/","title":{"rendered":"Tradition Sortiment 12 fl"},"content":{"rendered":"","protected":false},"excerpt":{"rendered":"<p>Eine Auswahl von 12 Flaschen, um traditionelle els\u00e4ssische Weine zu entdecken<\/p>\n<p>2x <a href=\"https:\/\/www.vin-alsace-gueth.com\/de\/product\/cremant-dalsace-blanc-brut\/\">Cr\u00e9mant d&#8217;Alsace Brut Blanc<\/a><\/p>\n<p>2x <a href=\"https:\/\/www.vin-alsace-gueth.com\/de\/product\/cremant-dalsace-rose-brut\/\">Cr\u00e9mant d&#8217;Alsace Brut Ros\u00e9<\/a><\/p>\n<p>1x <a href=\"https:\/\/www.vin-alsace-gueth.com\/de\/product\/edelzwicker\/\">Edelzwicker<\/a><\/p>\n<p>1x <a href=\"https:\/\/www.vin-alsace-gueth.com\/de\/product\/pinot-blanc-auxerrois-2018\/\">Pinot Blanc Auxerrois 2018<\/a><\/p>\n<p>1x <a href=\"https:\/\/www.vin-alsace-gueth.com\/de\/product\/muscat-2020\/\">Muscat 2020<\/a><\/p>\n<p>1x <a href=\"https:\/\/www.vin-alsace-gueth.com\/de\/product\/pinot-noir-2021\/\">Pinot Noir 2021<\/a><\/p>\n<p>1x <a href=\"https:\/\/www.vin-alsace-gueth.com\/de\/product\/riesling-reserve-2019\/\">Riesling R\u00e9serve 2019<\/a><\/p>\n<p>1x <a href=\"https:\/\/www.vin-alsace-gueth.com\/de\/product\/pinot-gris-reserve-2019\/\">Pinot Gris R\u00e9serve 2019<\/a><\/p>\n<p>1x <a href=\"https:\/\/www.vin-alsace-gueth.com\/de\/product\/gewurztraminer-2019\/\">Gewurztraminer 2019<\/a><\/p>\n<p>1x <a href=\"https:\/\/www.vin-alsace-gueth.com\/de\/product\/gewurztraminer-reserve-2019\/\">Gewurztraminer R\u00e9serve 2019<\/a><\/p>\n","protected":false},"author":131,"featured_media":13963,"comment_status":"open","ping_status":"closed","template":"","meta":{"_uag_custom_page_level_css":"","advgb_blocks_editor_width":"","advgb_blocks_columns_visual_guide":"","_monsterinsights_skip_tracking":false,"_monsterinsights_sitenote_active":false,"_monsterinsights_sitenote_note":"","_monsterinsights_sitenote_category":0,"site-sidebar-layout":"default","site-content-layout":null,"ast-site-content-layout":"default","site-content-style":"default","site-sidebar-style":"default","ast-global-header-display":"","ast-banner-title-visibility":"","ast-main-header-display":"","ast-hfb-above-header-display":"","ast-hfb-below-header-display":"","ast-hfb-mobile-header-display":"","site-post-title":"","ast-breadcrumbs-content":null,"ast-featured-img":"","footer-sml-layout":"","ast-disable-related-posts":"","theme-transparent-header-meta":"default","adv-header-id-meta":"","stick-header-meta":"enabled","header-above-stick-meta":"","header-main-stick-meta":"on","header-below-stick-meta":"","astra-migrate-meta-layouts":"default","ast-page-background-enabled":"default","ast-page-background-meta":{"desktop":{"background-color":"","background-image":"","background-repeat":"repeat","background-position":"center center","background-size":"auto","background-attachment":"scroll","background-type":"","background-media":"","overlay-type":"","overlay-color":"","overlay-opacity":"","overlay-gradient":""},"tablet":{"background-color":"","background-image":"","background-repeat":"repeat","background-position":"center center","background-size":"auto","background-attachment":"scroll","background-type":"","background-media":"","overlay-type":"","overlay-color":"","overlay-opacity":"","overlay-gradient":""},"mobile":{"background-color":"","background-image":"","background-repeat":"repeat","background-position":"center center","background-size":"auto","background-attachment":"scroll","background-type":"","background-media":"","overlay-type":"","overlay-color":"","overlay-opacity":"","overlay-gradient":""}},"ast-content-background-meta":{"desktop":{"background-color":"var(--ast-global-color-5)","background-image":"","background-repeat":"repeat","background-position":"center center","background-size":"auto","background-attachment":"scroll","background-type":"","background-media":"","overlay-type":"","overlay-color":"","overlay-opacity":"","overlay-gradient":""},"tablet":{"background-color":"var(--ast-global-color-5)","background-image":"","background-repeat":"repeat","background-position":"center center","background-size":"auto","background-attachment":"scroll","background-type":"","background-media":"","overlay-type":"","overlay-color":"","overlay-opacity":"","overlay-gradient":""},"mobile":{"background-color":"var(--ast-global-color-5)","background-image":"","background-repeat":"repeat","background-position":"center center","background-size":"auto","background-attachment":"scroll","background-type":"","background-media":"","overlay-type":"","overlay-color":"","overlay-opacity":"","overlay-gradient":""}}},"product_brand":[],"product_cat":[],"product_tag":[],"class_list":{"0":"post-13962","1":"product","2":"type-product","3":"status-publish","4":"has-post-thumbnail","6":"pa_gamme-verbindungspaket","7":"desktop-align-center","8":"tablet-align-center","9":"mobile-align-center","10":"ast-product-gallery-layout-vertical","11":"ast-product-tabs-layout-horizontal","13":"first","14":"outofstock","15":"sale","16":"taxable","17":"shipping-taxable","18":"purchasable","19":"product-type-simple"},"uagb_featured_image_src":{"full":["https:\/\/www.vin-alsace-gueth.com\/wp-content\/uploads\/2020\/05\/colis2021-12-btl-traditions-gueth-web-rev.2-comp.jpg",800,1406,false],"thumbnail":["https:\/\/www.vin-alsace-gueth.com\/wp-content\/uploads\/2020\/05\/colis2021-12-btl-traditions-gueth-web-rev.2-comp-150x150.jpg",150,150,true],"medium":["https:\/\/www.vin-alsace-gueth.com\/wp-content\/uploads\/2020\/05\/colis2021-12-btl-traditions-gueth-web-rev.2-comp-171x300.jpg",171,300,true],"medium_large":["https:\/\/www.vin-alsace-gueth.com\/wp-content\/uploads\/2020\/05\/colis2021-12-btl-traditions-gueth-web-rev.2-comp-768x1350.jpg",768,1350,true],"large":["https:\/\/www.vin-alsace-gueth.com\/wp-content\/uploads\/2020\/05\/colis2021-12-btl-traditions-gueth-web-rev.2-comp-583x1024.jpg",583,1024,true],"thumblist":["https:\/\/www.vin-alsace-gueth.com\/wp-content\/uploads\/2020\/05\/colis2021-12-btl-traditions-gueth-web-rev.2-comp-300x300.jpg",300,300,true],"thumbrelated":["https:\/\/www.vin-alsace-gueth.com\/wp-content\/uploads\/2020\/05\/colis2021-12-btl-traditions-gueth-web-rev.2-comp.jpg",284,500,false],"meccarouselthumb":["https:\/\/www.vin-alsace-gueth.com\/wp-content\/uploads\/2020\/05\/colis2021-12-btl-traditions-gueth-web-rev.2-comp-474x324.jpg",474,324,true],"gridsquare":["https:\/\/www.vin-alsace-gueth.com\/wp-content\/uploads\/2020\/05\/colis2021-12-btl-traditions-gueth-web-rev.2-comp-391x260.jpg",391,260,true],"tileview":["https:\/\/www.vin-alsace-gueth.com\/wp-content\/uploads\/2020\/05\/colis2021-12-btl-traditions-gueth-web-rev.2-comp-300x400.jpg",300,400,true],"1536x1536":["https:\/\/www.vin-alsace-gueth.com\/wp-content\/uploads\/2020\/05\/colis2021-12-btl-traditions-gueth-web-rev.2-comp.jpg",800,1406,false],"2048x2048":["https:\/\/www.vin-alsace-gueth.com\/wp-content\/uploads\/2020\/05\/colis2021-12-btl-traditions-gueth-web-rev.2-comp.jpg",800,1406,false],"woocommerce_thumbnail":["https:\/\/www.vin-alsace-gueth.com\/wp-content\/uploads\/2020\/05\/colis2021-12-btl-traditions-gueth-web-rev.2-comp-300x527.jpg",300,527,true],"woocommerce_single":["https:\/\/www.vin-alsace-gueth.com\/wp-content\/uploads\/2020\/05\/colis2021-12-btl-traditions-gueth-web-rev.2-comp-600x1055.jpg",600,1055,true],"woocommerce_gallery_thumbnail":["https:\/\/www.vin-alsace-gueth.com\/wp-content\/uploads\/2020\/05\/colis2021-12-btl-traditions-gueth-web-rev.2-comp-100x100.jpg",100,100,true]},"uagb_author_info":{"display_name":"BIECHY Ralph","author_link":"https:\/\/www.vin-alsace-gueth.com\/de\/author\/wasa068gmail-com\/"},"uagb_comment_info":0,"uagb_excerpt":"Eine Auswahl von 12 Flaschen, um traditionelle els\u00e4ssische Weine zu entdecken 2x Cr\u00e9mant d'Alsace Brut Blanc 2x Cr\u00e9mant d'Alsace Brut Ros\u00e9 1x Edelzwicker 1x Pinot Blanc Auxerrois 2018 1x Muscat 2020 1x Pinot Noir 2021 1x Riesling R\u00e9serve 2019 1x Pinot Gris R\u00e9serve 2019 1x Gewurztraminer 2019 1x Gewurztraminer R\u00e9serve 2019","featured_img":"https:\/\/www.vin-alsace-gueth.com\/wp-content\/uploads\/2020\/05\/colis2021-12-btl-traditions-gueth-web-rev.2-comp.jpg","coauthors":[],"author_meta":{"author_link":"https:\/\/www.vin-alsace-gueth.com\/de\/author\/wasa068gmail-com\/","display_name":"BIECHY Ralph"},"relative_dates":{"created":"Ver\u00f6ffentlicht 6\u00a0Jahren vor","modified":"Aktualisiert 3\u00a0Jahren vor"},"absolute_dates":{"created":"Ver\u00f6ffentlicht am 20. Mai 2020","modified":"Aktualisiert am 30. Juni 2023"},"absolute_dates_time":{"created":"Ver\u00f6ffentlicht am 20. Mai 2020 19:50","modified":"Aktualisiert am 30. Juni 2023 16:09"},"featured_img_caption":"","tax_additional":{"product_brand":{"linked":[],"unlinked":[],"slug":"product_brand","name":"Marken"},"product_type":{"linked":["<a href=\"https:\/\/www.vin-alsace-gueth.com\/de\/?taxonomy=product_type&#038;term=simple\" class=\"advgb-post-tax-term\">simple<\/a>"],"unlinked":["<span class=\"advgb-post-tax-term\">simple<\/span>"],"slug":"product_type","name":"Produkttyp"},"product_visibility":{"linked":["<a href=\"https:\/\/www.vin-alsace-gueth.com\/?taxonomy=product_visibility&#038;term=exclude-from-catalog\" class=\"advgb-post-tax-term\">exclude-from-catalog<\/a>","<a href=\"https:\/\/www.vin-alsace-gueth.com\/?taxonomy=product_visibility&#038;term=exclude-from-search\" class=\"advgb-post-tax-term\">exclude-from-search<\/a>","<a href=\"https:\/\/www.vin-alsace-gueth.com\/?taxonomy=product_visibility&#038;term=outofstock\" class=\"advgb-post-tax-term\">outofstock<\/a>"],"unlinked":["<span class=\"advgb-post-tax-term\">exclude-from-catalog<\/span>","<span class=\"advgb-post-tax-term\">exclude-from-search<\/span>","<span class=\"advgb-post-tax-term\">outofstock<\/span>"],"slug":"product_visibility","name":"Sichtbarkeit des Produkts"},"product_cat":{"linked":[],"unlinked":[],"slug":"product_cat","name":"Produkt-Kategorien"},"product_tag":{"linked":[],"unlinked":[],"slug":"product_tag","name":"Produkt Schlagw\u00f6rter"},"product_shipping_class":{"linked":[],"unlinked":[],"slug":"product_shipping_class","name":"Produkt Versandklasse"},"pos_product_visibility":{"linked":[],"unlinked":[],"slug":"pos_product_visibility","name":"POS-Produkt-Sichtbarkeit."},"pa_accompagnements-plats":{"linked":[],"unlinked":[],"slug":"pa_accompagnements-plats","name":"Product Accompagnements Plats"},"pa_appellation":{"linked":[],"unlinked":[],"slug":"pa_appellation","name":"Product Appellation"},"pa_cepage":{"linked":[],"unlinked":[],"slug":"pa_cepage","name":"Product C\u00e9page"},"pa_contenance-btl":{"linked":[],"unlinked":[],"slug":"pa_contenance-btl","name":"Product Volume"},"pa_gamme":{"linked":["<a href=\"https:\/\/www.vin-alsace-gueth.com\/de\/gamme\/verbindungspaket\/\" class=\"advgb-post-tax-term\">Verbindungspaket.<\/a>"],"unlinked":["<span class=\"advgb-post-tax-term\">Verbindungspaket.<\/span>"],"slug":"pa_gamme","name":"Product Gamme"},"pa_type-de-terroir":{"linked":[],"unlinked":[],"slug":"pa_type-de-terroir","name":"Product Type de terroir"},"pa_type-de-vin":{"linked":[],"unlinked":[],"slug":"pa_type-de-vin","name":"Product Type de vin"},"translation_priority":{"linked":["<a href=\"https:\/\/www.vin-alsace-gueth.com\/de\/?taxonomy=translation_priority&#038;term=facultatif-de\" class=\"advgb-post-tax-term\">Facultatif<\/a>"],"unlinked":["<span class=\"advgb-post-tax-term\">Facultatif<\/span>"],"slug":"translation_priority","name":"\u00dcbersetzungspriorit\u00e4ten"}},"series_order":"","_links":{"self":[{"href":"https:\/\/www.vin-alsace-gueth.com\/de\/wp-json\/wp\/v2\/product\/13962","targetHints":{"allow":["GET"]}}],"collection":[{"href":"https:\/\/www.vin-alsace-gueth.com\/de\/wp-json\/wp\/v2\/product"}],"about":[{"href":"https:\/\/www.vin-alsace-gueth.com\/de\/wp-json\/wp\/v2\/types\/product"}],"replies":[{"embeddable":true,"href":"https:\/\/www.vin-alsace-gueth.com\/de\/wp-json\/wp\/v2\/comments?post=13962"}],"wp:featuredmedia":[{"embeddable":true,"href":"https:\/\/www.vin-alsace-gueth.com\/de\/wp-json\/wp\/v2\/media\/13963"}],"wp:attachment":[{"href":"https:\/\/www.vin-alsace-gueth.com\/de\/wp-json\/wp\/v2\/media?parent=13962"}],"wp:term":[{"taxonomy":"product_brand","embeddable":true,"href":"https:\/\/www.vin-alsace-gueth.com\/de\/wp-json\/wp\/v2\/product_brand?post=13962"},{"taxonomy":"product_cat","embeddable":true,"href":"https:\/\/www.vin-alsace-gueth.com\/de\/wp-json\/wp\/v2\/product_cat?post=13962"},{"taxonomy":"product_tag","embeddable":true,"href":"https:\/\/www.vin-alsace-gueth.com\/de\/wp-json\/wp\/v2\/product_tag?post=13962"}],"curies":[{"name":"wp","href":"https:\/\/api.w.org\/{rel}","templated":true}]}}