    {"id":13922,"date":"2019-09-06T11:39:33","date_gmt":"2019-09-06T09:39:33","guid":{"rendered":"https:\/\/www.vin-alsace-gueth.com\/product\/edelzwicker\/"},"modified":"2025-09-28T11:16:23","modified_gmt":"2025-09-28T09:16:23","slug":"edelzwicker","status":"publish","type":"product","link":"https:\/\/www.vin-alsace-gueth.com\/de\/product\/edelzwicker\/","title":{"rendered":"Edelzwicker"},"content":{"rendered":"<p style=\"text-align: left;\"><strong>Reben :<\/strong> Cuv\u00e9e aus <a href=\"https:\/\/www.vin-alsace-gueth.com\/boutique-vins-dalsace-gueth\/?id=sucrosite&amp;wpf=1&amp;orderby=&amp;wpf_cols=&amp;wpf_pa_cepage=auxerrois\">Pinot Blanc Auxerrois<\/a>, <a href=\"https:\/\/www.vin-alsace-gueth.com\/boutique-vins-dalsace-gueth\/?id=sucrosite&amp;wpf=1&amp;orderby=&amp;wpf_cols=&amp;wpf_pa_cepage=pinot-gris\">Pinot Gris<\/a>, Chasselas und <a href=\"https:\/\/www.vin-alsace-gueth.com\/boutique-vins-dalsace-gueth\/?id=sucrosite&amp;wpf=1&amp;orderby=&amp;wpf_cols=&amp;wpf_pa_cepage=sylvaner\">Sylvaner<\/a> aus mehreren Parzellen, die im Durchschnitt 40 Jahre alt sind und sich am Fu\u00dfe der H\u00e4nge befinden.<\/p>\n<p style=\"text-align: left;\"><strong>Terroir :<\/strong> <a href=\"https:\/\/www.vin-alsace-gueth.com\/vignoble-terroirs\/\">Mergel-Calcaro-Sandstein<\/a>. Lehmboden, wo sich Schluff und L\u00f6ss mit Ger\u00f6ll aus Sandstein und oolithischem Kalkstein vermischen. Boden mit einer Vielzahl von Gesteinen, reich an Mineralien, fruchtbar und erm\u00f6glicht eine gute Wasserspeicherung.<\/p>\n<p style=\"text-align: left;\"><strong>Im Keller :<\/strong> langsame und schonende Pressung; G\u00e4rung ohne Zugabe von Hefen; Montage nach der G\u00e4rung; sehr m\u00e4\u00dfige Sulfitierung; Reifung 6 Monate auf Hefe in Edelstahltanks; Abf\u00fcllung auf dem Gut. Wir legen unsere Weine in Reserve, um ihnen ihr bestes Potenzial zu bieten.<\/p>\n<p>&nbsp;<\/p>\n<p style=\"text-align: left;\"><strong>Alkoholgehalt :<\/strong> 12,5 % vol.<\/p>\n<p style=\"text-align: left;\"><strong>Aufbewahrung :<\/strong> 3 bis 5 Jahre<\/p>\n","protected":false},"excerpt":{"rendered":"<h5 style=\"text-align: left;\">Eine solide und historische Basis Edelzwicker<\/h5>\n<p style=\"text-align: left;\">Trockener und fruchtiger Wein.<\/p>\n<p><a href=\"https:\/\/www.vin-alsace-gueth.com\/wp-content\/uploads\/2021\/06\/DE-trocken-weiss-2.png\"><img decoding=\"async\" class=\"wp-image-19685 aligncenter\" src=\"https:\/\/www.vin-alsace-gueth.com\/wp-content\/uploads\/2021\/06\/DE-trocken-weiss-2.png\" alt=\"\" width=\"330\" height=\"91\" srcset=\"https:\/\/www.vin-alsace-gueth.com\/wp-content\/uploads\/2021\/06\/DE-trocken-weiss-2.png 1008w, https:\/\/www.vin-alsace-gueth.com\/wp-content\/uploads\/2021\/06\/DE-trocken-weiss-2-300x82.png 300w, https:\/\/www.vin-alsace-gueth.com\/wp-content\/uploads\/2021\/06\/DE-trocken-weiss-2-768x211.png 768w, https:\/\/www.vin-alsace-gueth.com\/wp-content\/uploads\/2021\/06\/DE-trocken-weiss-2-600x165.png 600w\" sizes=\"(max-width: 330px) 100vw, 330px\" \/><\/a><\/p>\n<p style=\"text-align: left;\"><strong>Nase :<\/strong> Fruchtig und harmonisch ist dieser Edelzwicker knackig mit Noten von Streuobst.<\/p>\n<p style=\"text-align: left;\"><strong>Geschmack :<\/strong> erfrischend und leicht zu trinken, kombiniert mit sehr reifen Zitrusfr\u00fcchten und sch\u00f6nen gelben Fr\u00fcchten. Es gibt eine gute L\u00e4nge, Frucht und Frische.<\/p>\n<p style=\"text-align: left;\"><strong>Muriels Tripp :<\/strong> Oft f\u00fcr einfache Gerichte wie Salate, Aufschnitt&#8230; reserviert. In der 1-Liter-Flasche verkauft, bringt er Geselligkeit und Frische auf den Tisch. In Kombination mit einem Lik\u00f6r oder Sahne kann er auch als Kir f\u00fcr einen Aperitif oder als Zutat nach Wahl f\u00fcr Ihre Saucen verwendet werden. Er passt auch gut zu Schalentieren und Meeresfr\u00fcchten, <a href=\"https:\/\/www.marmiton.org\/recettes\/recette_baeckeoffe_11231.aspx\">Baeckeofe<\/a>, <a href=\"https:\/\/www.marmiton.org\/recettes\/recette_choucroute-a-l-alsacienne_29819.aspx\">Sauerkraut<\/a>, gemischten Salaten und Frischk\u00e4se.<\/p>\n","protected":false},"author":131,"featured_media":27306,"comment_status":"open","ping_status":"closed","template":"","meta":{"_uag_custom_page_level_css":"","advgb_blocks_editor_width":"","advgb_blocks_columns_visual_guide":"","_monsterinsights_skip_tracking":false,"_monsterinsights_sitenote_active":false,"_monsterinsights_sitenote_note":"","_monsterinsights_sitenote_category":0,"site-sidebar-layout":"default","site-content-layout":"","ast-site-content-layout":"default","site-content-style":"default","site-sidebar-style":"default","ast-global-header-display":"","ast-banner-title-visibility":"","ast-main-header-display":"","ast-hfb-above-header-display":"","ast-hfb-below-header-display":"","ast-hfb-mobile-header-display":"","site-post-title":"","ast-breadcrumbs-content":null,"ast-featured-img":"","footer-sml-layout":"","ast-disable-related-posts":"","theme-transparent-header-meta":"default","adv-header-id-meta":"","stick-header-meta":"enabled","header-above-stick-meta":"","header-main-stick-meta":"on","header-below-stick-meta":"","astra-migrate-meta-layouts":"set","ast-page-background-enabled":"default","ast-page-background-meta":{"desktop":{"background-color":"","background-image":"","background-repeat":"repeat","background-position":"center center","background-size":"auto","background-attachment":"scroll","background-type":"","background-media":"","overlay-type":"","overlay-color":"","overlay-opacity":"","overlay-gradient":""},"tablet":{"background-color":"","background-image":"","background-repeat":"repeat","background-position":"center center","background-size":"auto","background-attachment":"scroll","background-type":"","background-media":"","overlay-type":"","overlay-color":"","overlay-opacity":"","overlay-gradient":""},"mobile":{"background-color":"","background-image":"","background-repeat":"repeat","background-position":"center center","background-size":"auto","background-attachment":"scroll","background-type":"","background-media":"","overlay-type":"","overlay-color":"","overlay-opacity":"","overlay-gradient":""}},"ast-content-background-meta":{"desktop":{"background-color":"var(--ast-global-color-5)","background-image":"","background-repeat":"repeat","background-position":"center center","background-size":"auto","background-attachment":"scroll","background-type":"","background-media":"","overlay-type":"","overlay-color":"","overlay-opacity":"","overlay-gradient":""},"tablet":{"background-color":"var(--ast-global-color-5)","background-image":"","background-repeat":"repeat","background-position":"center center","background-size":"auto","background-attachment":"scroll","background-type":"","background-media":"","overlay-type":"","overlay-color":"","overlay-opacity":"","overlay-gradient":""},"mobile":{"background-color":"var(--ast-global-color-5)","background-image":"","background-repeat":"repeat","background-position":"center center","background-size":"auto","background-attachment":"scroll","background-type":"","background-media":"","overlay-type":"","overlay-color":"","overlay-opacity":"","overlay-gradient":""}}},"product_brand":[],"product_cat":[851,552,551,539,550,546,542,547,849,555,832,828,579,556,557,575,558,544],"product_tag":[],"class_list":{"0":"post-13922","1":"product","2":"type-product","3":"status-publish","4":"has-post-thumbnail","6":"product_cat-100cl-flasche","7":"product_cat-vins-de","8":"product_cat-gammes-de","9":"product_cat-essen-wein-paarungen","10":"product_cat-aperitif-de","11":"product_cat-poissons-de","12":"product_cat-kase-de","13":"product_cat-viande-blanches-de","14":"product_cat-nach-inhalt-flasche","15":"product_cat-vins-tranquilles-de","16":"product_cat-marno-greseux-de","17":"product_cat-tradition-de","18":"product_cat-trockene-weine","19":"product_cat-vins-par-terroir-de","20":"product_cat-cepage-de","21":"product_cat-sucrosite-de","22":"product_cat-assemblage-de","23":"product_cat-mit-meeresfruechten","24":"pa_accompagnements-plats-aperitif-de","25":"pa_accompagnements-plats-fische","26":"pa_accompagnements-plats-fleisch","27":"pa_accompagnements-plats-gemuse","28":"pa_accompagnements-plats-meeresfruchte","29":"pa_appellation-aoc-elsass","30":"pa_cepage-versammlung","31":"pa_contenance-btl-100-cl-de","32":"pa_gamme-tradition-de","33":"pa_type-de-terroir-marno-calcaro-gruteux","34":"pa_type-de-vin-trocken-fruchtig","35":"desktop-align-center","36":"tablet-align-center","37":"mobile-align-center","38":"ast-product-gallery-layout-vertical","39":"ast-product-tabs-layout-horizontal","41":"first","42":"instock","43":"taxable","44":"shipping-taxable","45":"purchasable","46":"product-type-simple"},"uagb_featured_image_src":{"full":["https:\/\/www.vin-alsace-gueth.com\/wp-content\/uploads\/2022\/12\/Edelzwicker_bouteille_Gueth_rev.0-1.jpg",800,1406,false],"thumbnail":["https:\/\/www.vin-alsace-gueth.com\/wp-content\/uploads\/2022\/12\/Edelzwicker_bouteille_Gueth_rev.0-1-150x150.jpg",150,150,true],"medium":["https:\/\/www.vin-alsace-gueth.com\/wp-content\/uploads\/2022\/12\/Edelzwicker_bouteille_Gueth_rev.0-1-171x300.jpg",171,300,true],"medium_large":["https:\/\/www.vin-alsace-gueth.com\/wp-content\/uploads\/2022\/12\/Edelzwicker_bouteille_Gueth_rev.0-1-768x1350.jpg",768,1350,true],"large":["https:\/\/www.vin-alsace-gueth.com\/wp-content\/uploads\/2022\/12\/Edelzwicker_bouteille_Gueth_rev.0-1-583x1024.jpg",583,1024,true],"thumblist":["https:\/\/www.vin-alsace-gueth.com\/wp-content\/uploads\/2022\/12\/Edelzwicker_bouteille_Gueth_rev.0-1-300x300.jpg",300,300,true],"thumbrelated":["https:\/\/www.vin-alsace-gueth.com\/wp-content\/uploads\/2022\/12\/Edelzwicker_bouteille_Gueth_rev.0-1.jpg",284,500,false],"meccarouselthumb":["https:\/\/www.vin-alsace-gueth.com\/wp-content\/uploads\/2022\/12\/Edelzwicker_bouteille_Gueth_rev.0-1-474x324.jpg",474,324,true],"gridsquare":["https:\/\/www.vin-alsace-gueth.com\/wp-content\/uploads\/2022\/12\/Edelzwicker_bouteille_Gueth_rev.0-1-391x260.jpg",391,260,true],"tileview":["https:\/\/www.vin-alsace-gueth.com\/wp-content\/uploads\/2022\/12\/Edelzwicker_bouteille_Gueth_rev.0-1-300x400.jpg",300,400,true],"1536x1536":["https:\/\/www.vin-alsace-gueth.com\/wp-content\/uploads\/2022\/12\/Edelzwicker_bouteille_Gueth_rev.0-1.jpg",800,1406,false],"2048x2048":["https:\/\/www.vin-alsace-gueth.com\/wp-content\/uploads\/2022\/12\/Edelzwicker_bouteille_Gueth_rev.0-1.jpg",800,1406,false],"woocommerce_thumbnail":["https:\/\/www.vin-alsace-gueth.com\/wp-content\/uploads\/2022\/12\/Edelzwicker_bouteille_Gueth_rev.0-1-300x527.jpg",300,527,true],"woocommerce_single":["https:\/\/www.vin-alsace-gueth.com\/wp-content\/uploads\/2022\/12\/Edelzwicker_bouteille_Gueth_rev.0-1-600x1055.jpg",600,1055,true],"woocommerce_gallery_thumbnail":["https:\/\/www.vin-alsace-gueth.com\/wp-content\/uploads\/2022\/12\/Edelzwicker_bouteille_Gueth_rev.0-1-100x100.jpg",100,100,true]},"uagb_author_info":{"display_name":"BIECHY Ralph","author_link":"https:\/\/www.vin-alsace-gueth.com\/de\/author\/wasa068gmail-com\/"},"uagb_comment_info":0,"uagb_excerpt":"Eine solide und historische Basis Edelzwicker Trockener und fruchtiger Wein. Nase : Fruchtig und harmonisch ist dieser Edelzwicker knackig mit Noten von Streuobst. Geschmack : erfrischend und leicht zu trinken, kombiniert mit sehr reifen Zitrusfr\u00fcchten und sch\u00f6nen gelben Fr\u00fcchten. Es gibt eine gute L\u00e4nge, Frucht und Frische. Muriels Tripp : Oft f\u00fcr einfache Gerichte wie&hellip;","featured_img":"https:\/\/www.vin-alsace-gueth.com\/wp-content\/uploads\/2022\/12\/Edelzwicker_bouteille_Gueth_rev.0-1.jpg","coauthors":[],"author_meta":{"author_link":"https:\/\/www.vin-alsace-gueth.com\/de\/author\/wasa068gmail-com\/","display_name":"BIECHY Ralph"},"relative_dates":{"created":"Ver\u00f6ffentlicht 7\u00a0Jahren vor","modified":"Aktualisiert 7\u00a0Monaten vor"},"absolute_dates":{"created":"Ver\u00f6ffentlicht am 6. September 2019","modified":"Aktualisiert am 28. September 2025"},"absolute_dates_time":{"created":"Ver\u00f6ffentlicht am 6. September 2019 11:39","modified":"Aktualisiert am 28. September 2025 11:16"},"featured_img_caption":"","tax_additional":{"product_brand":{"linked":[],"unlinked":[],"slug":"product_brand","name":"Marken"},"product_type":{"linked":["<a href=\"https:\/\/www.vin-alsace-gueth.com\/de\/?taxonomy=product_type&#038;term=simple\" class=\"advgb-post-tax-term\">simple<\/a>"],"unlinked":["<span class=\"advgb-post-tax-term\">simple<\/span>"],"slug":"product_type","name":"Produkttyp"},"product_visibility":{"linked":[],"unlinked":[],"slug":"product_visibility","name":"Sichtbarkeit des Produkts"},"product_cat":{"linked":["<a href=\"https:\/\/www.vin-alsace-gueth.com\/de\/produktkategorie\/nach-inhalt-flasche\/100cl-flasche\/\" class=\"advgb-post-tax-term\">100cl Flasche<\/a>","<a href=\"https:\/\/www.vin-alsace-gueth.com\/de\/produktkategorie\/vins-de\/\" class=\"advgb-post-tax-term\">Alle Weine<\/a>","<a href=\"https:\/\/www.vin-alsace-gueth.com\/de\/produktkategorie\/gammes-de\/\" class=\"advgb-post-tax-term\">Bereiche<\/a>","<a href=\"https:\/\/www.vin-alsace-gueth.com\/de\/produktkategorie\/essen-wein-paarungen\/\" class=\"advgb-post-tax-term\">Essen \/ Wein Paarungen<\/a>","<a href=\"https:\/\/www.vin-alsace-gueth.com\/de\/produktkategorie\/essen-wein-paarungen\/aperitif-de\/\" class=\"advgb-post-tax-term\">Mit dem Aperitif<\/a>","<a href=\"https:\/\/www.vin-alsace-gueth.com\/de\/produktkategorie\/essen-wein-paarungen\/poissons-de\/\" class=\"advgb-post-tax-term\">Mit Fisch<\/a>","<a href=\"https:\/\/www.vin-alsace-gueth.com\/de\/produktkategorie\/essen-wein-paarungen\/kase-de\/\" class=\"advgb-post-tax-term\">Mit K\u00e4se<\/a>","<a href=\"https:\/\/www.vin-alsace-gueth.com\/de\/produktkategorie\/essen-wein-paarungen\/viande-blanches-de\/\" class=\"advgb-post-tax-term\">Mit wei\u00dfem Fleisch<\/a>","<a href=\"https:\/\/www.vin-alsace-gueth.com\/de\/produktkategorie\/nach-inhalt-flasche\/\" class=\"advgb-post-tax-term\">Nach Inhalt Flasche<\/a>","<a href=\"https:\/\/www.vin-alsace-gueth.com\/de\/produktkategorie\/vins-de\/vins-tranquilles-de\/\" class=\"advgb-post-tax-term\">Stille Weine<\/a>","<a href=\"https:\/\/www.vin-alsace-gueth.com\/de\/produktkategorie\/vins-par-terroir-de\/marno-greseux-de\/\" class=\"advgb-post-tax-term\">Tonmergel und Sandsteine<\/a>","<a href=\"https:\/\/www.vin-alsace-gueth.com\/de\/produktkategorie\/gammes-de\/tradition-de\/\" class=\"advgb-post-tax-term\">Tradition<\/a>","<a href=\"https:\/\/www.vin-alsace-gueth.com\/de\/produktkategorie\/sucrosite-de\/trockene-weine\/\" class=\"advgb-post-tax-term\">Trockene Weine<\/a>","<a href=\"https:\/\/www.vin-alsace-gueth.com\/de\/produktkategorie\/vins-par-terroir-de\/\" class=\"advgb-post-tax-term\">Weine \/ Terroir<\/a>","<a href=\"https:\/\/www.vin-alsace-gueth.com\/de\/produktkategorie\/cepage-de\/\" class=\"advgb-post-tax-term\">Weine nach Rebsorte<\/a>","<a href=\"https:\/\/www.vin-alsace-gueth.com\/de\/produktkategorie\/sucrosite-de\/\" class=\"advgb-post-tax-term\">Weine nach S\u00fc\u00dfe<\/a>","<a href=\"https:\/\/www.vin-alsace-gueth.com\/de\/produktkategorie\/cepage-de\/assemblage-de\/\" class=\"advgb-post-tax-term\">Weinmischung<\/a>","<a href=\"https:\/\/www.vin-alsace-gueth.com\/de\/produktkategorie\/essen-wein-paarungen\/mit-meeresfruechten\/\" class=\"advgb-post-tax-term\">Welcher Wein zu Meeresfr\u00fcchten<\/a>"],"unlinked":["<span class=\"advgb-post-tax-term\">100cl Flasche<\/span>","<span class=\"advgb-post-tax-term\">Alle Weine<\/span>","<span class=\"advgb-post-tax-term\">Bereiche<\/span>","<span class=\"advgb-post-tax-term\">Essen \/ Wein Paarungen<\/span>","<span class=\"advgb-post-tax-term\">Mit dem Aperitif<\/span>","<span class=\"advgb-post-tax-term\">Mit Fisch<\/span>","<span class=\"advgb-post-tax-term\">Mit K\u00e4se<\/span>","<span class=\"advgb-post-tax-term\">Mit wei\u00dfem Fleisch<\/span>","<span class=\"advgb-post-tax-term\">Nach Inhalt Flasche<\/span>","<span class=\"advgb-post-tax-term\">Stille Weine<\/span>","<span class=\"advgb-post-tax-term\">Tonmergel und Sandsteine<\/span>","<span class=\"advgb-post-tax-term\">Tradition<\/span>","<span class=\"advgb-post-tax-term\">Trockene Weine<\/span>","<span class=\"advgb-post-tax-term\">Weine \/ Terroir<\/span>","<span class=\"advgb-post-tax-term\">Weine nach Rebsorte<\/span>","<span class=\"advgb-post-tax-term\">Weine nach S\u00fc\u00dfe<\/span>","<span class=\"advgb-post-tax-term\">Weinmischung<\/span>","<span class=\"advgb-post-tax-term\">Welcher Wein zu Meeresfr\u00fcchten<\/span>"],"slug":"product_cat","name":"Produkt-Kategorien"},"product_tag":{"linked":[],"unlinked":[],"slug":"product_tag","name":"Produkt Schlagw\u00f6rter"},"product_shipping_class":{"linked":[],"unlinked":[],"slug":"product_shipping_class","name":"Produkt Versandklasse"},"pos_product_visibility":{"linked":[],"unlinked":[],"slug":"pos_product_visibility","name":"POS-Produkt-Sichtbarkeit"},"pa_accompagnements-plats":{"linked":["<a href=\"https:\/\/www.vin-alsace-gueth.com\/de\/accompagnements-plats\/aperitif-de\/\" class=\"advgb-post-tax-term\">Aperitif<\/a>","<a href=\"https:\/\/www.vin-alsace-gueth.com\/de\/accompagnements-plats\/fische\/\" class=\"advgb-post-tax-term\">Fische<\/a>","<a href=\"https:\/\/www.vin-alsace-gueth.com\/de\/accompagnements-plats\/fleisch\/\" class=\"advgb-post-tax-term\">Fleisch<\/a>","<a href=\"https:\/\/www.vin-alsace-gueth.com\/de\/accompagnements-plats\/gemuse\/\" class=\"advgb-post-tax-term\">Gem\u00fcse<\/a>","<a href=\"https:\/\/www.vin-alsace-gueth.com\/de\/accompagnements-plats\/meeresfruchte\/\" class=\"advgb-post-tax-term\">Meeresfr\u00fcchte<\/a>"],"unlinked":["<span class=\"advgb-post-tax-term\">Aperitif<\/span>","<span class=\"advgb-post-tax-term\">Fische<\/span>","<span class=\"advgb-post-tax-term\">Fleisch<\/span>","<span class=\"advgb-post-tax-term\">Gem\u00fcse<\/span>","<span class=\"advgb-post-tax-term\">Meeresfr\u00fcchte<\/span>"],"slug":"pa_accompagnements-plats","name":"Product Accompagnements Plats"},"pa_appellation":{"linked":["<a href=\"https:\/\/www.vin-alsace-gueth.com\/de\/appellation\/aoc-elsass\/\" class=\"advgb-post-tax-term\">AOC Elsass<\/a>"],"unlinked":["<span class=\"advgb-post-tax-term\">AOC Elsass<\/span>"],"slug":"pa_appellation","name":"Product Appellation"},"pa_cepage":{"linked":["<a href=\"https:\/\/www.vin-alsace-gueth.com\/de\/cepage\/versammlung\/\" class=\"advgb-post-tax-term\">Versammlung<\/a>"],"unlinked":["<span class=\"advgb-post-tax-term\">Versammlung<\/span>"],"slug":"pa_cepage","name":"Product C\u00e9page"},"pa_contenance-btl":{"linked":["<a href=\"https:\/\/www.vin-alsace-gueth.com\/de\/contenance-btl\/100-cl-de\/\" class=\"advgb-post-tax-term\">100 cl<\/a>"],"unlinked":["<span class=\"advgb-post-tax-term\">100 cl<\/span>"],"slug":"pa_contenance-btl","name":"Product Volume"},"pa_gamme":{"linked":["<a href=\"https:\/\/www.vin-alsace-gueth.com\/de\/gamme\/tradition-de\/\" class=\"advgb-post-tax-term\">Tradition<\/a>"],"unlinked":["<span class=\"advgb-post-tax-term\">Tradition<\/span>"],"slug":"pa_gamme","name":"Product Gamme"},"pa_type-de-terroir":{"linked":["<a href=\"https:\/\/www.vin-alsace-gueth.com\/de\/type-de-terroir\/marno-calcaro-gruteux\/\" class=\"advgb-post-tax-term\">Marno-calcaro-gruteux<\/a>"],"unlinked":["<span class=\"advgb-post-tax-term\">Marno-calcaro-gruteux<\/span>"],"slug":"pa_type-de-terroir","name":"Product Type de terroir"},"pa_type-de-vin":{"linked":["<a href=\"https:\/\/www.vin-alsace-gueth.com\/de\/type-de-vin\/trocken-fruchtig\/\" class=\"advgb-post-tax-term\">Trocken &amp; Fruchtig<\/a>"],"unlinked":["<span class=\"advgb-post-tax-term\">Trocken &amp; Fruchtig<\/span>"],"slug":"pa_type-de-vin","name":"Product Type de vin"},"translation_priority":{"linked":["<a href=\"https:\/\/www.vin-alsace-gueth.com\/de\/?taxonomy=translation_priority&#038;term=facultatif-de\" class=\"advgb-post-tax-term\">Facultatif<\/a>"],"unlinked":["<span class=\"advgb-post-tax-term\">Facultatif<\/span>"],"slug":"translation_priority","name":"\u00dcbersetzungspriorit\u00e4ten"}},"series_order":"","_links":{"self":[{"href":"https:\/\/www.vin-alsace-gueth.com\/de\/wp-json\/wp\/v2\/product\/13922","targetHints":{"allow":["GET"]}}],"collection":[{"href":"https:\/\/www.vin-alsace-gueth.com\/de\/wp-json\/wp\/v2\/product"}],"about":[{"href":"https:\/\/www.vin-alsace-gueth.com\/de\/wp-json\/wp\/v2\/types\/product"}],"replies":[{"embeddable":true,"href":"https:\/\/www.vin-alsace-gueth.com\/de\/wp-json\/wp\/v2\/comments?post=13922"}],"wp:featuredmedia":[{"embeddable":true,"href":"https:\/\/www.vin-alsace-gueth.com\/de\/wp-json\/wp\/v2\/media\/27306"}],"wp:attachment":[{"href":"https:\/\/www.vin-alsace-gueth.com\/de\/wp-json\/wp\/v2\/media?parent=13922"}],"wp:term":[{"taxonomy":"product_brand","embeddable":true,"href":"https:\/\/www.vin-alsace-gueth.com\/de\/wp-json\/wp\/v2\/product_brand?post=13922"},{"taxonomy":"product_cat","embeddable":true,"href":"https:\/\/www.vin-alsace-gueth.com\/de\/wp-json\/wp\/v2\/product_cat?post=13922"},{"taxonomy":"product_tag","embeddable":true,"href":"https:\/\/www.vin-alsace-gueth.com\/de\/wp-json\/wp\/v2\/product_tag?post=13922"}],"curies":[{"name":"wp","href":"https:\/\/api.w.org\/{rel}","templated":true}]}}