    {"id":13892,"date":"2019-09-10T10:18:54","date_gmt":"2019-09-10T08:18:54","guid":{"rendered":"https:\/\/www.vin-alsace-gueth.com\/product\/sylvaner-vieilles-vignes-2017\/"},"modified":"2024-05-02T08:53:46","modified_gmt":"2024-05-02T06:53:46","slug":"sylvaner-vieilles-vignes-2017","status":"publish","type":"product","link":"https:\/\/www.vin-alsace-gueth.com\/de\/product\/sylvaner-vieilles-vignes-2017\/","title":{"rendered":"Sylvaner Vieilles Vignes 2017"},"content":{"rendered":"<p style=\"text-align: left;\"><strong>Reben :<\/strong> 65 Jahre alt, Parzelle der Lokalit\u00e4t <em><strong>&#8222;Kastelweg&#8220;<\/strong><\/em>, was <em>&#8222;Weg der Burgen&#8220;<\/em> bedeutet.<\/p>\n<p style=\"text-align: left;\"><strong>Terroir :<\/strong> <a href=\"https:\/\/www.vin-alsace-gueth.com\/vignoble-terroirs\/\">Mergel-Kalkstein<\/a>. Besteht aus Tonablagerungen, die mit oolithischen Kalksteinkieseln marinen Ursprungs verbunden sind.<\/p>\n<p style=\"text-align: left;\"><strong>Im Keller :<\/strong> langsame und schonende Pressung; G\u00e4rung ohne Zugabe von Hefen; sehr m\u00e4\u00dfige Sulfitierung; Reifung 6 Monate auf Hefe in Edelstahltanks; Abf\u00fcllung auf dem Gut. Wir legen unsere Weine in Reserve, um ihnen ihr bestes Potenzial zu bieten.<\/p>\n<p>&nbsp;<\/p>\n<p style=\"text-align: left;\"><strong>Alkoholgehalt :<\/strong> 13,5 % vol.<\/p>\n<p style=\"text-align: left;\"><strong>Aufbewahrung :<\/strong> 2025 bis 2029<\/p>\n","protected":false},"excerpt":{"rendered":"<h6 style=\"text-align: left;\"><a href=\"https:\/\/www.hachette-vins.com\/guide-vins\/les-vins\/muriel-gueth-vieilles-vignes-2017-2021\/202152588\/\"><strong>2 Sterne im Guide Hachette 2021<\/strong><\/a><\/h6>\n<p style=\"text-align: left;\"><strong>Kommentar des F\u00fchrers :<\/strong> &#8222;Vieilles Vignes? Der Qualifikator ist nicht usurpiert, die Reben sind 65 Jahre alt. Die Ernte fand gegen Ende der Ernte am 28. September statt. Das Ergebnis ist eine anhaltende Farbe, goldgelb und intensive Aromen zwischen Bl\u00fcten und reife Fr\u00fcchte, die im Mund Aprikosent\u00f6ne annehmen. Gut geschmolzen, der Wein ist trotzdem nicht weich. Getragen von einer feinen S\u00e4ure ist er frisch und anhaltend. Perfekt f\u00fcr eine Kalbsblanquette. &#8222;<\/p>\n<p>&nbsp;<\/p>\n<h5>A Sylvaner Vieilles Vignes Ungew\u00f6hnlich, charmant und distinguiert<\/h5>\n<p>Trockener und mineralischer Wein.<\/p>\n<p><a href=\"https:\/\/www.vin-alsace-gueth.com\/wp-content\/uploads\/2021\/06\/DE-trocken-weiss-2.png\"><img decoding=\"async\" class=\"alignnone wp-image-19685\" src=\"https:\/\/www.vin-alsace-gueth.com\/wp-content\/uploads\/2021\/06\/DE-trocken-weiss-2.png\" alt=\"\" width=\"330\" height=\"91\" srcset=\"https:\/\/www.vin-alsace-gueth.com\/wp-content\/uploads\/2021\/06\/DE-trocken-weiss-2.png 1008w, https:\/\/www.vin-alsace-gueth.com\/wp-content\/uploads\/2021\/06\/DE-trocken-weiss-2-300x82.png 300w, https:\/\/www.vin-alsace-gueth.com\/wp-content\/uploads\/2021\/06\/DE-trocken-weiss-2-768x211.png 768w, https:\/\/www.vin-alsace-gueth.com\/wp-content\/uploads\/2021\/06\/DE-trocken-weiss-2-600x165.png 600w\" sizes=\"(max-width: 330px) 100vw, 330px\" \/><\/a><\/p>\n<p><strong>Nase :<\/strong> Ger\u00f6stete, Brioche-Noten und ein Abgang auf Mandel und Haselnuss mit einem Hauch Erdbeere und frischem Gras.<\/p>\n<p><strong>Geschmack :<\/strong> reichhaltig, konzentriert, fruchtig und frisch.<\/p>\n<p><strong>Muriels Tipp :<\/strong> Ausgezeichneter trockener Wein zum Aperitif, Schalentiere, Avocado mit Krabben, Forelle mit Thymianbutter, Linsen-R\u00fcben-Salat, Kalbsmarengo, wei\u00dfes Fleisch, Thai-Schweinefleisch, Ziegenk\u00e4se, Schafsk\u00e4se, Erdbeer-Smoothie &#8211; Basilikum, Himbeer-Muffin, Zitrone, Torte.<\/p>\n","protected":false},"author":131,"featured_media":13893,"comment_status":"open","ping_status":"closed","template":"","meta":{"_uag_custom_page_level_css":"","advgb_blocks_editor_width":"","advgb_blocks_columns_visual_guide":"","_monsterinsights_skip_tracking":false,"_monsterinsights_sitenote_active":false,"_monsterinsights_sitenote_note":"","_monsterinsights_sitenote_category":0,"site-sidebar-layout":"default","site-content-layout":"","ast-site-content-layout":"default","site-content-style":"default","site-sidebar-style":"default","ast-global-header-display":"","ast-banner-title-visibility":"","ast-main-header-display":"","ast-hfb-above-header-display":"","ast-hfb-below-header-display":"","ast-hfb-mobile-header-display":"","site-post-title":"","ast-breadcrumbs-content":null,"ast-featured-img":"","footer-sml-layout":"","ast-disable-related-posts":"","theme-transparent-header-meta":"default","adv-header-id-meta":"","stick-header-meta":"enabled","header-above-stick-meta":"","header-main-stick-meta":"on","header-below-stick-meta":"","astra-migrate-meta-layouts":"set","ast-page-background-enabled":"default","ast-page-background-meta":{"desktop":{"background-color":"","background-image":"","background-repeat":"repeat","background-position":"center center","background-size":"auto","background-attachment":"scroll","background-type":"","background-media":"","overlay-type":"","overlay-color":"","overlay-opacity":"","overlay-gradient":""},"tablet":{"background-color":"","background-image":"","background-repeat":"repeat","background-position":"center center","background-size":"auto","background-attachment":"scroll","background-type":"","background-media":"","overlay-type":"","overlay-color":"","overlay-opacity":"","overlay-gradient":""},"mobile":{"background-color":"","background-image":"","background-repeat":"repeat","background-position":"center center","background-size":"auto","background-attachment":"scroll","background-type":"","background-media":"","overlay-type":"","overlay-color":"","overlay-opacity":"","overlay-gradient":""}},"ast-content-background-meta":{"desktop":{"background-color":"var(--ast-global-color-5)","background-image":"","background-repeat":"repeat","background-position":"center center","background-size":"auto","background-attachment":"scroll","background-type":"","background-media":"","overlay-type":"","overlay-color":"","overlay-opacity":"","overlay-gradient":""},"tablet":{"background-color":"var(--ast-global-color-5)","background-image":"","background-repeat":"repeat","background-position":"center center","background-size":"auto","background-attachment":"scroll","background-type":"","background-media":"","overlay-type":"","overlay-color":"","overlay-opacity":"","overlay-gradient":""},"mobile":{"background-color":"var(--ast-global-color-5)","background-image":"","background-repeat":"repeat","background-position":"center center","background-size":"auto","background-attachment":"scroll","background-type":"","background-media":"","overlay-type":"","overlay-color":"","overlay-opacity":"","overlay-gradient":""}}},"product_brand":[],"product_cat":[855,552,551,539,831,550,546,545,849,555,572,826,579,556,557,575,544],"product_tag":[],"class_list":{"0":"post-13892","1":"product","2":"type-product","3":"status-publish","4":"has-post-thumbnail","6":"product_cat-75cl-flasche","7":"product_cat-vins-de","8":"product_cat-gammes-de","9":"product_cat-essen-wein-paarungen","10":"product_cat-mergel-kalk-terroir","11":"product_cat-aperitif-de","12":"product_cat-poissons-de","13":"product_cat-legumes-de","14":"product_cat-nach-inhalt-flasche","15":"product_cat-vins-tranquilles-de","16":"product_cat-sylvaner-de-2","17":"product_cat-terre-natale-de","18":"product_cat-trockene-weine","19":"product_cat-vins-par-terroir-de","20":"product_cat-cepage-de","21":"product_cat-sucrosite-de","22":"product_cat-mit-meeresfruechten","23":"pa_accompagnements-plats-aperitif-de","24":"pa_accompagnements-plats-fische","25":"pa_accompagnements-plats-gemuse","26":"pa_accompagnements-plats-meeresfruchte","27":"pa_appellation-aoc-elsass","28":"pa_cepage-sylvaner-de","29":"pa_contenance-btl-75-cl-de","30":"pa_gamme-heimat","31":"pa_gamme-neuheit","32":"pa_type-de-terroir-marlin-kalkstein","33":"pa_type-de-vin-trocken-mineralisch","34":"desktop-align-center","35":"tablet-align-center","36":"mobile-align-center","37":"ast-product-gallery-layout-vertical","38":"ast-product-tabs-layout-horizontal","40":"first","41":"outofstock","42":"taxable","43":"shipping-taxable","44":"purchasable","45":"product-type-simple"},"uagb_featured_image_src":{"full":["https:\/\/www.vin-alsace-gueth.com\/wp-content\/uploads\/2019\/09\/sylvaner-vieilles-vignes-2017-gueth-2-etoiles-web-comp.jpg",800,1406,false],"thumbnail":["https:\/\/www.vin-alsace-gueth.com\/wp-content\/uploads\/2019\/09\/sylvaner-vieilles-vignes-2017-gueth-2-etoiles-web-comp-150x150.jpg",150,150,true],"medium":["https:\/\/www.vin-alsace-gueth.com\/wp-content\/uploads\/2019\/09\/sylvaner-vieilles-vignes-2017-gueth-2-etoiles-web-comp-171x300.jpg",171,300,true],"medium_large":["https:\/\/www.vin-alsace-gueth.com\/wp-content\/uploads\/2019\/09\/sylvaner-vieilles-vignes-2017-gueth-2-etoiles-web-comp-768x1350.jpg",768,1350,true],"large":["https:\/\/www.vin-alsace-gueth.com\/wp-content\/uploads\/2019\/09\/sylvaner-vieilles-vignes-2017-gueth-2-etoiles-web-comp-583x1024.jpg",583,1024,true],"thumblist":["https:\/\/www.vin-alsace-gueth.com\/wp-content\/uploads\/2019\/09\/sylvaner-vieilles-vignes-2017-gueth-2-etoiles-web-comp.jpg",171,300,false],"thumbrelated":["https:\/\/www.vin-alsace-gueth.com\/wp-content\/uploads\/2019\/09\/sylvaner-vieilles-vignes-2017-gueth-2-etoiles-web-comp.jpg",284,500,false],"meccarouselthumb":["https:\/\/www.vin-alsace-gueth.com\/wp-content\/uploads\/2019\/09\/sylvaner-vieilles-vignes-2017-gueth-2-etoiles-web-comp.jpg",184,324,false],"gridsquare":["https:\/\/www.vin-alsace-gueth.com\/wp-content\/uploads\/2019\/09\/sylvaner-vieilles-vignes-2017-gueth-2-etoiles-web-comp.jpg",148,260,false],"tileview":["https:\/\/www.vin-alsace-gueth.com\/wp-content\/uploads\/2019\/09\/sylvaner-vieilles-vignes-2017-gueth-2-etoiles-web-comp.jpg",228,400,false],"1536x1536":["https:\/\/www.vin-alsace-gueth.com\/wp-content\/uploads\/2019\/09\/sylvaner-vieilles-vignes-2017-gueth-2-etoiles-web-comp.jpg",800,1406,false],"2048x2048":["https:\/\/www.vin-alsace-gueth.com\/wp-content\/uploads\/2019\/09\/sylvaner-vieilles-vignes-2017-gueth-2-etoiles-web-comp.jpg",800,1406,false],"woocommerce_thumbnail":["https:\/\/www.vin-alsace-gueth.com\/wp-content\/uploads\/2019\/09\/sylvaner-vieilles-vignes-2017-gueth-2-etoiles-web-comp-300x527.jpg",300,527,true],"woocommerce_single":["https:\/\/www.vin-alsace-gueth.com\/wp-content\/uploads\/2019\/09\/sylvaner-vieilles-vignes-2017-gueth-2-etoiles-web-comp-600x1055.jpg",600,1055,true],"woocommerce_gallery_thumbnail":["https:\/\/www.vin-alsace-gueth.com\/wp-content\/uploads\/2019\/09\/sylvaner-vieilles-vignes-2017-gueth-2-etoiles-web-comp-100x100.jpg",100,100,true]},"uagb_author_info":{"display_name":"BIECHY Ralph","author_link":"https:\/\/www.vin-alsace-gueth.com\/de\/author\/wasa068gmail-com\/"},"uagb_comment_info":0,"uagb_excerpt":"2 Sterne im Guide Hachette 2021 Kommentar des F\u00fchrers : \"Vieilles Vignes? Der Qualifikator ist nicht usurpiert, die Reben sind 65 Jahre alt. Die Ernte fand gegen Ende der Ernte am 28. September statt. Das Ergebnis ist eine anhaltende Farbe, goldgelb und intensive Aromen zwischen Bl\u00fcten und reife Fr\u00fcchte, die im Mund Aprikosent\u00f6ne annehmen. Gut&hellip;","featured_img":"https:\/\/www.vin-alsace-gueth.com\/wp-content\/uploads\/2019\/09\/sylvaner-vieilles-vignes-2017-gueth-2-etoiles-web-comp.jpg","coauthors":[],"author_meta":{"author_link":"https:\/\/www.vin-alsace-gueth.com\/de\/author\/wasa068gmail-com\/","display_name":"BIECHY Ralph"},"relative_dates":{"created":"Ver\u00f6ffentlicht 7\u00a0Jahren vor","modified":"Aktualisiert 2\u00a0Jahren vor"},"absolute_dates":{"created":"Ver\u00f6ffentlicht am 10. September 2019","modified":"Aktualisiert am 2. Mai 2024"},"absolute_dates_time":{"created":"Ver\u00f6ffentlicht am 10. September 2019 10:18","modified":"Aktualisiert am 2. Mai 2024 8:53"},"featured_img_caption":"","tax_additional":{"product_brand":{"linked":[],"unlinked":[],"slug":"product_brand","name":"Marken"},"product_type":{"linked":["<a href=\"https:\/\/www.vin-alsace-gueth.com\/de\/?taxonomy=product_type&#038;term=simple\" class=\"advgb-post-tax-term\">simple<\/a>"],"unlinked":["<span class=\"advgb-post-tax-term\">simple<\/span>"],"slug":"product_type","name":"Produkttyp"},"product_visibility":{"linked":["<a href=\"https:\/\/www.vin-alsace-gueth.com\/?taxonomy=product_visibility&#038;term=exclude-from-catalog\" class=\"advgb-post-tax-term\">exclude-from-catalog<\/a>","<a href=\"https:\/\/www.vin-alsace-gueth.com\/?taxonomy=product_visibility&#038;term=exclude-from-search\" class=\"advgb-post-tax-term\">exclude-from-search<\/a>","<a href=\"https:\/\/www.vin-alsace-gueth.com\/?taxonomy=product_visibility&#038;term=outofstock\" class=\"advgb-post-tax-term\">outofstock<\/a>"],"unlinked":["<span class=\"advgb-post-tax-term\">exclude-from-catalog<\/span>","<span class=\"advgb-post-tax-term\">exclude-from-search<\/span>","<span class=\"advgb-post-tax-term\">outofstock<\/span>"],"slug":"product_visibility","name":"Sichtbarkeit des Produkts"},"product_cat":{"linked":["<a href=\"https:\/\/www.vin-alsace-gueth.com\/de\/produktkategorie\/nach-inhalt-flasche\/75cl-flasche\/\" class=\"advgb-post-tax-term\">75cl Flasche<\/a>","<a href=\"https:\/\/www.vin-alsace-gueth.com\/de\/produktkategorie\/vins-de\/\" class=\"advgb-post-tax-term\">Alle Weine<\/a>","<a href=\"https:\/\/www.vin-alsace-gueth.com\/de\/produktkategorie\/gammes-de\/\" class=\"advgb-post-tax-term\">Bereiche<\/a>","<a href=\"https:\/\/www.vin-alsace-gueth.com\/de\/produktkategorie\/essen-wein-paarungen\/\" class=\"advgb-post-tax-term\">Essen \/ Wein Paarungen<\/a>","<a href=\"https:\/\/www.vin-alsace-gueth.com\/de\/produktkategorie\/vins-par-terroir-de\/mergel-kalk-terroir\/\" class=\"advgb-post-tax-term\">Mergel-Kalk-Terroir<\/a>","<a href=\"https:\/\/www.vin-alsace-gueth.com\/de\/produktkategorie\/essen-wein-paarungen\/aperitif-de\/\" class=\"advgb-post-tax-term\">Mit dem Aperitif<\/a>","<a href=\"https:\/\/www.vin-alsace-gueth.com\/de\/produktkategorie\/essen-wein-paarungen\/poissons-de\/\" class=\"advgb-post-tax-term\">Mit Fisch<\/a>","<a href=\"https:\/\/www.vin-alsace-gueth.com\/de\/produktkategorie\/essen-wein-paarungen\/legumes-de\/\" class=\"advgb-post-tax-term\">Mit Gem\u00fcse<\/a>","<a href=\"https:\/\/www.vin-alsace-gueth.com\/de\/produktkategorie\/nach-inhalt-flasche\/\" class=\"advgb-post-tax-term\">Nach Inhalt Flasche<\/a>","<a href=\"https:\/\/www.vin-alsace-gueth.com\/de\/produktkategorie\/vins-de\/vins-tranquilles-de\/\" class=\"advgb-post-tax-term\">Stille Weine<\/a>","<a href=\"https:\/\/www.vin-alsace-gueth.com\/de\/produktkategorie\/cepage-de\/sylvaner-de-2\/\" class=\"advgb-post-tax-term\">Sylvaner<\/a>","<a href=\"https:\/\/www.vin-alsace-gueth.com\/de\/produktkategorie\/gammes-de\/terre-natale-de\/\" class=\"advgb-post-tax-term\">Terre Natale<\/a>","<a href=\"https:\/\/www.vin-alsace-gueth.com\/de\/produktkategorie\/sucrosite-de\/trockene-weine\/\" class=\"advgb-post-tax-term\">Trockene Weine<\/a>","<a href=\"https:\/\/www.vin-alsace-gueth.com\/de\/produktkategorie\/vins-par-terroir-de\/\" class=\"advgb-post-tax-term\">Weine \/ Terroir<\/a>","<a href=\"https:\/\/www.vin-alsace-gueth.com\/de\/produktkategorie\/cepage-de\/\" class=\"advgb-post-tax-term\">Weine nach Rebsorte<\/a>","<a href=\"https:\/\/www.vin-alsace-gueth.com\/de\/produktkategorie\/sucrosite-de\/\" class=\"advgb-post-tax-term\">Weine nach S\u00fc\u00dfe<\/a>","<a href=\"https:\/\/www.vin-alsace-gueth.com\/de\/produktkategorie\/essen-wein-paarungen\/mit-meeresfruechten\/\" class=\"advgb-post-tax-term\">Welcher Wein zu Meeresfr\u00fcchten<\/a>"],"unlinked":["<span class=\"advgb-post-tax-term\">75cl Flasche<\/span>","<span class=\"advgb-post-tax-term\">Alle Weine<\/span>","<span class=\"advgb-post-tax-term\">Bereiche<\/span>","<span class=\"advgb-post-tax-term\">Essen \/ Wein Paarungen<\/span>","<span class=\"advgb-post-tax-term\">Mergel-Kalk-Terroir<\/span>","<span class=\"advgb-post-tax-term\">Mit dem Aperitif<\/span>","<span class=\"advgb-post-tax-term\">Mit Fisch<\/span>","<span class=\"advgb-post-tax-term\">Mit Gem\u00fcse<\/span>","<span class=\"advgb-post-tax-term\">Nach Inhalt Flasche<\/span>","<span class=\"advgb-post-tax-term\">Stille Weine<\/span>","<span class=\"advgb-post-tax-term\">Sylvaner<\/span>","<span class=\"advgb-post-tax-term\">Terre Natale<\/span>","<span class=\"advgb-post-tax-term\">Trockene Weine<\/span>","<span class=\"advgb-post-tax-term\">Weine \/ Terroir<\/span>","<span class=\"advgb-post-tax-term\">Weine nach Rebsorte<\/span>","<span class=\"advgb-post-tax-term\">Weine nach S\u00fc\u00dfe<\/span>","<span class=\"advgb-post-tax-term\">Welcher Wein zu Meeresfr\u00fcchten<\/span>"],"slug":"product_cat","name":"Produkt-Kategorien"},"product_tag":{"linked":[],"unlinked":[],"slug":"product_tag","name":"Produkt Schlagw\u00f6rter"},"product_shipping_class":{"linked":[],"unlinked":[],"slug":"product_shipping_class","name":"Produkt Versandklasse"},"pos_product_visibility":{"linked":[],"unlinked":[],"slug":"pos_product_visibility","name":"POS-Produkt-Sichtbarkeit."},"pa_accompagnements-plats":{"linked":["<a href=\"https:\/\/www.vin-alsace-gueth.com\/de\/accompagnements-plats\/aperitif-de\/\" class=\"advgb-post-tax-term\">Aperitif<\/a>","<a href=\"https:\/\/www.vin-alsace-gueth.com\/de\/accompagnements-plats\/fische\/\" class=\"advgb-post-tax-term\">Fische<\/a>","<a href=\"https:\/\/www.vin-alsace-gueth.com\/de\/accompagnements-plats\/gemuse\/\" class=\"advgb-post-tax-term\">Gem\u00fcse<\/a>","<a href=\"https:\/\/www.vin-alsace-gueth.com\/de\/accompagnements-plats\/meeresfruchte\/\" class=\"advgb-post-tax-term\">Meeresfr\u00fcchte<\/a>"],"unlinked":["<span class=\"advgb-post-tax-term\">Aperitif<\/span>","<span class=\"advgb-post-tax-term\">Fische<\/span>","<span class=\"advgb-post-tax-term\">Gem\u00fcse<\/span>","<span class=\"advgb-post-tax-term\">Meeresfr\u00fcchte<\/span>"],"slug":"pa_accompagnements-plats","name":"Product Accompagnements Plats"},"pa_appellation":{"linked":["<a href=\"https:\/\/www.vin-alsace-gueth.com\/de\/appellation\/aoc-elsass\/\" class=\"advgb-post-tax-term\">AOC Elsass<\/a>"],"unlinked":["<span class=\"advgb-post-tax-term\">AOC Elsass<\/span>"],"slug":"pa_appellation","name":"Product Appellation"},"pa_cepage":{"linked":["<a href=\"https:\/\/www.vin-alsace-gueth.com\/de\/cepage\/sylvaner-de\/\" class=\"advgb-post-tax-term\">Sylvaner<\/a>"],"unlinked":["<span class=\"advgb-post-tax-term\">Sylvaner<\/span>"],"slug":"pa_cepage","name":"Product C\u00e9page"},"pa_contenance-btl":{"linked":["<a href=\"https:\/\/www.vin-alsace-gueth.com\/de\/contenance-btl\/75-cl-de\/\" class=\"advgb-post-tax-term\">75 cl<\/a>"],"unlinked":["<span class=\"advgb-post-tax-term\">75 cl<\/span>"],"slug":"pa_contenance-btl","name":"Product Volume"},"pa_gamme":{"linked":["<a href=\"https:\/\/www.vin-alsace-gueth.com\/de\/gamme\/heimat\/\" class=\"advgb-post-tax-term\">Heimat<\/a>","<a href=\"https:\/\/www.vin-alsace-gueth.com\/de\/gamme\/neuheit\/\" class=\"advgb-post-tax-term\">Neuheit<\/a>"],"unlinked":["<span class=\"advgb-post-tax-term\">Heimat<\/span>","<span class=\"advgb-post-tax-term\">Neuheit<\/span>"],"slug":"pa_gamme","name":"Product Gamme"},"pa_type-de-terroir":{"linked":["<a href=\"https:\/\/www.vin-alsace-gueth.com\/de\/type-de-terroir\/marlin-kalkstein\/\" class=\"advgb-post-tax-term\">Marlin-Kalkstein<\/a>"],"unlinked":["<span class=\"advgb-post-tax-term\">Marlin-Kalkstein<\/span>"],"slug":"pa_type-de-terroir","name":"Product Type de terroir"},"pa_type-de-vin":{"linked":["<a href=\"https:\/\/www.vin-alsace-gueth.com\/de\/type-de-vin\/trocken-mineralisch\/\" class=\"advgb-post-tax-term\">Trocken &amp; Mineralisch<\/a>"],"unlinked":["<span class=\"advgb-post-tax-term\">Trocken &amp; Mineralisch<\/span>"],"slug":"pa_type-de-vin","name":"Product Type de vin"},"translation_priority":{"linked":["<a href=\"https:\/\/www.vin-alsace-gueth.com\/de\/?taxonomy=translation_priority&#038;term=facultatif-de\" class=\"advgb-post-tax-term\">Facultatif<\/a>"],"unlinked":["<span class=\"advgb-post-tax-term\">Facultatif<\/span>"],"slug":"translation_priority","name":"\u00dcbersetzungspriorit\u00e4ten"}},"series_order":"","_links":{"self":[{"href":"https:\/\/www.vin-alsace-gueth.com\/de\/wp-json\/wp\/v2\/product\/13892","targetHints":{"allow":["GET"]}}],"collection":[{"href":"https:\/\/www.vin-alsace-gueth.com\/de\/wp-json\/wp\/v2\/product"}],"about":[{"href":"https:\/\/www.vin-alsace-gueth.com\/de\/wp-json\/wp\/v2\/types\/product"}],"replies":[{"embeddable":true,"href":"https:\/\/www.vin-alsace-gueth.com\/de\/wp-json\/wp\/v2\/comments?post=13892"}],"wp:featuredmedia":[{"embeddable":true,"href":"https:\/\/www.vin-alsace-gueth.com\/de\/wp-json\/wp\/v2\/media\/13893"}],"wp:attachment":[{"href":"https:\/\/www.vin-alsace-gueth.com\/de\/wp-json\/wp\/v2\/media?parent=13892"}],"wp:term":[{"taxonomy":"product_brand","embeddable":true,"href":"https:\/\/www.vin-alsace-gueth.com\/de\/wp-json\/wp\/v2\/product_brand?post=13892"},{"taxonomy":"product_cat","embeddable":true,"href":"https:\/\/www.vin-alsace-gueth.com\/de\/wp-json\/wp\/v2\/product_cat?post=13892"},{"taxonomy":"product_tag","embeddable":true,"href":"https:\/\/www.vin-alsace-gueth.com\/de\/wp-json\/wp\/v2\/product_tag?post=13892"}],"curies":[{"name":"wp","href":"https:\/\/api.w.org\/{rel}","templated":true}]}}