    {"id":13859,"date":"2019-10-15T10:10:27","date_gmt":"2019-10-15T08:10:27","guid":{"rendered":"https:\/\/www.vin-alsace-gueth.com\/product\/auxerrois-vieilles-vignes-2018\/"},"modified":"2023-06-30T15:50:37","modified_gmt":"2023-06-30T13:50:37","slug":"auxerrois-vieilles-vignes-2018","status":"publish","type":"product","link":"https:\/\/www.vin-alsace-gueth.com\/de\/product\/auxerrois-vieilles-vignes-2018\/","title":{"rendered":"Auxerrois Vieilles Vignes 2018"},"content":{"rendered":"<p style=\"text-align: left;\"><strong>Reben :<\/strong> 60 Jahre alt, Parzelle <em><strong>&#8222;Guggereben&#8220;<\/strong><\/em> bedeutet &#8222;Blick auf die Reben&#8220;, direkter Nachbar des <a href=\"https:\/\/www.vinsalsace.com\/fr\/grands-crus\/goldert\/\" target=\"_blank\" rel=\"noopener\">Grand Cru <em>GOLDERT<\/em><\/a>.<\/p>\n<p style=\"text-align: left;\"><strong>Terroir :<\/strong> <a href=\"https:\/\/www.vin-alsace-gueth.com\/de\/weinberge-und-terroirs\/\">Mergel-Kalkstein<\/a>. Besteht aus Tonablagerungen, die mit oolithischen Kalksteinkieseln marinen Ursprungs verbunden sind.<\/p>\n<p style=\"text-align: left;\"><strong>Im Keller :<\/strong> langsame und schonende Pressung; G\u00e4rung ohne Zugabe von Hefen; sehr m\u00e4\u00dfige Sulfitierung; Reifung 6 Monate auf Hefe in Edelstahltanks; Abf\u00fcllung auf dem Gut. Wir legen unsere Weine in Reserve, um ihnen ihr bestes Potenzial zu bieten.<\/p>\n<p>&nbsp;<\/p>\n<p style=\"text-align: left;\"><strong>Alkoholgehalt :<\/strong> 13,5 % vol.<\/p>\n<p style=\"text-align: left;\"><strong>Aufbewahrung :<\/strong> 2026 bis 2030<\/p>\n","protected":false},"excerpt":{"rendered":"<h5 style=\"text-align: left;\"><strong><span style=\"color: #c8693a;\">1 Stern im Guide Hachette 2021<\/span><\/strong><\/h5>\n<p style=\"text-align: left;\"><strong>Guide-Kommentare:<\/strong> &#8222;<em>Ein Auxerrois aus 60 Jahre alten Reben, die unweit des Goldert Grand Cru gepflanzt wurden. In der Nase etwas dezent, aber pr\u00e4zise, \u200b\u200bentfaltet er D\u00fcfte von gelben Fr\u00fcchten, bevor er einen geschmeidigen, ausgewogenen und langen Gaumen enth\u00fcllt.&#8220;<\/em><\/p>\n<p>&nbsp;<\/p>\n<div class=\"page\" title=\"Page 1\">\n<div class=\"section\">\n<div class=\"layoutArea\">\n<div class=\"column\">\n<h5>Ein Auxerrois mit einem liebenswerten, zarten und distinguierten Charakter<\/h5>\n<p>Konzentrierter und komplexer Wein, untypisch f\u00fcr die Rebsorte durch seine Konzentration und seinen fruchtigen Ausdruck. Er beneidet Gourmet-Pinots Gris nicht und bietet gleichzeitig eine zus\u00e4tzliche Frische und Leichtigkeit.<\/p>\n<p><a href=\"https:\/\/www.vin-alsace-gueth.com\/wp-content\/uploads\/2020\/05\/DE-halb-trocken-weiss.png\"><img decoding=\"async\" class=\"alignnone wp-image-19715\" src=\"https:\/\/www.vin-alsace-gueth.com\/wp-content\/uploads\/2020\/05\/DE-halb-trocken-weiss.png\" alt=\"\" width=\"330\" height=\"91\" srcset=\"https:\/\/www.vin-alsace-gueth.com\/wp-content\/uploads\/2020\/05\/DE-halb-trocken-weiss.png 1008w, https:\/\/www.vin-alsace-gueth.com\/wp-content\/uploads\/2020\/05\/DE-halb-trocken-weiss-300x82.png 300w, https:\/\/www.vin-alsace-gueth.com\/wp-content\/uploads\/2020\/05\/DE-halb-trocken-weiss-768x211.png 768w, https:\/\/www.vin-alsace-gueth.com\/wp-content\/uploads\/2020\/05\/DE-halb-trocken-weiss-600x165.png 600w\" sizes=\"(max-width: 330px) 100vw, 330px\" \/><\/a><\/p>\n<\/div>\n<\/div>\n<\/div>\n<\/div>\n<p><strong>Nase :<\/strong> fruchtig und frisch, intensive Noten von gelben Fr\u00fcchten, Pfirsich und Mirabellenpflaume.<\/p>\n<p><strong>Geschmack :<\/strong> rund und frisch, anhaltend, Frucht und reife Zitrone. Kochsalzl\u00f6sung.<\/p>\n<p><strong>Muriels Tipp :<\/strong> Dieser Auxerrois Vieilles Vignes passt perfekt als Aperitif, aber auch zum Beispiel mit Zander in Nantes-Butter, Langusten-Aum\u00f4ni\u00e8re, Jakobsmuschel-Auflauf, Hechtquenelle, Avocado- und Krabben-Tartar, Spitzengefl\u00fcgel mit Morcheln, Schafs- und Ziegenrahm und K\u00e4se.<\/p>\n","protected":false},"author":131,"featured_media":13745,"comment_status":"open","ping_status":"closed","template":"","meta":{"_uag_custom_page_level_css":"","advgb_blocks_editor_width":"","advgb_blocks_columns_visual_guide":"","_monsterinsights_skip_tracking":false,"_monsterinsights_sitenote_active":false,"_monsterinsights_sitenote_note":"","_monsterinsights_sitenote_category":0,"site-sidebar-layout":"default","site-content-layout":null,"ast-site-content-layout":"default","site-content-style":"default","site-sidebar-style":"default","ast-global-header-display":"","ast-banner-title-visibility":"","ast-main-header-display":"","ast-hfb-above-header-display":"","ast-hfb-below-header-display":"","ast-hfb-mobile-header-display":"","site-post-title":"","ast-breadcrumbs-content":null,"ast-featured-img":"","footer-sml-layout":"","ast-disable-related-posts":"","theme-transparent-header-meta":"default","adv-header-id-meta":"","stick-header-meta":"enabled","header-above-stick-meta":"","header-main-stick-meta":"on","header-below-stick-meta":"","astra-migrate-meta-layouts":"default","ast-page-background-enabled":"default","ast-page-background-meta":{"desktop":{"background-color":"","background-image":"","background-repeat":"repeat","background-position":"center center","background-size":"auto","background-attachment":"scroll","background-type":"","background-media":"","overlay-type":"","overlay-color":"","overlay-opacity":"","overlay-gradient":""},"tablet":{"background-color":"","background-image":"","background-repeat":"repeat","background-position":"center center","background-size":"auto","background-attachment":"scroll","background-type":"","background-media":"","overlay-type":"","overlay-color":"","overlay-opacity":"","overlay-gradient":""},"mobile":{"background-color":"","background-image":"","background-repeat":"repeat","background-position":"center center","background-size":"auto","background-attachment":"scroll","background-type":"","background-media":"","overlay-type":"","overlay-color":"","overlay-opacity":"","overlay-gradient":""}},"ast-content-background-meta":{"desktop":{"background-color":"var(--ast-global-color-5)","background-image":"","background-repeat":"repeat","background-position":"center center","background-size":"auto","background-attachment":"scroll","background-type":"","background-media":"","overlay-type":"","overlay-color":"","overlay-opacity":"","overlay-gradient":""},"tablet":{"background-color":"var(--ast-global-color-5)","background-image":"","background-repeat":"repeat","background-position":"center center","background-size":"auto","background-attachment":"scroll","background-type":"","background-media":"","overlay-type":"","overlay-color":"","overlay-opacity":"","overlay-gradient":""},"mobile":{"background-color":"var(--ast-global-color-5)","background-image":"","background-repeat":"repeat","background-position":"center center","background-size":"auto","background-attachment":"scroll","background-type":"","background-media":"","overlay-type":"","overlay-color":"","overlay-opacity":"","overlay-gradient":""}}},"product_brand":[],"product_cat":[855,552,551,539,582,831,550,546,545,542,547,849,564,555,826,556,557,575],"product_tag":[],"class_list":{"0":"post-13859","1":"product","2":"type-product","3":"status-publish","4":"has-post-thumbnail","6":"product_cat-75cl-flasche","7":"product_cat-vins-de","8":"product_cat-gammes-de","9":"product_cat-essen-wein-paarungen","10":"product_cat-halbtrockene-weine","11":"product_cat-mergel-kalk-terroir","12":"product_cat-aperitif-de","13":"product_cat-poissons-de","14":"product_cat-legumes-de","15":"product_cat-kase-de","16":"product_cat-viande-blanches-de","17":"product_cat-nach-inhalt-flasche","18":"product_cat-pinot-blanc-auxerrois","19":"product_cat-vins-tranquilles-de","20":"product_cat-terre-natale-de","21":"product_cat-vins-par-terroir-de","22":"product_cat-cepage-de","23":"product_cat-sucrosite-de","24":"pa_accompagnements-plats-aperitif-de","25":"pa_accompagnements-plats-fische","26":"pa_accompagnements-plats-fleisch","27":"pa_accompagnements-plats-gemuse","28":"pa_accompagnements-plats-kase","29":"pa_appellation-aoc-elsass","30":"pa_cepage-auxerrois-de","31":"pa_contenance-btl-75-cl-de","32":"pa_gamme-heimat","33":"pa_gamme-neuheit","34":"pa_type-de-terroir-marlin-kalkstein","35":"pa_type-de-vin-halb-trocken-und-mineral","36":"desktop-align-center","37":"tablet-align-center","38":"mobile-align-center","39":"ast-product-gallery-layout-vertical","40":"ast-product-tabs-layout-horizontal","42":"first","43":"outofstock","44":"taxable","45":"shipping-taxable","46":"purchasable","47":"product-type-simple"},"uagb_featured_image_src":{"full":["https:\/\/www.vin-alsace-gueth.com\/wp-content\/uploads\/2019\/10\/auxerrois-vieilles-vigne-2018-gueth-1-etoile-web-comp.jpg",800,1406,false],"thumbnail":["https:\/\/www.vin-alsace-gueth.com\/wp-content\/uploads\/2019\/10\/auxerrois-vieilles-vigne-2018-gueth-1-etoile-web-comp-150x150.jpg",150,150,true],"medium":["https:\/\/www.vin-alsace-gueth.com\/wp-content\/uploads\/2019\/10\/auxerrois-vieilles-vigne-2018-gueth-1-etoile-web-comp-171x300.jpg",171,300,true],"medium_large":["https:\/\/www.vin-alsace-gueth.com\/wp-content\/uploads\/2019\/10\/auxerrois-vieilles-vigne-2018-gueth-1-etoile-web-comp-768x1350.jpg",768,1350,true],"large":["https:\/\/www.vin-alsace-gueth.com\/wp-content\/uploads\/2019\/10\/auxerrois-vieilles-vigne-2018-gueth-1-etoile-web-comp-583x1024.jpg",583,1024,true],"thumblist":["https:\/\/www.vin-alsace-gueth.com\/wp-content\/uploads\/2019\/10\/auxerrois-vieilles-vigne-2018-gueth-1-etoile-web-comp.jpg",171,300,false],"thumbrelated":["https:\/\/www.vin-alsace-gueth.com\/wp-content\/uploads\/2019\/10\/auxerrois-vieilles-vigne-2018-gueth-1-etoile-web-comp.jpg",284,500,false],"meccarouselthumb":["https:\/\/www.vin-alsace-gueth.com\/wp-content\/uploads\/2019\/10\/auxerrois-vieilles-vigne-2018-gueth-1-etoile-web-comp.jpg",184,324,false],"gridsquare":["https:\/\/www.vin-alsace-gueth.com\/wp-content\/uploads\/2019\/10\/auxerrois-vieilles-vigne-2018-gueth-1-etoile-web-comp.jpg",148,260,false],"tileview":["https:\/\/www.vin-alsace-gueth.com\/wp-content\/uploads\/2019\/10\/auxerrois-vieilles-vigne-2018-gueth-1-etoile-web-comp.jpg",228,400,false],"1536x1536":["https:\/\/www.vin-alsace-gueth.com\/wp-content\/uploads\/2019\/10\/auxerrois-vieilles-vigne-2018-gueth-1-etoile-web-comp.jpg",800,1406,false],"2048x2048":["https:\/\/www.vin-alsace-gueth.com\/wp-content\/uploads\/2019\/10\/auxerrois-vieilles-vigne-2018-gueth-1-etoile-web-comp.jpg",800,1406,false],"woocommerce_thumbnail":["https:\/\/www.vin-alsace-gueth.com\/wp-content\/uploads\/2019\/10\/auxerrois-vieilles-vigne-2018-gueth-1-etoile-web-comp-300x527.jpg",300,527,true],"woocommerce_single":["https:\/\/www.vin-alsace-gueth.com\/wp-content\/uploads\/2019\/10\/auxerrois-vieilles-vigne-2018-gueth-1-etoile-web-comp-600x1055.jpg",600,1055,true],"woocommerce_gallery_thumbnail":["https:\/\/www.vin-alsace-gueth.com\/wp-content\/uploads\/2019\/10\/auxerrois-vieilles-vigne-2018-gueth-1-etoile-web-comp-100x100.jpg",100,100,true]},"uagb_author_info":{"display_name":"BIECHY Ralph","author_link":"https:\/\/www.vin-alsace-gueth.com\/de\/author\/wasa068gmail-com\/"},"uagb_comment_info":0,"uagb_excerpt":"1 Stern im Guide Hachette 2021 Guide-Kommentare: \"Ein Auxerrois aus 60 Jahre alten Reben, die unweit des Goldert Grand Cru gepflanzt wurden. In der Nase etwas dezent, aber pr\u00e4zise, \u200b\u200bentfaltet er D\u00fcfte von gelben Fr\u00fcchten, bevor er einen geschmeidigen, ausgewogenen und langen Gaumen enth\u00fcllt.\" &nbsp; Ein Auxerrois mit einem liebenswerten, zarten und distinguierten Charakter Konzentrierter&hellip;","featured_img":"https:\/\/www.vin-alsace-gueth.com\/wp-content\/uploads\/2019\/10\/auxerrois-vieilles-vigne-2018-gueth-1-etoile-web-comp.jpg","coauthors":[],"author_meta":{"author_link":"https:\/\/www.vin-alsace-gueth.com\/de\/author\/wasa068gmail-com\/","display_name":"BIECHY Ralph"},"relative_dates":{"created":"Ver\u00f6ffentlicht 7\u00a0Jahren vor","modified":"Aktualisiert 3\u00a0Jahren vor"},"absolute_dates":{"created":"Ver\u00f6ffentlicht am 15. Oktober 2019","modified":"Aktualisiert am 30. Juni 2023"},"absolute_dates_time":{"created":"Ver\u00f6ffentlicht am 15. Oktober 2019 10:10","modified":"Aktualisiert am 30. Juni 2023 15:50"},"featured_img_caption":"","tax_additional":{"product_brand":{"linked":[],"unlinked":[],"slug":"product_brand","name":"Marken"},"product_type":{"linked":["<a href=\"https:\/\/www.vin-alsace-gueth.com\/de\/?taxonomy=product_type&#038;term=simple\" class=\"advgb-post-tax-term\">simple<\/a>"],"unlinked":["<span class=\"advgb-post-tax-term\">simple<\/span>"],"slug":"product_type","name":"Produkttyp"},"product_visibility":{"linked":["<a href=\"https:\/\/www.vin-alsace-gueth.com\/?taxonomy=product_visibility&#038;term=exclude-from-catalog\" class=\"advgb-post-tax-term\">exclude-from-catalog<\/a>","<a href=\"https:\/\/www.vin-alsace-gueth.com\/?taxonomy=product_visibility&#038;term=exclude-from-search\" class=\"advgb-post-tax-term\">exclude-from-search<\/a>","<a href=\"https:\/\/www.vin-alsace-gueth.com\/?taxonomy=product_visibility&#038;term=outofstock\" class=\"advgb-post-tax-term\">outofstock<\/a>"],"unlinked":["<span class=\"advgb-post-tax-term\">exclude-from-catalog<\/span>","<span class=\"advgb-post-tax-term\">exclude-from-search<\/span>","<span class=\"advgb-post-tax-term\">outofstock<\/span>"],"slug":"product_visibility","name":"Sichtbarkeit des Produkts"},"product_cat":{"linked":["<a href=\"https:\/\/www.vin-alsace-gueth.com\/de\/produktkategorie\/nach-inhalt-flasche\/75cl-flasche\/\" class=\"advgb-post-tax-term\">75cl Flasche<\/a>","<a href=\"https:\/\/www.vin-alsace-gueth.com\/de\/produktkategorie\/vins-de\/\" class=\"advgb-post-tax-term\">Alle Weine<\/a>","<a href=\"https:\/\/www.vin-alsace-gueth.com\/de\/produktkategorie\/gammes-de\/\" class=\"advgb-post-tax-term\">Bereiche<\/a>","<a href=\"https:\/\/www.vin-alsace-gueth.com\/de\/produktkategorie\/essen-wein-paarungen\/\" class=\"advgb-post-tax-term\">Essen \/ Wein Paarungen<\/a>","<a href=\"https:\/\/www.vin-alsace-gueth.com\/de\/produktkategorie\/sucrosite-de\/halbtrockene-weine\/\" class=\"advgb-post-tax-term\">Halbtrockene Weine<\/a>","<a href=\"https:\/\/www.vin-alsace-gueth.com\/de\/produktkategorie\/vins-par-terroir-de\/mergel-kalk-terroir\/\" class=\"advgb-post-tax-term\">Mergel-Kalk-Terroir<\/a>","<a href=\"https:\/\/www.vin-alsace-gueth.com\/de\/produktkategorie\/essen-wein-paarungen\/aperitif-de\/\" class=\"advgb-post-tax-term\">Mit dem Aperitif<\/a>","<a href=\"https:\/\/www.vin-alsace-gueth.com\/de\/produktkategorie\/essen-wein-paarungen\/poissons-de\/\" class=\"advgb-post-tax-term\">Mit Fisch<\/a>","<a href=\"https:\/\/www.vin-alsace-gueth.com\/de\/produktkategorie\/essen-wein-paarungen\/legumes-de\/\" class=\"advgb-post-tax-term\">Mit Gem\u00fcse<\/a>","<a href=\"https:\/\/www.vin-alsace-gueth.com\/de\/produktkategorie\/essen-wein-paarungen\/kase-de\/\" class=\"advgb-post-tax-term\">Mit K\u00e4se<\/a>","<a href=\"https:\/\/www.vin-alsace-gueth.com\/de\/produktkategorie\/essen-wein-paarungen\/viande-blanches-de\/\" class=\"advgb-post-tax-term\">Mit wei\u00dfem Fleisch<\/a>","<a href=\"https:\/\/www.vin-alsace-gueth.com\/de\/produktkategorie\/nach-inhalt-flasche\/\" class=\"advgb-post-tax-term\">Nach Inhalt Flasche<\/a>","<a href=\"https:\/\/www.vin-alsace-gueth.com\/categorie-produit\/cepage\/pinot-blanc-auxerrois\/\" class=\"advgb-post-tax-term\">Pinot Blanc Auxerrois<\/a>","<a href=\"https:\/\/www.vin-alsace-gueth.com\/de\/produktkategorie\/vins-de\/vins-tranquilles-de\/\" class=\"advgb-post-tax-term\">Stille Weine<\/a>","<a href=\"https:\/\/www.vin-alsace-gueth.com\/de\/produktkategorie\/gammes-de\/terre-natale-de\/\" class=\"advgb-post-tax-term\">Terre Natale<\/a>","<a href=\"https:\/\/www.vin-alsace-gueth.com\/de\/produktkategorie\/vins-par-terroir-de\/\" class=\"advgb-post-tax-term\">Weine \/ Terroir<\/a>","<a href=\"https:\/\/www.vin-alsace-gueth.com\/de\/produktkategorie\/cepage-de\/\" class=\"advgb-post-tax-term\">Weine nach Rebsorte<\/a>","<a href=\"https:\/\/www.vin-alsace-gueth.com\/de\/produktkategorie\/sucrosite-de\/\" class=\"advgb-post-tax-term\">Weine nach S\u00fc\u00dfe<\/a>"],"unlinked":["<span class=\"advgb-post-tax-term\">75cl Flasche<\/span>","<span class=\"advgb-post-tax-term\">Alle Weine<\/span>","<span class=\"advgb-post-tax-term\">Bereiche<\/span>","<span class=\"advgb-post-tax-term\">Essen \/ Wein Paarungen<\/span>","<span class=\"advgb-post-tax-term\">Halbtrockene Weine<\/span>","<span class=\"advgb-post-tax-term\">Mergel-Kalk-Terroir<\/span>","<span class=\"advgb-post-tax-term\">Mit dem Aperitif<\/span>","<span class=\"advgb-post-tax-term\">Mit Fisch<\/span>","<span class=\"advgb-post-tax-term\">Mit Gem\u00fcse<\/span>","<span class=\"advgb-post-tax-term\">Mit K\u00e4se<\/span>","<span class=\"advgb-post-tax-term\">Mit wei\u00dfem Fleisch<\/span>","<span class=\"advgb-post-tax-term\">Nach Inhalt Flasche<\/span>","<span class=\"advgb-post-tax-term\">Pinot Blanc Auxerrois<\/span>","<span class=\"advgb-post-tax-term\">Stille Weine<\/span>","<span class=\"advgb-post-tax-term\">Terre Natale<\/span>","<span class=\"advgb-post-tax-term\">Weine \/ Terroir<\/span>","<span class=\"advgb-post-tax-term\">Weine nach Rebsorte<\/span>","<span class=\"advgb-post-tax-term\">Weine nach S\u00fc\u00dfe<\/span>"],"slug":"product_cat","name":"Produkt-Kategorien"},"product_tag":{"linked":[],"unlinked":[],"slug":"product_tag","name":"Produkt Schlagw\u00f6rter"},"product_shipping_class":{"linked":[],"unlinked":[],"slug":"product_shipping_class","name":"Produkt Versandklasse"},"pos_product_visibility":{"linked":[],"unlinked":[],"slug":"pos_product_visibility","name":"POS-Produkt-Sichtbarkeit."},"pa_accompagnements-plats":{"linked":["<a href=\"https:\/\/www.vin-alsace-gueth.com\/de\/accompagnements-plats\/aperitif-de\/\" class=\"advgb-post-tax-term\">Aperitif<\/a>","<a href=\"https:\/\/www.vin-alsace-gueth.com\/de\/accompagnements-plats\/fische\/\" class=\"advgb-post-tax-term\">Fische<\/a>","<a href=\"https:\/\/www.vin-alsace-gueth.com\/de\/accompagnements-plats\/fleisch\/\" class=\"advgb-post-tax-term\">Fleisch<\/a>","<a href=\"https:\/\/www.vin-alsace-gueth.com\/de\/accompagnements-plats\/gemuse\/\" class=\"advgb-post-tax-term\">Gem\u00fcse<\/a>","<a href=\"https:\/\/www.vin-alsace-gueth.com\/de\/accompagnements-plats\/kase\/\" class=\"advgb-post-tax-term\">K\u00e4se<\/a>"],"unlinked":["<span class=\"advgb-post-tax-term\">Aperitif<\/span>","<span class=\"advgb-post-tax-term\">Fische<\/span>","<span class=\"advgb-post-tax-term\">Fleisch<\/span>","<span class=\"advgb-post-tax-term\">Gem\u00fcse<\/span>","<span class=\"advgb-post-tax-term\">K\u00e4se<\/span>"],"slug":"pa_accompagnements-plats","name":"Product Accompagnements Plats"},"pa_appellation":{"linked":["<a href=\"https:\/\/www.vin-alsace-gueth.com\/de\/appellation\/aoc-elsass\/\" class=\"advgb-post-tax-term\">AOC Elsass<\/a>"],"unlinked":["<span class=\"advgb-post-tax-term\">AOC Elsass<\/span>"],"slug":"pa_appellation","name":"Product Appellation"},"pa_cepage":{"linked":["<a href=\"https:\/\/www.vin-alsace-gueth.com\/de\/cepage\/auxerrois-de\/\" class=\"advgb-post-tax-term\">Auxerrois<\/a>"],"unlinked":["<span class=\"advgb-post-tax-term\">Auxerrois<\/span>"],"slug":"pa_cepage","name":"Product C\u00e9page"},"pa_contenance-btl":{"linked":["<a href=\"https:\/\/www.vin-alsace-gueth.com\/de\/contenance-btl\/75-cl-de\/\" class=\"advgb-post-tax-term\">75 cl<\/a>"],"unlinked":["<span class=\"advgb-post-tax-term\">75 cl<\/span>"],"slug":"pa_contenance-btl","name":"Product Volume"},"pa_gamme":{"linked":["<a href=\"https:\/\/www.vin-alsace-gueth.com\/de\/gamme\/heimat\/\" class=\"advgb-post-tax-term\">Heimat<\/a>","<a href=\"https:\/\/www.vin-alsace-gueth.com\/de\/gamme\/neuheit\/\" class=\"advgb-post-tax-term\">Neuheit<\/a>"],"unlinked":["<span class=\"advgb-post-tax-term\">Heimat<\/span>","<span class=\"advgb-post-tax-term\">Neuheit<\/span>"],"slug":"pa_gamme","name":"Product Gamme"},"pa_type-de-terroir":{"linked":["<a href=\"https:\/\/www.vin-alsace-gueth.com\/de\/type-de-terroir\/marlin-kalkstein\/\" class=\"advgb-post-tax-term\">Marlin-Kalkstein<\/a>"],"unlinked":["<span class=\"advgb-post-tax-term\">Marlin-Kalkstein<\/span>"],"slug":"pa_type-de-terroir","name":"Product Type de terroir"},"pa_type-de-vin":{"linked":["<a href=\"https:\/\/www.vin-alsace-gueth.com\/de\/type-de-vin\/halb-trocken-und-mineral\/\" class=\"advgb-post-tax-term\">Halb trocken und mineral<\/a>"],"unlinked":["<span class=\"advgb-post-tax-term\">Halb trocken und mineral<\/span>"],"slug":"pa_type-de-vin","name":"Product Type de vin"},"translation_priority":{"linked":["<a href=\"https:\/\/www.vin-alsace-gueth.com\/de\/?taxonomy=translation_priority&#038;term=facultatif-de\" class=\"advgb-post-tax-term\">Facultatif<\/a>"],"unlinked":["<span class=\"advgb-post-tax-term\">Facultatif<\/span>"],"slug":"translation_priority","name":"\u00dcbersetzungspriorit\u00e4ten"}},"series_order":"","_links":{"self":[{"href":"https:\/\/www.vin-alsace-gueth.com\/de\/wp-json\/wp\/v2\/product\/13859","targetHints":{"allow":["GET"]}}],"collection":[{"href":"https:\/\/www.vin-alsace-gueth.com\/de\/wp-json\/wp\/v2\/product"}],"about":[{"href":"https:\/\/www.vin-alsace-gueth.com\/de\/wp-json\/wp\/v2\/types\/product"}],"replies":[{"embeddable":true,"href":"https:\/\/www.vin-alsace-gueth.com\/de\/wp-json\/wp\/v2\/comments?post=13859"}],"wp:featuredmedia":[{"embeddable":true,"href":"https:\/\/www.vin-alsace-gueth.com\/de\/wp-json\/wp\/v2\/media\/13745"}],"wp:attachment":[{"href":"https:\/\/www.vin-alsace-gueth.com\/de\/wp-json\/wp\/v2\/media?parent=13859"}],"wp:term":[{"taxonomy":"product_brand","embeddable":true,"href":"https:\/\/www.vin-alsace-gueth.com\/de\/wp-json\/wp\/v2\/product_brand?post=13859"},{"taxonomy":"product_cat","embeddable":true,"href":"https:\/\/www.vin-alsace-gueth.com\/de\/wp-json\/wp\/v2\/product_cat?post=13859"},{"taxonomy":"product_tag","embeddable":true,"href":"https:\/\/www.vin-alsace-gueth.com\/de\/wp-json\/wp\/v2\/product_tag?post=13859"}],"curies":[{"name":"wp","href":"https:\/\/api.w.org\/{rel}","templated":true}]}}