    {"id":13654,"date":"2020-10-15T16:14:53","date_gmt":"2020-10-15T14:14:53","guid":{"rendered":"https:\/\/www.vin-alsace-gueth.com\/product\/spritz-muscat-2019\/"},"modified":"2023-06-30T17:37:06","modified_gmt":"2023-06-30T15:37:06","slug":"spritz-muscat-2019","status":"publish","type":"product","link":"https:\/\/www.vin-alsace-gueth.com\/de\/product\/spritz-muscat-2019\/","title":{"rendered":"Spritz Muscat 2019"},"content":{"rendered":"<p style=\"text-align: left;\"><strong>Reben :<\/strong> Mittelhanglage &#8222;Ranck&#8220;, s\u00fcdlich des Dorfes.<\/p>\n<p style=\"text-align: left;\"><strong>Terroir :<\/strong> Mergel-Sandstein. Ger\u00f6ll und Felsen aus rosa Sandstein aus den Vogesen, bedeckt mit einem sch\u00f6nen tiefen, tonreichen Boden.<\/p>\n<p style=\"text-align: left;\"><strong>Im Keller :<\/strong> langsame und schonende Pressung; erste G\u00e4rung ohne Zugabe von Hefen; Reifung 6 Monate auf Hefe in Edelstahltanks. Abgef\u00fcllt auf dem Gut mit einem nat\u00fcrlichen Sauerteig, der G\u00e4rung, Blasen und Ablagerungen verursacht.<\/p>\n<p>&nbsp;<\/p>\n<p style=\"text-align: left;\"><strong>Alkoholgehalt :<\/strong> 13,5 % vol.<\/p>\n<p style=\"text-align: left;\"><strong>Aufbewahrung :<\/strong> jetzt trinken<\/p>\n","protected":false},"excerpt":{"rendered":"<p style=\"text-align: left;\">Trockener und fruchtiger Wein. Freundlich, schneidig und unterhaltsam.<\/p>\n<p style=\"text-align: left;\">Nat\u00fcrlich prickelnd, feinperlig mit intensiven Muskataromen<\/p>\n<p><a href=\"https:\/\/www.vin-alsace-gueth.com\/wp-content\/uploads\/2021\/06\/DE-trocken-weiss-2.png\"><img decoding=\"async\" class=\"alignnone wp-image-19685\" src=\"https:\/\/www.vin-alsace-gueth.com\/wp-content\/uploads\/2021\/06\/DE-trocken-weiss-2.png\" alt=\"\" width=\"330\" height=\"91\" srcset=\"https:\/\/www.vin-alsace-gueth.com\/wp-content\/uploads\/2021\/06\/DE-trocken-weiss-2.png 1008w, https:\/\/www.vin-alsace-gueth.com\/wp-content\/uploads\/2021\/06\/DE-trocken-weiss-2-300x82.png 300w, https:\/\/www.vin-alsace-gueth.com\/wp-content\/uploads\/2021\/06\/DE-trocken-weiss-2-768x211.png 768w, https:\/\/www.vin-alsace-gueth.com\/wp-content\/uploads\/2021\/06\/DE-trocken-weiss-2-600x165.png 600w\" sizes=\"(max-width: 330px) 100vw, 330px\" \/><\/a><\/p>\n<p style=\"text-align: left;\">Strohgelbe Farbe, nat\u00fcrliche Ablagerung durch G\u00e4rung.<\/p>\n<p style=\"text-align: left;\"><strong>Nase :<\/strong> fruchtiges Bouquet, intensiver Muskat und Noten von Mirabellenpflaumen.<\/p>\n<p style=\"text-align: left;\"><strong>Geschmack :<\/strong> Feinperlig, intensiver Muskat am Gaumen und ein langer, salziger Abgang, mit sch\u00f6nen Bitternoten, eine Anspielung auf den Spritz.<\/p>\n<p style=\"text-align: left;\"><strong>Muriels Tipp :<\/strong> Aperitif-Schaumwein, Goug\u00e8res, vier Viertel mit Oliven, Risotto, Flusskrebs-Timbale, Krustenschinken, herzhafter Cr\u00eape, Mille-Feuille, Roquefort.<\/p>\n","protected":false},"author":131,"featured_media":13655,"comment_status":"open","ping_status":"closed","template":"","meta":{"_uag_custom_page_level_css":"","advgb_blocks_editor_width":"","advgb_blocks_columns_visual_guide":"","_monsterinsights_skip_tracking":false,"_monsterinsights_sitenote_active":false,"_monsterinsights_sitenote_note":"","_monsterinsights_sitenote_category":0,"site-sidebar-layout":"default","site-content-layout":null,"ast-site-content-layout":"default","site-content-style":"default","site-sidebar-style":"default","ast-global-header-display":"","ast-banner-title-visibility":"","ast-main-header-display":"","ast-hfb-above-header-display":"","ast-hfb-below-header-display":"","ast-hfb-mobile-header-display":"","site-post-title":"","ast-breadcrumbs-content":null,"ast-featured-img":"","footer-sml-layout":"","ast-disable-related-posts":"","theme-transparent-header-meta":"default","adv-header-id-meta":"","stick-header-meta":"enabled","header-above-stick-meta":"","header-main-stick-meta":"on","header-below-stick-meta":"","astra-migrate-meta-layouts":"default","ast-page-background-enabled":"default","ast-page-background-meta":{"desktop":{"background-color":"","background-image":"","background-repeat":"repeat","background-position":"center center","background-size":"auto","background-attachment":"scroll","background-type":"","background-media":"","overlay-type":"","overlay-color":"","overlay-opacity":"","overlay-gradient":""},"tablet":{"background-color":"","background-image":"","background-repeat":"repeat","background-position":"center center","background-size":"auto","background-attachment":"scroll","background-type":"","background-media":"","overlay-type":"","overlay-color":"","overlay-opacity":"","overlay-gradient":""},"mobile":{"background-color":"","background-image":"","background-repeat":"repeat","background-position":"center center","background-size":"auto","background-attachment":"scroll","background-type":"","background-media":"","overlay-type":"","overlay-color":"","overlay-opacity":"","overlay-gradient":""}},"ast-content-background-meta":{"desktop":{"background-color":"var(--ast-global-color-5)","background-image":"","background-repeat":"repeat","background-position":"center center","background-size":"auto","background-attachment":"scroll","background-type":"","background-media":"","overlay-type":"","overlay-color":"","overlay-opacity":"","overlay-gradient":""},"tablet":{"background-color":"var(--ast-global-color-5)","background-image":"","background-repeat":"repeat","background-position":"center center","background-size":"auto","background-attachment":"scroll","background-type":"","background-media":"","overlay-type":"","overlay-color":"","overlay-opacity":"","overlay-gradient":""},"mobile":{"background-color":"var(--ast-global-color-5)","background-image":"","background-repeat":"repeat","background-position":"center center","background-size":"auto","background-attachment":"scroll","background-type":"","background-media":"","overlay-type":"","overlay-color":"","overlay-opacity":"","overlay-gradient":""}}},"product_brand":[],"product_cat":[855,552,551,539,550,541,563,849,352,553,832,579,556,557,575],"product_tag":[],"class_list":{"0":"post-13654","1":"product","2":"type-product","3":"status-publish","4":"has-post-thumbnail","6":"product_cat-75cl-flasche","7":"product_cat-vins-de","8":"product_cat-gammes-de","9":"product_cat-essen-wein-paarungen","10":"product_cat-aperitif-de","11":"product_cat-desserts-de","12":"product_cat-muscat-de","13":"product_cat-nach-inhalt-flasche","14":"product_cat-originalsace-de","15":"product_cat-effervescents-de","16":"product_cat-marno-greseux-de","17":"product_cat-trockene-weine","18":"product_cat-vins-par-terroir-de","19":"product_cat-cepage-de","20":"product_cat-sucrosite-de","21":"pa_accompagnements-plats-aperitif-de","22":"pa_accompagnements-plats-desserts-de","23":"pa_appellation-wein-von-frankreich","24":"pa_cepage-muskat","25":"pa_contenance-btl-75-cl-de","26":"pa_gamme-neuheit","27":"pa_gamme-originalsass","28":"pa_gamme-wein-von-frankreich","29":"pa_type-de-terroir-marno-grsex","30":"pa_type-de-vin-brausen","31":"desktop-align-center","32":"tablet-align-center","33":"mobile-align-center","34":"ast-product-gallery-layout-vertical","35":"ast-product-tabs-layout-horizontal","37":"first","38":"outofstock","39":"taxable","40":"shipping-taxable","41":"purchasable","42":"product-type-simple"},"uagb_featured_image_src":{"full":["https:\/\/www.vin-alsace-gueth.com\/wp-content\/uploads\/2020\/10\/spritz-muscat-2019-gueth-web-comp.jpg",800,1406,false],"thumbnail":["https:\/\/www.vin-alsace-gueth.com\/wp-content\/uploads\/2020\/10\/spritz-muscat-2019-gueth-web-comp-150x150.jpg",150,150,true],"medium":["https:\/\/www.vin-alsace-gueth.com\/wp-content\/uploads\/2020\/10\/spritz-muscat-2019-gueth-web-comp-171x300.jpg",171,300,true],"medium_large":["https:\/\/www.vin-alsace-gueth.com\/wp-content\/uploads\/2020\/10\/spritz-muscat-2019-gueth-web-comp-768x1350.jpg",768,1350,true],"large":["https:\/\/www.vin-alsace-gueth.com\/wp-content\/uploads\/2020\/10\/spritz-muscat-2019-gueth-web-comp-583x1024.jpg",583,1024,true],"thumblist":["https:\/\/www.vin-alsace-gueth.com\/wp-content\/uploads\/2020\/10\/spritz-muscat-2019-gueth-web-comp.jpg",171,300,false],"thumbrelated":["https:\/\/www.vin-alsace-gueth.com\/wp-content\/uploads\/2020\/10\/spritz-muscat-2019-gueth-web-comp.jpg",284,500,false],"meccarouselthumb":["https:\/\/www.vin-alsace-gueth.com\/wp-content\/uploads\/2020\/10\/spritz-muscat-2019-gueth-web-comp.jpg",184,324,false],"gridsquare":["https:\/\/www.vin-alsace-gueth.com\/wp-content\/uploads\/2020\/10\/spritz-muscat-2019-gueth-web-comp.jpg",148,260,false],"tileview":["https:\/\/www.vin-alsace-gueth.com\/wp-content\/uploads\/2020\/10\/spritz-muscat-2019-gueth-web-comp.jpg",228,400,false],"1536x1536":["https:\/\/www.vin-alsace-gueth.com\/wp-content\/uploads\/2020\/10\/spritz-muscat-2019-gueth-web-comp.jpg",800,1406,false],"2048x2048":["https:\/\/www.vin-alsace-gueth.com\/wp-content\/uploads\/2020\/10\/spritz-muscat-2019-gueth-web-comp.jpg",800,1406,false],"woocommerce_thumbnail":["https:\/\/www.vin-alsace-gueth.com\/wp-content\/uploads\/2020\/10\/spritz-muscat-2019-gueth-web-comp-300x527.jpg",300,527,true],"woocommerce_single":["https:\/\/www.vin-alsace-gueth.com\/wp-content\/uploads\/2020\/10\/spritz-muscat-2019-gueth-web-comp-600x1055.jpg",600,1055,true],"woocommerce_gallery_thumbnail":["https:\/\/www.vin-alsace-gueth.com\/wp-content\/uploads\/2020\/10\/spritz-muscat-2019-gueth-web-comp-100x100.jpg",100,100,true]},"uagb_author_info":{"display_name":"BIECHY Ralph","author_link":"https:\/\/www.vin-alsace-gueth.com\/de\/author\/wasa068gmail-com\/"},"uagb_comment_info":0,"uagb_excerpt":"Trockener und fruchtiger Wein. Freundlich, schneidig und unterhaltsam. Nat\u00fcrlich prickelnd, feinperlig mit intensiven Muskataromen Strohgelbe Farbe, nat\u00fcrliche Ablagerung durch G\u00e4rung. Nase : fruchtiges Bouquet, intensiver Muskat und Noten von Mirabellenpflaumen. Geschmack : Feinperlig, intensiver Muskat am Gaumen und ein langer, salziger Abgang, mit sch\u00f6nen Bitternoten, eine Anspielung auf den Spritz. Muriels Tipp : Aperitif-Schaumwein, Goug\u00e8res,&hellip;","featured_img":"https:\/\/www.vin-alsace-gueth.com\/wp-content\/uploads\/2020\/10\/spritz-muscat-2019-gueth-web-comp.jpg","coauthors":[],"author_meta":{"author_link":"https:\/\/www.vin-alsace-gueth.com\/de\/author\/wasa068gmail-com\/","display_name":"BIECHY Ralph"},"relative_dates":{"created":"Ver\u00f6ffentlicht 6\u00a0Jahren vor","modified":"Aktualisiert 3\u00a0Jahren vor"},"absolute_dates":{"created":"Ver\u00f6ffentlicht am 15. Oktober 2020","modified":"Aktualisiert am 30. Juni 2023"},"absolute_dates_time":{"created":"Ver\u00f6ffentlicht am 15. Oktober 2020 16:14","modified":"Aktualisiert am 30. Juni 2023 17:37"},"featured_img_caption":"","tax_additional":{"product_brand":{"linked":[],"unlinked":[],"slug":"product_brand","name":"Marken"},"product_type":{"linked":["<a href=\"https:\/\/www.vin-alsace-gueth.com\/de\/?taxonomy=product_type&#038;term=simple\" class=\"advgb-post-tax-term\">simple<\/a>"],"unlinked":["<span class=\"advgb-post-tax-term\">simple<\/span>"],"slug":"product_type","name":"Produkttyp"},"product_visibility":{"linked":["<a href=\"https:\/\/www.vin-alsace-gueth.com\/?taxonomy=product_visibility&#038;term=exclude-from-catalog\" class=\"advgb-post-tax-term\">exclude-from-catalog<\/a>","<a href=\"https:\/\/www.vin-alsace-gueth.com\/?taxonomy=product_visibility&#038;term=exclude-from-search\" class=\"advgb-post-tax-term\">exclude-from-search<\/a>","<a href=\"https:\/\/www.vin-alsace-gueth.com\/?taxonomy=product_visibility&#038;term=outofstock\" class=\"advgb-post-tax-term\">outofstock<\/a>"],"unlinked":["<span class=\"advgb-post-tax-term\">exclude-from-catalog<\/span>","<span class=\"advgb-post-tax-term\">exclude-from-search<\/span>","<span class=\"advgb-post-tax-term\">outofstock<\/span>"],"slug":"product_visibility","name":"Sichtbarkeit des Produkts"},"product_cat":{"linked":["<a href=\"https:\/\/www.vin-alsace-gueth.com\/de\/produktkategorie\/nach-inhalt-flasche\/75cl-flasche\/\" class=\"advgb-post-tax-term\">75cl Flasche<\/a>","<a href=\"https:\/\/www.vin-alsace-gueth.com\/de\/produktkategorie\/vins-de\/\" class=\"advgb-post-tax-term\">Alle Weine<\/a>","<a href=\"https:\/\/www.vin-alsace-gueth.com\/de\/produktkategorie\/gammes-de\/\" class=\"advgb-post-tax-term\">Bereiche<\/a>","<a href=\"https:\/\/www.vin-alsace-gueth.com\/de\/produktkategorie\/essen-wein-paarungen\/\" class=\"advgb-post-tax-term\">Essen \/ Wein Paarungen<\/a>","<a href=\"https:\/\/www.vin-alsace-gueth.com\/de\/produktkategorie\/essen-wein-paarungen\/aperitif-de\/\" class=\"advgb-post-tax-term\">Mit dem Aperitif<\/a>","<a href=\"https:\/\/www.vin-alsace-gueth.com\/de\/produktkategorie\/essen-wein-paarungen\/desserts-de\/\" class=\"advgb-post-tax-term\">Mit Desserts<\/a>","<a href=\"https:\/\/www.vin-alsace-gueth.com\/de\/produktkategorie\/cepage-de\/muscat-de\/\" class=\"advgb-post-tax-term\">Muscat<\/a>","<a href=\"https:\/\/www.vin-alsace-gueth.com\/de\/produktkategorie\/nach-inhalt-flasche\/\" class=\"advgb-post-tax-term\">Nach Inhalt Flasche<\/a>","<a href=\"https:\/\/www.vin-alsace-gueth.com\/de\/produktkategorie\/gammes-de\/originalsace-de\/\" class=\"advgb-post-tax-term\">Original&#039;sace<\/a>","<a href=\"https:\/\/www.vin-alsace-gueth.com\/de\/produktkategorie\/vins-de\/effervescents-de\/\" class=\"advgb-post-tax-term\">Sekt<\/a>","<a href=\"https:\/\/www.vin-alsace-gueth.com\/de\/produktkategorie\/vins-par-terroir-de\/marno-greseux-de\/\" class=\"advgb-post-tax-term\">Tonmergel und Sandsteine<\/a>","<a href=\"https:\/\/www.vin-alsace-gueth.com\/de\/produktkategorie\/sucrosite-de\/trockene-weine\/\" class=\"advgb-post-tax-term\">Trockene Weine<\/a>","<a href=\"https:\/\/www.vin-alsace-gueth.com\/de\/produktkategorie\/vins-par-terroir-de\/\" class=\"advgb-post-tax-term\">Weine \/ Terroir<\/a>","<a href=\"https:\/\/www.vin-alsace-gueth.com\/de\/produktkategorie\/cepage-de\/\" class=\"advgb-post-tax-term\">Weine nach Rebsorte<\/a>","<a href=\"https:\/\/www.vin-alsace-gueth.com\/de\/produktkategorie\/sucrosite-de\/\" class=\"advgb-post-tax-term\">Weine nach S\u00fc\u00dfe<\/a>"],"unlinked":["<span class=\"advgb-post-tax-term\">75cl Flasche<\/span>","<span class=\"advgb-post-tax-term\">Alle Weine<\/span>","<span class=\"advgb-post-tax-term\">Bereiche<\/span>","<span class=\"advgb-post-tax-term\">Essen \/ Wein Paarungen<\/span>","<span class=\"advgb-post-tax-term\">Mit dem Aperitif<\/span>","<span class=\"advgb-post-tax-term\">Mit Desserts<\/span>","<span class=\"advgb-post-tax-term\">Muscat<\/span>","<span class=\"advgb-post-tax-term\">Nach Inhalt Flasche<\/span>","<span class=\"advgb-post-tax-term\">Original&#039;sace<\/span>","<span class=\"advgb-post-tax-term\">Sekt<\/span>","<span class=\"advgb-post-tax-term\">Tonmergel und Sandsteine<\/span>","<span class=\"advgb-post-tax-term\">Trockene Weine<\/span>","<span class=\"advgb-post-tax-term\">Weine \/ Terroir<\/span>","<span class=\"advgb-post-tax-term\">Weine nach Rebsorte<\/span>","<span class=\"advgb-post-tax-term\">Weine nach S\u00fc\u00dfe<\/span>"],"slug":"product_cat","name":"Produkt-Kategorien"},"product_tag":{"linked":[],"unlinked":[],"slug":"product_tag","name":"Produkt Schlagw\u00f6rter"},"product_shipping_class":{"linked":[],"unlinked":[],"slug":"product_shipping_class","name":"Produkt Versandklasse"},"pos_product_visibility":{"linked":[],"unlinked":[],"slug":"pos_product_visibility","name":"POS-Produkt-Sichtbarkeit."},"pa_accompagnements-plats":{"linked":["<a href=\"https:\/\/www.vin-alsace-gueth.com\/de\/accompagnements-plats\/aperitif-de\/\" class=\"advgb-post-tax-term\">Aperitif<\/a>","<a href=\"https:\/\/www.vin-alsace-gueth.com\/de\/accompagnements-plats\/desserts-de\/\" class=\"advgb-post-tax-term\">Dessert<\/a>"],"unlinked":["<span class=\"advgb-post-tax-term\">Aperitif<\/span>","<span class=\"advgb-post-tax-term\">Dessert<\/span>"],"slug":"pa_accompagnements-plats","name":"Product Accompagnements Plats"},"pa_appellation":{"linked":["<a href=\"https:\/\/www.vin-alsace-gueth.com\/de\/appellation\/wein-von-frankreich\/\" class=\"advgb-post-tax-term\">Wein von Frankreich<\/a>"],"unlinked":["<span class=\"advgb-post-tax-term\">Wein von Frankreich<\/span>"],"slug":"pa_appellation","name":"Product Appellation"},"pa_cepage":{"linked":["<a href=\"https:\/\/www.vin-alsace-gueth.com\/de\/cepage\/muskat\/\" class=\"advgb-post-tax-term\">Muskat<\/a>"],"unlinked":["<span class=\"advgb-post-tax-term\">Muskat<\/span>"],"slug":"pa_cepage","name":"Product C\u00e9page"},"pa_contenance-btl":{"linked":["<a href=\"https:\/\/www.vin-alsace-gueth.com\/de\/contenance-btl\/75-cl-de\/\" class=\"advgb-post-tax-term\">75 cl<\/a>"],"unlinked":["<span class=\"advgb-post-tax-term\">75 cl<\/span>"],"slug":"pa_contenance-btl","name":"Product Volume"},"pa_gamme":{"linked":["<a href=\"https:\/\/www.vin-alsace-gueth.com\/de\/gamme\/neuheit\/\" class=\"advgb-post-tax-term\">Neuheit<\/a>","<a href=\"https:\/\/www.vin-alsace-gueth.com\/de\/gamme\/originalsass\/\" class=\"advgb-post-tax-term\">Original&#039;sass.<\/a>","<a href=\"https:\/\/www.vin-alsace-gueth.com\/de\/gamme\/wein-von-frankreich\/\" class=\"advgb-post-tax-term\">Wein von Frankreich<\/a>"],"unlinked":["<span class=\"advgb-post-tax-term\">Neuheit<\/span>","<span class=\"advgb-post-tax-term\">Original&#039;sass.<\/span>","<span class=\"advgb-post-tax-term\">Wein von Frankreich<\/span>"],"slug":"pa_gamme","name":"Product Gamme"},"pa_type-de-terroir":{"linked":["<a href=\"https:\/\/www.vin-alsace-gueth.com\/de\/type-de-terroir\/marno-grsex\/\" class=\"advgb-post-tax-term\">Marno-grsex.<\/a>"],"unlinked":["<span class=\"advgb-post-tax-term\">Marno-grsex.<\/span>"],"slug":"pa_type-de-terroir","name":"Product Type de terroir"},"pa_type-de-vin":{"linked":["<a href=\"https:\/\/www.vin-alsace-gueth.com\/de\/type-de-vin\/brausen\/\" class=\"advgb-post-tax-term\">Brausen<\/a>"],"unlinked":["<span class=\"advgb-post-tax-term\">Brausen<\/span>"],"slug":"pa_type-de-vin","name":"Product Type de vin"},"translation_priority":{"linked":["<a href=\"https:\/\/www.vin-alsace-gueth.com\/de\/?taxonomy=translation_priority&#038;term=facultatif-de\" class=\"advgb-post-tax-term\">Facultatif<\/a>"],"unlinked":["<span class=\"advgb-post-tax-term\">Facultatif<\/span>"],"slug":"translation_priority","name":"\u00dcbersetzungspriorit\u00e4ten"}},"series_order":"","_links":{"self":[{"href":"https:\/\/www.vin-alsace-gueth.com\/de\/wp-json\/wp\/v2\/product\/13654","targetHints":{"allow":["GET"]}}],"collection":[{"href":"https:\/\/www.vin-alsace-gueth.com\/de\/wp-json\/wp\/v2\/product"}],"about":[{"href":"https:\/\/www.vin-alsace-gueth.com\/de\/wp-json\/wp\/v2\/types\/product"}],"replies":[{"embeddable":true,"href":"https:\/\/www.vin-alsace-gueth.com\/de\/wp-json\/wp\/v2\/comments?post=13654"}],"wp:featuredmedia":[{"embeddable":true,"href":"https:\/\/www.vin-alsace-gueth.com\/de\/wp-json\/wp\/v2\/media\/13655"}],"wp:attachment":[{"href":"https:\/\/www.vin-alsace-gueth.com\/de\/wp-json\/wp\/v2\/media?parent=13654"}],"wp:term":[{"taxonomy":"product_brand","embeddable":true,"href":"https:\/\/www.vin-alsace-gueth.com\/de\/wp-json\/wp\/v2\/product_brand?post=13654"},{"taxonomy":"product_cat","embeddable":true,"href":"https:\/\/www.vin-alsace-gueth.com\/de\/wp-json\/wp\/v2\/product_cat?post=13654"},{"taxonomy":"product_tag","embeddable":true,"href":"https:\/\/www.vin-alsace-gueth.com\/de\/wp-json\/wp\/v2\/product_tag?post=13654"}],"curies":[{"name":"wp","href":"https:\/\/api.w.org\/{rel}","templated":true}]}}