    {"id":13625,"date":"2021-04-27T19:36:01","date_gmt":"2021-04-27T17:36:01","guid":{"rendered":"https:\/\/www.vin-alsace-gueth.com\/product\/pinot-noir-rose-2018\/"},"modified":"2023-06-30T16:08:38","modified_gmt":"2023-06-30T14:08:38","slug":"pinot-noir-rose-2018","status":"publish","type":"product","link":"https:\/\/www.vin-alsace-gueth.com\/de\/product\/pinot-noir-rose-2018\/","title":{"rendered":"Pinot Noir Ros\u00e9 2018"},"content":{"rendered":"<p style=\"text-align: left;\"><strong>Reben :<\/strong> Unsere Reben sind im Durchschnitt 30 Jahre alt, stammen aus ausgew\u00e4hlten alten Rebsorten und werden von Generation zu Generation auf das Gut veredelt.<br \/>\nAufgeteilt in Hanglagen und Mittelh\u00e4nge auf 40 Parzellen f\u00fcr eine Fl\u00e4che von 8 ha. Diese Vielfalt findet sich in den Trauben jeder Parzelle wieder.The yield is reduced to less than 60 hl\/ha.<br \/>\nWir m\u00e4hen das Gras 1 von 2 Reihen und bearbeiten den Boden der anderen Reihe, indem wir seit den 1980er Jahren biologischen Weinbau betreiben.<br \/>\nWir haben 2019 mit der Bio-Zertifizierung begonnen.<br \/>\nUnsere B\u00f6den sind lebendig, unsere Reben sind im Gleichgewicht, unsere Trauben sind \u00abgut in ihrer Haut\u00bb.<\/p>\n<p style=\"text-align: left;\"><strong>Terroir :<\/strong> Dieser Wein wurde in der Parzelle &#8222;Rouffacherweg&#8220; geboren, was &#8222;Chemin de Rouffach&#8220; bedeutet. Dieses Terroir besteht aus gro\u00dfen Ger\u00f6llhalden und Felsen aus rosa Vogesen-Sandstein, bedeckt mit einem sch\u00f6nen tiefen, lehmreichen Boden. Eine sch\u00f6ne Lage mit einem guten Wasservorrat, der dem Wein viel Frucht und Eleganz verleiht.<br \/>\nExposition : OstenH\u00f6he : 250m<\/p>\n<p style=\"text-align: left;\"><strong>Im Keller :<\/strong> Wir verkosten die Trauben, um die optimale Ernte jeder Parzelle zu bestimmen und die beste Balance in Zucker, S\u00e4ure und Geschmack zu erreichen.<br \/>\nUnsere pneumatische Presse erm\u00f6glicht eine sanfte und langsame Entnahme. Unsere S\u00e4fte flie\u00dfen durch die Schwerkraft und werden dann auf nat\u00fcrliche Weise freigesetzt, um alle ihre Aromen zu bewahren.<br \/>\nUnsere G\u00e4rungen erfolgen mit den einheimischen Hefen in Edelstahltanks, ohne Temperaturkontrolle. Sie nehmen je nach Charakter und Energie jedes Weines einen anderen Rhythmus an. Im Gleichgewicht gen\u00fcgen Luftabsaugung und einmalige Sulfitierung f\u00fcr die Stabilit\u00e4t. Es folgt die Hefezucht, die Kieselgurfiltration und die Abf\u00fcllung auf dem Gut.<br \/>\nWir reservieren unsere Weine, um ihr bestes Potenzial zu entfalten.<\/p>\n<p>&nbsp;<\/p>\n<p style=\"text-align: left;\"><strong>Alkoholgehalt :<\/strong> 13,5 % vol.<\/p>\n<p style=\"text-align: left;\"><strong>Aufbewahrung :<\/strong> 2023 bis 2025<\/p>\n","protected":false},"excerpt":{"rendered":"<h5>Ein frischer und fruchtiger Pinot Noir Ros\u00e9<\/h5>\n<div class=\"page\" title=\"Page 1\">\n<div class=\"layoutArea\">\n<div class=\"column\">\n<p>Entdecken Sie seinen Joker, fr\u00f6hlichen und frischen Charakter. Laden Sie ihn an sonnigen Tagen, in den Garten, auf die Terrasse, zum Picknick ein, er bringt Freude und Sonnenschein auf Ihre Gerichte.<\/p>\n<p>Sch\u00f6ne Lachsfarbe, einnehmend.<\/p>\n<\/div>\n<\/div>\n<\/div>\n<p><a href=\"https:\/\/www.vin-alsace-gueth.com\/wp-content\/uploads\/2021\/04\/DE-trocken-rose.png\"><img decoding=\"async\" class=\"alignnone wp-image-19695\" src=\"https:\/\/www.vin-alsace-gueth.com\/wp-content\/uploads\/2021\/04\/DE-trocken-rose.png\" alt=\"\" width=\"330\" height=\"91\" srcset=\"https:\/\/www.vin-alsace-gueth.com\/wp-content\/uploads\/2021\/04\/DE-trocken-rose.png 1008w, https:\/\/www.vin-alsace-gueth.com\/wp-content\/uploads\/2021\/04\/DE-trocken-rose-300x82.png 300w, https:\/\/www.vin-alsace-gueth.com\/wp-content\/uploads\/2021\/04\/DE-trocken-rose-768x211.png 768w, https:\/\/www.vin-alsace-gueth.com\/wp-content\/uploads\/2021\/04\/DE-trocken-rose-600x165.png 600w\" sizes=\"(max-width: 330px) 100vw, 330px\" \/><\/a><\/p>\n<p style=\"text-align: left;\"><strong>Nase :<\/strong> fruchtiges Bouquet mit einer Dominanz von kleinen roten Fr\u00fcchten: Himbeere, Erdbeere.<\/p>\n<p style=\"text-align: left;\"><strong>Geschmack :<\/strong> Einige gut integrierte Brioche-Noten verleihen ihm Komplexit\u00e4t. Frische und fruchtige Aromapalette. Vollmundiger, anhaltender Abgang mit ger\u00f6stetem Abgang.<\/p>\n<p style=\"text-align: left;\"><strong>Muriels Tipp :<\/strong> Pinot Noir Ros\u00e9 zu Tomaten\/Mozzarella, Gazpacho, scharfer Ziegenk\u00e4sesalat, Picknick und Barbecue, Penne Rigate mit Tomaten. Obstsalat, Himbeercupcake.<\/p>\n","protected":false},"author":131,"featured_media":27423,"comment_status":"open","ping_status":"closed","template":"","meta":{"_uag_custom_page_level_css":"","advgb_blocks_editor_width":"","advgb_blocks_columns_visual_guide":"","_monsterinsights_skip_tracking":false,"_monsterinsights_sitenote_active":false,"_monsterinsights_sitenote_note":"","_monsterinsights_sitenote_category":0,"site-sidebar-layout":"default","site-content-layout":null,"ast-site-content-layout":"default","site-content-style":"default","site-sidebar-style":"default","ast-global-header-display":"","ast-banner-title-visibility":"","ast-main-header-display":"","ast-hfb-above-header-display":"","ast-hfb-below-header-display":"","ast-hfb-mobile-header-display":"","site-post-title":"","ast-breadcrumbs-content":null,"ast-featured-img":"","footer-sml-layout":"","ast-disable-related-posts":"","theme-transparent-header-meta":"default","adv-header-id-meta":"","stick-header-meta":"enabled","header-above-stick-meta":"","header-main-stick-meta":"on","header-below-stick-meta":"","astra-migrate-meta-layouts":"default","ast-page-background-enabled":"default","ast-page-background-meta":{"desktop":{"background-color":"","background-image":"","background-repeat":"repeat","background-position":"center center","background-size":"auto","background-attachment":"scroll","background-type":"","background-media":"","overlay-type":"","overlay-color":"","overlay-opacity":"","overlay-gradient":""},"tablet":{"background-color":"","background-image":"","background-repeat":"repeat","background-position":"center center","background-size":"auto","background-attachment":"scroll","background-type":"","background-media":"","overlay-type":"","overlay-color":"","overlay-opacity":"","overlay-gradient":""},"mobile":{"background-color":"","background-image":"","background-repeat":"repeat","background-position":"center center","background-size":"auto","background-attachment":"scroll","background-type":"","background-media":"","overlay-type":"","overlay-color":"","overlay-opacity":"","overlay-gradient":""}},"ast-content-background-meta":{"desktop":{"background-color":"var(--ast-global-color-5)","background-image":"","background-repeat":"repeat","background-position":"center center","background-size":"auto","background-attachment":"scroll","background-type":"","background-media":"","overlay-type":"","overlay-color":"","overlay-opacity":"","overlay-gradient":""},"tablet":{"background-color":"var(--ast-global-color-5)","background-image":"","background-repeat":"repeat","background-position":"center center","background-size":"auto","background-attachment":"scroll","background-type":"","background-media":"","overlay-type":"","overlay-color":"","overlay-opacity":"","overlay-gradient":""},"mobile":{"background-color":"var(--ast-global-color-5)","background-image":"","background-repeat":"repeat","background-position":"center center","background-size":"auto","background-attachment":"scroll","background-type":"","background-media":"","overlay-type":"","overlay-color":"","overlay-opacity":"","overlay-gradient":""}}},"product_brand":[],"product_cat":[855,552,551,539,550,545,542,548,547,849,352,568,555,832,579,556,557,575],"product_tag":[],"class_list":{"0":"post-13625","1":"product","2":"type-product","3":"status-publish","4":"has-post-thumbnail","6":"product_cat-75cl-flasche","7":"product_cat-vins-de","8":"product_cat-gammes-de","9":"product_cat-essen-wein-paarungen","10":"product_cat-aperitif-de","11":"product_cat-legumes-de","12":"product_cat-kase-de","13":"product_cat-viandes-rouges-de","14":"product_cat-viande-blanches-de","15":"product_cat-nach-inhalt-flasche","16":"product_cat-originalsace-de","17":"product_cat-pinot-noir-de","18":"product_cat-vins-tranquilles-de","19":"product_cat-marno-greseux-de","20":"product_cat-trockene-weine","21":"product_cat-vins-par-terroir-de","22":"product_cat-cepage-de","23":"product_cat-sucrosite-de","24":"pa_accompagnements-plats-aperitif-de","25":"pa_accompagnements-plats-fleisch","26":"pa_accompagnements-plats-gemuse","27":"pa_accompagnements-plats-kase","28":"pa_appellation-aoc-elsass","29":"pa_cepage-spatburgunder","30":"pa_contenance-btl-75-cl-de","31":"pa_gamme-neuheit","32":"pa_gamme-originalsass","33":"pa_type-de-terroir-marno-grsex","34":"pa_type-de-vin-rot-fruchtig","35":"desktop-align-center","36":"tablet-align-center","37":"mobile-align-center","38":"ast-product-gallery-layout-vertical","39":"ast-product-tabs-layout-horizontal","41":"first","42":"outofstock","43":"taxable","44":"shipping-taxable","45":"purchasable","46":"product-type-simple"},"uagb_featured_image_src":{"full":["https:\/\/www.vin-alsace-gueth.com\/wp-content\/uploads\/2022\/12\/Pinot_Noir_Rose_bouteille_Gueth_rev.0-1-1.jpg",800,1406,false],"thumbnail":["https:\/\/www.vin-alsace-gueth.com\/wp-content\/uploads\/2022\/12\/Pinot_Noir_Rose_bouteille_Gueth_rev.0-1-1-150x150.jpg",150,150,true],"medium":["https:\/\/www.vin-alsace-gueth.com\/wp-content\/uploads\/2022\/12\/Pinot_Noir_Rose_bouteille_Gueth_rev.0-1-1-171x300.jpg",171,300,true],"medium_large":["https:\/\/www.vin-alsace-gueth.com\/wp-content\/uploads\/2022\/12\/Pinot_Noir_Rose_bouteille_Gueth_rev.0-1-1-768x1350.jpg",768,1350,true],"large":["https:\/\/www.vin-alsace-gueth.com\/wp-content\/uploads\/2022\/12\/Pinot_Noir_Rose_bouteille_Gueth_rev.0-1-1-583x1024.jpg",583,1024,true],"thumblist":["https:\/\/www.vin-alsace-gueth.com\/wp-content\/uploads\/2022\/12\/Pinot_Noir_Rose_bouteille_Gueth_rev.0-1-1-300x300.jpg",300,300,true],"thumbrelated":["https:\/\/www.vin-alsace-gueth.com\/wp-content\/uploads\/2022\/12\/Pinot_Noir_Rose_bouteille_Gueth_rev.0-1-1.jpg",284,500,false],"meccarouselthumb":["https:\/\/www.vin-alsace-gueth.com\/wp-content\/uploads\/2022\/12\/Pinot_Noir_Rose_bouteille_Gueth_rev.0-1-1-474x324.jpg",474,324,true],"gridsquare":["https:\/\/www.vin-alsace-gueth.com\/wp-content\/uploads\/2022\/12\/Pinot_Noir_Rose_bouteille_Gueth_rev.0-1-1-391x260.jpg",391,260,true],"tileview":["https:\/\/www.vin-alsace-gueth.com\/wp-content\/uploads\/2022\/12\/Pinot_Noir_Rose_bouteille_Gueth_rev.0-1-1-300x400.jpg",300,400,true],"1536x1536":["https:\/\/www.vin-alsace-gueth.com\/wp-content\/uploads\/2022\/12\/Pinot_Noir_Rose_bouteille_Gueth_rev.0-1-1.jpg",800,1406,false],"2048x2048":["https:\/\/www.vin-alsace-gueth.com\/wp-content\/uploads\/2022\/12\/Pinot_Noir_Rose_bouteille_Gueth_rev.0-1-1.jpg",800,1406,false],"woocommerce_thumbnail":["https:\/\/www.vin-alsace-gueth.com\/wp-content\/uploads\/2022\/12\/Pinot_Noir_Rose_bouteille_Gueth_rev.0-1-1-300x527.jpg",300,527,true],"woocommerce_single":["https:\/\/www.vin-alsace-gueth.com\/wp-content\/uploads\/2022\/12\/Pinot_Noir_Rose_bouteille_Gueth_rev.0-1-1-600x1055.jpg",600,1055,true],"woocommerce_gallery_thumbnail":["https:\/\/www.vin-alsace-gueth.com\/wp-content\/uploads\/2022\/12\/Pinot_Noir_Rose_bouteille_Gueth_rev.0-1-1-100x100.jpg",100,100,true]},"uagb_author_info":{"display_name":"BIECHY Ralph","author_link":"https:\/\/www.vin-alsace-gueth.com\/de\/author\/wasa068gmail-com\/"},"uagb_comment_info":0,"uagb_excerpt":"Ein frischer und fruchtiger Pinot Noir Ros\u00e9 Entdecken Sie seinen Joker, fr\u00f6hlichen und frischen Charakter. Laden Sie ihn an sonnigen Tagen, in den Garten, auf die Terrasse, zum Picknick ein, er bringt Freude und Sonnenschein auf Ihre Gerichte. Sch\u00f6ne Lachsfarbe, einnehmend. Nase : fruchtiges Bouquet mit einer Dominanz von kleinen roten Fr\u00fcchten: Himbeere, Erdbeere. Geschmack&hellip;","featured_img":"https:\/\/www.vin-alsace-gueth.com\/wp-content\/uploads\/2022\/12\/Pinot_Noir_Rose_bouteille_Gueth_rev.0-1-1.jpg","coauthors":[],"author_meta":{"author_link":"https:\/\/www.vin-alsace-gueth.com\/de\/author\/wasa068gmail-com\/","display_name":"BIECHY Ralph"},"relative_dates":{"created":"Ver\u00f6ffentlicht 5\u00a0Jahren vor","modified":"Aktualisiert 3\u00a0Jahren vor"},"absolute_dates":{"created":"Ver\u00f6ffentlicht am 27. April 2021","modified":"Aktualisiert am 30. Juni 2023"},"absolute_dates_time":{"created":"Ver\u00f6ffentlicht am 27. April 2021 19:36","modified":"Aktualisiert am 30. Juni 2023 16:08"},"featured_img_caption":"","tax_additional":{"product_brand":{"linked":[],"unlinked":[],"slug":"product_brand","name":"Marken"},"product_type":{"linked":["<a href=\"https:\/\/www.vin-alsace-gueth.com\/de\/?taxonomy=product_type&#038;term=simple\" class=\"advgb-post-tax-term\">simple<\/a>"],"unlinked":["<span class=\"advgb-post-tax-term\">simple<\/span>"],"slug":"product_type","name":"Produkttyp"},"product_visibility":{"linked":["<a href=\"https:\/\/www.vin-alsace-gueth.com\/?taxonomy=product_visibility&#038;term=exclude-from-catalog\" class=\"advgb-post-tax-term\">exclude-from-catalog<\/a>","<a href=\"https:\/\/www.vin-alsace-gueth.com\/?taxonomy=product_visibility&#038;term=exclude-from-search\" class=\"advgb-post-tax-term\">exclude-from-search<\/a>","<a href=\"https:\/\/www.vin-alsace-gueth.com\/?taxonomy=product_visibility&#038;term=outofstock\" class=\"advgb-post-tax-term\">outofstock<\/a>"],"unlinked":["<span class=\"advgb-post-tax-term\">exclude-from-catalog<\/span>","<span class=\"advgb-post-tax-term\">exclude-from-search<\/span>","<span class=\"advgb-post-tax-term\">outofstock<\/span>"],"slug":"product_visibility","name":"Sichtbarkeit des Produkts"},"product_cat":{"linked":["<a href=\"https:\/\/www.vin-alsace-gueth.com\/de\/produktkategorie\/nach-inhalt-flasche\/75cl-flasche\/\" class=\"advgb-post-tax-term\">75cl Flasche<\/a>","<a href=\"https:\/\/www.vin-alsace-gueth.com\/de\/produktkategorie\/vins-de\/\" class=\"advgb-post-tax-term\">Alle Weine<\/a>","<a href=\"https:\/\/www.vin-alsace-gueth.com\/de\/produktkategorie\/gammes-de\/\" class=\"advgb-post-tax-term\">Bereiche<\/a>","<a href=\"https:\/\/www.vin-alsace-gueth.com\/de\/produktkategorie\/essen-wein-paarungen\/\" class=\"advgb-post-tax-term\">Essen \/ Wein Paarungen<\/a>","<a href=\"https:\/\/www.vin-alsace-gueth.com\/de\/produktkategorie\/essen-wein-paarungen\/aperitif-de\/\" class=\"advgb-post-tax-term\">Mit dem Aperitif<\/a>","<a href=\"https:\/\/www.vin-alsace-gueth.com\/de\/produktkategorie\/essen-wein-paarungen\/legumes-de\/\" class=\"advgb-post-tax-term\">Mit Gem\u00fcse<\/a>","<a href=\"https:\/\/www.vin-alsace-gueth.com\/de\/produktkategorie\/essen-wein-paarungen\/kase-de\/\" class=\"advgb-post-tax-term\">Mit K\u00e4se<\/a>","<a href=\"https:\/\/www.vin-alsace-gueth.com\/de\/produktkategorie\/essen-wein-paarungen\/viandes-rouges-de\/\" class=\"advgb-post-tax-term\">Mit rotem Fleisch<\/a>","<a href=\"https:\/\/www.vin-alsace-gueth.com\/de\/produktkategorie\/essen-wein-paarungen\/viande-blanches-de\/\" class=\"advgb-post-tax-term\">Mit wei\u00dfem Fleisch<\/a>","<a href=\"https:\/\/www.vin-alsace-gueth.com\/de\/produktkategorie\/nach-inhalt-flasche\/\" class=\"advgb-post-tax-term\">Nach Inhalt Flasche<\/a>","<a href=\"https:\/\/www.vin-alsace-gueth.com\/de\/produktkategorie\/gammes-de\/originalsace-de\/\" class=\"advgb-post-tax-term\">Original&#039;sace<\/a>","<a href=\"https:\/\/www.vin-alsace-gueth.com\/de\/produktkategorie\/cepage-de\/pinot-noir-de\/\" class=\"advgb-post-tax-term\">Pinot Noir<\/a>","<a href=\"https:\/\/www.vin-alsace-gueth.com\/de\/produktkategorie\/vins-de\/vins-tranquilles-de\/\" class=\"advgb-post-tax-term\">Stille Weine<\/a>","<a href=\"https:\/\/www.vin-alsace-gueth.com\/de\/produktkategorie\/vins-par-terroir-de\/marno-greseux-de\/\" class=\"advgb-post-tax-term\">Tonmergel und Sandsteine<\/a>","<a href=\"https:\/\/www.vin-alsace-gueth.com\/de\/produktkategorie\/sucrosite-de\/trockene-weine\/\" class=\"advgb-post-tax-term\">Trockene Weine<\/a>","<a href=\"https:\/\/www.vin-alsace-gueth.com\/de\/produktkategorie\/vins-par-terroir-de\/\" class=\"advgb-post-tax-term\">Weine \/ Terroir<\/a>","<a href=\"https:\/\/www.vin-alsace-gueth.com\/de\/produktkategorie\/cepage-de\/\" class=\"advgb-post-tax-term\">Weine nach Rebsorte<\/a>","<a href=\"https:\/\/www.vin-alsace-gueth.com\/de\/produktkategorie\/sucrosite-de\/\" class=\"advgb-post-tax-term\">Weine nach S\u00fc\u00dfe<\/a>"],"unlinked":["<span class=\"advgb-post-tax-term\">75cl Flasche<\/span>","<span class=\"advgb-post-tax-term\">Alle Weine<\/span>","<span class=\"advgb-post-tax-term\">Bereiche<\/span>","<span class=\"advgb-post-tax-term\">Essen \/ Wein Paarungen<\/span>","<span class=\"advgb-post-tax-term\">Mit dem Aperitif<\/span>","<span class=\"advgb-post-tax-term\">Mit Gem\u00fcse<\/span>","<span class=\"advgb-post-tax-term\">Mit K\u00e4se<\/span>","<span class=\"advgb-post-tax-term\">Mit rotem Fleisch<\/span>","<span class=\"advgb-post-tax-term\">Mit wei\u00dfem Fleisch<\/span>","<span class=\"advgb-post-tax-term\">Nach Inhalt Flasche<\/span>","<span class=\"advgb-post-tax-term\">Original&#039;sace<\/span>","<span class=\"advgb-post-tax-term\">Pinot Noir<\/span>","<span class=\"advgb-post-tax-term\">Stille Weine<\/span>","<span class=\"advgb-post-tax-term\">Tonmergel und Sandsteine<\/span>","<span class=\"advgb-post-tax-term\">Trockene Weine<\/span>","<span class=\"advgb-post-tax-term\">Weine \/ Terroir<\/span>","<span class=\"advgb-post-tax-term\">Weine nach Rebsorte<\/span>","<span class=\"advgb-post-tax-term\">Weine nach S\u00fc\u00dfe<\/span>"],"slug":"product_cat","name":"Produkt-Kategorien"},"product_tag":{"linked":[],"unlinked":[],"slug":"product_tag","name":"Produkt Schlagw\u00f6rter"},"product_shipping_class":{"linked":[],"unlinked":[],"slug":"product_shipping_class","name":"Produkt Versandklasse"},"pos_product_visibility":{"linked":[],"unlinked":[],"slug":"pos_product_visibility","name":"POS-Produkt-Sichtbarkeit"},"pa_accompagnements-plats":{"linked":["<a href=\"https:\/\/www.vin-alsace-gueth.com\/de\/accompagnements-plats\/aperitif-de\/\" class=\"advgb-post-tax-term\">Aperitif<\/a>","<a href=\"https:\/\/www.vin-alsace-gueth.com\/de\/accompagnements-plats\/fleisch\/\" class=\"advgb-post-tax-term\">Fleisch<\/a>","<a href=\"https:\/\/www.vin-alsace-gueth.com\/de\/accompagnements-plats\/gemuse\/\" class=\"advgb-post-tax-term\">Gem\u00fcse<\/a>","<a href=\"https:\/\/www.vin-alsace-gueth.com\/de\/accompagnements-plats\/kase\/\" class=\"advgb-post-tax-term\">K\u00e4se<\/a>"],"unlinked":["<span class=\"advgb-post-tax-term\">Aperitif<\/span>","<span class=\"advgb-post-tax-term\">Fleisch<\/span>","<span class=\"advgb-post-tax-term\">Gem\u00fcse<\/span>","<span class=\"advgb-post-tax-term\">K\u00e4se<\/span>"],"slug":"pa_accompagnements-plats","name":"Product Accompagnements Plats"},"pa_appellation":{"linked":["<a href=\"https:\/\/www.vin-alsace-gueth.com\/de\/appellation\/aoc-elsass\/\" class=\"advgb-post-tax-term\">AOC Elsass<\/a>"],"unlinked":["<span class=\"advgb-post-tax-term\">AOC Elsass<\/span>"],"slug":"pa_appellation","name":"Product Appellation"},"pa_cepage":{"linked":["<a href=\"https:\/\/www.vin-alsace-gueth.com\/de\/cepage\/spatburgunder\/\" class=\"advgb-post-tax-term\">Sp\u00e4tburgunder<\/a>"],"unlinked":["<span class=\"advgb-post-tax-term\">Sp\u00e4tburgunder<\/span>"],"slug":"pa_cepage","name":"Product C\u00e9page"},"pa_contenance-btl":{"linked":["<a href=\"https:\/\/www.vin-alsace-gueth.com\/de\/contenance-btl\/75-cl-de\/\" class=\"advgb-post-tax-term\">75 cl<\/a>"],"unlinked":["<span class=\"advgb-post-tax-term\">75 cl<\/span>"],"slug":"pa_contenance-btl","name":"Product Volume"},"pa_gamme":{"linked":["<a href=\"https:\/\/www.vin-alsace-gueth.com\/de\/gamme\/neuheit\/\" class=\"advgb-post-tax-term\">Neuheit<\/a>","<a href=\"https:\/\/www.vin-alsace-gueth.com\/de\/gamme\/originalsass\/\" class=\"advgb-post-tax-term\">Original&#039;sass.<\/a>"],"unlinked":["<span class=\"advgb-post-tax-term\">Neuheit<\/span>","<span class=\"advgb-post-tax-term\">Original&#039;sass.<\/span>"],"slug":"pa_gamme","name":"Product Gamme"},"pa_type-de-terroir":{"linked":["<a href=\"https:\/\/www.vin-alsace-gueth.com\/de\/type-de-terroir\/marno-grsex\/\" class=\"advgb-post-tax-term\">Marno-grsex.<\/a>"],"unlinked":["<span class=\"advgb-post-tax-term\">Marno-grsex.<\/span>"],"slug":"pa_type-de-terroir","name":"Product Type de terroir"},"pa_type-de-vin":{"linked":["<a href=\"https:\/\/www.vin-alsace-gueth.com\/de\/type-de-vin\/rot-fruchtig\/\" class=\"advgb-post-tax-term\">Rot &amp; Fruchtig<\/a>"],"unlinked":["<span class=\"advgb-post-tax-term\">Rot &amp; Fruchtig<\/span>"],"slug":"pa_type-de-vin","name":"Product Type de vin"},"translation_priority":{"linked":["<a href=\"https:\/\/www.vin-alsace-gueth.com\/de\/?taxonomy=translation_priority&#038;term=facultatif-de\" class=\"advgb-post-tax-term\">Facultatif<\/a>"],"unlinked":["<span class=\"advgb-post-tax-term\">Facultatif<\/span>"],"slug":"translation_priority","name":"\u00dcbersetzungspriorit\u00e4ten"}},"series_order":"","_links":{"self":[{"href":"https:\/\/www.vin-alsace-gueth.com\/de\/wp-json\/wp\/v2\/product\/13625","targetHints":{"allow":["GET"]}}],"collection":[{"href":"https:\/\/www.vin-alsace-gueth.com\/de\/wp-json\/wp\/v2\/product"}],"about":[{"href":"https:\/\/www.vin-alsace-gueth.com\/de\/wp-json\/wp\/v2\/types\/product"}],"replies":[{"embeddable":true,"href":"https:\/\/www.vin-alsace-gueth.com\/de\/wp-json\/wp\/v2\/comments?post=13625"}],"wp:featuredmedia":[{"embeddable":true,"href":"https:\/\/www.vin-alsace-gueth.com\/de\/wp-json\/wp\/v2\/media\/27423"}],"wp:attachment":[{"href":"https:\/\/www.vin-alsace-gueth.com\/de\/wp-json\/wp\/v2\/media?parent=13625"}],"wp:term":[{"taxonomy":"product_brand","embeddable":true,"href":"https:\/\/www.vin-alsace-gueth.com\/de\/wp-json\/wp\/v2\/product_brand?post=13625"},{"taxonomy":"product_cat","embeddable":true,"href":"https:\/\/www.vin-alsace-gueth.com\/de\/wp-json\/wp\/v2\/product_cat?post=13625"},{"taxonomy":"product_tag","embeddable":true,"href":"https:\/\/www.vin-alsace-gueth.com\/de\/wp-json\/wp\/v2\/product_tag?post=13625"}],"curies":[{"name":"wp","href":"https:\/\/api.w.org\/{rel}","templated":true}]}}