    {"id":67866,"date":"2026-03-12T19:26:27","date_gmt":"2026-03-12T18:26:27","guid":{"rendered":"https:\/\/www.vin-alsace-gueth.com\/events-osez-le-vin-au-feminin-pique-nique-du-vigneron-vip\/"},"modified":"2026-03-13T04:48:58","modified_gmt":"2026-03-13T03:48:58","slug":"events-osez-le-vin-au-feminin-pique-nique-du-vigneron-vip","status":"publish","type":"page","link":"https:\/\/www.vin-alsace-gueth.com\/de\/events-osez-le-vin-au-feminin-pique-nique-du-vigneron-vip\/","title":{"rendered":"Events &#8211; Osez le vin au f\u00e9minin &amp; Pique-nique du vigneron VIP"},"content":{"rendered":"\n<product-details-widget widget-id=\"885b16a6-c930-4050-a931-750d0c84f9bd\" class=\"advgb-dyn-e921fe49\"><\/product-details-widget><script type=\"text\/javascript\" src=\"https:\/\/widgets.regiondo.net\/product\/v1\/product-widget.min.js\"><\/script>\n\n\n\n<div class=\"wp-block-kadence-spacer aligncenter kt-block-spacer-67866_37ce50-b3\"><div class=\"kt-block-spacer kt-block-spacer-halign-center\"><\/div><\/div>\n<style class=\"advgb-styles-renderer\">.wp-block-kadence-spacer.kt-block-spacer-67866_37ce50-b3 .kt-block-spacer{height:50px;}.wp-block-kadence-spacer.kt-block-spacer-67866_37ce50-b3 .kt-divider{border-top-width:1px;height:1px;border-top-color:#eee;width:80%;border-top-style:solid;}@media all and (max-width: 767px){.wp-block-kadence-spacer.kt-block-spacer-67866_37ce50-b3 .kt-block-spacer{height:30px!important;}}<\/style>","protected":false},"excerpt":{"rendered":"","protected":false},"author":447,"featured_media":0,"parent":0,"menu_order":0,"comment_status":"closed","ping_status":"closed","template":"","meta":{"_uag_custom_page_level_css":"","advgb_blocks_editor_width":"","advgb_blocks_columns_visual_guide":"","_monsterinsights_skip_tracking":false,"_monsterinsights_sitenote_active":false,"_monsterinsights_sitenote_note":"","_monsterinsights_sitenote_category":0,"site-sidebar-layout":"default","site-content-layout":"","ast-site-content-layout":"default","site-content-style":"default","site-sidebar-style":"default","ast-global-header-display":"","ast-banner-title-visibility":"","ast-main-header-display":"","ast-hfb-above-header-display":"","ast-hfb-below-header-display":"","ast-hfb-mobile-header-display":"","site-post-title":"disabled","ast-breadcrumbs-content":"","ast-featured-img":"","footer-sml-layout":"","ast-disable-related-posts":"","theme-transparent-header-meta":"","adv-header-id-meta":"","stick-header-meta":"","header-above-stick-meta":"","header-main-stick-meta":"","header-below-stick-meta":"","astra-migrate-meta-layouts":"set","ast-page-background-enabled":"default","ast-page-background-meta":{"desktop":{"background-color":"","background-image":"","background-repeat":"repeat","background-position":"center center","background-size":"auto","background-attachment":"scroll","background-type":"","background-media":"","overlay-type":"","overlay-color":"","overlay-opacity":"","overlay-gradient":""},"tablet":{"background-color":"","background-image":"","background-repeat":"repeat","background-position":"center center","background-size":"auto","background-attachment":"scroll","background-type":"","background-media":"","overlay-type":"","overlay-color":"","overlay-opacity":"","overlay-gradient":""},"mobile":{"background-color":"","background-image":"","background-repeat":"repeat","background-position":"center center","background-size":"auto","background-attachment":"scroll","background-type":"","background-media":"","overlay-type":"","overlay-color":"","overlay-opacity":"","overlay-gradient":""}},"ast-content-background-meta":{"desktop":{"background-color":"var(--ast-global-color-5)","background-image":"","background-repeat":"repeat","background-position":"center center","background-size":"auto","background-attachment":"scroll","background-type":"","background-media":"","overlay-type":"","overlay-color":"","overlay-opacity":"","overlay-gradient":""},"tablet":{"background-color":"var(--ast-global-color-5)","background-image":"","background-repeat":"repeat","background-position":"center center","background-size":"auto","background-attachment":"scroll","background-type":"","background-media":"","overlay-type":"","overlay-color":"","overlay-opacity":"","overlay-gradient":""},"mobile":{"background-color":"var(--ast-global-color-5)","background-image":"","background-repeat":"repeat","background-position":"center center","background-size":"auto","background-attachment":"scroll","background-type":"","background-media":"","overlay-type":"","overlay-color":"","overlay-opacity":"","overlay-gradient":""}},"footnotes":""},"class_list":["post-67866","page","type-page","status-publish","hentry"],"uagb_featured_image_src":{"full":false,"thumbnail":false,"medium":false,"medium_large":false,"large":false,"thumblist":false,"thumbrelated":false,"meccarouselthumb":false,"gridsquare":false,"tileview":false,"1536x1536":false,"2048x2048":false,"woocommerce_thumbnail":false,"woocommerce_single":false,"woocommerce_gallery_thumbnail":false},"uagb_author_info":{"display_name":"68@Gueth@aDMin1XX","author_link":"https:\/\/www.vin-alsace-gueth.com\/de\/author\/68guethadmin1xx\/"},"uagb_comment_info":0,"uagb_excerpt":null,"coauthors":[],"author_meta":{"author_link":"https:\/\/www.vin-alsace-gueth.com\/de\/author\/68guethadmin1xx\/","display_name":"68@Gueth@aDMin1XX"},"relative_dates":{"created":"Ver\u00f6ffentlicht 2\u00a0Monaten vor","modified":"Aktualisiert 2\u00a0Monaten vor"},"absolute_dates":{"created":"Ver\u00f6ffentlicht am 12. M\u00e4rz 2026","modified":"Aktualisiert am 13. M\u00e4rz 2026"},"absolute_dates_time":{"created":"Ver\u00f6ffentlicht am 12. M\u00e4rz 2026 19:26","modified":"Aktualisiert am 13. M\u00e4rz 2026 4:48"},"featured_img_caption":"","featured_img":false,"series_order":"","_links":{"self":[{"href":"https:\/\/www.vin-alsace-gueth.com\/de\/wp-json\/wp\/v2\/pages\/67866","targetHints":{"allow":["GET"]}}],"collection":[{"href":"https:\/\/www.vin-alsace-gueth.com\/de\/wp-json\/wp\/v2\/pages"}],"about":[{"href":"https:\/\/www.vin-alsace-gueth.com\/de\/wp-json\/wp\/v2\/types\/page"}],"author":[{"embeddable":true,"href":"https:\/\/www.vin-alsace-gueth.com\/de\/wp-json\/wp\/v2\/users\/447"}],"replies":[{"embeddable":true,"href":"https:\/\/www.vin-alsace-gueth.com\/de\/wp-json\/wp\/v2\/comments?post=67866"}],"version-history":[{"count":0,"href":"https:\/\/www.vin-alsace-gueth.com\/de\/wp-json\/wp\/v2\/pages\/67866\/revisions"}],"wp:attachment":[{"href":"https:\/\/www.vin-alsace-gueth.com\/de\/wp-json\/wp\/v2\/media?parent=67866"}],"curies":[{"name":"wp","href":"https:\/\/api.w.org\/{rel}","templated":true}]}}