    {"id":13104,"date":"2021-06-13T10:56:23","date_gmt":"2021-06-13T08:56:23","guid":{"rendered":"https:\/\/www.vin-alsace-gueth.com\/weinberge-und-terroirs\/"},"modified":"2021-12-14T11:24:42","modified_gmt":"2021-12-14T10:24:42","slug":"weinberge-und-terroirs","status":"publish","type":"page","link":"https:\/\/www.vin-alsace-gueth.com\/de\/weinberge-und-terroirs\/","title":{"rendered":"Weinberge und Terroirs"},"content":{"rendered":"\n<div class=\"wp-block-cover alignfull has-white-background-color uag-hide-mob\" style=\"min-height:800px;aspect-ratio:unset;\"><img decoding=\"async\" width=\"1920\" height=\"1029\" class=\"wp-block-cover__image-background wp-image-7589\" alt=\"\" src=\"https:\/\/www.vin-alsace-gueth.com\/wp-content\/uploads\/2020\/04\/IMG_5100-re\u0301v.1-web.jpg\" data-object-fit=\"cover\" title=\"\" srcset=\"https:\/\/www.vin-alsace-gueth.com\/wp-content\/uploads\/2020\/04\/IMG_5100-re\u0301v.1-web.jpg 1920w, https:\/\/www.vin-alsace-gueth.com\/wp-content\/uploads\/2020\/04\/IMG_5100-re\u0301v.1-web-300x161.jpg 300w, https:\/\/www.vin-alsace-gueth.com\/wp-content\/uploads\/2020\/04\/IMG_5100-re\u0301v.1-web-600x322.jpg 600w, https:\/\/www.vin-alsace-gueth.com\/wp-content\/uploads\/2020\/04\/IMG_5100-re\u0301v.1-web-1024x549.jpg 1024w, https:\/\/www.vin-alsace-gueth.com\/wp-content\/uploads\/2020\/04\/IMG_5100-re\u0301v.1-web-768x412.jpg 768w, https:\/\/www.vin-alsace-gueth.com\/wp-content\/uploads\/2020\/04\/IMG_5100-re\u0301v.1-web-1536x823.jpg 1536w\" sizes=\"(max-width: 1920px) 100vw, 1920px\" \/><div class=\"wp-block-cover__inner-container is-layout-flow wp-block-cover-is-layout-flow\">\n<h1 class=\"wp-block-heading\">Weinberge und Terroirs<\/h1>\n\n\n\n<div class=\"wp-block-image\"><figure class=\"alignright size-full is-resized\"><a href=\"https:\/\/www.vin-alsace-gueth.com\/wp-content\/uploads\/2021\/12\/HVE-Logo-pour-exploitation-300x300-comp-150x150.png\"><img decoding=\"async\" src=\"https:\/\/www.vin-alsace-gueth.com\/wp-content\/uploads\/2021\/12\/HVE-Logo-pour-exploitation-300x300-comp-150x150.png\" alt=\"\" class=\"wp-image-18328\" width=\"150\" height=\"150\" title=\"\" srcset=\"https:\/\/www.vin-alsace-gueth.com\/wp-content\/uploads\/2021\/12\/HVE-Logo-pour-exploitation-300x300-comp-150x150.png 150w, https:\/\/www.vin-alsace-gueth.com\/wp-content\/uploads\/2021\/12\/HVE-Logo-pour-exploitation-300x300-comp.png 300w, https:\/\/www.vin-alsace-gueth.com\/wp-content\/uploads\/2021\/12\/HVE-Logo-pour-exploitation-300x300-comp-100x100.png 100w\" sizes=\"(max-width: 150px) 100vw, 150px\" \/><\/a><\/figure><\/div>\n\n\n\n<div class=\"wp-block-buttons is-content-justification-right is-layout-flex wp-block-buttons-is-layout-flex\">\n<div class=\"wp-block-button\"><a class=\"wp-block-button__link\" href=\"https:\/\/alsace.chambre-agriculture.fr\/productions-vegetales\/viticulture\/certification-hve\/\" target=\"_blank\" rel=\"noreferrer noopener\">Finde mehr heraus<\/a><\/div>\n<\/div>\n\n\n\n<p><\/p>\n<\/div><\/div>\n\n\n\n<div class=\"wp-block-cover alignfull has-white-background-color uag-hide-desktop uag-hide-tab\" style=\"min-height:400px;aspect-ratio:unset;\"><img decoding=\"async\" width=\"1920\" height=\"1029\" class=\"wp-block-cover__image-background wp-image-7589\" alt=\"\" src=\"https:\/\/www.vin-alsace-gueth.com\/wp-content\/uploads\/2020\/04\/IMG_5100-re\u0301v.1-web.jpg\" data-object-fit=\"cover\" title=\"\" srcset=\"https:\/\/www.vin-alsace-gueth.com\/wp-content\/uploads\/2020\/04\/IMG_5100-re\u0301v.1-web.jpg 1920w, https:\/\/www.vin-alsace-gueth.com\/wp-content\/uploads\/2020\/04\/IMG_5100-re\u0301v.1-web-300x161.jpg 300w, https:\/\/www.vin-alsace-gueth.com\/wp-content\/uploads\/2020\/04\/IMG_5100-re\u0301v.1-web-600x322.jpg 600w, https:\/\/www.vin-alsace-gueth.com\/wp-content\/uploads\/2020\/04\/IMG_5100-re\u0301v.1-web-1024x549.jpg 1024w, https:\/\/www.vin-alsace-gueth.com\/wp-content\/uploads\/2020\/04\/IMG_5100-re\u0301v.1-web-768x412.jpg 768w, https:\/\/www.vin-alsace-gueth.com\/wp-content\/uploads\/2020\/04\/IMG_5100-re\u0301v.1-web-1536x823.jpg 1536w\" sizes=\"(max-width: 1920px) 100vw, 1920px\" \/><div class=\"wp-block-cover__inner-container is-layout-flow wp-block-cover-is-layout-flow\">\n<h1 class=\"wp-block-heading\">Weinberge und Terroirs<\/h1>\n\n\n\n<div class=\"wp-block-image\"><figure class=\"alignright size-full is-resized\"><a href=\"https:\/\/www.vin-alsace-gueth.com\/wp-content\/uploads\/2021\/12\/HVE-Logo-pour-exploitation-300x300-comp-150x150.png\"><img decoding=\"async\" src=\"https:\/\/www.vin-alsace-gueth.com\/wp-content\/uploads\/2021\/12\/HVE-Logo-pour-exploitation-300x300-comp-150x150.png\" alt=\"\" class=\"wp-image-18328\" width=\"150\" height=\"150\" title=\"\" srcset=\"https:\/\/www.vin-alsace-gueth.com\/wp-content\/uploads\/2021\/12\/HVE-Logo-pour-exploitation-300x300-comp-150x150.png 150w, https:\/\/www.vin-alsace-gueth.com\/wp-content\/uploads\/2021\/12\/HVE-Logo-pour-exploitation-300x300-comp.png 300w, https:\/\/www.vin-alsace-gueth.com\/wp-content\/uploads\/2021\/12\/HVE-Logo-pour-exploitation-300x300-comp-100x100.png 100w\" sizes=\"(max-width: 150px) 100vw, 150px\" \/><\/a><\/figure><\/div>\n\n\n\n<div class=\"wp-block-buttons is-content-justification-right is-layout-flex wp-block-buttons-is-layout-flex\">\n<div class=\"wp-block-button\"><a class=\"wp-block-button__link\" href=\"https:\/\/alsace.chambre-agriculture.fr\/productions-vegetales\/viticulture\/certification-hve\/\" target=\"_blank\" rel=\"noreferrer noopener\">Finde mehr heraus<\/a><\/div>\n<\/div>\n\n\n\n<p><\/p>\n<\/div><\/div>\n\n\n\n<div style=\"height:30px\" aria-hidden=\"true\" class=\"wp-block-spacer\"><\/div>\n\n\n\n<h2 class=\"wp-block-heading\"><span style=\"color:#c8693a\" class=\"has-inline-color\">Bewahren und sch\u00fctzen Sie unsere Reben<\/span><\/h2>\n\n\n\n<p>Seit mehr als 30 Jahren erhalten wir das Gleichgewicht des Bodens durch abwechselndes Pfl\u00fcgen und Naturbegr\u00fcnung. So haben unsere Reben ein sehr tiefes Wurzelnetz, direkt in Kontakt mit den Spurenelementen des Bodens und den Mineralien unserer Sandstein- und Kalksteinfelsen. Das Gleichgewicht des Bodens bleibt somit erhalten.<br>Gem\u00e4\u00df der AB-Charta verwenden wir keine Pestizide (synthetische Chemikalien) zur Behandlung des Weinbergs. Wir formalisieren unseren Ansatz mit der <strong>Bio- und HVE3-Zertifizierung<\/strong> (High Environmental Value Certification Level 3).<br>Wir pflegen unsere alten Reben und pflanzen unsere alten Sorten, die weniger ertragreich und viel qualitativer sind, neu an..<br>Dadurch gewinnen unsere Weine an Typizit\u00e4t, Salzgehalt, Struktur, Komplexit\u00e4t und aromatischem Ausdruck.<\/p>\n\n\n\n<p>Unser Weinberg besteht aus 45 Parzellen, die rund um das Dorf Gueberschwihr verteilt sind, hochgelegene Orte des els\u00e4ssischen Erbes. Der Reichtum unserer Weine ist vor allem der Reichtum unserer B\u00f6den, die in 3 Terroirs unterteilt sind: Mano-Sandstein, Mergel-Kalkstein-Sandstein und Mergel-Kalkstein.<\/p>\n\n\n\n<figure class=\"wp-block-gallery columns-1 is-cropped wp-block-gallery-1\"><ul class=\"blocks-gallery-grid\"><li class=\"blocks-gallery-item\"><figure><a href=\"https:\/\/www.vin-alsace-gueth.com\/wp-content\/uploads\/2020\/05\/Vignoble-GUETH-marno-gre\u0301seux-google-earth.jpg\"><img decoding=\"async\" width=\"1024\" height=\"451\" src=\"https:\/\/www.vin-alsace-gueth.com\/wp-content\/uploads\/2020\/05\/Vignoble-GUETH-marno-gre\u0301seux-google-earth-1024x451.jpg\" alt=\"vue google earth n2 vignoble domaine gueth\" data-id=\"8290\" data-full-url=\"https:\/\/www.vin-alsace-gueth.com\/wp-content\/uploads\/2020\/05\/Vignoble-GUETH-marno-gre\u0301seux-google-earth.jpg\" data-link=\"https:\/\/www.vin-alsace-gueth.com\/?attachment_id=8290\" class=\"wp-image-8290\" title=\"\" srcset=\"https:\/\/www.vin-alsace-gueth.com\/wp-content\/uploads\/2020\/05\/Vignoble-GUETH-marno-gre\u0301seux-google-earth-1024x451.jpg 1024w, https:\/\/www.vin-alsace-gueth.com\/wp-content\/uploads\/2020\/05\/Vignoble-GUETH-marno-gre\u0301seux-google-earth-300x132.jpg 300w, https:\/\/www.vin-alsace-gueth.com\/wp-content\/uploads\/2020\/05\/Vignoble-GUETH-marno-gre\u0301seux-google-earth-768x338.jpg 768w, https:\/\/www.vin-alsace-gueth.com\/wp-content\/uploads\/2020\/05\/Vignoble-GUETH-marno-gre\u0301seux-google-earth-1536x676.jpg 1536w, https:\/\/www.vin-alsace-gueth.com\/wp-content\/uploads\/2020\/05\/Vignoble-GUETH-marno-gre\u0301seux-google-earth-600x264.jpg 600w, https:\/\/www.vin-alsace-gueth.com\/wp-content\/uploads\/2020\/05\/Vignoble-GUETH-marno-gre\u0301seux-google-earth.jpg 1700w\" sizes=\"(max-width: 1024px) 100vw, 1024px\" \/><\/a><figcaption class=\"blocks-gallery-item__caption\"><span class=\"has-inline-color has-vivid-purple-color is-layout-flex wp-block-gallery-is-layout-flex\">Unsere Mergel-Sandstein-Parzellen<\/span><\/figcaption><\/figure><\/li><\/ul><\/figure>\n\n\n\n<figure class=\"wp-block-gallery columns-1 is-cropped wp-block-gallery-2\"><ul class=\"blocks-gallery-grid\"><li class=\"blocks-gallery-item\"><figure><a href=\"https:\/\/www.vin-alsace-gueth.com\/wp-content\/uploads\/2020\/05\/Vignoble-GUETH-marno-calcaro-gre\u0301seux-google-earth.jpg\"><img decoding=\"async\" width=\"1024\" height=\"451\" src=\"https:\/\/www.vin-alsace-gueth.com\/wp-content\/uploads\/2020\/05\/Vignoble-GUETH-marno-calcaro-gre\u0301seux-google-earth-1024x451.jpg\" alt=\"vue a\u00e9rienne position domaine gueth gueberschwihr\" data-id=\"8294\" data-full-url=\"https:\/\/www.vin-alsace-gueth.com\/wp-content\/uploads\/2020\/05\/Vignoble-GUETH-marno-calcaro-gre\u0301seux-google-earth.jpg\" data-link=\"https:\/\/www.vin-alsace-gueth.com\/?attachment_id=8294\" class=\"wp-image-8294\" title=\"\" srcset=\"https:\/\/www.vin-alsace-gueth.com\/wp-content\/uploads\/2020\/05\/Vignoble-GUETH-marno-calcaro-gre\u0301seux-google-earth-1024x451.jpg 1024w, https:\/\/www.vin-alsace-gueth.com\/wp-content\/uploads\/2020\/05\/Vignoble-GUETH-marno-calcaro-gre\u0301seux-google-earth-300x132.jpg 300w, https:\/\/www.vin-alsace-gueth.com\/wp-content\/uploads\/2020\/05\/Vignoble-GUETH-marno-calcaro-gre\u0301seux-google-earth-768x338.jpg 768w, https:\/\/www.vin-alsace-gueth.com\/wp-content\/uploads\/2020\/05\/Vignoble-GUETH-marno-calcaro-gre\u0301seux-google-earth-1536x676.jpg 1536w, https:\/\/www.vin-alsace-gueth.com\/wp-content\/uploads\/2020\/05\/Vignoble-GUETH-marno-calcaro-gre\u0301seux-google-earth-600x264.jpg 600w, https:\/\/www.vin-alsace-gueth.com\/wp-content\/uploads\/2020\/05\/Vignoble-GUETH-marno-calcaro-gre\u0301seux-google-earth.jpg 1699w\" sizes=\"(max-width: 1024px) 100vw, 1024px\" \/><\/a><figcaption class=\"blocks-gallery-item__caption\"><span class=\"has-inline-color has-vivid-red-color is-layout-flex wp-block-gallery-is-layout-flex\">Mergel-Calcaro-Sandstein-Parzellen<\/span><\/figcaption><\/figure><\/li><\/ul><\/figure>\n\n\n\n<figure class=\"wp-block-gallery columns-1 is-cropped wp-block-gallery-3\"><ul class=\"blocks-gallery-grid\"><li class=\"blocks-gallery-item\"><figure><a href=\"https:\/\/www.vin-alsace-gueth.com\/wp-content\/uploads\/2020\/05\/Vignoble-GUETH-marno-calcaire-google-earth.jpg\"><img decoding=\"async\" width=\"1024\" height=\"450\" src=\"https:\/\/www.vin-alsace-gueth.com\/wp-content\/uploads\/2020\/05\/Vignoble-GUETH-marno-calcaire-google-earth-1024x450.jpg\" alt=\"vue google earth n1 vignoble domaine gueth\" data-id=\"8293\" data-full-url=\"https:\/\/www.vin-alsace-gueth.com\/wp-content\/uploads\/2020\/05\/Vignoble-GUETH-marno-calcaire-google-earth.jpg\" data-link=\"https:\/\/www.vin-alsace-gueth.com\/?attachment_id=8293\" class=\"wp-image-8293\" title=\"\" srcset=\"https:\/\/www.vin-alsace-gueth.com\/wp-content\/uploads\/2020\/05\/Vignoble-GUETH-marno-calcaire-google-earth-1024x450.jpg 1024w, https:\/\/www.vin-alsace-gueth.com\/wp-content\/uploads\/2020\/05\/Vignoble-GUETH-marno-calcaire-google-earth-300x132.jpg 300w, https:\/\/www.vin-alsace-gueth.com\/wp-content\/uploads\/2020\/05\/Vignoble-GUETH-marno-calcaire-google-earth-768x338.jpg 768w, https:\/\/www.vin-alsace-gueth.com\/wp-content\/uploads\/2020\/05\/Vignoble-GUETH-marno-calcaire-google-earth-1536x676.jpg 1536w, https:\/\/www.vin-alsace-gueth.com\/wp-content\/uploads\/2020\/05\/Vignoble-GUETH-marno-calcaire-google-earth-600x264.jpg 600w, https:\/\/www.vin-alsace-gueth.com\/wp-content\/uploads\/2020\/05\/Vignoble-GUETH-marno-calcaire-google-earth.jpg 1746w\" sizes=\"(max-width: 1024px) 100vw, 1024px\" \/><\/a><figcaption class=\"blocks-gallery-item__caption\"><span style=\"color: #eef522;\" class=\"has-inline-color is-layout-flex wp-block-gallery-is-layout-flex\">Unsere Mergel-Kalk-Parzellen<\/span><\/figcaption><\/figure><\/li><\/ul><\/figure>\n\n\n\n<figure class=\"wp-block-gallery columns-1 is-cropped wp-block-gallery-4\"><ul class=\"blocks-gallery-grid\"><li class=\"blocks-gallery-item\"><figure><a href=\"https:\/\/www.vin-alsace-gueth.com\/wp-content\/uploads\/2021\/09\/Vignoble-Domaine-GUETH-google-earth-1-1024x451.jpg\"><img decoding=\"async\" width=\"1024\" height=\"451\" src=\"https:\/\/www.vin-alsace-gueth.com\/wp-content\/uploads\/2021\/09\/Vignoble-Domaine-GUETH-google-earth-1-1024x451.jpg\" alt=\"\" data-id=\"15379\" data-full-url=\"https:\/\/www.vin-alsace-gueth.com\/wp-content\/uploads\/2021\/09\/Vignoble-Domaine-GUETH-google-earth-1.jpg\" data-link=\"https:\/\/www.vin-alsace-gueth.com\/en\/weinberge-und-terroirs\/vignoble-domaine-gueth-google-earth-2\/\" class=\"wp-image-15379\" title=\"\" srcset=\"https:\/\/www.vin-alsace-gueth.com\/wp-content\/uploads\/2021\/09\/Vignoble-Domaine-GUETH-google-earth-1-1024x451.jpg 1024w, https:\/\/www.vin-alsace-gueth.com\/wp-content\/uploads\/2021\/09\/Vignoble-Domaine-GUETH-google-earth-1-300x132.jpg 300w, https:\/\/www.vin-alsace-gueth.com\/wp-content\/uploads\/2021\/09\/Vignoble-Domaine-GUETH-google-earth-1-768x338.jpg 768w, https:\/\/www.vin-alsace-gueth.com\/wp-content\/uploads\/2021\/09\/Vignoble-Domaine-GUETH-google-earth-1-1536x676.jpg 1536w, https:\/\/www.vin-alsace-gueth.com\/wp-content\/uploads\/2021\/09\/Vignoble-Domaine-GUETH-google-earth-1-2048x901.jpg 2048w, https:\/\/www.vin-alsace-gueth.com\/wp-content\/uploads\/2021\/09\/Vignoble-Domaine-GUETH-google-earth-1-600x264.jpg 600w, https:\/\/www.vin-alsace-gueth.com\/wp-content\/uploads\/2021\/09\/Vignoble-Domaine-GUETH-google-earth-1.jpg 1920w\" sizes=\"(max-width: 1024px) 100vw, 1024px\" \/><\/a><figcaption class=\"blocks-gallery-item__caption\">Alle <span class=\"has-inline-color has-ast-global-color-5-color is-layout-flex wp-block-gallery-is-layout-flex\">Unsere Parzellen<\/span><\/figcaption><\/figure><\/li><\/ul><\/figure>\n\n\n\n<div style=\"height:15px\" aria-hidden=\"true\" class=\"wp-block-spacer\"><\/div>\n\n\n\n<div style=\"height:40px\" aria-hidden=\"true\" class=\"wp-block-spacer\"><\/div>\n\n\n\n<hr class=\"wp-block-separator\"\/>\n\n\n\n<h2 class=\"wp-block-heading\"><span style=\"color: #c8693a;\" class=\"has-inline-color\">Unsere Terroirs<\/span><\/h2>\n\n\n\n<h4 class=\"wp-block-heading\">Pers\u00f6nlichkeitsmarker<\/h4>\n\n\n\n<div class=\"wp-block-columns is-layout-flex wp-container-core-columns-is-layout-28f84493 wp-block-columns-is-layout-flex\">\n<div class=\"wp-block-column is-layout-flow wp-block-column-is-layout-flow\">\n<div class=\"wp-block-image\"><figure class=\"aligncenter\"><img decoding=\"async\" width=\"733\" height=\"488\" src=\"https:\/\/www.vin-alsace-gueth.com\/wp-content\/uploads\/2020\/12\/Terroir-marno-gre\u0301seux-comp.jpg\" alt=\"\" class=\"wp-image-13037\" title=\"\" srcset=\"https:\/\/www.vin-alsace-gueth.com\/wp-content\/uploads\/2020\/12\/Terroir-marno-gre\u0301seux-comp.jpg 733w, https:\/\/www.vin-alsace-gueth.com\/wp-content\/uploads\/2020\/12\/Terroir-marno-gre\u0301seux-comp-300x200.jpg 300w, https:\/\/www.vin-alsace-gueth.com\/wp-content\/uploads\/2020\/12\/Terroir-marno-gre\u0301seux-comp-600x399.jpg 600w\" sizes=\"(max-width: 733px) 100vw, 733px\" \/><\/figure><\/div>\n\n\n\n<h5 class=\"wp-block-heading\">Marno-Sandstein<\/h5>\n\n\n\n<p>Terroir aus Tonablagerungen und Ger\u00f6ll aus rosa Sandstein aus den Vogesen (terti\u00e4rer Ursprung). Es ist nicht ungew\u00f6hnlich, einige Zentimeter von der Oberfl\u00e4che entfernt Felsbrocken und gro\u00dfe Felsbrocken aus Sandstein zu finden. S\u00fcdlich und \u00f6stlich des Dorfes auf halber H\u00f6he der Piste gelegen, H\u00f6henlage zwischen 300 und 235 m. Diese Bodenart verleiht den Weinen Kraft (Ton) und komplexe S\u00e4ure (Sandstein): Die Weine sind lange reif, ausdrucksstark, komplex und salzig.<\/p>\n\n\n\n<div class=\"wp-block-buttons is-layout-flex wp-block-buttons-is-layout-flex\">\n<div class=\"wp-block-button\"><a class=\"wp-block-button__link\" href=\"https:\/\/www.vin-alsace-gueth.com\/de\/unsere-elsaesser-weine-und-cremants\/?filter_type-de-terroir=marno-grsex\" target=\"_blank\" rel=\"noreferrer noopener\">Weine aus diesem Terroir<\/a><\/div>\n<\/div>\n\n\n\n<div style=\"height:20px\" aria-hidden=\"true\" class=\"wp-block-spacer\"><\/div>\n\n\n\n<hr class=\"wp-block-separator has-text-color has-background has-cyan-bluish-gray-background-color has-cyan-bluish-gray-color is-style-wide\"\/>\n<\/div>\n\n\n\n<div class=\"wp-block-column is-layout-flow wp-block-column-is-layout-flow\">\n<div class=\"wp-block-image\"><figure class=\"aligncenter size-large\"><a href=\"https:\/\/www.vin-alsace-gueth.com\/wp-content\/uploads\/2020\/12\/Terroir-marno-calcaro-gre\u0301seux-comp.jpg\"><img decoding=\"async\" width=\"733\" height=\"488\" src=\"https:\/\/www.vin-alsace-gueth.com\/wp-content\/uploads\/2020\/12\/Terroir-marno-calcaro-gre\u0301seux-comp.jpg\" alt=\"terroir marno calcaro greseux\" class=\"wp-image-13036\" title=\"\" srcset=\"https:\/\/www.vin-alsace-gueth.com\/wp-content\/uploads\/2020\/12\/Terroir-marno-calcaro-gre\u0301seux-comp.jpg 733w, https:\/\/www.vin-alsace-gueth.com\/wp-content\/uploads\/2020\/12\/Terroir-marno-calcaro-gre\u0301seux-comp-300x200.jpg 300w, https:\/\/www.vin-alsace-gueth.com\/wp-content\/uploads\/2020\/12\/Terroir-marno-calcaro-gre\u0301seux-comp-600x399.jpg 600w\" sizes=\"(max-width: 733px) 100vw, 733px\" \/><\/a><\/figure><\/div>\n\n\n\n<h5 class=\"wp-block-heading\">Marno-Calcaro-Sandstein<\/h5>\n\n\n\n<p>Lehmb\u00f6den, in denen sich Schluff und L\u00f6ss mit Ger\u00f6ll aus Sandstein und oolithischem Kalkstein vermischen. Diese B\u00f6den mit einer Vielzahl von Gesteinen, reich an Mineralien, sind fruchtbar und erm\u00f6glichen eine gute Wasserspeicherung. Die Grundst\u00fccke liegen unterhalb der H\u00fcgel. Tone bringen Kraft, Sandsteine \u200b\u200bund Kalksteine \u200b\u200bFinesse. Die Weine sind fruchtig und trocken.<\/p>\n\n\n\n<div class=\"wp-block-buttons is-layout-flex wp-block-buttons-is-layout-flex\">\n<div class=\"wp-block-button\"><a class=\"wp-block-button__link\" href=\"https:\/\/www.vin-alsace-gueth.com\/de\/unsere-elsaesser-weine-und-cremants\/?filter_type-de-terroir=marno-calcaro-gruteux\" target=\"_blank\" rel=\"noreferrer noopener\">Weine aus diesem Terroir<\/a><\/div>\n<\/div>\n\n\n\n<div style=\"height:20px\" aria-hidden=\"true\" class=\"wp-block-spacer\"><\/div>\n\n\n\n<hr class=\"wp-block-separator has-text-color has-background has-cyan-bluish-gray-background-color has-cyan-bluish-gray-color is-style-wide\"\/>\n<\/div>\n\n\n\n<div class=\"wp-block-column is-layout-flow wp-block-column-is-layout-flow\">\n<div class=\"wp-block-image\"><figure class=\"aligncenter size-large\"><a href=\"https:\/\/www.vin-alsace-gueth.com\/wp-content\/uploads\/2020\/12\/Terroir-marno-calcaire-comp.jpg\"><img decoding=\"async\" width=\"733\" height=\"488\" src=\"https:\/\/www.vin-alsace-gueth.com\/wp-content\/uploads\/2020\/12\/Terroir-marno-calcaire-comp.jpg\" alt=\"terroir marno calcaire\" class=\"wp-image-13038\" title=\"\" srcset=\"https:\/\/www.vin-alsace-gueth.com\/wp-content\/uploads\/2020\/12\/Terroir-marno-calcaire-comp.jpg 733w, https:\/\/www.vin-alsace-gueth.com\/wp-content\/uploads\/2020\/12\/Terroir-marno-calcaire-comp-300x200.jpg 300w, https:\/\/www.vin-alsace-gueth.com\/wp-content\/uploads\/2020\/12\/Terroir-marno-calcaire-comp-600x399.jpg 600w\" sizes=\"(max-width: 733px) 100vw, 733px\" \/><\/a><\/figure><\/div>\n\n\n\n<h5 class=\"wp-block-heading\">Mergelkalk<\/h5>\n\n\n\n<p>Terroir aus Tonablagerungen in Verbindung mit oolithischen Kalksteinkieseln marinen Ursprungs. Auf den Pisten sehr steinig und auf halber H\u00f6he mit Schlick bedeckt. N\u00f6rdlich und \u00f6stlich des Dorfes auf einer H\u00f6he zwischen 325 und 230 m gelegen. Verleiht den Weinen Kraft (Ton) und Mineralit\u00e4t (Kalkstein): die Weine k\u00f6nnen sich lange halten, sehr ausdrucksstark, gro\u00dfz\u00fcgig, mit langem und anhaltendem Salzgehalt.<\/p>\n\n\n\n<div class=\"wp-block-buttons is-layout-flex wp-block-buttons-is-layout-flex\">\n<div class=\"wp-block-button\"><a class=\"wp-block-button__link\" href=\"https:\/\/www.vin-alsace-gueth.com\/de\/unsere-elsaesser-weine-und-cremants\/?filter_type-de-terroir=marlin-kalkstein\" target=\"_blank\" rel=\"noreferrer noopener\">Weine aus diesem Terroir<\/a><\/div>\n<\/div>\n\n\n\n<div style=\"height:20px\" aria-hidden=\"true\" class=\"wp-block-spacer\"><\/div>\n\n\n\n<hr class=\"wp-block-separator has-text-color has-background has-cyan-bluish-gray-background-color has-cyan-bluish-gray-color is-style-wide\"\/>\n<\/div>\n<\/div>\n\n\n\n<div class=\"wp-block-buttons is-content-justification-center is-vertical is-layout-flex wp-block-buttons-is-layout-flex\">\n<div class=\"wp-block-button is-style-outline is-style-outline--5\"><a class=\"wp-block-button__link\" href=\"https:\/\/www.vinsalsace.com\/fr\/terroirs\/geologie-remarquable\/\" target=\"_blank\" rel=\"noreferrer noopener\">Erfahren Sie mehr \u00fcber die els\u00e4ssischen Terroirs<\/a><\/div>\n<\/div>\n\n\n\n<div style=\"height:30px\" aria-hidden=\"true\" class=\"wp-block-spacer\"><\/div>\n","protected":false},"excerpt":{"rendered":"<p>Bewahren und sch\u00fctzen Sie unsere Reben Seit mehr als 30 Jahren erhalten wir das Gleichgewicht des Bodens durch abwechselndes Pfl\u00fcgen und Naturbegr\u00fcnung. So haben unsere Reben ein sehr tiefes Wurzelnetz, direkt in Kontakt mit den Spurenelementen des Bodens und den Mineralien unserer Sandstein- und Kalksteinfelsen. Das Gleichgewicht des Bodens bleibt somit erhalten.Gem\u00e4\u00df der AB-Charta verwenden [&hellip;]<\/p>\n","protected":false},"author":131,"featured_media":0,"parent":0,"menu_order":0,"comment_status":"closed","ping_status":"closed","template":"","meta":{"_uag_custom_page_level_css":"","advgb_blocks_editor_width":"","advgb_blocks_columns_visual_guide":"","_monsterinsights_skip_tracking":false,"_monsterinsights_sitenote_active":false,"_monsterinsights_sitenote_note":"","_monsterinsights_sitenote_category":0,"site-sidebar-layout":"no-sidebar","site-content-layout":"default","ast-site-content-layout":"default","site-content-style":"default","site-sidebar-style":"default","ast-global-header-display":"","ast-banner-title-visibility":"","ast-main-header-display":"","ast-hfb-above-header-display":"","ast-hfb-below-header-display":"","ast-hfb-mobile-header-display":"","site-post-title":"disabled","ast-breadcrumbs-content":"","ast-featured-img":"","footer-sml-layout":"","ast-disable-related-posts":"","theme-transparent-header-meta":"default","adv-header-id-meta":"","stick-header-meta":"enabled","header-above-stick-meta":"","header-main-stick-meta":"on","header-below-stick-meta":"","astra-migrate-meta-layouts":"default","ast-page-background-enabled":"default","ast-page-background-meta":{"desktop":{"background-color":"","background-image":"","background-repeat":"repeat","background-position":"center center","background-size":"auto","background-attachment":"scroll","background-type":"","background-media":"","overlay-type":"","overlay-color":"","overlay-opacity":"","overlay-gradient":""},"tablet":{"background-color":"","background-image":"","background-repeat":"repeat","background-position":"center center","background-size":"auto","background-attachment":"scroll","background-type":"","background-media":"","overlay-type":"","overlay-color":"","overlay-opacity":"","overlay-gradient":""},"mobile":{"background-color":"","background-image":"","background-repeat":"repeat","background-position":"center center","background-size":"auto","background-attachment":"scroll","background-type":"","background-media":"","overlay-type":"","overlay-color":"","overlay-opacity":"","overlay-gradient":""}},"ast-content-background-meta":{"desktop":{"background-color":"var(--ast-global-color-5)","background-image":"","background-repeat":"repeat","background-position":"center center","background-size":"auto","background-attachment":"scroll","background-type":"","background-media":"","overlay-type":"","overlay-color":"","overlay-opacity":"","overlay-gradient":""},"tablet":{"background-color":"var(--ast-global-color-5)","background-image":"","background-repeat":"repeat","background-position":"center center","background-size":"auto","background-attachment":"scroll","background-type":"","background-media":"","overlay-type":"","overlay-color":"","overlay-opacity":"","overlay-gradient":""},"mobile":{"background-color":"var(--ast-global-color-5)","background-image":"","background-repeat":"repeat","background-position":"center center","background-size":"auto","background-attachment":"scroll","background-type":"","background-media":"","overlay-type":"","overlay-color":"","overlay-opacity":"","overlay-gradient":""}},"footnotes":""},"class_list":["post-13104","page","type-page","status-publish","hentry"],"uagb_featured_image_src":{"full":false,"thumbnail":false,"medium":false,"medium_large":false,"large":false,"thumblist":false,"thumbrelated":false,"meccarouselthumb":false,"gridsquare":false,"tileview":false,"1536x1536":false,"2048x2048":false,"woocommerce_thumbnail":false,"woocommerce_single":false,"woocommerce_gallery_thumbnail":false},"uagb_author_info":{"display_name":"BIECHY Ralph","author_link":"https:\/\/www.vin-alsace-gueth.com\/de\/author\/wasa068gmail-com\/"},"uagb_comment_info":0,"uagb_excerpt":"Bewahren und sch\u00fctzen Sie unsere Reben Seit mehr als 30 Jahren erhalten wir das Gleichgewicht des Bodens durch abwechselndes Pfl\u00fcgen und Naturbegr\u00fcnung. So haben unsere Reben ein sehr tiefes Wurzelnetz, direkt in Kontakt mit den Spurenelementen des Bodens und den Mineralien unserer Sandstein- und Kalksteinfelsen. Das Gleichgewicht des Bodens bleibt somit erhalten.Gem\u00e4\u00df der AB-Charta verwenden&hellip;","coauthors":[],"author_meta":{"author_link":"https:\/\/www.vin-alsace-gueth.com\/de\/author\/wasa068gmail-com\/","display_name":"BIECHY Ralph"},"relative_dates":{"created":"Ver\u00f6ffentlicht 5\u00a0Jahren vor","modified":"Aktualisiert 4\u00a0Jahren vor"},"absolute_dates":{"created":"Ver\u00f6ffentlicht am 13. Juni 2021","modified":"Aktualisiert am 14. Dezember 2021"},"absolute_dates_time":{"created":"Ver\u00f6ffentlicht am 13. Juni 2021 10:56","modified":"Aktualisiert am 14. Dezember 2021 11:24"},"featured_img_caption":"","featured_img":false,"series_order":"","_links":{"self":[{"href":"https:\/\/www.vin-alsace-gueth.com\/de\/wp-json\/wp\/v2\/pages\/13104","targetHints":{"allow":["GET"]}}],"collection":[{"href":"https:\/\/www.vin-alsace-gueth.com\/de\/wp-json\/wp\/v2\/pages"}],"about":[{"href":"https:\/\/www.vin-alsace-gueth.com\/de\/wp-json\/wp\/v2\/types\/page"}],"author":[{"embeddable":true,"href":"https:\/\/www.vin-alsace-gueth.com\/de\/wp-json\/wp\/v2\/users\/131"}],"replies":[{"embeddable":true,"href":"https:\/\/www.vin-alsace-gueth.com\/de\/wp-json\/wp\/v2\/comments?post=13104"}],"version-history":[{"count":0,"href":"https:\/\/www.vin-alsace-gueth.com\/de\/wp-json\/wp\/v2\/pages\/13104\/revisions"}],"wp:attachment":[{"href":"https:\/\/www.vin-alsace-gueth.com\/de\/wp-json\/wp\/v2\/media?parent=13104"}],"curies":[{"name":"wp","href":"https:\/\/api.w.org\/{rel}","templated":true}]}}